{"id":548255,"date":"2024-10-25T11:57:59","date_gmt":"2024-10-25T09:57:59","guid":{"rendered":"https:\/\/madelinefashion.pl\/?post_type=product&#038;p=548255"},"modified":"2026-03-01T12:57:50","modified_gmt":"2026-03-01T11:57:50","slug":"czerwona-podwiazka","status":"publish","type":"product","link":"https:\/\/madelinefashion.pl\/sk\/czerwona-podwiazka\/","title":{"rendered":"\u010cerven\u00fd podv\u00e4zok"},"content":{"rendered":"<h3 style=\"text-align: center;\">\u010cerven\u00fd podv\u00e4zok<\/h3>\n<p style=\"text-align: center;\" data-start=\"162\" data-end=\"237\"><strong>\u010cerven\u00fd podv\u00e4zok<\/strong> Pre \u0161aty \u2013 elegancia a zmyselnos\u0165 v jednom. Zd\u00f4raznite svoju \u017eenskos\u0165 s t\u00fdmto jedine\u010dn\u00fdm \u010derven\u00fdm podv\u00e4zkom \u2013 perfektn\u00fdm doplnkom k ve\u010dern\u00fdm \u0161at\u00e1m, svadobn\u00fdm \u0161at\u00e1m alebo outfitu na \u0161peci\u00e1lnu pr\u00edle\u017eitos\u0165. Vyroben\u00fd z jemnej \u010dipky a gumi\u010dky, dokonale sa prisp\u00f4sob\u00ed nohe a zaist\u00ed pohodlie po cel\u00fd de\u0148 aj noc.<\/p>\n<p style=\"text-align: center;\" data-start=\"535\" data-end=\"743\">Toto <strong data-start=\"538\" data-end=\"560\">sexi podv\u00e4zok<\/strong> nie je len symbolom \u0161\u0165astia, ale aj jemn\u00fdm pr\u00edzvukom, ktor\u00fd dod\u00e1va sebavedomie a \u0161arm. Ide\u00e1lne pre <strong data-start=\"668\" data-end=\"709\">rozl\u00fa\u010dka so slobodou, Valent\u00edn, rande<\/strong> alebo ako dar\u010dek pre milovan\u00fa osobu.<\/p>\n<p style=\"text-align: center;\">Tento p\u00fatav\u00fd \u010derven\u00fd podv\u00e4zok je vyroben\u00fd z jemnej vrstvy nariasen\u00e9ho tylu. Aby sa zabr\u00e1nilo sk\u013aznutiu, je podv\u00e4zok pod\u0161it\u00fd silik\u00f3nom.\u00a0<b>Toto je perfektn\u00e1 vo\u013eba na ples!<\/b><\/p>\n<form id=\"projector_form\" class=\"projector_details disable\" action=\"https:\/\/www.sklep.kochamczapki.pl\/pl\/basketchange.html\" method=\"post\" data-product_id=\"9107\" data-type=\"product_item\">\n<div class=\"projector_details__wrapper\">\n<div id=\"projector_prices_wrapper\" class=\"projector_details__prices projector_prices\"><\/div>\n<\/div>\n<\/form>\n<p>&nbsp;<\/p>\n<table width=\"611\">\n<tbody>\n<tr>\n<td width=\"302\">Model<\/td>\n<td width=\"302\">\u010cerven\u00fd podv\u00e4zok<\/td>\n<\/tr>\n<tr>\n<td width=\"302\">Farba<\/td>\n<td width=\"302\">\u010cerven\u00e1<\/td>\n<\/tr>\n<tr>\n<td width=\"302\">ve\u013ekosti<\/td>\n<td width=\"302\">Univerz\u00e1lny<\/td>\n<\/tr>\n<tr>\n<td width=\"302\">Materi\u00e1l<\/td>\n<td width=\"302\">Polyester 100%<\/td>\n<\/tr>\n<tr>\n<td width=\"302\">\u0160\u00edrka<\/td>\n<td width=\"302\">17 cm<\/td>\n<\/tr>\n<\/tbody>\n<\/table>\n<p style=\"text-align: center;\">","protected":false},"excerpt":{"rendered":"<p>Czerwona Podwi\u0105zka Podwi\u0105zka czerwona do sukienki \u2013 elegancja i zmys\u0142owo\u015b\u0107 w jednym Podkre\u015bl swoj\u0105 kobieco\u015b\u0107 dzi\u0119ki wyj\u0105tkowej czerwonej podwi\u0105zce \u2013 idealnemu dodatku do sukienki wieczorowej, \u015blubnej lub stylizacji na specjaln\u0105 okazj\u0119. Wykonana z delikatnej koronki i elastycznej ta\u015bmy, doskonale dopasowuje si\u0119 do nogi, zapewniaj\u0105c komfort noszenia przez ca\u0142y dzie\u0144 i noc. Ta seksowna podwi\u0105zka to<\/p>\n<div class=\"klb-readmore post-buttons\"><a class=\"button black outline size-sm\" href=\"https:\/\/madelinefashion.pl\/sk\/czerwona-podwiazka\/\">\u010c\u00edta\u0165 \u010falej <i class=\"klbth-icon-right-arrow\"><\/i><\/a><\/div>","protected":false},"featured_media":548217,"template":"","meta":[],"product_brand":[],"product_cat":[113,395],"product_tag":[],"class_list":{"0":"post-548255","1":"product","2":"type-product","3":"status-publish","4":"has-post-thumbnail","6":"product_cat-dodatki","7":"product_cat-nowosci","9":"first","10":"instock","11":"sale","12":"purchasable","13":"product-type-simple"},"_links":{"self":[{"href":"https:\/\/madelinefashion.pl\/sk\/wp-json\/wp\/v2\/product\/548255","targetHints":{"allow":["GET"]}}],"collection":[{"href":"https:\/\/madelinefashion.pl\/sk\/wp-json\/wp\/v2\/product"}],"about":[{"href":"https:\/\/madelinefashion.pl\/sk\/wp-json\/wp\/v2\/types\/product"}],"wp:featuredmedia":[{"embeddable":true,"href":"https:\/\/madelinefashion.pl\/sk\/wp-json\/wp\/v2\/media\/548217"}],"wp:attachment":[{"href":"https:\/\/madelinefashion.pl\/sk\/wp-json\/wp\/v2\/media?parent=548255"}],"wp:term":[{"taxonomy":"product_brand","embeddable":true,"href":"https:\/\/madelinefashion.pl\/sk\/wp-json\/wp\/v2\/product_brand?post=548255"},{"taxonomy":"product_cat","embeddable":true,"href":"https:\/\/madelinefashion.pl\/sk\/wp-json\/wp\/v2\/product_cat?post=548255"},{"taxonomy":"product_tag","embeddable":true,"href":"https:\/\/madelinefashion.pl\/sk\/wp-json\/wp\/v2\/product_tag?post=548255"}],"curies":[{"name":"pracovn\u00fd list","href":"https:\/\/api.w.org\/{rel}","templated":true}]}}