{"id":548756,"date":"2024-10-31T09:22:21","date_gmt":"2024-10-31T08:22:21","guid":{"rendered":"https:\/\/madelinefashion.pl\/?post_type=product&#038;p=548756"},"modified":"2026-01-15T12:42:52","modified_gmt":"2026-01-15T11:42:52","slug":"ponczo-gladkie-z-kolnierzem-khaki","status":"publish","type":"product","link":"https:\/\/madelinefashion.pl\/sk\/ponczo-gladkie-z-kolnierzem-khaki\/","title":{"rendered":"Jednoduch\u00e9 pon\u010do s khaki golierom"},"content":{"rendered":"<h3 style=\"text-align: center;\">Jednoduch\u00e9 pon\u010do s khaki golierom<\/h3>\n<p style=\"text-align: center;\">T\u00e1to pelerina je ide\u00e1lna na chladnej\u0161ie jesenn\u00e9 dni a je dostupn\u00e1 v piatich farb\u00e1ch. M\u00e1 ozdobn\u00e9 \u010dierne lemovanie. Pon\u010do m\u00e1 ve\u013ek\u00e9, funk\u010dn\u00e9 vreck\u00e1.<br \/>\nOversize model dokonale pristane d\u00e1mam vo ve\u013ekosti SML XL XXL XXXL<br \/>\n60% Polyester, 35% Visk\u00f3za, 5% Elastan<\/p>\n<h6 style=\"text-align: center;\"><strong>Rozmery:<\/strong><\/h6>\n<p style=\"text-align: center;\">celkov\u00e1 d\u013a\u017eka \u2013 78 cm<br \/>\n\u0161\u00edrka od pazuchy k pazuche \u2013 90 cm<\/p>\n<p style=\"text-align: center;\">Rozmery sa m\u00f4\u017eu mierne l\u00ed\u0161i\u0165 od uveden\u00fdch +\/- 2cm.<\/p>\n<p style=\"text-align: center;\"><strong>V\u0161etky uveden\u00e9 rozmery s\u00fa meran\u00e9 plo\u0161ne - rozmer x2\u00a0<\/strong><\/p>\n<p>&nbsp;<\/p>\n<p style=\"text-align: center;\">Model m\u00e1\u00a0<strong>169<\/strong>\u00a0cm vysok\u00fd, nos\u00ed ve\u013ekos\u0165 ka\u017ed\u00fd de\u0148\u00a0<strong>S<\/strong><\/p>\n<p style=\"text-align: center;\">\u0160\u00edrka hrudn\u00edka 91 cm<\/p>\n<p style=\"text-align: center;\">\u0160\u00edrka p\u00e1su 71 cm<\/p>\n<p style=\"text-align: center;\">\u0160\u00edrka bokov 96 cm<\/p>","protected":false},"excerpt":{"rendered":"<p>Ponczo G\u0142adkie Z Ko\u0142nierzem Khaki Narzutka idealnie sprawdzi si\u0119 w jesienne ch\u0142odniejsze dni, jest dost\u0119pna w 5 kolorach. Posiada ozdobne, czarne obszycie. Ponczo posiada du\u017ce, funkcjonalne kieszenie. Model oversize b\u0119dzie idealnie pasowa\u0142 na Panie w rozmiarze S M L XL XXL XXXL 60% Poliester, 35% Wiskoza, 5% Elastan Wymiary: d\u0142ugo\u015b\u0107 ca\u0142kowita &#8211; 78 cm szeroko\u015b\u0107<\/p>\n<div class=\"klb-readmore post-buttons\"><a class=\"button black outline size-sm\" href=\"https:\/\/madelinefashion.pl\/sk\/ponczo-gladkie-z-kolnierzem-khaki\/\">\u010c\u00edta\u0165 \u010falej <i class=\"klbth-icon-right-arrow\"><\/i><\/a><\/div>","protected":false},"featured_media":548740,"template":"","meta":[],"product_brand":[],"product_cat":[118,119,102],"product_tag":[],"class_list":{"0":"post-548756","1":"product","2":"type-product","3":"status-publish","4":"has-post-thumbnail","6":"product_cat-plaszcze","7":"product_cat-plaszcze-krotkie","8":"product_cat-plaszcze-plus-size","10":"first","11":"instock","12":"sale","13":"purchasable","14":"product-type-simple"},"_links":{"self":[{"href":"https:\/\/madelinefashion.pl\/sk\/wp-json\/wp\/v2\/product\/548756","targetHints":{"allow":["GET"]}}],"collection":[{"href":"https:\/\/madelinefashion.pl\/sk\/wp-json\/wp\/v2\/product"}],"about":[{"href":"https:\/\/madelinefashion.pl\/sk\/wp-json\/wp\/v2\/types\/product"}],"wp:featuredmedia":[{"embeddable":true,"href":"https:\/\/madelinefashion.pl\/sk\/wp-json\/wp\/v2\/media\/548740"}],"wp:attachment":[{"href":"https:\/\/madelinefashion.pl\/sk\/wp-json\/wp\/v2\/media?parent=548756"}],"wp:term":[{"taxonomy":"product_brand","embeddable":true,"href":"https:\/\/madelinefashion.pl\/sk\/wp-json\/wp\/v2\/product_brand?post=548756"},{"taxonomy":"product_cat","embeddable":true,"href":"https:\/\/madelinefashion.pl\/sk\/wp-json\/wp\/v2\/product_cat?post=548756"},{"taxonomy":"product_tag","embeddable":true,"href":"https:\/\/madelinefashion.pl\/sk\/wp-json\/wp\/v2\/product_tag?post=548756"}],"curies":[{"name":"pracovn\u00fd list","href":"https:\/\/api.w.org\/{rel}","templated":true}]}}