{"id":548774,"date":"2024-10-31T09:38:12","date_gmt":"2024-10-31T08:38:12","guid":{"rendered":"https:\/\/madelinefashion.pl\/?post_type=product&#038;p=548774"},"modified":"2025-10-01T07:33:31","modified_gmt":"2025-10-01T05:33:31","slug":"leginsy-gladkie-prazkowane-czekoladowe","status":"publish","type":"product","link":"https:\/\/madelinefashion.pl\/sk\/leginsy-gladkie-prazkowane-czekoladowe\/","title":{"rendered":"Hladk\u00e9 rebrovan\u00e9 \u010dokol\u00e1dov\u00e9 leg\u00edny"},"content":{"rendered":"<h3 style=\"text-align: center;\">Hladk\u00e9 rebrovan\u00e9 \u010dokol\u00e1dov\u00e9 leg\u00edny<\/h3>\n<p style=\"text-align: center;\">Klasick\u00e9 leg\u00edny z rebrovan\u00e9ho materi\u00e1lu. Maj\u00fa elastick\u00fd p\u00e1s. Pru\u017en\u00fd materi\u00e1l sa perfektne prisp\u00f4sob\u00ed telu. \u017densk\u00fd, no z\u00e1rove\u0148 ve\u013emi pohodln\u00fd \u0161t\u00fdl, s\u00fa skvel\u00fdm z\u00e1kladom pre vytvorenie le\u017e\u00e9rnych outfitov. S\u00fa perfektn\u00fdm doplnkom k mikine alebo tri\u010dku na ka\u017edodenn\u00e9 nosenie. Pohodln\u00e9, no z\u00e1rove\u0148 \u0161t\u00fdlov\u00e9! Tieto leg\u00edny dodaj\u00fa va\u0161ej postave po\u017eadovan\u00fd tvar a dobre sa hodia k lodi\u010dk\u00e1m aj tenisk\u00e1m. Dostupn\u00e9 vo ve\u013ekostiach S, M, L a XL.<br \/>\nV pr\u00edpade \u010fal\u0161\u00edch ot\u00e1zok k tomuto produktu n\u00e1s nev\u00e1hajte kontaktova\u0165 telefonicky alebo prostredn\u00edctvom\u00a0<a href=\"https:\/\/www.facebook.com\/madelinefashionbutik\/\" target=\"_blank\" rel=\"noopener\">Facebook<\/a>\u00a0. Sledujte nov\u00e9 trendy s\u00a0<a href=\"https:\/\/madelinefashion.pl\/sk\/\">Madelinefashion<\/a>. V spr\u00e1ve po n\u00e1kupe n\u00e1m m\u00f4\u017eete posla\u0165 svoje miery a my v\u00e1m vyberieme perfektn\u00e9 nohavice. 90% Bavlna, 10% Elastan.<\/p>\n<p>&nbsp;<\/p>\n<h3 style=\"text-align: center;\">Rozmery:<\/h3>\n<p style=\"text-align: center;\">p\u00e1s \u2013 30-37 cm<br \/>\nboky \u2013 35-46 cm<br \/>\nd\u013a\u017eka nohy od rozkroku \u2013 70 cm<br \/>\ncelkov\u00e1 d\u013a\u017eka \u2013 98 cm<br \/>\np\u00e1s \u2013 30 cm<\/p>\n<p>&nbsp;<\/p>\n<p style=\"text-align: center;\">Rozmery sa m\u00f4\u017eu l\u00ed\u0161i\u0165 od uveden\u00fdch +\/- 2cm. V\u0161etko dan\u00e9\u00a0<strong>rozmery s\u00fa meran\u00e9 plo\u0161ne. Rozmer X2<\/strong><\/p>\n<p>&nbsp;<\/p>\n<div class=\"tabs tabs-bb clear mb-80\">\n<div class=\"tab-content\">\n<div id=\"tab-description\" class=\"tab-pane fade in woocommerce-Tabs-panel--description active\">\n<div class=\"tabs tabs-bb clear mb-80\">\n<div class=\"tab-content\">\n<div id=\"tab-description\" class=\"tab-pane fade in woocommerce-Tabs-panel--description active\">\n<div class=\"additional-details\">\n<p style=\"text-align: center;\">Model m\u00e1\u00a0<strong>169<\/strong>\u00a0cm vysok\u00fd, nos\u00ed ve\u013ekos\u0165 ka\u017ed\u00fd de\u0148\u00a0<strong>S<\/strong><\/p>\n<p style=\"text-align: center;\">\u0160\u00edrka cez prsia 92 cm<\/p>\n<p style=\"text-align: center;\">\u0160\u00edrka v p\u00e1se 62 cm<\/p>\n<p style=\"text-align: center;\">\u0160\u00edrka v bokoch 94 cm<\/p>\n<\/div>\n<\/div>\n<\/div>\n<\/div>\n<\/div>\n<\/div>\n<\/div>\n<section class=\"up-sells upsells products mb-80\"><\/section>\n<p>&nbsp;<\/p>","protected":false},"excerpt":{"rendered":"<p>Leginsy G\u0142adkie Pr\u0105\u017ckowane Czekoladowe Klasyczne legginsy z pr\u0105\u017ckowego materia\u0142u. W pasie posiadaj\u0105 gum\u0119. Elastyczny materia\u0142 doskonale dopasowuje si\u0119 do sylwetki. Kobiecy, a zarazem bardzo komfortowy model. \u00a0Stanowi\u0105 \u015bwietn\u0105 baz\u0119 do tworzenia niezobowi\u0105zuj\u0105cych outfit\u00f3w. B\u0119dzie idealnym dope\u0142nieniem do bluzy lub t-shirtu na co dzie\u0144. Komfortowe a zarazem stylowe! Legginsy nadadz\u0105 Twojej figurze wymarzonych kszta\u0142t\u00f3w, pasuj\u0105 zar\u00f3wno<\/p>\n<div class=\"klb-readmore post-buttons\"><a class=\"button black outline size-sm\" href=\"https:\/\/madelinefashion.pl\/sk\/leginsy-gladkie-prazkowane-czekoladowe\/\">\u010c\u00edta\u0165 \u010falej <i class=\"klbth-icon-right-arrow\"><\/i><\/a><\/div>","protected":false},"featured_media":548765,"template":"","meta":[],"product_brand":[],"product_cat":[83,101,395],"product_tag":[475],"class_list":{"0":"post-548774","1":"product","2":"type-product","3":"status-publish","4":"has-post-thumbnail","6":"product_cat-spodnie","7":"product_cat-legginsy","8":"product_cat-nowosci","9":"product_tag-spodnie-dlugie","10":"pa_rozmiar-s","11":"pa_rozmiar-m","12":"pa_rozmiar-l","13":"pa_rozmiar-xl","15":"first","16":"instock","17":"purchasable","18":"product-type-simple"},"_links":{"self":[{"href":"https:\/\/madelinefashion.pl\/sk\/wp-json\/wp\/v2\/product\/548774","targetHints":{"allow":["GET"]}}],"collection":[{"href":"https:\/\/madelinefashion.pl\/sk\/wp-json\/wp\/v2\/product"}],"about":[{"href":"https:\/\/madelinefashion.pl\/sk\/wp-json\/wp\/v2\/types\/product"}],"wp:featuredmedia":[{"embeddable":true,"href":"https:\/\/madelinefashion.pl\/sk\/wp-json\/wp\/v2\/media\/548765"}],"wp:attachment":[{"href":"https:\/\/madelinefashion.pl\/sk\/wp-json\/wp\/v2\/media?parent=548774"}],"wp:term":[{"taxonomy":"product_brand","embeddable":true,"href":"https:\/\/madelinefashion.pl\/sk\/wp-json\/wp\/v2\/product_brand?post=548774"},{"taxonomy":"product_cat","embeddable":true,"href":"https:\/\/madelinefashion.pl\/sk\/wp-json\/wp\/v2\/product_cat?post=548774"},{"taxonomy":"product_tag","embeddable":true,"href":"https:\/\/madelinefashion.pl\/sk\/wp-json\/wp\/v2\/product_tag?post=548774"}],"curies":[{"name":"pracovn\u00fd list","href":"https:\/\/api.w.org\/{rel}","templated":true}]}}