{"id":548784,"date":"2024-10-31T09:58:36","date_gmt":"2024-10-31T08:58:36","guid":{"rendered":"https:\/\/madelinefashion.pl\/?post_type=product&#038;p=548784"},"modified":"2026-01-20T10:33:08","modified_gmt":"2026-01-20T09:33:08","slug":"bluza-dzianinowa-boss-baby-szara","status":"publish","type":"product","link":"https:\/\/madelinefashion.pl\/sk\/bluza-dzianinowa-boss-baby-szara\/","title":{"rendered":"Siv\u00e1 pleten\u00e1 mikina Boss Baby"},"content":{"rendered":"<h3 style=\"text-align: center;\">Siv\u00e1 pleten\u00e1 mikina Boss Baby<\/h3>\n<p style=\"text-align: center;\">H\u013ead\u00e1te pohodln\u00e9 a <strong>\u0161t\u00fdlov\u00e9 mikiny<\/strong>Mikina Boss baby je ide\u00e1lna na ka\u017ed\u00e9 ro\u010dn\u00e9 obdobie. Mikina m\u00e1 vpredu <b>ozdobn\u00fd vy\u0161\u00edvan\u00fd n\u00e1pis Boss Baby.<\/b> Vyroben\u00e9 z pr\u00edjemn\u00e9ho a \u013eahk\u00e9ho materi\u00e1lu. Klasick\u00fd strih sa bude hodi\u0165 do \u0161koly, pr\u00e1ce alebo na ka\u017edodenn\u00e9 vych\u00e1dzky. <strong>Nadrozmern\u00e1 mikina s ozdobn\u00fdm n\u00e1pisom. Dostupn\u00e9 v troch v\u0161estrann\u00fdch farb\u00e1ch.<\/strong><\/p>\n<p>&nbsp;<\/p>\n<h3 style=\"text-align: center;\">\u00a0 \u00a0 \u00a0 \u00a0Rozmery:<\/h3>\n<ul style=\"text-align: center;\">\n<li style=\"list-style-type: none;\">\n<ul>\n<li>celkov\u00e1 d\u013a\u017eka: 65 cm<\/li>\n<li>\u00a0\u00a0\u00a0\u00a0\u00a0\u00a0\u00a0 \u0161\u00edrka od pazuchy k pazuche: 63-70 cm<\/li>\n<li>\u00a0\u00a0\u00a0\u00a0\u00a0\u00a0\u00a0 d\u013a\u017eka ruk\u00e1va od ramena: 50 cm<\/li>\n<li>\u00a0\u00a0\u00a0\u00a0\u00a0\u00a0\u00a0 d\u013a\u017eka ruk\u00e1va od pazuchy: 42 cm<br \/>\nBoky: 57-64 cm<\/li>\n<li><\/li>\n<\/ul>\n<\/li>\n<\/ul>\n<table>\n<tbody>\n<tr>\n<td width=\"302\">n\u00e1zov<\/td>\n<td width=\"302\">Pleten\u00e1 mikina Boss Baby<\/td>\n<\/tr>\n<tr>\n<td width=\"302\">Farba<\/td>\n<td width=\"302\">\u0160ed\u00e1<\/td>\n<\/tr>\n<tr>\n<td width=\"302\">ve\u013ekosti<\/td>\n<td width=\"302\">Univerz\u00e1lny<\/td>\n<\/tr>\n<tr>\n<td width=\"302\">M\u00f3da<\/td>\n<td width=\"302\">nadrozmern\u00e9<\/td>\n<\/tr>\n<tr>\n<td width=\"302\">Materi\u00e1l<\/td>\n<td width=\"302\"><strong>90% Bavlna, 10% Elastan<\/strong><\/td>\n<\/tr>\n<\/tbody>\n<\/table>\n<div class=\"tabs tabs-bb clear mb-80\">\n<div class=\"tab-content\">\n<div id=\"tab-description\" class=\"tab-pane fade in woocommerce-Tabs-panel--description active\">\n<p style=\"text-align: center;\">Model m\u00e1\u00a0<strong>169<\/strong>\u00a0cm vysok\u00fd, nos\u00ed ve\u013ekos\u0165 ka\u017ed\u00fd de\u0148\u00a0<strong>S<\/strong><\/p>\n<p style=\"text-align: center;\">\u0160\u00edrka cez prsia 92 cm<\/p>\n<p style=\"text-align: center;\">\u0160\u00edrka v p\u00e1se 62 cm<\/p>\n<p style=\"text-align: center;\">\u0160\u00edrka v bokoch 94 cm<\/p>\n<\/div>\n<\/div>\n<\/div>","protected":false},"excerpt":{"rendered":"<p>Bluza Dzianinowa Boss Baby Szara Szukasz wygodnej i stylowej Bluzy? Boss baby sprawdzi si\u0119 idealnie na ka\u017cd\u0105 por\u0119 roku. Bluza na przodzie posiada ozdobny wyszywany napis boss baby. Wykonana z przyjemnego i lekkiego materia\u0142u. Klasyczny fason b\u0119dzie idealny do szko\u0142y, pracy czy te\u017c codzienne wyj\u015bcie. Bluza o fasonie oversize z dekoracyjnymi napisem. Dost\u0119pna w trzech<\/p>\n<div class=\"klb-readmore post-buttons\"><a class=\"button black outline size-sm\" href=\"https:\/\/madelinefashion.pl\/sk\/bluza-dzianinowa-boss-baby-szara\/\">\u010c\u00edta\u0165 \u010falej <i class=\"klbth-icon-right-arrow\"><\/i><\/a><\/div>","protected":false},"featured_media":548780,"template":"","meta":[],"product_brand":[],"product_cat":[255],"product_tag":[],"class_list":{"0":"post-548784","1":"product","2":"type-product","3":"status-publish","4":"has-post-thumbnail","6":"product_cat-bluzy","7":"pa_rozmiar-m","8":"pa_rozmiar-l","9":"pa_rozmiar-xl","11":"first","12":"instock","13":"sale","14":"purchasable","15":"product-type-simple"},"_links":{"self":[{"href":"https:\/\/madelinefashion.pl\/sk\/wp-json\/wp\/v2\/product\/548784","targetHints":{"allow":["GET"]}}],"collection":[{"href":"https:\/\/madelinefashion.pl\/sk\/wp-json\/wp\/v2\/product"}],"about":[{"href":"https:\/\/madelinefashion.pl\/sk\/wp-json\/wp\/v2\/types\/product"}],"wp:featuredmedia":[{"embeddable":true,"href":"https:\/\/madelinefashion.pl\/sk\/wp-json\/wp\/v2\/media\/548780"}],"wp:attachment":[{"href":"https:\/\/madelinefashion.pl\/sk\/wp-json\/wp\/v2\/media?parent=548784"}],"wp:term":[{"taxonomy":"product_brand","embeddable":true,"href":"https:\/\/madelinefashion.pl\/sk\/wp-json\/wp\/v2\/product_brand?post=548784"},{"taxonomy":"product_cat","embeddable":true,"href":"https:\/\/madelinefashion.pl\/sk\/wp-json\/wp\/v2\/product_cat?post=548784"},{"taxonomy":"product_tag","embeddable":true,"href":"https:\/\/madelinefashion.pl\/sk\/wp-json\/wp\/v2\/product_tag?post=548784"}],"curies":[{"name":"pracovn\u00fd list","href":"https:\/\/api.w.org\/{rel}","templated":true}]}}