{"id":548811,"date":"2024-10-31T10:33:43","date_gmt":"2024-10-31T09:33:43","guid":{"rendered":"https:\/\/madelinefashion.pl\/?post_type=product&#038;p=548811"},"modified":"2024-10-31T10:37:57","modified_gmt":"2024-10-31T09:37:57","slug":"komplet-dresowy-bluza-spodnie-girl-power-bialy","status":"publish","type":"product","link":"https:\/\/madelinefashion.pl\/sk\/komplet-dresowy-bluza-spodnie-girl-power-bialy\/","title":{"rendered":"S\u00faprava Girl Power White Mikina + Nohavice Tepl\u00e1kov\u00e1 s\u00faprava"},"content":{"rendered":"<h3 style=\"text-align: center;\">S\u00faprava Girl Power White Mikina + Nohavice Tepl\u00e1kov\u00e1 s\u00faprava<\/h3>\n<p style=\"text-align: center;\"><strong>Fenomen\u00e1lna tepl\u00e1kov\u00e1 s\u00faprava<\/strong> vyroben\u00e9 z ve\u013emi kvalitnej, m\u00e4kkej a <strong>pr\u00edjemn\u00e9<\/strong> v kontakte <strong>materi\u00e1l<\/strong>. <strong>Set <\/strong>je vynikaj\u00facou ponukou pre t\u00fdch, ktor\u00ed miluj\u00fa ma\u0165 ka\u017ed\u00fd de\u0148 pocit pohodlia a z\u00e1rove\u0148 pocit priate\u013esk\u00e9ho a m\u00e4kk\u00e9ho dotyku. S\u00faprava je vyroben\u00e1 z kvalitn\u00e9ho materi\u00e1lu - je ve\u013emi pr\u00edjemn\u00e1 na dotyk a zvn\u00fatra ve\u013emi jemn\u00e1.<br \/>\n<strong><span lang=\"en-us\" xml:lang=\"en-us\">Nohavice sa daj\u00fa nosi\u0165 spolu s bl\u00fazkou alebo sa daj\u00fa aj kombinova\u0165 <\/span><\/strong><a href=\"https:\/\/madelinefashion.pl\/sk\/casual-clothes\/t-shirty\/\"><span lang=\"en-us\" xml:lang=\"en-us\">ko\u0161e\u013eu<\/span><\/a><strong><span lang=\"en-us\" xml:lang=\"en-us\"> a vytvorte si dokonal\u00fd ka\u017edodenn\u00fd le\u017e\u00e9rny \u0161t\u00fdl. <\/span><\/strong>Tepl\u00e1kov\u00e1 s\u00faprava je vyroben\u00e1 z vysoko kvalitn\u00e9ho materi\u00e1lu a zdob\u00ed ju m\u00f3dny n\u00e1pis NY.<strong>.<\/strong>\u00a0S\u00faprava je dostupn\u00e1 v kr\u00e1snych farb\u00e1ch, ktor\u00e9 dokonale ladia s nadch\u00e1dzaj\u00facou sez\u00f3nou. S\u00faprava v univerz\u00e1lnej ve\u013ekosti odpor\u00fa\u010dan\u00e1 pre d\u00e1my vo ve\u013ekosti <strong>S\/ML\/XL<\/strong> .<br \/>\nTento set mus\u00edte ma\u0165 vo svojom \u0161atn\u00edku!<\/p>\n<h3 style=\"text-align: center;\">\u00a0 \u00a0 \u00a0Rozmery :<\/h3>\n<p style=\"text-align: center;\" align=\"center\"><strong>Mikina:<\/strong><br \/>\nCelkov\u00e1 d\u013a\u017eka \u2013 67 cm<br \/>\n\u0160\u00edrka od pazuchy k pazuche \u2013 57 \u2013 70 cm<br \/>\n\u0160\u00edrka p\u00e1su \u2013 60-68 cm<br \/>\n\u0160\u00edrka v spodnej \u010dasti \u2013 54-65 cm<br \/>\nD\u013a\u017eka ruk\u00e1va od podpazu\u0161ia - 48 cm<br \/>\nD\u013a\u017eka ruk\u00e1va od ramena - 53 cm<\/p>\n<p style=\"text-align: center;\"><strong>nohavice:<\/strong><br \/>\nCelkov\u00e1 d\u013a\u017eka \u2013 102 cm<br \/>\nVn\u00fatorn\u00e1 d\u013a\u017eka nohav\u00edc \u2013 75 cm<br \/>\nStav \u2013 35 cm<br \/>\n\u0160\u00edrka p\u00e1su \u2013 37 \u2013 50 cm<br \/>\n\u0160\u00edrka bokov \u2013 53-64 cm<\/p>\n<p style=\"text-align: center;\">Rozmery sa m\u00f4\u017eu mierne l\u00ed\u0161i\u0165 od uveden\u00fdch +\/- 2cm. <strong>V\u0161etky rozmery s\u00fa meran\u00e9 plo\u0161ne x2\u00a0<\/strong><\/p>\n<h3 style=\"text-align: center;\">Vlastnosti produktu:<\/h3>\n<p align=\"center\">-nohavice<br \/>\n-mikina<br \/>\n- \u013eahk\u00fd materi\u00e1l<br \/>\n- nohavice s lemom<br \/>\n-vo\u013en\u00fd<br \/>\n- pohodln\u00e9<\/p>\n<table width=\"615\">\n<tbody>\n<tr>\n<td width=\"302\">Meno modela<\/td>\n<td width=\"302\">S\u00faprava Girl Power - mikina a tepl\u00e1kov\u00e1 s\u00faprava<\/td>\n<\/tr>\n<tr>\n<td width=\"302\">Farba<\/td>\n<td width=\"302\">biely<\/td>\n<\/tr>\n<tr>\n<td width=\"302\">ve\u013ekosti<\/td>\n<td width=\"302\">Univerz\u00e1lny<\/td>\n<\/tr>\n<tr>\n<td width=\"302\">M\u00f3da<\/td>\n<td width=\"302\">Vo\u013en\u00fd<\/td>\n<\/tr>\n<tr>\n<td width=\"302\">Materi\u00e1l<\/td>\n<td width=\"302\">90% Bavlna 10% Elastan<\/td>\n<\/tr>\n<\/tbody>\n<\/table>\n<p>&nbsp;<\/p>\n<div class=\"tabs tabs-bb clear mb-80\">\n<div class=\"tab-content\">\n<div id=\"tab-description\" class=\"tab-pane fade in woocommerce-Tabs-panel--description active\">\n<div class=\"tabs tabs-bb clear mb-80\">\n<div class=\"tab-content\">\n<div id=\"tab-description\" class=\"tab-pane fade in woocommerce-Tabs-panel--description active\">\n<p style=\"text-align: center;\">\u00a0Model m\u00e1 <strong>175<\/strong> cm vysok\u00fd, nos\u00ed ve\u013ekos\u0165 ka\u017ed\u00fd de\u0148\u00a0<strong>S<\/strong><\/p>\n<\/div>\n<\/div>\n<\/div>\n<\/div>\n<\/div>\n<\/div>\n<p style=\"text-align: center;\">","protected":false},"excerpt":{"rendered":"<p>Sada Girl Power White mikina a nohavice. T\u00e1to fenomen\u00e1lna sada mikiny je vyroben\u00e1 z vysoko kvalitn\u00e9ho, m\u00e4kk\u00e9ho a pr\u00edjemn\u00e9ho materi\u00e1lu na dotyk. T\u00e1to sada je perfektnou vo\u013ebou pre tie, ktor\u00e9 miluj\u00fa ka\u017edodenn\u00e9 pohodlie a m\u00e4kk\u00fd, priate\u013esk\u00fd pocit. Sada je vyroben\u00e1 z vysoko kvalitn\u00e9ho materi\u00e1lu \u2013 je neuverite\u013ene m\u00e4kk\u00fd.<\/p>\n<div class=\"klb-readmore post-buttons\"><a class=\"button black outline size-sm\" href=\"https:\/\/madelinefashion.pl\/sk\/komplet-dresowy-bluza-spodnie-girl-power-bialy\/\">\u010c\u00edta\u0165 \u010falej <i class=\"klbth-icon-right-arrow\"><\/i><\/a><\/div>","protected":false},"featured_media":548814,"template":"","meta":[],"product_brand":[],"product_cat":[89,395],"product_tag":[282],"class_list":{"0":"post-548811","1":"product","2":"type-product","3":"status-publish","4":"has-post-thumbnail","6":"product_cat-komplety","7":"product_cat-nowosci","8":"product_tag-komplety-dresowe","9":"pa_rozmiar-s-m","10":"pa_rozmiar-l-xl","12":"first","13":"instock","14":"purchasable","15":"product-type-simple"},"_links":{"self":[{"href":"https:\/\/madelinefashion.pl\/sk\/wp-json\/wp\/v2\/product\/548811","targetHints":{"allow":["GET"]}}],"collection":[{"href":"https:\/\/madelinefashion.pl\/sk\/wp-json\/wp\/v2\/product"}],"about":[{"href":"https:\/\/madelinefashion.pl\/sk\/wp-json\/wp\/v2\/types\/product"}],"wp:featuredmedia":[{"embeddable":true,"href":"https:\/\/madelinefashion.pl\/sk\/wp-json\/wp\/v2\/media\/548814"}],"wp:attachment":[{"href":"https:\/\/madelinefashion.pl\/sk\/wp-json\/wp\/v2\/media?parent=548811"}],"wp:term":[{"taxonomy":"product_brand","embeddable":true,"href":"https:\/\/madelinefashion.pl\/sk\/wp-json\/wp\/v2\/product_brand?post=548811"},{"taxonomy":"product_cat","embeddable":true,"href":"https:\/\/madelinefashion.pl\/sk\/wp-json\/wp\/v2\/product_cat?post=548811"},{"taxonomy":"product_tag","embeddable":true,"href":"https:\/\/madelinefashion.pl\/sk\/wp-json\/wp\/v2\/product_tag?post=548811"}],"curies":[{"name":"pracovn\u00fd list","href":"https:\/\/api.w.org\/{rel}","templated":true}]}}