{"id":548868,"date":"2024-10-31T11:45:11","date_gmt":"2024-10-31T10:45:11","guid":{"rendered":"https:\/\/madelinefashion.pl\/?post_type=product&#038;p=548868"},"modified":"2026-02-20T14:56:49","modified_gmt":"2026-02-20T13:56:49","slug":"sweter-alpaka-zapinany-z-ozdobami-czarny","status":"publish","type":"product","link":"https:\/\/madelinefashion.pl\/sk\/sweter-alpaka-zapinany-z-ozdobami-czarny\/","title":{"rendered":"\u010cierny sveter z alpaky na gomb\u00edky s ozdobami"},"content":{"rendered":"<h3 style=\"text-align: center;\">\u010cierny sveter z alpaky na gomb\u00edky s ozdobami<\/h3>\n<p style=\"text-align: center;\"><span style=\"font-size: 10pt;\"><strong>Kr\u00e1sny, \u013eahk\u00fd sveter, zap\u00ednan\u00fd na gomb\u00edky<\/strong> . Toto je skvel\u00e1 vo\u013eba pre \u017eeny, ktor\u00e9 h\u013eadaj\u00fa dokonal\u00fd sveter. Ur\u010dite n\u00e1jdete tak\u00fd, ktor\u00fd sa hod\u00ed k v\u00e1\u0161mu \u0161atn\u00edku. Budete sa v \u0148om c\u00edti\u0165 pohodlne a kr\u00e1sne. Pohodln\u00fd, \u00fatuln\u00fd sveter s jednoduch\u00fdm dizajnom. M\u00e1 dlh\u00e9 ruk\u00e1vy a je vyroben\u00fd z pr\u00edjemn\u00e9ho, elastick\u00e9ho \u00fapletu. Sveter sa zap\u00edna na ozdobn\u00e9 gomb\u00edky. V na\u0161om obchode je k dispoz\u00edcii v dvoch farebn\u00fdch prevedeniach. Odpor\u00fa\u010da sa pre \u017eeny vo ve\u013ekosti SML.<\/span><\/p>\n<h3 style=\"text-align: center;\">\u00a0 \u00a0 \u00a0Rozmery<\/h3>\n<p style=\"text-align: center;\"><strong>S\/M<\/strong><\/p>\n<p style=\"text-align: center;\" align=\"center\">Celkov\u00e1 d\u013a\u017eka 46 cm<br \/>\n\u0160\u00edrka od podpazu\u0161ia k podpazu\u0161iu 42-50 cm x2<br \/>\nD\u013a\u017eka ruk\u00e1va od podpazu\u0161ia 43 cm<br \/>\nD\u013a\u017eka ruk\u00e1va od ramena 56 cm<br \/>\n\u0160\u00edrka v spodnej \u010dasti 40 - 48 cm x 2<\/p>\n<p style=\"text-align: center;\"><strong>M\/L<\/strong><\/p>\n<p style=\"text-align: center;\" align=\"center\">Celkov\u00e1 d\u013a\u017eka - 47 cm<br \/>\n\u0160\u00edrka od podpazu\u0161ia k podpazu\u0161iu - 44-52 cm x2<br \/>\nD\u013a\u017eka ruk\u00e1va od podpazu\u0161ia - 44 cm<br \/>\nD\u013a\u017eka ruk\u00e1va od ramena - 57 cm<br \/>\n\u0160\u00edrka v spodnej \u010dasti - 42 - 50 cm x 2<\/p>\n<p style=\"text-align: center;\"><span style=\"font-size: 10pt;\">\u00a0Rozmery sa m\u00f4\u017eu mierne l\u00ed\u0161i\u0165 od uveden\u00fdch +\/- 2cm. V\u0161etky uveden\u00e9 rozmery s\u00fa meran\u00e9 plo\u0161ne. rozmer x2<\/span><\/p>\n<table>\n<tbody>\n<tr>\n<td width=\"302\">Meno modela<\/td>\n<td width=\"302\">Sveter z alpaky na gomb\u00edky s ozdobami<\/td>\n<\/tr>\n<tr>\n<td width=\"302\">Farba<\/td>\n<td width=\"302\">\u010dierna<\/td>\n<\/tr>\n<tr>\n<td width=\"302\">ve\u013ekosti<\/td>\n<td width=\"302\">S\/M, M\/L<\/td>\n<\/tr>\n<tr>\n<td width=\"302\">M\u00f3da<\/td>\n<td width=\"302\">Zhoda<\/td>\n<\/tr>\n<tr>\n<td width=\"302\">izolovan\u00e9<\/td>\n<td width=\"302\">jednopl\u00e1\u0161\u0165ov\u00e9<\/td>\n<\/tr>\n<tr>\n<td width=\"302\">Materi\u00e1l<\/td>\n<td width=\"302\">85 % Visk\u00f3za 15 % Polyamid<\/td>\n<\/tr>\n<\/tbody>\n<\/table>\n<p style=\"text-align: center;\">Model m\u00e1\u00a0<strong>169<\/strong>\u00a0cm vysok\u00fd, nos\u00ed ve\u013ekos\u0165 ka\u017ed\u00fd de\u0148\u00a0<strong>S<\/strong><\/p>\n<p style=\"text-align: center;\">\u0160\u00edrka cez prsia 92 cm<\/p>\n<p style=\"text-align: center;\">\u0160\u00edrka v p\u00e1se 62 cm<\/p>\n<p style=\"text-align: center;\">\u0160\u00edrka v bokoch 94 cm<\/p>","protected":false},"excerpt":{"rendered":"<p>Sweter Alpaka Zapinany Z Ozdobami Czarny Przepi\u0119kny, lekki sweterek, zapinany na guziki . To propozycja dla Pa\u0144 kt\u00f3re idealnego sweterka. Z pewno\u015bci\u0105 dopasujesz do swojej szafy. B\u0119dziesz czu\u0107 si\u0119 w nim wygodnie i\u00a0 pi\u0119knie . Wygodny, przytulny w dotyku, komfortowy sweterek o prostym fasonie. Model z d\u0142ugimi r\u0119kawami. Wykonano go z przyjemnej, elastycznej dzianiny. Sweterek<\/p>\n<div class=\"klb-readmore post-buttons\"><a class=\"button black outline size-sm\" href=\"https:\/\/madelinefashion.pl\/sk\/sweter-alpaka-zapinany-z-ozdobami-czarny\/\">\u010c\u00edta\u0165 \u010falej <i class=\"klbth-icon-right-arrow\"><\/i><\/a><\/div>","protected":false},"featured_media":548865,"template":"","meta":[],"product_brand":[],"product_cat":[78],"product_tag":[222],"class_list":{"0":"post-548868","1":"product","2":"type-product","3":"status-publish","4":"has-post-thumbnail","6":"product_cat-swetry-damskie","7":"product_tag-swetry-biale","8":"pa_rozmiar-m-l","9":"pa_rozmiar-s-m","11":"first","12":"outofstock","13":"product-type-variable"},"_links":{"self":[{"href":"https:\/\/madelinefashion.pl\/sk\/wp-json\/wp\/v2\/product\/548868","targetHints":{"allow":["GET"]}}],"collection":[{"href":"https:\/\/madelinefashion.pl\/sk\/wp-json\/wp\/v2\/product"}],"about":[{"href":"https:\/\/madelinefashion.pl\/sk\/wp-json\/wp\/v2\/types\/product"}],"wp:featuredmedia":[{"embeddable":true,"href":"https:\/\/madelinefashion.pl\/sk\/wp-json\/wp\/v2\/media\/548865"}],"wp:attachment":[{"href":"https:\/\/madelinefashion.pl\/sk\/wp-json\/wp\/v2\/media?parent=548868"}],"wp:term":[{"taxonomy":"product_brand","embeddable":true,"href":"https:\/\/madelinefashion.pl\/sk\/wp-json\/wp\/v2\/product_brand?post=548868"},{"taxonomy":"product_cat","embeddable":true,"href":"https:\/\/madelinefashion.pl\/sk\/wp-json\/wp\/v2\/product_cat?post=548868"},{"taxonomy":"product_tag","embeddable":true,"href":"https:\/\/madelinefashion.pl\/sk\/wp-json\/wp\/v2\/product_tag?post=548868"}],"curies":[{"name":"pracovn\u00fd list","href":"https:\/\/api.w.org\/{rel}","templated":true}]}}