{"id":548919,"date":"2024-10-31T12:42:23","date_gmt":"2024-10-31T11:42:23","guid":{"rendered":"https:\/\/madelinefashion.pl\/?post_type=product&#038;p=548919"},"modified":"2026-04-20T17:52:12","modified_gmt":"2026-04-20T15:52:12","slug":"sukienka-bandazowa-z-siateczka-tetri-czarna","status":"publish","type":"product","link":"https:\/\/madelinefashion.pl\/sk\/sukienka-bandazowa-z-siateczka-tetri-czarna\/","title":{"rendered":"\u010cierne band\u00e1\u017eov\u00e9 \u0161aty s tetri sie\u0165ovinou"},"content":{"rendered":"<h3 style=\"text-align: center;\">\u010cierne band\u00e1\u017eov\u00e9 \u0161aty s tetri sie\u0165ovinou<\/h3>\n<p style=\"text-align: center;\"><b>\u0160aty<\/b> Tieto band\u00e1\u017eov\u00e9 \u0161aty s\u00fa vyroben\u00e9 z vysoko kvalitn\u00e9ho materi\u00e1lu. Na sie\u0165ovine s\u00fa na\u0161it\u00e9 kamienky. Tieto elegantn\u00e9, priliehav\u00e9 \u0161aty sa vyzna\u010duj\u00fa jemn\u00fdm rol\u00e1kov\u00fdm v\u00fdstrihom. Maj\u00fa klasick\u00fd, sexi strih v tvare ceruzky. Materi\u00e1l je elastick\u00fd a lichoti postave. Zap\u00ednaj\u00fa sa na zips vzadu, ktor\u00fd skr\u00fdva ozdobn\u00fd opasok. Tieto \u0161aty s\u00fa ide\u00e1lne na ka\u017edodenn\u00e9 nosenie do pr\u00e1ce alebo na ve\u010der s priate\u013emi, ale hodia sa aj na form\u00e1lnej\u0161ie pr\u00edle\u017eitosti, rande alebo dovolenku. Dokonale sa prisp\u00f4sobia postave. Tento model m\u00e1 klasick\u00fd, no z\u00e1rove\u0148 p\u00fatav\u00fd strih.<\/p>\n<h3 style=\"text-align: center;\">Rozmery:<\/h3>\n<p style=\"text-align: center;\"><strong>Ve\u013ekos\u0165 S\/36<\/strong><\/p>\n<ul>\n<li style=\"text-align: center;\">Celkov\u00e1 d\u013a\u017eka: 97 cm<br \/>\nOd podpazu\u0161ia k podpazu\u0161iu: 36-45 cm<\/li>\n<li style=\"text-align: center;\">Boky: 40-47 cm<\/li>\n<li style=\"text-align: center;\">P\u00e1s: 30-36 cm<\/li>\n<li>\n<p style=\"text-align: center;\"><strong>Ve\u013ekos\u0165 M\/38<\/strong><\/p>\n<ul>\n<li style=\"text-align: center;\">Celkov\u00e1 d\u013a\u017eka: 97 cm<br \/>\nOd podpazu\u0161ia k podpazu\u0161iu: 38-47 cm<\/li>\n<li style=\"text-align: center;\">Boky: 42-49 cm<\/li>\n<li style=\"text-align: center;\">P\u00e1s: 32-38 cm<\/li>\n<li>\n<p style=\"text-align: center;\"><strong>Ve\u013ekos\u0165 L \/ 40<\/strong><\/p>\n<ul>\n<li style=\"text-align: center;\">Celkov\u00e1 d\u013a\u017eka: 97 cm<br \/>\nOd podpazu\u0161ia k podpazu\u0161iu: 40-49 cm<\/li>\n<li style=\"text-align: center;\">Boky: 44-51 cm<\/li>\n<li style=\"text-align: center;\">P\u00e1s: 34-40 cm<\/li>\n<\/ul>\n<\/li>\n<\/ul>\n<\/li>\n<\/ul>\n<p style=\"text-align: center;\">Rozmery sa m\u00f4\u017eu mierne l\u00ed\u0161i\u0165 od uveden\u00fdch +\/- 2cm. V\u0161etky uveden\u00e9 rozmery s\u00fa meran\u00e9 plo\u0161ne. <strong>rozmer x2<\/strong><\/p>\n<p>\u00a0<\/p>\n<table width=\"598\">\n<tbody>\n<tr>\n<td width=\"302\">Meno modela<\/td>\n<td width=\"302\">Band\u00e1\u017eov\u00e9 \u0161aty s tetri sie\u0165kou<\/td>\n<\/tr>\n<tr>\n<td width=\"302\">Farba<\/td>\n<td width=\"302\">\u010dierna<\/td>\n<\/tr>\n<tr>\n<td width=\"302\">Zbierka<\/td>\n<td width=\"302\">Jar leto jese\u0148 zima<\/td>\n<\/tr>\n<tr>\n<td width=\"302\">ve\u013ekosti<\/td>\n<td width=\"302\">\u00a0SML<\/td>\n<\/tr>\n<tr>\n<td width=\"302\">M\u00f3da<\/td>\n<td width=\"302\">Na mieru<\/td>\n<\/tr>\n<tr>\n<td width=\"302\">\u0160tiepenie<\/td>\n<td width=\"302\">Pod krkom<\/td>\n<\/tr>\n<tr>\n<td width=\"302\">Materi\u00e1l<\/td>\n<td width=\"302\">90%Polyester 10% Polyamid<\/td>\n<\/tr>\n<\/tbody>\n<\/table>\n<p>\u00a0<\/p>\n<p style=\"text-align: center;\">Model m\u00e1\u00a0<strong>169<\/strong>\u00a0cm vysok\u00fd, nos\u00ed ve\u013ekos\u0165 ka\u017ed\u00fd de\u0148\u00a0<strong>S<\/strong><\/p>\n<p style=\"text-align: center;\">\u0160\u00edrka hrudn\u00edka 9 cm<\/p>\n<p style=\"text-align: center;\">\u0160\u00edrka p\u00e1su 71 cm<\/p>\n<p style=\"text-align: center;\">\u0160\u00edrka bokov 96 cm<\/p>","protected":false},"excerpt":{"rendered":"<p>Sukienka Banda\u017cowa Z Siateczk\u0105 Tetri Czarna Sukienka banda\u017cowa wykonana z materia\u0142u wysokiej jako\u015bci. Posiada naszyte kamyczki na siateczce. Elegancka, dopasowana sukienka z delikatnym golfem pod szyj\u0119. Sukienka w klasycznym, seksownym i o\u0142\u00f3wkowym kroju. Materia\u0142 jest elastyczny i podkre\u015bla figur\u0119. Z ty\u0142u zapisana jest na zamek z dekoracyjnym paseczkiem dzi\u0119ki czemu suwak nie jest widoczny. Sukienka<\/p>\n<div class=\"klb-readmore post-buttons\"><a class=\"button black outline size-sm\" href=\"https:\/\/madelinefashion.pl\/sk\/sukienka-bandazowa-z-siateczka-tetri-czarna\/\">\u010c\u00edta\u0165 \u010falej <i class=\"klbth-icon-right-arrow\"><\/i><\/a><\/div>","protected":false},"featured_media":548918,"template":"","meta":[],"product_brand":[],"product_cat":[125,395,569],"product_tag":[213,262],"class_list":{"0":"post-548919","1":"product","2":"type-product","3":"status-publish","4":"has-post-thumbnail","6":"product_cat-sukienki","7":"product_cat-nowosci","8":"product_cat-sukienki-dopasowane","9":"product_tag-sukienka-czarna","10":"product_tag-sukienki-krotkie","11":"pa_rozmiar-m-38","12":"pa_rozmiar-l-40","13":"pa_rozmiar-s-36","15":"first","16":"outofstock","17":"product-type-variable"},"_links":{"self":[{"href":"https:\/\/madelinefashion.pl\/sk\/wp-json\/wp\/v2\/product\/548919","targetHints":{"allow":["GET"]}}],"collection":[{"href":"https:\/\/madelinefashion.pl\/sk\/wp-json\/wp\/v2\/product"}],"about":[{"href":"https:\/\/madelinefashion.pl\/sk\/wp-json\/wp\/v2\/types\/product"}],"wp:featuredmedia":[{"embeddable":true,"href":"https:\/\/madelinefashion.pl\/sk\/wp-json\/wp\/v2\/media\/548918"}],"wp:attachment":[{"href":"https:\/\/madelinefashion.pl\/sk\/wp-json\/wp\/v2\/media?parent=548919"}],"wp:term":[{"taxonomy":"product_brand","embeddable":true,"href":"https:\/\/madelinefashion.pl\/sk\/wp-json\/wp\/v2\/product_brand?post=548919"},{"taxonomy":"product_cat","embeddable":true,"href":"https:\/\/madelinefashion.pl\/sk\/wp-json\/wp\/v2\/product_cat?post=548919"},{"taxonomy":"product_tag","embeddable":true,"href":"https:\/\/madelinefashion.pl\/sk\/wp-json\/wp\/v2\/product_tag?post=548919"}],"curies":[{"name":"pracovn\u00fd list","href":"https:\/\/api.w.org\/{rel}","templated":true}]}}