{"id":549002,"date":"2024-10-31T14:14:21","date_gmt":"2024-10-31T13:14:21","guid":{"rendered":"https:\/\/madelinefashion.pl\/?post_type=product&#038;p=549002"},"modified":"2025-03-31T16:01:29","modified_gmt":"2025-03-31T14:01:29","slug":"komplet-dresowy-bluza-spodnie-bojowka-czarny","status":"publish","type":"product","link":"https:\/\/madelinefashion.pl\/sk\/komplet-dresowy-bluza-spodnie-bojowka-czarny\/","title":{"rendered":"Tepl\u00e1kov\u00e1 s\u00faprava: Mikina + Combat nohavice \u010dierna"},"content":{"rendered":"<h3 style=\"text-align: center;\">Tepl\u00e1kov\u00e1 s\u00faprava: Mikina + Combat nohavice \u010dierna<\/h3>\n<p style=\"text-align: center;\"><strong>Fenomen\u00e1lna tepl\u00e1kov\u00e1 s\u00faprava<\/strong> vyroben\u00e9 z ve\u013emi kvalitnej, m\u00e4kkej a <strong>pr\u00edjemn\u00e9<\/strong> v kontakte <strong>materi\u00e1l<\/strong>. <strong>Set <\/strong>je vynikaj\u00facou ponukou pre t\u00fdch, ktor\u00ed miluj\u00fa ma\u0165 ka\u017ed\u00fd de\u0148 pocit pohodlia a z\u00e1rove\u0148 pocit priate\u013esk\u00e9ho a m\u00e4kk\u00e9ho dotyku. S\u00faprava je vyroben\u00e1 z kvalitn\u00e9ho materi\u00e1lu - je ve\u013emi pr\u00edjemn\u00e1 na dotyk a zvn\u00fatra ve\u013emi jemn\u00e1.<br \/>\n<strong><span lang=\"en-us\" xml:lang=\"en-us\">Nohavice sa daj\u00fa nosi\u0165 spolu s bl\u00fazkou alebo sa daj\u00fa aj kombinova\u0165 <\/span><\/strong><a href=\"https:\/\/madelinefashion.pl\/sk\/casual-clothes\/t-shirty\/\"><span lang=\"en-us\" xml:lang=\"en-us\">ko\u0161e\u013eu<\/span><\/a><strong><span lang=\"en-us\" xml:lang=\"en-us\"> a vytvorte si dokonal\u00fd ka\u017edodenn\u00fd le\u017e\u00e9rny \u0161t\u00fdl.<\/span><\/strong>\u00a0S\u00faprava je dostupn\u00e1 v kr\u00e1snych farb\u00e1ch, ktor\u00e9 dokonale ladia s nadch\u00e1dzaj\u00facou sez\u00f3nou. S\u00faprava v univerz\u00e1lnej ve\u013ekosti odpor\u00fa\u010dan\u00e1 pre d\u00e1my vo ve\u013ekosti <strong>S\/ML\/XL<\/strong> .<br \/>\nTento set mus\u00edte ma\u0165 vo svojom \u0161atn\u00edku!<\/p>\n<h3 style=\"text-align: center;\">\u00a0 \u00a0 \u00a0Rozmery :<\/h3>\n<p style=\"text-align: center;\" align=\"center\"><strong>Mikina:<\/strong><br \/>\nCelkov\u00e1 d\u013a\u017eka \u2013 48 cm<br \/>\n\u0160\u00edrka od podpazu\u0161ia k podpazu\u0161iu \u2013 52 \u2013 60 cm<br \/>\n\u0160\u00edrka p\u00e1sa \u2013 45-50 cm<br \/>\nD\u013a\u017eka ruk\u00e1va od podpazu\u0161ia - 55 cm<br \/>\nD\u013a\u017eka ruk\u00e1va od ramena - 60 cm<\/p>\n<p style=\"text-align: center;\"><strong>nohavice:<\/strong><br \/>\nCelkov\u00e1 d\u013a\u017eka \u2013 104 cm<br \/>\nVn\u00fatorn\u00e1 d\u013a\u017eka nohav\u00edc \u2013 73 cm<br \/>\nStav - 30 cm<br \/>\n\u0160\u00edrka p\u00e1su \u2013 36-44 cm<br \/>\n\u0160\u00edrka bokov \u2013 51 \u2013 60 cm<\/p>\n<p style=\"text-align: center;\">Rozmery sa m\u00f4\u017eu mierne l\u00ed\u0161i\u0165 od uveden\u00fdch +\/- 2cm. <strong>V\u0161etky rozmery s\u00fa meran\u00e9 plo\u0161ne x2\u00a0<\/strong><\/p>\n<h3 style=\"text-align: center;\">Vlastnosti produktu:<\/h3>\n<p align=\"center\">-nohavice<br \/>\n-mikina<br \/>\n- \u013eahk\u00fd materi\u00e1l<br \/>\n- nohavice s lemom<br \/>\n-vo\u013en\u00fd<br \/>\n- pohodln\u00e9<\/p>\n<table width=\"615\">\n<tbody>\n<tr>\n<td width=\"302\">Meno modela<\/td>\n<td width=\"302\">Tepl\u00e1kov\u00e1 s\u00faprava: Mikina + Combat nohavice<\/td>\n<\/tr>\n<tr>\n<td width=\"302\">Farba<\/td>\n<td width=\"302\">\u010dierna<\/td>\n<\/tr>\n<tr>\n<td width=\"302\">ve\u013ekosti<\/td>\n<td width=\"302\">Univerz\u00e1lny<\/td>\n<\/tr>\n<tr>\n<td width=\"302\">M\u00f3da<\/td>\n<td width=\"302\">Vo\u013en\u00fd<\/td>\n<\/tr>\n<tr>\n<td width=\"302\">Materi\u00e1l<\/td>\n<td width=\"302\">90% Bavlna 10% Elastan<\/td>\n<\/tr>\n<\/tbody>\n<\/table>\n<p>&nbsp;<\/p>\n<div class=\"tabs tabs-bb clear mb-80\">\n<div class=\"tab-content\">\n<div id=\"tab-description\" class=\"tab-pane fade in woocommerce-Tabs-panel--description active\">\n<div class=\"tabs tabs-bb clear mb-80\">\n<div class=\"tab-content\">\n<div id=\"tab-description\" class=\"tab-pane fade in woocommerce-Tabs-panel--description active\">\n<p style=\"text-align: center;\">\u00a0Model m\u00e1 <strong>175<\/strong> cm vysok\u00fd, nos\u00ed ve\u013ekos\u0165 ka\u017ed\u00fd de\u0148\u00a0<strong>S<\/strong><\/p>\n<\/div>\n<\/div>\n<\/div>\n<\/div>\n<\/div>\n<\/div>\n<p style=\"text-align: center;\">","protected":false},"excerpt":{"rendered":"<p>Komplet Dresowy Bluza + Spodnie Boj\u00f3wka Czarny Fenomenalny Komplet dresowy wykonany z bardzo dobrej jako\u015bci, mi\u0119kkiego i przyjemnego w dotyku materia\u0142u. Komplet to doskona\u0142a propozycja dla tych, kt\u00f3re uwielbiaj\u0105 na co dzie\u0144 mie\u0107 poczucie komfortu, a przy tym odczucie przyjaznego i mi\u0119kkiego dotyku. Komplet wykonany jest z wysokiej jako\u015bci materia\u0142u &#8211; jest mega mi\u0142y w<\/p>\n<div class=\"klb-readmore post-buttons\"><a class=\"button black outline size-sm\" href=\"https:\/\/madelinefashion.pl\/sk\/komplet-dresowy-bluza-spodnie-bojowka-czarny\/\">\u010c\u00edta\u0165 \u010falej <i class=\"klbth-icon-right-arrow\"><\/i><\/a><\/div>","protected":false},"featured_media":548997,"template":"","meta":[],"product_brand":[],"product_cat":[89],"product_tag":[282],"class_list":{"0":"post-549002","1":"product","2":"type-product","3":"status-publish","4":"has-post-thumbnail","6":"product_cat-komplety","7":"product_tag-komplety-dresowe","8":"pa_rozmiar-s-m","9":"pa_rozmiar-l-xl","11":"first","12":"outofstock","13":"purchasable","14":"product-type-simple"},"_links":{"self":[{"href":"https:\/\/madelinefashion.pl\/sk\/wp-json\/wp\/v2\/product\/549002","targetHints":{"allow":["GET"]}}],"collection":[{"href":"https:\/\/madelinefashion.pl\/sk\/wp-json\/wp\/v2\/product"}],"about":[{"href":"https:\/\/madelinefashion.pl\/sk\/wp-json\/wp\/v2\/types\/product"}],"wp:featuredmedia":[{"embeddable":true,"href":"https:\/\/madelinefashion.pl\/sk\/wp-json\/wp\/v2\/media\/548997"}],"wp:attachment":[{"href":"https:\/\/madelinefashion.pl\/sk\/wp-json\/wp\/v2\/media?parent=549002"}],"wp:term":[{"taxonomy":"product_brand","embeddable":true,"href":"https:\/\/madelinefashion.pl\/sk\/wp-json\/wp\/v2\/product_brand?post=549002"},{"taxonomy":"product_cat","embeddable":true,"href":"https:\/\/madelinefashion.pl\/sk\/wp-json\/wp\/v2\/product_cat?post=549002"},{"taxonomy":"product_tag","embeddable":true,"href":"https:\/\/madelinefashion.pl\/sk\/wp-json\/wp\/v2\/product_tag?post=549002"}],"curies":[{"name":"pracovn\u00fd list","href":"https:\/\/api.w.org\/{rel}","templated":true}]}}