{"id":549466,"date":"2024-11-05T15:26:52","date_gmt":"2024-11-05T14:26:52","guid":{"rendered":"https:\/\/madelinefashion.pl\/?post_type=product&#038;p=549466"},"modified":"2025-10-14T12:11:39","modified_gmt":"2025-10-14T10:11:39","slug":"spodnica-olowkowa-gladka-czarna","status":"publish","type":"product","link":"https:\/\/madelinefashion.pl\/sk\/spodnica-olowkowa-gladka-czarna\/","title":{"rendered":"Hladk\u00e1 \u010dierna ceruzkov\u00e1 suk\u0148a"},"content":{"rendered":"<h3 style=\"text-align: center;\">Hladk\u00e1 \u010dierna ceruzkov\u00e1 suk\u0148a<\/h3>\n<p style=\"text-align: center;\">Priliehav\u00e1 suk\u0148a z m\u00e4kkej, elastickej l\u00e1tky. VYROBEN\u00c9 V PO\u013dSKU. Suk\u0148a m\u00e1 po stran\u00e1ch pre\u0161\u00edvanie pripom\u00ednaj\u00face skladanie. Nevidite\u013en\u00fd zips vzadu dokonale zv\u00fdraz\u0148uje p\u00e1s a boky. T\u00e1to ceruzkov\u00e1 suk\u0148a kr\u00e1sne zv\u00fdraz\u0148uje \u017eensk\u00e9 krivky a perfektne sa hod\u00ed k ko\u0161eli, body alebo dokonca k jednoduchej bl\u00fazke.<\/p>\n<p>&nbsp;<\/p>\n<table width=\"556\">\n<tbody>\n<tr>\n<td><strong>VE\u013dKOS\u0164<\/strong><\/td>\n<td><strong>P\u00e1s<\/strong><\/td>\n<td><strong>Boky<\/strong><\/td>\n<td><strong>D\u013a\u017eka<\/strong><\/td>\n<\/tr>\n<tr>\n<td><strong>38<\/strong><\/td>\n<td>36<\/td>\n<td>46<\/td>\n<td>\u00a055<\/td>\n<\/tr>\n<tr>\n<td><strong>40<\/strong><\/td>\n<td>38<\/td>\n<td>48<\/td>\n<td>\u00a055<\/td>\n<\/tr>\n<tr>\n<td><strong>42<\/strong><\/td>\n<td>40<\/td>\n<td>50<\/td>\n<td>\u00a055<\/td>\n<\/tr>\n<tr>\n<td><strong>44<\/strong><\/td>\n<td>42<\/td>\n<td>52<\/td>\n<td>\u00a055<\/td>\n<\/tr>\n<tr>\n<td><strong>46<\/strong><\/td>\n<td>44<\/td>\n<td>54<\/td>\n<td>\u00a055<\/td>\n<\/tr>\n<tr>\n<td><strong>48<\/strong><\/td>\n<td>46<\/td>\n<td>56<\/td>\n<td>\u00a055<\/td>\n<\/tr>\n<tr>\n<td><strong>50<\/strong><\/td>\n<td>48<\/td>\n<td>58<\/td>\n<td>\u00a055<\/td>\n<\/tr>\n<tr>\n<td><strong>52<\/strong><\/td>\n<td>50<\/td>\n<td>\u00a060<\/td>\n<td>\u00a055<\/td>\n<\/tr>\n<\/tbody>\n<\/table>\n<p style=\"text-align: center;\">Rozmery sa m\u00f4\u017eu mierne l\u00ed\u0161i\u0165 od uveden\u00fdch +\/- 2cm.<\/p>\n<p style=\"text-align: center;\"><strong>\u00a0<\/strong><\/p>\n<p style=\"text-align: center;\"><strong>MODELKA 168 cm - VE\u013dKOS\u0164 S<\/strong><\/p>","protected":false},"excerpt":{"rendered":"<p>Sp\u00f3dnica O\u0142\u00f3wkowa G\u0142adka Czarna Dopasowana sp\u00f3dnica, uszyta z mi\u0119kkiej i elastycznej dzianiny. PRODUKT POLSKI. Sp\u00f3dnica posiada przeszycia na bokach a&#8217;la zak\u0142adki. Model posiada niewidoczny suwak z ty\u0142u, dzi\u0119ki czemu idealnie podkre\u015bli tali\u0119 i biodra. Sp\u00f3dnica o\u0142\u00f3wkowa, pi\u0119knie podkre\u015bla kobiece atuty, idealnie sprawdzi si\u0119 w po\u0142\u0105czeniu z koszul\u0105, body ale tak\u017ce prosta bluzk\u0105. &nbsp; ROZMIAR Talia<\/p>\n<div class=\"klb-readmore post-buttons\"><a class=\"button black outline size-sm\" href=\"https:\/\/madelinefashion.pl\/sk\/spodnica-olowkowa-gladka-czarna\/\">\u010c\u00edta\u0165 \u010falej <i class=\"klbth-icon-right-arrow\"><\/i><\/a><\/div>","protected":false},"featured_media":549380,"template":"","meta":[],"product_brand":[],"product_cat":[121],"product_tag":[],"class_list":{"0":"post-549466","1":"product","2":"type-product","3":"status-publish","4":"has-post-thumbnail","6":"product_cat-mini","7":"pa_rozmiar-xl-42","8":"pa_rozmiar-xxl-44","9":"pa_rozmiar-xxxl-46","10":"pa_rozmiar-xxxxl-48","11":"pa_rozmiar-s-36","12":"pa_rozmiar-m-38","13":"pa_rozmiar-l-40","14":"pa_rozmiar-438","16":"first","17":"instock","18":"product-type-variable"},"_links":{"self":[{"href":"https:\/\/madelinefashion.pl\/sk\/wp-json\/wp\/v2\/product\/549466","targetHints":{"allow":["GET"]}}],"collection":[{"href":"https:\/\/madelinefashion.pl\/sk\/wp-json\/wp\/v2\/product"}],"about":[{"href":"https:\/\/madelinefashion.pl\/sk\/wp-json\/wp\/v2\/types\/product"}],"wp:featuredmedia":[{"embeddable":true,"href":"https:\/\/madelinefashion.pl\/sk\/wp-json\/wp\/v2\/media\/549380"}],"wp:attachment":[{"href":"https:\/\/madelinefashion.pl\/sk\/wp-json\/wp\/v2\/media?parent=549466"}],"wp:term":[{"taxonomy":"product_brand","embeddable":true,"href":"https:\/\/madelinefashion.pl\/sk\/wp-json\/wp\/v2\/product_brand?post=549466"},{"taxonomy":"product_cat","embeddable":true,"href":"https:\/\/madelinefashion.pl\/sk\/wp-json\/wp\/v2\/product_cat?post=549466"},{"taxonomy":"product_tag","embeddable":true,"href":"https:\/\/madelinefashion.pl\/sk\/wp-json\/wp\/v2\/product_tag?post=549466"}],"curies":[{"name":"pracovn\u00fd list","href":"https:\/\/api.w.org\/{rel}","templated":true}]}}