{"id":549505,"date":"2024-11-05T16:02:17","date_gmt":"2024-11-05T15:02:17","guid":{"rendered":"https:\/\/madelinefashion.pl\/?post_type=product&#038;p=549505"},"modified":"2026-04-20T17:52:11","modified_gmt":"2026-04-20T15:52:11","slug":"suknia-z-piorkami-melody-czarna-krotka","status":"publish","type":"product","link":"https:\/\/madelinefashion.pl\/sk\/suknia-z-piorkami-melody-czarna-krotka\/","title":{"rendered":"\u010cierne kr\u00e1tke \u0161aty s per\u00edm Melody"},"content":{"rendered":"<h3 style=\"text-align: center;\">\u010cierne kr\u00e1tke \u0161aty s per\u00edm Melody<\/h3>\n<p style=\"text-align: center;\"><strong>Fenomen\u00e1lne ve\u010dern\u00e9 \u0161aty s pierkami<\/strong> s v\u00fdstrihom do V. <strong>Vyzer\u00e1 ve\u013emi zmyselne a origin\u00e1lne.<\/strong> <span style=\"font-size: 10pt;\"> Flitrov\u00e9 aplik\u00e1cie na prednej strane \u0161iat vytv\u00e1raj\u00fa jedine\u010dn\u00fa text\u00faru, ktor\u00e1 cel\u00e9mu k\u00fasku dod\u00e1va jedine\u010dn\u00fd n\u00e1dych. \u0160aty bez ramienok zmyselne odha\u013euj\u00fa chrb\u00e1t. Starostlivo umiestnen\u00e9 flitrov\u00e9 aplik\u00e1cie vytv\u00e1raj\u00fa jedine\u010dn\u00fd efekt. Navy\u0161e, pierka pri\u0161it\u00e9 v p\u00e1se dod\u00e1vaj\u00fa \u0161at\u00e1m jedine\u010dn\u00fd charakter. Tento jedine\u010dn\u00fd detail rob\u00ed \u0161aty neuverite\u013ene \u017eensk\u00fdmi. <strong>Flitrovan\u00e9 \u0161aty s pierkami a otvoren\u00fdm chrbtom<\/strong> je vo\u013ebou pre t\u00fdch, ktor\u00ed chc\u00fa vyjadri\u0165 svoju jedine\u010dnos\u0165 na \u0161peci\u00e1lnych udalostiach. Kr\u00e1tka, zmyseln\u00e1 d\u013a\u017eka\u00a0<strong>mini<\/strong>\u00a0zv\u00fdraz\u0148uje nohy a dod\u00e1va im odv\u00e1\u017eny, no z\u00e1rove\u0148 elegantn\u00fd vzh\u013ead. Toto je v\u00fdtvor pre skuto\u010dn\u00e9 \u017eeny, ktor\u00e9 chc\u00fa<strong> lesk,<\/strong> vy\u017earuj\u00face jedine\u010dn\u00e9 \u010daro. <a href=\"https:\/\/madelinefashion.pl\/sk\/sukienki-i-kombinezony\/sukienki-okolicznosciowe\/sukienki-z-piorkami\/\" rel=\" \"><strong>Ve\u010dern\u00e9 \u0161aty s pierkami<\/strong><\/a> Je synonymom luxusu a sofistikovanosti. Je ide\u00e1lny na elegantn\u00e9 ve\u010dierky, plesy a svadby. <\/span>V na\u0161ej ponuke<b style=\"font-size: 10pt;\"> n\u00e1jdete ako klasick\u00e9, jednoduch\u00e9 modely, tak aj zdoben\u00e9 kry\u0161t\u00e1lmi, flitrami, \u010dipkou \u010di tylom.\u00a0<\/b><span style=\"font-size: 10pt;\">V na\u0161om internetovom obchode n\u00e1jdete jedine\u010dn\u00e9 \u0161aty za mimoriadne prijate\u013en\u00e9 ceny \u2013\u00a0 <strong style=\"font-size: 10pt;\">nev\u00e1hajte a vyberte si ten, ktor\u00fd je pre v\u00e1s ide\u00e1lny<\/strong>. Ak sa neviete rozhodn\u00fa\u0165 ak\u00fa farbu, <strong style=\"font-size: 10pt;\">ve\u013ekos\u0165<\/strong> je pre v\u00e1s to najlep\u0161ie <strong style=\"font-size: 10pt;\">kontaktuj n\u00e1s<\/strong> cez <a style=\"font-size: 10pt;\" href=\"https:\/\/www.facebook.com\/madelinefashionbutik\" target=\"_blank\" rel=\"noopener\">Facebook<\/a> alebo <a style=\"font-size: 10pt;\" href=\"https:\/\/madelinefashion.pl\/sk\/kontakt\/\">telef\u00f3n<\/a>. Ak na str\u00e1nke nie je uveden\u00e1 ve\u013ekos\u0165, op\u00fdtajte sa<strong style=\"font-size: 10pt;\"> kontakt<\/strong>.\u00a0<b style=\"font-size: 10pt;\"> Neviete ak\u00e9 svadobn\u00e9 \u0161aty si vybra\u0165?<\/b>\u00a0<a style=\"font-size: 10pt; font-weight: bold;\" href=\"https:\/\/madelinefashion.pl\/sk\/product-tag\/sukienka-biala\/?orderby=price-desc\">Skontrolujte<\/a>to bude pre teba ide\u00e1lne!\u00a0\u00a0<\/span><\/p>\n<p>\u00a0<\/p>\n<p style=\"text-align: center;\"><span style=\"font-size: 10pt;\"><strong>\u00a0<\/strong><\/span><\/p>\n<h3 style=\"text-align: center;\">ROZMERY \u0161iat:<\/h3>\n<table width=\"556\">\n<tbody>\n<tr>\n<td><strong>VE\u013dKOS\u0164<\/strong><\/td>\n<td><strong>poprsia<\/strong><\/td>\n<td><strong>P\u00e1s<\/strong><\/td>\n<td><strong>Boky<\/strong><\/td>\n<\/tr>\n<tr>\n<td><strong>34<\/strong><\/td>\n<td>84-86<\/td>\n<td>64-68<\/td>\n<td>\u00a082-90<\/td>\n<\/tr>\n<tr>\n<td><strong>36<\/strong><\/td>\n<td>88-90<\/td>\n<td>68-72<\/td>\n<td>\u00a086-92<\/td>\n<\/tr>\n<tr>\n<td><strong>38<\/strong><\/td>\n<td>92-94<\/td>\n<td>72-76<\/td>\n<td>\u00a090-96<\/td>\n<\/tr>\n<tr>\n<td><strong>40<\/strong><\/td>\n<td>96-98<\/td>\n<td>76-80<\/td>\n<td>\u00a094-106<\/td>\n<\/tr>\n<\/tbody>\n<\/table>\n<p>\u00a0<\/p>\n<p style=\"text-align: center;\" align=\"center\"><span style=\"font-size: 10.0pt;\">celkov\u00e1 d\u013a\u017eka cca 95 cm (\u0161aty sa daj\u00fa skr\u00e1ti\u0165 pod\u013ea vlastn\u00e9ho uv\u00e1\u017eenia)\u00a0<\/span><\/p>\n<p style=\"text-align: center;\"><span style=\"font-size: 10pt;\">\u0160aty s\u00fa dostupn\u00e9 aj v in\u00fdch farb\u00e1ch - odpor\u00fa\u010dame v\u00e1m zozn\u00e1mi\u0165 sa s na\u0161imi \u010fal\u0161\u00edmi produktmi.<\/span><\/p>\n<p style=\"text-align: center;\"><span style=\"font-size: 10pt;\">Rozmery sa m\u00f4\u017eu mierne l\u00ed\u0161i\u0165 od uveden\u00fdch +\/- 2cm.\u00a0<\/span><\/p>\n<p style=\"text-align: center;\"><span style=\"font-size: 10pt;\"><strong>\u00a0<\/strong>\u00a0<\/span><\/p>\n<table width=\"620\">\n<tbody>\n<tr>\n<td width=\"302\">Meno modela<\/td>\n<td width=\"302\">Kr\u00e1tke \u0161aty s per\u00edm Melody<\/td>\n<\/tr>\n<tr>\n<td width=\"302\">Farba<\/td>\n<td width=\"302\">\u010dierna<\/td>\n<\/tr>\n<tr>\n<td width=\"302\">Marka<\/td>\n<td width=\"302\">Pekn\u00e1 \u017eena<\/td>\n<\/tr>\n<tr>\n<td width=\"302\">ve\u013ekosti<\/td>\n<td width=\"302\">34 36 38 40<\/td>\n<\/tr>\n<tr>\n<td width=\"302\">M\u00f3da<\/td>\n<td width=\"302\">Zhoda \/ ryba<\/td>\n<\/tr>\n<tr>\n<td width=\"302\">Materi\u00e1l<\/td>\n<td width=\"302\">Visk\u00f3za, polyester, bavlna<\/td>\n<\/tr>\n<tr>\n<td width=\"302\">D\u013a\u017eka<\/td>\n<td width=\"302\">Pred kolenom<\/td>\n<\/tr>\n<\/tbody>\n<\/table>\n<p style=\"text-align: center;\"><span style=\"font-size: 10pt;\">\u00a0<\/span><\/p>\n<p>\u00a0<\/p>\n<p style=\"text-align: center;\"><span style=\"font-size: 10pt;\">Aby ste si vybrali <strong>perfektn\u00e9 \u0161aty<\/strong> kontaktujte n\u00e1s telefonicky alebo prostredn\u00edctvom na\u0161ej webovej str\u00e1nky <a href=\"https:\/\/www.facebook.com\/madelinefashionbutik\" target=\"_blank\" rel=\"noopener\">Facebook<\/a> .<\/span><br \/>\n<span style=\"font-size: 10pt;\">N\u00e1\u0161 t\u00edm v\u00e1m pom\u00f4\u017ee <strong>Vyberte si ten spr\u00e1vny<\/strong> . <strong>Na \u017eelanie kupuj\u00faceho vyrob\u00edme ak\u00e9ko\u013evek \u0161aty\u00a0<\/strong><strong>opatrne mera\u0165.\u00a0<\/strong><\/span><\/p>\n<div class=\"additional-details\" style=\"text-align: center;\">\n<p style=\"text-align: center;\"><span style=\"font-size: 10pt;\">\u00a0<\/span><\/p>\n<\/div>","protected":false},"excerpt":{"rendered":"<p>Kr\u00e1tke \u010dierne \u0161aty s pierkami Melody. Ohromuj\u00face ve\u010dern\u00e9 \u0161aty s pierkami, s v\u00fdstrihom do V. Vyzeraj\u00fa ve\u013emi zmyselne a origin\u00e1lne. Flitrov\u00e9 aplik\u00e1cie na prednej strane \u0161iat vytv\u00e1raj\u00fa jedine\u010dn\u00fa text\u00faru, ktor\u00e1 cel\u00e9mu vzh\u013eadu dod\u00e1va jedine\u010dn\u00fd vzh\u013ead. \u0160aty bez ramienok zmyselne odha\u013euj\u00fa chrb\u00e1t. Starostlivo umiestnen\u00e9 flitrov\u00e9 aplik\u00e1cie vytv\u00e1raj\u00fa jedine\u010dn\u00fd efekt. Navy\u0161e, pierka pri\u0161it\u00e1 v p\u00e1se dod\u00e1vaj\u00fa \u0161at\u00e1m n\u00e1dych elegancie.<\/p>\n<div class=\"klb-readmore post-buttons\"><a class=\"button black outline size-sm\" href=\"https:\/\/madelinefashion.pl\/sk\/suknia-z-piorkami-melody-czarna-krotka\/\">\u010c\u00edta\u0165 \u010falej <i class=\"klbth-icon-right-arrow\"><\/i><\/a><\/div>","protected":false},"featured_media":549512,"template":"","meta":[],"product_brand":[],"product_cat":[124,395,569,562],"product_tag":[213,257,262],"class_list":{"0":"post-549505","1":"product","2":"type-product","3":"status-publish","4":"has-post-thumbnail","6":"product_cat-sukienki-okolicznosciowe","7":"product_cat-nowosci","8":"product_cat-sukienki-dopasowane","9":"product_cat-sukienki-z-piorkami","10":"product_tag-sukienka-czarna","11":"product_tag-madelinefashion","12":"product_tag-sukienki-krotkie","14":"first","15":"instock","16":"purchasable","17":"product-type-variable"},"_links":{"self":[{"href":"https:\/\/madelinefashion.pl\/sk\/wp-json\/wp\/v2\/product\/549505","targetHints":{"allow":["GET"]}}],"collection":[{"href":"https:\/\/madelinefashion.pl\/sk\/wp-json\/wp\/v2\/product"}],"about":[{"href":"https:\/\/madelinefashion.pl\/sk\/wp-json\/wp\/v2\/types\/product"}],"wp:featuredmedia":[{"embeddable":true,"href":"https:\/\/madelinefashion.pl\/sk\/wp-json\/wp\/v2\/media\/549512"}],"wp:attachment":[{"href":"https:\/\/madelinefashion.pl\/sk\/wp-json\/wp\/v2\/media?parent=549505"}],"wp:term":[{"taxonomy":"product_brand","embeddable":true,"href":"https:\/\/madelinefashion.pl\/sk\/wp-json\/wp\/v2\/product_brand?post=549505"},{"taxonomy":"product_cat","embeddable":true,"href":"https:\/\/madelinefashion.pl\/sk\/wp-json\/wp\/v2\/product_cat?post=549505"},{"taxonomy":"product_tag","embeddable":true,"href":"https:\/\/madelinefashion.pl\/sk\/wp-json\/wp\/v2\/product_tag?post=549505"}],"curies":[{"name":"pracovn\u00fd list","href":"https:\/\/api.w.org\/{rel}","templated":true}]}}