{"id":5556,"date":"2021-03-18T16:13:00","date_gmt":"2021-03-18T15:13:00","guid":{"rendered":"https:\/\/madelinefashion.pl\/?post_type=product&#038;p=5556"},"modified":"2026-02-19T09:49:49","modified_gmt":"2026-02-19T08:49:49","slug":"t-shirt-czaszka-serca-bialo-zloty","status":"publish","type":"product","link":"https:\/\/madelinefashion.pl\/sk\/t-shirt-czaszka-serca-bialo-zloty\/","title":{"rendered":"Tri\u010dko Heart Skull z bieleho zlata"},"content":{"rendered":"<h3 style=\"text-align: center;\"><span style=\"vertical-align: inherit;\"><span style=\"vertical-align: inherit;\">Tri\u010dko Heart Skull z bieleho zlata<\/span><\/span><\/h3>\n<p style=\"text-align: center;\"><span style=\"vertical-align: inherit;\"><span style=\"vertical-align: inherit;\">Biele tri\u010dko s origin\u00e1lnou potla\u010dou vzoru lebky - vyroben\u00e9 zo srdie\u010dok. <\/span><span style=\"vertical-align: inherit;\">Je to bl\u00fazka, ktor\u00e1 bude ladi\u0165 so stylingom - kv\u00f4li vzoru. <\/span><span style=\"vertical-align: inherit;\">Pr\u00edjemn\u00fd na dotyk, priedu\u0161n\u00fd materi\u00e1l v\u00e1m poskytne pohodlie. <\/span><span style=\"vertical-align: inherit;\">Jednoduch\u00e9, v\u0161estrann\u00e9 tri\u010dko, s ktor\u00fdm m\u00f4\u017eete pracova\u0165 po cel\u00fd rok, vyroben\u00e9 na sez\u00f3nu. <\/span><span style=\"vertical-align: inherit;\">Skombinujte ju s d\u017e\u00ednsovou katanou a voskovan\u00fdmi nohavicami. <\/span><span style=\"vertical-align: inherit;\">Dostupn\u00e9 v na\u0161ej predajni v r\u00f4znych farb\u00e1ch.<\/span><\/span><\/p>\n<h3 style=\"text-align: center;\"><span style=\"vertical-align: inherit;\"><span style=\"vertical-align: inherit;\">Rozmery:<\/span><\/span><\/h3>\n<p style=\"text-align: center;\"><strong><span style=\"vertical-align: inherit;\"><span style=\"vertical-align: inherit;\">S\/M\u00a0<\/span><\/span><\/strong><\/p>\n<ul>\n<li style=\"text-align: center;\"><span style=\"vertical-align: inherit;\"><span style=\"vertical-align: inherit;\">\u00a0\u00a0\u00a0\u00a0\u00a0\u00a0\u00a0 Celkov\u00e1 d\u013a\u017eka: 61 cm<\/span><\/span><\/li>\n<li style=\"text-align: center;\"><span style=\"vertical-align: inherit;\"><span style=\"vertical-align: inherit;\">\u00a0 \u00a0 \u00a0 \u00a0 \u0160\u00edrka od pazuchy po pazuchu: 38 cm - 48 cm<\/span><\/span><\/li>\n<li style=\"text-align: center;\"><span style=\"vertical-align: inherit;\"><span style=\"vertical-align: inherit;\">\u0160\u00edrka v spodnej \u010dasti: 38 cm - 52 cm<\/span><\/span><\/li>\n<\/ul>\n<p>&nbsp;<\/p>\n<p style=\"text-align: center;\"><strong><span style=\"vertical-align: inherit;\"><span style=\"vertical-align: inherit;\">L\/XL<\/span><\/span><\/strong><\/p>\n<ul>\n<li style=\"text-align: center;\"><span style=\"vertical-align: inherit;\"><span style=\"vertical-align: inherit;\">\u00a0\u00a0\u00a0\u00a0\u00a0\u00a0\u00a0 Celkov\u00e1 d\u013a\u017eka: 63 cm<\/span><\/span><\/li>\n<li style=\"text-align: center;\"><span style=\"vertical-align: inherit;\"><span style=\"vertical-align: inherit;\">\u00a0 \u00a0 \u00a0 \u00a0 \u0160\u00edrka od pazuchy po pazuchu: 41 cm - 50 cm<\/span><\/span><\/li>\n<li style=\"text-align: center;\"><span style=\"vertical-align: inherit;\"><span style=\"vertical-align: inherit;\">\u0160\u00edrka v spodnej \u010dasti: 40 cm - 55 cm<\/span><\/span><\/li>\n<\/ul>\n<p style=\"text-align: center;\"><span style=\"vertical-align: inherit;\"><span style=\"vertical-align: inherit;\">Rozmery sa m\u00f4\u017eu l\u00ed\u0161i\u0165 od uveden\u00fdch +\/- 2cm. <\/span><span style=\"vertical-align: inherit;\">V\u0161etky uveden\u00e9 rozmery s\u00fa meran\u00e9 plo\u0161ne.<\/span><\/span><\/p>\n<table>\n<tbody>\n<tr>\n<td width=\"302\"><span style=\"vertical-align: inherit;\"><span style=\"vertical-align: inherit;\">Meno modela<\/span><\/span><\/td>\n<td width=\"302\"><span style=\"vertical-align: inherit;\"><span style=\"vertical-align: inherit;\">Tri\u010dko Heart Skull<\/span><\/span><\/td>\n<\/tr>\n<tr>\n<td width=\"302\"><span style=\"vertical-align: inherit;\"><span style=\"vertical-align: inherit;\">Farba<\/span><\/span><\/td>\n<td width=\"302\"><span style=\"vertical-align: inherit;\"><span style=\"vertical-align: inherit;\">biely<\/span><\/span><\/td>\n<\/tr>\n<tr>\n<td width=\"302\"><span style=\"vertical-align: inherit;\"><span style=\"vertical-align: inherit;\">ve\u013ekosti<\/span><\/span><\/td>\n<td width=\"302\"><span style=\"vertical-align: inherit;\"><span style=\"vertical-align: inherit;\">Univerz\u00e1lny<\/span><\/span><\/td>\n<\/tr>\n<tr>\n<td width=\"302\"><span style=\"vertical-align: inherit;\"><span style=\"vertical-align: inherit;\">M\u00f3da<\/span><\/span><\/td>\n<td width=\"302\"><span style=\"vertical-align: inherit;\"><span style=\"vertical-align: inherit;\">Zhoda<\/span><\/span><\/td>\n<\/tr>\n<tr>\n<td width=\"302\"><span style=\"vertical-align: inherit;\"><span style=\"vertical-align: inherit;\">Materi\u00e1l<\/span><\/span><\/td>\n<td width=\"302\"><span style=\"vertical-align: inherit;\"><span style=\"vertical-align: inherit;\">95% Bavlna 5% Elastan<\/span><\/span><\/td>\n<\/tr>\n<\/tbody>\n<\/table>\n<p style=\"text-align: center;\"><span style=\"font-size: 10pt;\">\u00a0<\/span><\/p>\n<p style=\"text-align: center;\"><span style=\"font-size: 10pt;\"><span style=\"vertical-align: inherit;\"><span style=\"vertical-align: inherit;\">\u00a0Odpor\u00fa\u010da sa pre \u013eud\u00ed, ktor\u00ed nosia ve\u013ekosti od S po XL<\/span><\/span><\/span><\/p>","protected":false},"excerpt":{"rendered":"<p>Koszulka Czaszka Serca Bia\u0142o Z\u0142oty Bia\u0142y T-shirt z oryginalnym nadrukiem wz\u00f3r czaszka &#8211; stworzona z serc. Jest to bluzka, kt\u00f3ra b\u0119dzie pasowa\u0142a do stylizacji &#8211; ze wzgl\u0119du na wz\u00f3r. Przyjemny w dotyku, oddychaj\u0105cy materia\u0142 zapewni Ci komfort noszenia. Prosty, uniwersalny Koszulka mo\u017cesz pracowa\u0107 przez ca\u0142y rok, zrobiono od pory roku. Po\u0142\u0105cz go z jeansowi katan\u0105<\/p>\n<div class=\"klb-readmore post-buttons\"><a class=\"button black outline size-sm\" href=\"https:\/\/madelinefashion.pl\/sk\/t-shirt-czaszka-serca-bialo-zloty\/\">\u010c\u00edta\u0165 \u010falej <i class=\"klbth-icon-right-arrow\"><\/i><\/a><\/div>","protected":false},"featured_media":5546,"template":"","meta":[],"product_brand":[],"product_cat":[85],"product_tag":[],"class_list":{"0":"post-5556","1":"product","2":"type-product","3":"status-publish","4":"has-post-thumbnail","6":"product_cat-t-shirty","7":"pa_rozmiar-s-m","8":"pa_rozmiar-l-xl","10":"first","11":"instock","12":"sale","13":"purchasable","14":"product-type-variable"},"_links":{"self":[{"href":"https:\/\/madelinefashion.pl\/sk\/wp-json\/wp\/v2\/product\/5556","targetHints":{"allow":["GET"]}}],"collection":[{"href":"https:\/\/madelinefashion.pl\/sk\/wp-json\/wp\/v2\/product"}],"about":[{"href":"https:\/\/madelinefashion.pl\/sk\/wp-json\/wp\/v2\/types\/product"}],"wp:featuredmedia":[{"embeddable":true,"href":"https:\/\/madelinefashion.pl\/sk\/wp-json\/wp\/v2\/media\/5546"}],"wp:attachment":[{"href":"https:\/\/madelinefashion.pl\/sk\/wp-json\/wp\/v2\/media?parent=5556"}],"wp:term":[{"taxonomy":"product_brand","embeddable":true,"href":"https:\/\/madelinefashion.pl\/sk\/wp-json\/wp\/v2\/product_brand?post=5556"},{"taxonomy":"product_cat","embeddable":true,"href":"https:\/\/madelinefashion.pl\/sk\/wp-json\/wp\/v2\/product_cat?post=5556"},{"taxonomy":"product_tag","embeddable":true,"href":"https:\/\/madelinefashion.pl\/sk\/wp-json\/wp\/v2\/product_tag?post=5556"}],"curies":[{"name":"pracovn\u00fd list","href":"https:\/\/api.w.org\/{rel}","templated":true}]}}