{"id":557351,"date":"2025-02-04T16:09:42","date_gmt":"2025-02-04T15:09:42","guid":{"rendered":"https:\/\/madelinefashion.pl\/?post_type=product&#038;p=557351"},"modified":"2026-04-20T18:53:02","modified_gmt":"2026-04-20T16:53:02","slug":"sukienka-rozalinda-dopasowana-biala","status":"publish","type":"product","link":"https:\/\/madelinefashion.pl\/sk\/sukienka-rozalinda-dopasowana-biala\/","title":{"rendered":"Biele priliehav\u00e9 \u0161aty Rosalinda"},"content":{"rendered":"<h3 style=\"text-align: center;\">Biele priliehav\u00e9 \u0161aty Rosalinda<\/h3>\n<p style=\"text-align: center;\">\u00a0\u00da\u017easn\u00e9 dlh\u00e9, priliehav\u00e9 \u0161aty s rozparkom odha\u013euj\u00facim nohu. \u017div\u00f4tik na jedno rameno je ozdoben\u00fd detailom s diamantov\u00fdm v\u00fdbrusom na ramene. Zap\u00ednaj\u00fa sa na zips vzadu. \u0160aty s\u00fa vyroben\u00e9 z mierne elastick\u00e9ho materi\u00e1lu, v\u010faka \u010domu perfektne sedia. <strong>prisp\u00f4sob\u00ed sa telu<\/strong>.\u0160aty s\u00fa na jedno rameno s rozdelen\u00fdm v\u00fdstrihom. Vpredu maj\u00fa v\u0161it\u00e9 ko\u0161\u00ed\u010dky, tak\u017ee nemus\u00edte nosi\u0165 podprsenku. <strong>Ide\u00e1lne na banket, svadbu alebo afterp\u00e1rty. <\/strong>Dostupn\u00e9 vo ve\u013ekostiach XS SML. Tieto svadobn\u00e9 \u0161aty s jedn\u00fdm ramenom s\u00fa synonymom romantiky a noblesy. <strong>\u0160aty Rosalinda \u0160aty <\/strong>zd\u00f4raz\u0148uje v\u00fdhody siluety, v\u010faka \u010domu je ka\u017ed\u00e1 <strong>d\u00e1m<\/strong>\u00a0p\u00f4sob\u00ed v\u00fdnimo\u010dne. V\u010faka starostlivo vybran\u00fdm materi\u00e1lom a dokonal\u00e9mu spracovaniu toto dielo vy\u017earuje <strong>luxus a jemnos\u0165.\u00a0 <\/strong>\u0160aty od Madelinefashion s\u00fa skvelou vo\u013ebou na svadby, plesy, Silvestra a in\u00e9 elegantn\u00e9 \u0161peci\u00e1lne udalosti. Dostupn\u00e9 na na\u0161om e-shope vo viacer\u00fdch farebn\u00fdch variantoch, tak nev\u00e1hajte a vyberte si t\u00fa, ktor\u00e1 je pre v\u00e1s ako stvoren\u00e1. Ak sa neviete rozhodn\u00fa\u0165 ak\u00fa farbu, <strong>ve\u013ekos\u0165<\/strong> je pre v\u00e1s to najlep\u0161ie <strong>kontaktuj n\u00e1s<\/strong> cez <a href=\"https:\/\/www.facebook.com\/madelinefashionbutik\" target=\"_blank\" rel=\"noopener\">Facebook<\/a> alebo <a href=\"https:\/\/madelinefashion.pl\/sk\/kontakt\/\">telef\u00f3n<\/a>. Ak ve\u013ekos\u0165 nie je na str\u00e1nke, kontaktujte n\u00e1s.<\/p>\n<h3 style=\"text-align: center;\">ROZMERY \u0161iat:<\/h3>\n<table width=\"556\">\n<tbody>\n<tr>\n<td><strong>VE\u013dKOS\u0164<\/strong><\/td>\n<td><strong>poprsia<\/strong><\/td>\n<td><strong>P\u00e1s<\/strong><\/td>\n<td><strong>Boky<\/strong><\/td>\n<\/tr>\n<tr>\n<td><strong>34<\/strong><\/td>\n<td>84-86<\/td>\n<td>64-68<\/td>\n<td>\u00a082-90<\/td>\n<\/tr>\n<tr>\n<td><strong>36<\/strong><\/td>\n<td>88-90<\/td>\n<td>68-72<\/td>\n<td>\u00a086-92<\/td>\n<\/tr>\n<tr>\n<td><strong>38<\/strong><\/td>\n<td>92-94<\/td>\n<td>72-76<\/td>\n<td>\u00a090-96<\/td>\n<\/tr>\n<tr>\n<td><strong>40<\/strong><\/td>\n<td>96-98<\/td>\n<td>76-80<\/td>\n<td>\u00a094-106<\/td>\n<\/tr>\n<tr>\n<td><strong>42<\/strong><\/td>\n<td>100-104<\/td>\n<td>80-84<\/td>\n<td>\u00a098-108<\/td>\n<\/tr>\n<tr>\n<td><strong>44<\/strong><\/td>\n<td>102-106<\/td>\n<td>84-88<\/td>\n<td>\u00a0102-112<\/td>\n<\/tr>\n<tr>\n<td><strong>46<\/strong><\/td>\n<td>106-110<\/td>\n<td>88-92<\/td>\n<td>106-118<\/td>\n<\/tr>\n<\/tbody>\n<\/table>\n<p>&nbsp;<\/p>\n<p style=\"text-align: center;\"><span style=\"font-size: 10pt;\">\u00a0 <\/span><\/p>\n<p style=\"text-align: center;\"><span style=\"font-size: 10pt;\">celkov\u00e1 d\u013a\u017eka cca 157 cm\u00a0<\/span><\/p>\n<p style=\"text-align: center;\"><span style=\"font-size: 10pt;\">\u0160aty s\u00fa dostupn\u00e9 aj v in\u00fdch farb\u00e1ch - odpor\u00fa\u010dame v\u00e1m zozn\u00e1mi\u0165 sa s na\u0161imi \u010fal\u0161\u00edmi produktmi.<\/span><\/p>\n<p style=\"text-align: center;\"><span style=\"font-size: 10pt;\">Rozmery sa m\u00f4\u017eu mierne l\u00ed\u0161i\u0165 od uveden\u00fdch +\/- 2cm.\u00a0<\/span><\/p>\n<p style=\"text-align: center;\"><span style=\"font-size: 10pt;\"><strong>\u00a0<\/strong>\u00a0<\/span><\/p>\n<table width=\"620\">\n<tbody>\n<tr>\n<td width=\"302\">Meno modela<\/td>\n<td width=\"302\">Priliehav\u00e9 \u0161aty Rosalinda<\/td>\n<\/tr>\n<tr>\n<td width=\"302\">Farba<\/td>\n<td width=\"302\">biely<\/td>\n<\/tr>\n<tr>\n<td width=\"302\">Marka<\/td>\n<td width=\"302\">Madelinefashion<\/td>\n<\/tr>\n<tr>\n<td width=\"302\">ve\u013ekosti<\/td>\n<td width=\"302\">36 38 40<\/td>\n<\/tr>\n<tr>\n<td width=\"302\">M\u00f3da<\/td>\n<td width=\"302\">Zhoda<\/td>\n<\/tr>\n<tr>\n<td width=\"302\">Materi\u00e1l<\/td>\n<td width=\"302\">Visk\u00f3za, polyester, bavlna<\/td>\n<\/tr>\n<tr>\n<td width=\"302\">D\u013a\u017eka<\/td>\n<td width=\"302\">Na zem<\/td>\n<\/tr>\n<\/tbody>\n<\/table>\n<p style=\"text-align: center;\" align=\"center\">Poz\u00fdvame v\u00e1s do n\u00e1\u0161ho sal\u00f3nu svadobn\u00fdch \u0161iat, ktor\u00fd sa nach\u00e1dza na ulici Moniuszki 2 v srdci Konstantyn\u00f3wa v Lod\u017eskom. V na\u0161om profesion\u00e1lnom sal\u00f3ne n\u00e1jdete \u0161irok\u00fd v\u00fdber svadobn\u00fdch \u0161iat, ktor\u00e9 splnia va\u0161e najtajnej\u0161ie sny o dokonalom dni. T\u00edm sk\u00fasen\u00fdch konzultantov v\u00e1m pom\u00f4\u017ee vybra\u0165 si perfektn\u00e9 \u0161aty, prisp\u00f4soben\u00e9 va\u0161im o\u010dak\u00e1vaniam a postave. Srde\u010dne v\u00e1s poz\u00fdvame na n\u00e1v\u0161tevu \u2013 presved\u010dte sa, ak\u00fd v\u00fdnimo\u010dn\u00fd m\u00f4\u017ee by\u0165 v\u00e1\u0161 de\u0148!<\/p>\n<p>Ka\u017ed\u00e9 \u0161aty sa daj\u00fa v pr\u00edpade potreby upravi\u0165 pod\u013ea va\u0161ej v\u00fd\u0161ky a v\u00fd\u0161ky podp\u00e4tku. Ak s\u00fa pr\u00edli\u0161 dlh\u00e9, m\u00f4\u017eete si ich skr\u00e1ti\u0165 alebo necha\u0165 kraj\u010d\u00edrku urobi\u0165 drobn\u00e9 \u00fapravy. Takto si m\u00f4\u017eete vybran\u00e9 \u0161aty jednoducho prisp\u00f4sobi\u0165 svojim mieram a c\u00edti\u0165 sa v nich dokonale pohodlne.<\/p>\n<p style=\"text-align: center;\" align=\"center\">Aby ste si vybrali\u00a0<strong>perfektn\u00e9 \u0161aty<\/strong>\u00a0kontaktujte n\u00e1s telefonicky alebo prostredn\u00edctvom na\u0161ej webovej str\u00e1nky <a href=\"https:\/\/www.facebook.com\/madelinefashionbutik\" target=\"_blank\" rel=\"noopener\">Facebook<\/a> .<br \/>\nN\u00e1\u0161 t\u00edm v\u00e1m pom\u00f4\u017ee\u00a0<strong>Vyberte si ten spr\u00e1vny<\/strong>\u00a0.\u00a0<strong>Ka\u017ed\u00e9 \u0161aty vieme presne zmera\u0165 na po\u017eiadanie kupuj\u00facej.\u00a0<\/strong><\/p>\n<div class=\"additional-details\" style=\"text-align: center;\">\n<p style=\"text-align: center;\"><span style=\"font-size: 10pt;\">\u00a0<\/span><\/p>\n<\/div>","protected":false},"excerpt":{"rendered":"<p>Sukienka Rozalinda Dopasowana Bia\u0142a \u00a0Zjawiskowa d\u0142uga, dopasowana sukienka z rozporkiem eksponuj\u0105cym nog\u0119. G\u00f3ra sukienki na jedno rami\u0119 zdobiona na ramieniu\u00a0 diamentowym wyko\u0144czeniem. Zapinana z ty\u0142u na zamek. Sukienka uszyta z lekko rozci\u0105gliwego materia\u0142u dzi\u0119ki czemu idealnie dopasowuje si\u0119 do cia\u0142a.\u00a0 Sukienka jest na jedno rami\u0119 z p\u0119kni\u0119ciem na dekolcie. Sukienka posiada z przodu wszyte miseczki,<\/p>\n<div class=\"klb-readmore post-buttons\"><a class=\"button black outline size-sm\" href=\"https:\/\/madelinefashion.pl\/sk\/sukienka-rozalinda-dopasowana-biala\/\">\u010c\u00edta\u0165 \u010falej <i class=\"klbth-icon-right-arrow\"><\/i><\/a><\/div>","protected":false},"featured_media":557340,"template":"","meta":[],"product_brand":[],"product_cat":[124,395,566,630],"product_tag":[257,219,163],"class_list":{"0":"post-557351","1":"product","2":"type-product","3":"status-publish","4":"has-post-thumbnail","6":"product_cat-sukienki-okolicznosciowe","7":"product_cat-nowosci","8":"product_cat-suknie-slubne","9":"product_cat-suknie-slubne-dopasowane","10":"product_tag-madelinefashion","11":"product_tag-sukienka-biala","12":"product_tag-sukienki-dlugie","14":"first","15":"instock","16":"purchasable","17":"product-type-variable"},"_links":{"self":[{"href":"https:\/\/madelinefashion.pl\/sk\/wp-json\/wp\/v2\/product\/557351","targetHints":{"allow":["GET"]}}],"collection":[{"href":"https:\/\/madelinefashion.pl\/sk\/wp-json\/wp\/v2\/product"}],"about":[{"href":"https:\/\/madelinefashion.pl\/sk\/wp-json\/wp\/v2\/types\/product"}],"wp:featuredmedia":[{"embeddable":true,"href":"https:\/\/madelinefashion.pl\/sk\/wp-json\/wp\/v2\/media\/557340"}],"wp:attachment":[{"href":"https:\/\/madelinefashion.pl\/sk\/wp-json\/wp\/v2\/media?parent=557351"}],"wp:term":[{"taxonomy":"product_brand","embeddable":true,"href":"https:\/\/madelinefashion.pl\/sk\/wp-json\/wp\/v2\/product_brand?post=557351"},{"taxonomy":"product_cat","embeddable":true,"href":"https:\/\/madelinefashion.pl\/sk\/wp-json\/wp\/v2\/product_cat?post=557351"},{"taxonomy":"product_tag","embeddable":true,"href":"https:\/\/madelinefashion.pl\/sk\/wp-json\/wp\/v2\/product_tag?post=557351"}],"curies":[{"name":"pracovn\u00fd list","href":"https:\/\/api.w.org\/{rel}","templated":true}]}}