{"id":557460,"date":"2025-02-05T16:59:27","date_gmt":"2025-02-05T15:59:27","guid":{"rendered":"https:\/\/madelinefashion.pl\/?post_type=product&#038;p=557460"},"modified":"2026-04-20T18:53:02","modified_gmt":"2026-04-20T16:53:02","slug":"suknia-maxi-slubna-piano","status":"publish","type":"product","link":"https:\/\/madelinefashion.pl\/sk\/suknia-maxi-slubna-piano\/","title":{"rendered":"Svadobn\u00e9 \u0161aty s klav\u00edrnym vzorom"},"content":{"rendered":"<h3 style=\"text-align: center;\">Svadobn\u00e9 \u0161aty s klav\u00edrnym vzorom<\/h3>\n<p style=\"text-align: center;\"><strong>Svadobn\u00e9 \u0161aty s vle\u010dkou<\/strong> Toto je n\u00e1vrh pre nevestu, ktor\u00e1 sn\u00edva o jedine\u010dnom \u0161t\u00fdle kombinuj\u00facom romantiku, \u013eahkos\u0165 a nad\u010dasov\u00fa eleganciu. Tento \u0161t\u00fdl pote\u0161\u00ed svojou jemnou, \u017eenskou formou a starostlivo prepracovan\u00fdmi detailmi, ktor\u00e9 cel\u00e9mu vzh\u013eadu dod\u00e1vaj\u00fa luxusn\u00fd charakter. Vrchn\u00e1 \u010das\u0165 \u0161iat je vyroben\u00e1 z jemnej \u010dipky a prieh\u013eadnej sie\u0165oviny, ktor\u00e9 kr\u00e1sne zv\u00fdraz\u0148uj\u00fa siluetu, zv\u00fdraz\u0148uj\u00fa dekolt a dod\u00e1vaj\u00fa vzh\u013eadu zmyselnos\u0165. Tenk\u00e9 ramienka dod\u00e1vaj\u00fa \u0161at\u00e1m \u013eahkos\u0165, zatia\u013e \u010do rafinovan\u00e9 ozdoby robia model neuverite\u013ene elegantn\u00fdm a v\u00fdrazn\u00fdm. Spodn\u00e1 \u010das\u0165 \u0161iat je vyroben\u00e1 z m\u00e4kk\u00e9ho, vzdu\u0161n\u00e9ho tylu, ktor\u00fd sa jemne spl\u00fdva s pohybom a dod\u00e1va cel\u00e9mu vzh\u013eadu romantick\u00fd vzh\u013ead. Dekorat\u00edvne \u010dipkovan\u00e9 aplik\u00e1cie umiestnen\u00e9 na sukni kr\u00e1sne dop\u013a\u0148aj\u00fa celok a vytv\u00e1raj\u00fa harmonick\u00fd a ve\u013emi \u017eensk\u00fd efekt. \u010eal\u0161ou v\u00fdhodou je... <strong data-start=\"951\" data-end=\"959\">vlak<\/strong>, \u010do zd\u00f4raz\u0148uje svadobn\u00fd charakter outfitu a v\u010faka \u010domu \u0161aty vyzeraj\u00fa fenomen\u00e1lne ako po\u010das obradu, tak aj na fotografi\u00e1ch. Je to perfektn\u00e9 <strong data-start=\"1107\" data-end=\"1143\">\u010cipkovan\u00e9 svadobn\u00e9 \u0161aty s vle\u010dkou<\/strong> pre \u017eeny, ktor\u00e9 chc\u00fa v tento najd\u00f4le\u017eitej\u0161\u00ed de\u0148 vyzera\u0165 elegantne, ne\u017ene a jedine\u010dne.<\/p>\n<p style=\"text-align: center;\"><strong>Tylov\u00e9 svadobn\u00e9 \u0161aty<\/strong> Je perfektn\u00fd na cirkevn\u00fa svadbu, ob\u010diansku svadbu, o\u010daruj\u00facu, romantick\u00fa, klasick\u00fa aj modern\u00fa svadbu. Tento dizajn kombinuje jemnos\u0165 a eleganciu, v\u010faka \u010domu je perfektn\u00fd pre \u017eeny, ktor\u00e9 h\u013eadaj\u00fa jedine\u010dn\u00fd, no z\u00e1rove\u0148 \u013eahk\u00fd a elegantn\u00fd outfit. Ak sn\u00edvate o \u0161t\u00fdle, ktor\u00fd zaujme detailmi, zv\u00fdrazn\u00ed p\u00e1s a dod\u00e1 siluete n\u00e1dych \u013eahkosti, tento outfit je pre v\u00e1s. <strong data-start=\"1667\" data-end=\"1704\">elegantn\u00e9 svadobn\u00e9 \u0161aty s \u010dipkou<\/strong> bude vynikaj\u00facou vo\u013ebou.<\/p>\n<p style=\"text-align: center;\">Tento model sa odpor\u00fa\u010da nevest\u00e1m, ktor\u00e9 h\u013eadaj\u00fa \u0161aty, ktor\u00e9 vynikaj\u00fa nielen kr\u00e1snym vzh\u013eadom, ale aj pohodl\u00edm. <strong data-start=\"1986\" data-end=\"2029\">Svadobn\u00e9 \u0161aty<\/strong> ktor\u00fd pri\u0165ahuje pozornos\u0165 svojou noblesou, romantick\u00fdm preveden\u00edm a nad\u010dasov\u00fdm \u0161t\u00fdlom. <strong>Madelinefashion\u00a0<\/strong> je vynikaj\u00facou vo\u013ebou na svadbu, ples, Silvestra a in\u00e9 elegantn\u00e9 \u0161peci\u00e1lne udalosti. Ak sa neviete rozhodn\u00fa\u0165, ktor\u00fd <strong>ve\u013ekos\u0165<\/strong> je pre v\u00e1s to najlep\u0161ie <strong>kontaktuj n\u00e1s<\/strong> cez <a href=\"https:\/\/www.facebook.com\/madelinefashionbutik\" target=\"_blank\" rel=\"noopener\">Facebook<\/a> alebo <a href=\"https:\/\/madelinefashion.pl\/sk\/kontakt\/\">telef\u00f3n<\/a>. Ak ve\u013ekos\u0165 nie je na str\u00e1nke, kontaktujte n\u00e1s.<\/p>\n<p>&nbsp;<\/p>\n<h3 style=\"text-align: center;\">ROZMERY \u0161iat:<\/h3>\n<p><img fetchpriority=\"high\" decoding=\"async\" class=\"size-medium wp-image-16801 aligncenter\" src=\"https:\/\/madelinefashion.pl\/wp-content\/uploads\/2021\/08\/wymiary-suknia-300x194.png\" alt=\"\" width=\"300\" height=\"194\" title=\"\"><\/p>\n<table width=\"556\">\n<tbody>\n<tr>\n<td><strong>VE\u013dKOS\u0164<\/strong><\/td>\n<td><strong>poprsia<\/strong><\/td>\n<td><strong>P\u00e1s<\/strong><\/td>\n<td><strong>Boky<\/strong><\/td>\n<\/tr>\n<tr>\n<td><strong>34<\/strong><\/td>\n<td>84-86<\/td>\n<td>64<\/td>\n<td>\u00a0ak\u00fdko\u013evek<\/td>\n<\/tr>\n<tr>\n<td><strong>36<\/strong><\/td>\n<td>88-90<\/td>\n<td>68<\/td>\n<td>\u00a0ak\u00fdko\u013evek<\/td>\n<\/tr>\n<tr>\n<td><strong>38<\/strong><\/td>\n<td>\u00a092-94<\/td>\n<td>72<\/td>\n<td>\u00a0ak\u00fdko\u013evek<\/td>\n<\/tr>\n<tr>\n<td><strong>40<\/strong><\/td>\n<td>96-98<\/td>\n<td>76<\/td>\n<td>\u00a0ak\u00fdko\u013evek<\/td>\n<\/tr>\n<\/tbody>\n<\/table>\n<p style=\"text-align: center;\"><span style=\"font-size: 10pt;\"><span style=\"font-size: 10pt;\">\u0160aty dostupn\u00e9 aj v <\/span><strong style=\"font-size: 10pt;\">in\u00e9 farebn\u00e9 varianty<\/strong><span style=\"font-size: 10pt;\"> \u2013 odpor\u00fa\u010dame v\u00e1m zozn\u00e1mi\u0165 sa s na\u0161imi \u010fal\u0161\u00edmi produktmi.\u00a0<\/span>celkov\u00e1 d\u013a\u017eka cca 157 cm\u00a0\u00a0<\/span><\/p>\n<p style=\"text-align: center;\"><span style=\"font-size: 10pt;\">Rozmery sa m\u00f4\u017eu mierne l\u00ed\u0161i\u0165 od uveden\u00fdch +\/- 2cm.\u00a0<\/span><\/p>\n<p style=\"text-align: center;\"><span style=\"font-size: 10pt;\"><strong>\u00a0<\/strong>\u00a0<\/span><\/p>\n<table width=\"618\">\n<tbody>\n<tr>\n<td width=\"302\">Meno modela<\/td>\n<td width=\"302\">Svadobn\u00e9 \u0161aty s klav\u00edrnym vzorom<\/td>\n<\/tr>\n<tr>\n<td width=\"302\">Farba<\/td>\n<td width=\"302\">biely<\/td>\n<\/tr>\n<tr>\n<td width=\"302\">Marka<\/td>\n<td width=\"302\">Madelinefashion<\/td>\n<\/tr>\n<tr>\n<td width=\"302\">ve\u013ekosti<\/td>\n<td width=\"302\">34 36 38<\/td>\n<\/tr>\n<tr>\n<td width=\"302\">M\u00f3da<\/td>\n<td width=\"302\">Zhoda<\/td>\n<\/tr>\n<tr>\n<td width=\"302\">Materi\u00e1l<\/td>\n<td width=\"302\">Visk\u00f3za, Polyester<\/td>\n<\/tr>\n<tr>\n<td width=\"302\">D\u013a\u017eka<\/td>\n<td width=\"302\">Na zem<\/td>\n<\/tr>\n<\/tbody>\n<\/table>\n<p style=\"text-align: center;\" align=\"center\">Vitajte v na\u0161om<strong> sal\u00f3n svadobn\u00fdch \u0161iat<\/strong>, ktor\u00e1 sa nach\u00e1dza na ul. <strong>Moniuszki 2 v srdci mesta Konstantyn\u00f3w \u0141\u00f3dzki<\/strong>. V na\u0161om profesion\u00e1lnom sal\u00f3ne n\u00e1jdete \u0161irok\u00fd v\u00fdber svadobn\u00fdch \u0161iat, ktor\u00e9 splnia va\u0161e najtajnej\u0161ie sny o dokonalom dni. T\u00edm sk\u00fasen\u00fdch konzultantov v\u00e1m pom\u00f4\u017ee vybra\u0165 si perfektn\u00e9 \u0161aty, prisp\u00f4soben\u00e9 va\u0161im o\u010dak\u00e1vaniam a postave. Srde\u010dne v\u00e1s poz\u00fdvame nav\u0161t\u00edvi\u0165 n\u00e1s a presved\u010di\u0165 sa, ak\u00fd v\u00fdnimo\u010dn\u00fd m\u00f4\u017ee by\u0165 v\u00e1\u0161 de\u0148!<\/p>\n<p style=\"text-align: center;\">Ka\u017ed\u00e9 \u0161aty sa daj\u00fa v pr\u00edpade potreby upravi\u0165 pod\u013ea va\u0161ej v\u00fd\u0161ky a v\u00fd\u0161ky podp\u00e4tku. Ak s\u00fa pr\u00edli\u0161 dlh\u00e9, m\u00f4\u017eete si ich skr\u00e1ti\u0165 alebo necha\u0165 kraj\u010d\u00edrku urobi\u0165 drobn\u00e9 \u00fapravy. Takto si m\u00f4\u017eete vybran\u00e9 \u0161aty jednoducho prisp\u00f4sobi\u0165 svojim mieram a c\u00edti\u0165 sa v nich dokonale pohodlne.<\/p>\n<p style=\"text-align: center;\" align=\"center\">Aby ste si vybrali\u00a0<strong>perfektn\u00e9 \u0161aty<\/strong>\u00a0kontaktujte n\u00e1s telefonicky alebo prostredn\u00edctvom na\u0161ej webovej str\u00e1nky <a href=\"https:\/\/www.facebook.com\/madelinefashionbutik\" target=\"_blank\" rel=\"noopener\">Facebook<\/a> .<br \/>\nN\u00e1\u0161 t\u00edm v\u00e1m pom\u00f4\u017ee\u00a0<strong>Vyberte si ten spr\u00e1vny<\/strong>\u00a0.\u00a0<strong>Ka\u017ed\u00e9 \u0161aty vieme presne zmera\u0165 na po\u017eiadanie kupuj\u00facej.\u00a0<\/strong><\/p>\n<div class=\"additional-details\" style=\"text-align: center;\">\n<p style=\"text-align: center;\"><span style=\"font-size: 10pt;\">\u00a0<\/span><\/p>\n<\/div>","protected":false},"excerpt":{"rendered":"<p>Suknia Maxi \u015alubna Piano Suknia \u015blubna z trenem to propozycja dla Panny M\u0142odej, kt\u00f3ra marzy o wyj\u0105tkowej stylizacji \u0142\u0105cz\u0105cej romantyzm, lekko\u015b\u0107 i ponadczasow\u0105 elegancj\u0119. Ten model zachwyca subteln\u0105, kobiec\u0105 form\u0105 oraz starannie dopracowanymi detalami, kt\u00f3re nadaj\u0105 ca\u0142o\u015bci luksusowego charakteru. G\u00f3ra sukni zosta\u0142a wykonana z delikatnej koronki i transparentnej siateczki, dzi\u0119ki czemu pi\u0119knie podkre\u015bla sylwetk\u0119, eksponuje<\/p>\n<div class=\"klb-readmore post-buttons\"><a class=\"button black outline size-sm\" href=\"https:\/\/madelinefashion.pl\/sk\/suknia-maxi-slubna-piano\/\">\u010c\u00edta\u0165 \u010falej <i class=\"klbth-icon-right-arrow\"><\/i><\/a><\/div>","protected":false},"featured_media":599268,"template":"","meta":[],"product_brand":[],"product_cat":[124,395,563,561,566,631],"product_tag":[257,219,163],"class_list":{"0":"post-557460","1":"product","2":"type-product","3":"status-publish","4":"has-post-thumbnail","6":"product_cat-sukienki-okolicznosciowe","7":"product_cat-nowosci","8":"product_cat-sukienki-gorsetowe","9":"product_cat-sukienki-tiulowe","10":"product_cat-suknie-slubne","11":"product_cat-suknie-slubne-tiulowe","12":"product_tag-madelinefashion","13":"product_tag-sukienka-biala","14":"product_tag-sukienki-dlugie","16":"first","17":"instock","18":"purchasable","19":"product-type-variable"},"_links":{"self":[{"href":"https:\/\/madelinefashion.pl\/sk\/wp-json\/wp\/v2\/product\/557460","targetHints":{"allow":["GET"]}}],"collection":[{"href":"https:\/\/madelinefashion.pl\/sk\/wp-json\/wp\/v2\/product"}],"about":[{"href":"https:\/\/madelinefashion.pl\/sk\/wp-json\/wp\/v2\/types\/product"}],"wp:featuredmedia":[{"embeddable":true,"href":"https:\/\/madelinefashion.pl\/sk\/wp-json\/wp\/v2\/media\/599268"}],"wp:attachment":[{"href":"https:\/\/madelinefashion.pl\/sk\/wp-json\/wp\/v2\/media?parent=557460"}],"wp:term":[{"taxonomy":"product_brand","embeddable":true,"href":"https:\/\/madelinefashion.pl\/sk\/wp-json\/wp\/v2\/product_brand?post=557460"},{"taxonomy":"product_cat","embeddable":true,"href":"https:\/\/madelinefashion.pl\/sk\/wp-json\/wp\/v2\/product_cat?post=557460"},{"taxonomy":"product_tag","embeddable":true,"href":"https:\/\/madelinefashion.pl\/sk\/wp-json\/wp\/v2\/product_tag?post=557460"}],"curies":[{"name":"pracovn\u00fd list","href":"https:\/\/api.w.org\/{rel}","templated":true}]}}