{"id":558164,"date":"2025-02-12T15:59:10","date_gmt":"2025-02-12T14:59:10","guid":{"rendered":"https:\/\/madelinefashion.pl\/?post_type=product&#038;p=558164"},"modified":"2026-03-05T15:56:29","modified_gmt":"2026-03-05T14:56:29","slug":"spodnie-eleganckie-z-wysokim-stanem-bezowe","status":"publish","type":"product","link":"https:\/\/madelinefashion.pl\/sk\/spodnie-eleganckie-z-wysokim-stanem-bezowe\/","title":{"rendered":"Elegantn\u00e9 b\u00e9\u017eov\u00e9 nohavice s vysok\u00fdm p\u00e1som"},"content":{"rendered":"<h3 style=\"text-align: center;\">Elegantn\u00e9 b\u00e9\u017eov\u00e9 nohavice s vysok\u00fdm p\u00e1som<\/h3>\n<p style=\"text-align: center;\">Tieto nohavice s\u00fa ide\u00e1lne na ka\u017edodenn\u00e9 nosenie, \u010di u\u017e do pr\u00e1ce alebo na stretnutie s priate\u013emi. Vyzeraj\u00fa skvele s lodi\u010dkami alebo teniskami. <strong>Nohavice s vysok\u00fdm p\u00e1som<\/strong> Kr\u00e1sne tvaruj\u00fa p\u00e1s a vytv\u00e1raj\u00fa \u00fa\u017easn\u00fd efekt! <strong>\u00a0Vysok\u00e1 kvalita, <\/strong>elastick\u00e1 riflovina perfektne sed\u00ed na postave. Toto je z\u00e1klad pre n\u00e1s\u00a0<a href=\"https:\/\/madelinefashion.pl\/sk\/bluzki-2\/\">bl\u00fazky<\/a>\u00a0a\u00a0<a href=\"https:\/\/madelinefashion.pl\/sk\/bluzki-2\/koszule\/\">ko\u0161ele<\/a>\u00a0a\u00a0<a href=\"https:\/\/madelinefashion.pl\/sk\/body\/\">body\u010dko<\/a>.Odpor\u00fa\u010dame\u00a0\u00a0<b>presne tak\u00a0<\/b><strong>mera\u0165<\/strong>\u00a0pod\u013ea tabu\u013eky rozmerov ni\u017e\u0161ie. Dopl\u0148te svoj \u0161atn\u00edk o tento model nohav\u00edc z\u00a0<strong><a href=\"https:\/\/madelinefashion.pl\/sk\/\">Madelinefashion<\/a>\u00a0.\u00a0<\/strong>V inform\u00e1ci\u00e1ch po k\u00fape m\u00f4\u017eete uvies\u0165 aj va\u0161e rozmery - vyberieme pre v\u00e1s ten ide\u00e1lny. Nohavice dostupn\u00e9 v\u00a0<strong>dve farebn\u00e9 varianty<\/strong>. Uveden\u00e9 rozmery s\u00fa v plochom stave!<\/p>\n<h3 style=\"text-align: center;\">Rozmery nohav\u00edc:<\/h3>\n<p>&nbsp;<\/p>\n<p style=\"text-align: center;\"><strong>VE\u013dKOS\u0164 M 36<\/strong><\/p>\n<ul style=\"text-align: center;\">\n<li>Celkov\u00e1 d\u013a\u017eka: 120 cm<\/li>\n<li>Vn\u00fatorn\u00e1 d\u013a\u017eka nohav\u00edc: 70 cm<\/li>\n<li>\u0160\u00edrka v p\u00e1se: 35-38 cm<\/li>\n<li>P\u00e1s: 39 cm<\/li>\n<\/ul>\n<p>&nbsp;<\/p>\n<p style=\"text-align: center;\"><strong>VE\u013dKOS\u0164 M 38\u00a0<\/strong><\/p>\n<ul style=\"text-align: center;\">\n<li>Celkov\u00e1 d\u013a\u017eka: 120 cm<\/li>\n<li>Vn\u00fatorn\u00e1 d\u013a\u017eka nohav\u00edc: 70 cm<\/li>\n<li>\u0160\u00edrka v p\u00e1se: 36-40 cm<\/li>\n<li>P\u00e1s: 39 cm<\/li>\n<\/ul>\n<p style=\"text-align: center;\"><strong>VE\u013dKOS\u0164 M 38\u00a0<\/strong><\/p>\n<ul style=\"text-align: center;\">\n<li>Celkov\u00e1 d\u013a\u017eka: 120 cm<\/li>\n<li>Vn\u00fatorn\u00e1 d\u013a\u017eka nohav\u00edc: 70 cm<\/li>\n<li>\u0160\u00edrka v p\u00e1se: 38-42 cm<\/li>\n<li>P\u00e1s: 39 cm<\/li>\n<\/ul>\n<p style=\"text-align: center;\"><strong>VE\u013dKOS\u0164 L 40\u00a0<\/strong><\/p>\n<ul style=\"text-align: center;\">\n<li>Celkov\u00e1 d\u013a\u017eka: 120 cm<\/li>\n<li>Vn\u00fatorn\u00e1 d\u013a\u017eka nohav\u00edc: 72 cm<\/li>\n<li>\u0160\u00edrka p\u00e1su: 40-42 cm<\/li>\n<li>V\u00fd\u0161ka: 40 cm<\/li>\n<\/ul>\n<p style=\"text-align: center;\">Rozmery sa m\u00f4\u017eu l\u00ed\u0161i\u0165 od uveden\u00fdch +\/- 2cm. V\u0161etky uveden\u00e9 rozmery s\u00fa meran\u00e9 plo\u0161ne.\u00a0<strong>rozmer x2<\/strong><\/p>\n<p style=\"text-align: center;\">zlo\u017eenie: 57% polyester, 38% visk\u00f3za, 5% elastan, 5%elastan<\/p>\n<p style=\"text-align: center;\">\u00a0Model m\u00e1\u00a0<strong>165<\/strong>\u00a0cm vysok\u00fd, nos\u00ed ve\u013ekos\u0165 ka\u017ed\u00fd de\u0148\u00a0<strong>S<\/strong><\/p>\n<p style=\"text-align: center;\">","protected":false},"excerpt":{"rendered":"<p>Spodnie Eleganckie Z Wysokim Stanem Be\u017cowe Spodnie idealnie sprawdz\u0105 si\u0119 na co dzie\u0144, do pracy, ale te\u017c na spotkanie ze znajomymi. Idealnie prezentuj\u0105 si\u0119 ze szpilkami czy trampkami. Spodnie z wy\u017cszym stanem pi\u0119knie modeluj\u0105 tali\u0119 daj\u0105c niesamowity efekt! \u00a0Wysokiej jako\u015bci, elastyczny jeans \u015bwietnie dopasowuje si\u0119 do sylwetki. Jest to baza do naszych\u00a0bluzek\u00a0i\u00a0koszul\u00a0oraz\u00a0body.\u00a0 Zalecamy\u00a0\u00a0dok\u0142adnie\u00a0zmierzy\u0107\u00a0zgodnie z Tabela<\/p>\n<div class=\"klb-readmore post-buttons\"><a class=\"button black outline size-sm\" href=\"https:\/\/madelinefashion.pl\/sk\/spodnie-eleganckie-z-wysokim-stanem-bezowe\/\">\u010c\u00edta\u0165 \u010falej <i class=\"klbth-icon-right-arrow\"><\/i><\/a><\/div>","protected":false},"featured_media":595662,"template":"","meta":[],"product_brand":[],"product_cat":[83,395],"product_tag":[475],"class_list":{"0":"post-558164","1":"product","2":"type-product","3":"status-publish","4":"has-post-thumbnail","6":"product_cat-spodnie","7":"product_cat-nowosci","8":"product_tag-spodnie-dlugie","9":"pa_rozmiar-s","10":"pa_rozmiar-m","11":"pa_rozmiar-l-40","13":"first","14":"instock","15":"product-type-variable"},"_links":{"self":[{"href":"https:\/\/madelinefashion.pl\/sk\/wp-json\/wp\/v2\/product\/558164","targetHints":{"allow":["GET"]}}],"collection":[{"href":"https:\/\/madelinefashion.pl\/sk\/wp-json\/wp\/v2\/product"}],"about":[{"href":"https:\/\/madelinefashion.pl\/sk\/wp-json\/wp\/v2\/types\/product"}],"wp:featuredmedia":[{"embeddable":true,"href":"https:\/\/madelinefashion.pl\/sk\/wp-json\/wp\/v2\/media\/595662"}],"wp:attachment":[{"href":"https:\/\/madelinefashion.pl\/sk\/wp-json\/wp\/v2\/media?parent=558164"}],"wp:term":[{"taxonomy":"product_brand","embeddable":true,"href":"https:\/\/madelinefashion.pl\/sk\/wp-json\/wp\/v2\/product_brand?post=558164"},{"taxonomy":"product_cat","embeddable":true,"href":"https:\/\/madelinefashion.pl\/sk\/wp-json\/wp\/v2\/product_cat?post=558164"},{"taxonomy":"product_tag","embeddable":true,"href":"https:\/\/madelinefashion.pl\/sk\/wp-json\/wp\/v2\/product_tag?post=558164"}],"curies":[{"name":"pracovn\u00fd list","href":"https:\/\/api.w.org\/{rel}","templated":true}]}}