{"id":558186,"date":"2025-02-12T16:10:36","date_gmt":"2025-02-12T15:10:36","guid":{"rendered":"https:\/\/madelinefashion.pl\/?post_type=product&#038;p=558186"},"modified":"2026-01-20T10:33:06","modified_gmt":"2026-01-20T09:33:06","slug":"bluza-dzianinowa-oversize-kwiat","status":"publish","type":"product","link":"https:\/\/madelinefashion.pl\/sk\/bluza-dzianinowa-oversize-kwiat\/","title":{"rendered":"\u010cierna pleten\u00e1 mikina s kvetinov\u00fdm vzorom"},"content":{"rendered":"<h3 style=\"text-align: center;\">\u010cierna pleten\u00e1 mikina s kvetinov\u00fdm vzorom<\/h3>\n<p style=\"text-align: center;\">H\u013ead\u00e1te pohodln\u00e9 a <strong>\u0161t\u00fdlov\u00e9 mikiny<\/strong>Na\u0161a mikina je ide\u00e1lna na ka\u017ed\u00e9 ro\u010dn\u00e9 obdobie. Na prednej strane je ozdobn\u00e1 kvetinov\u00e1 potla\u010d.<b>.<\/b> Vyroben\u00e9 z pr\u00edjemn\u00e9ho a \u013eahk\u00e9ho materi\u00e1lu. Klasick\u00fd strih sa bude hodi\u0165 do \u0161koly, pr\u00e1ce alebo na ka\u017edodenn\u00e9 vych\u00e1dzky. <strong>Nadrozmern\u00e1 mikina s ozdobn\u00fdm pre\u0161\u00edvan\u00edm. Dostupn\u00e9 v troch v\u0161estrann\u00fdch farb\u00e1ch.<\/strong><\/p>\n<h3 style=\"text-align: center;\">\u00a0 \u00a0 \u00a0 \u00a0Rozmery<\/h3>\n<ul style=\"text-align: center;\">\n<li style=\"list-style-type: none;\">\n<ul>\n<li>celkov\u00e1 d\u013a\u017eka: 60 cm<\/li>\n<li>\u00a0\u00a0\u00a0\u00a0\u00a0\u00a0\u00a0 \u0161\u00edrka od pazuchy k pazuche: 64-70 cm<\/li>\n<li>\u00a0\u00a0\u00a0\u00a0\u00a0\u00a0\u00a0 d\u013a\u017eka ruk\u00e1va od ramena: 60 cm<\/li>\n<li>\u00a0\u00a0\u00a0\u00a0\u00a0\u00a0\u00a0 d\u013a\u017eka ruk\u00e1va od podpazu\u0161ia: 45 cm<\/li>\n<li><\/li>\n<\/ul>\n<\/li>\n<\/ul>\n<table>\n<tbody>\n<tr>\n<td width=\"302\">n\u00e1zov<\/td>\n<td width=\"302\">Pleten\u00e1 mikina s kvetinov\u00fdm vzorom<\/td>\n<\/tr>\n<tr>\n<td width=\"302\">Farba<\/td>\n<td width=\"302\">\u010dierna<\/td>\n<\/tr>\n<tr>\n<td width=\"302\">ve\u013ekosti<\/td>\n<td width=\"302\">Univerz\u00e1lny<\/td>\n<\/tr>\n<tr>\n<td width=\"302\">M\u00f3da<\/td>\n<td width=\"302\">nadrozmern\u00e9<\/td>\n<\/tr>\n<tr>\n<td width=\"302\">Materi\u00e1l<\/td>\n<td width=\"302\">56 % Polyester, 42% Visk\u00f3za<\/td>\n<\/tr>\n<\/tbody>\n<\/table>\n<p>&nbsp;<\/p>\n<div class=\"tabs tabs-bb clear mb-80\">\n<div class=\"tab-content\">\n<div id=\"tab-description\" class=\"tab-pane fade in woocommerce-Tabs-panel--description active\">\n<p style=\"text-align: center;\">Model m\u00e1\u00a0<strong>169<\/strong>\u00a0cm vysok\u00fd, nos\u00ed ve\u013ekos\u0165 ka\u017ed\u00fd de\u0148\u00a0<strong>S<\/strong><\/p>\n<p style=\"text-align: center;\">\u0160\u00edrka cez prsia 92 cm<\/p>\n<p style=\"text-align: center;\">\u0160\u00edrka v p\u00e1se 62 cm<\/p>\n<p style=\"text-align: center;\">\u0160\u00edrka v bokoch 94 cm<\/p>\n<\/div>\n<\/div>\n<\/div>","protected":false},"excerpt":{"rendered":"<p>Bluza Dzianinowa Oversize Kwiat Czarna Szukasz wygodnej i stylowej Bluzy? Nasz bluza sprawdzi si\u0119 idealnie na ka\u017cd\u0105 por\u0119 roku. Bluza na przodzie posiada ozdobny nadruk kwiatu. Wykonana z przyjemnego i lekkiego materia\u0142u. Klasyczny fason b\u0119dzie idealny do szko\u0142y, pracy czy te\u017c codzienne wyj\u015bcie. Bluza o fasonie oversize z dekoracyjnymi przeszyciami. Dost\u0119pna w trzech uniwersalnych kolorach.<\/p>\n<div class=\"klb-readmore post-buttons\"><a class=\"button black outline size-sm\" href=\"https:\/\/madelinefashion.pl\/sk\/bluza-dzianinowa-oversize-kwiat\/\">\u010c\u00edta\u0165 \u010falej <i class=\"klbth-icon-right-arrow\"><\/i><\/a><\/div>","protected":false},"featured_media":559398,"template":"","meta":[],"product_brand":[],"product_cat":[255,395],"product_tag":[],"class_list":{"0":"post-558186","1":"product","2":"type-product","3":"status-publish","4":"has-post-thumbnail","6":"product_cat-bluzy","7":"product_cat-nowosci","8":"pa_rozmiar-l","9":"pa_rozmiar-xl","10":"pa_rozmiar-m","12":"first","13":"instock","14":"sale","15":"purchasable","16":"product-type-simple"},"_links":{"self":[{"href":"https:\/\/madelinefashion.pl\/sk\/wp-json\/wp\/v2\/product\/558186","targetHints":{"allow":["GET"]}}],"collection":[{"href":"https:\/\/madelinefashion.pl\/sk\/wp-json\/wp\/v2\/product"}],"about":[{"href":"https:\/\/madelinefashion.pl\/sk\/wp-json\/wp\/v2\/types\/product"}],"wp:featuredmedia":[{"embeddable":true,"href":"https:\/\/madelinefashion.pl\/sk\/wp-json\/wp\/v2\/media\/559398"}],"wp:attachment":[{"href":"https:\/\/madelinefashion.pl\/sk\/wp-json\/wp\/v2\/media?parent=558186"}],"wp:term":[{"taxonomy":"product_brand","embeddable":true,"href":"https:\/\/madelinefashion.pl\/sk\/wp-json\/wp\/v2\/product_brand?post=558186"},{"taxonomy":"product_cat","embeddable":true,"href":"https:\/\/madelinefashion.pl\/sk\/wp-json\/wp\/v2\/product_cat?post=558186"},{"taxonomy":"product_tag","embeddable":true,"href":"https:\/\/madelinefashion.pl\/sk\/wp-json\/wp\/v2\/product_tag?post=558186"}],"curies":[{"name":"pracovn\u00fd list","href":"https:\/\/api.w.org\/{rel}","templated":true}]}}