{"id":558290,"date":"2025-02-13T15:18:14","date_gmt":"2025-02-13T14:18:14","guid":{"rendered":"https:\/\/madelinefashion.pl\/?post_type=product&#038;p=558290"},"modified":"2026-03-27T14:41:07","modified_gmt":"2026-03-27T13:41:07","slug":"marynarka-bezowa-krotka-z-krysztalkami","status":"publish","type":"product","link":"https:\/\/madelinefashion.pl\/sk\/marynarka-bezowa-krotka-z-krysztalkami\/","title":{"rendered":"Kr\u00e1tka b\u00e9\u017eov\u00e1 bunda s kry\u0161t\u00e1lmi"},"content":{"rendered":"<h3 style=\"text-align: center;\">Marynarka Be\u017cowa Kr\u00f3tka<\/h3>\n<p style=\"text-align: center;\"><strong>Bolero <\/strong>je klasick\u00fd model odpor\u00fa\u010dan\u00fd ako doplnok k stylingu. Hrub\u0161\u00ed materi\u00e1l, ve\u013emi elegantn\u00fd. S pod\u0161\u00edvkou. Bolerko m\u00e1 v\u0161it\u00e9 vypch\u00e1vky na ramen\u00e1ch. Vysoko kvalitn\u00fd materi\u00e1l. <strong>Klasick\u00e9 bolerko<\/strong> v tv\u00e1ri a m\u00f3dnom odtieni<strong>\u00a0<\/strong>mus\u00ed n\u00e1js\u0165 miesto vo va\u0161om \u0161atn\u00edku - najm\u00e4 ak h\u013ead\u00e1te spestrenie minimalistick\u00fdch setov.<br \/>\n<strong>Vysoko kvalitn\u00fd materi\u00e1l<\/strong>Materi\u00e1l, z ktor\u00e9ho je bunda vyroben\u00e1, zaru\u010duje trvanlivos\u0165 produktu a je vhodn\u00e1 na mnoho sez\u00f3n. Spojte ich s <strong>elegantn\u00e9 nohavice<\/strong> cigarky alebo ceruzkov\u00e1 suk\u0148a. M\u00f4\u017eete si pre \u0148u vybra\u0165 <strong>nohavice v rovnakom odtieni vytv\u00e1raj\u00face \u0161t\u00fdlov\u00fd oblek<\/strong>. Ide\u00e1lne pre <a href=\"https:\/\/madelinefashion.pl\/sk\/sukienki-i-kombinezony\/sukienki-okolicznosciowe\/\">pr\u00edle\u017eitostn\u00e9 \u0161aty<\/a> alebo<a href=\"https:\/\/madelinefashion.pl\/sk\/product-tag\/sukienka-biala\/\"> svadobn\u00e9 \u0161aty<\/a>. Ide\u00e1lny model na mnoh\u00e9 pr\u00edle\u017eitosti a <strong>pre pr\u00e1cu<\/strong>. Nad\u010dasov\u00fd model, bude v\u00e1m sl\u00fa\u017ei\u0165 dlh\u00e9 roky a vyu\u017eijete ho na r\u00f4zne sp\u00f4soby a pr\u00edle\u017eitosti. Dostupn\u00e9 v mnoh\u00fdch farebn\u00fdch variantoch.<\/p>\n<p>&nbsp;<\/p>\n<h5 style=\"text-align: center;\">Rozmery:<\/h5>\n<p style=\"text-align: center;\">D\u0142ugo\u015b\u0107 ca\u0142kowita &#8211; 45 cm<\/p>\n<p style=\"text-align: center;\">D\u0142ugo\u015b\u0107 od ramienia &#8211; 47 cm<\/p>\n<p style=\"text-align: center;\">d\u0142ugo\u015b\u0107 od pachy &#8211; 33 cm<\/p>\n<p style=\"text-align: center;\">Rozmery sa m\u00f4\u017eu l\u00ed\u0161i\u0165 od uveden\u00fdch +\/- 2cm. V\u0161etky uveden\u00e9 rozmery s\u00fa meran\u00e9 plo\u0161ne. Rozmer <strong>x2<\/strong><\/p>\n<p>&nbsp;<\/p>\n<h3 style=\"text-align: center;\">Charakteristika:<strong><br \/>\n<\/strong><\/h3>\n<ul>\n<li style=\"text-align: center;\">s krat\u0161\u00edm strihom<\/li>\n<li style=\"text-align: center;\">bez zap\u00ednania<\/li>\n<li style=\"text-align: center;\">s pod\u0161\u00edvkou<\/li>\n<li style=\"text-align: center;\">Po\u013esk\u00fd v\u00fdrobok<\/li>\n<\/ul>\n<p style=\"text-align: center;\"><strong>\u00a0<\/strong><\/p>\n<table>\n<tbody>\n<tr>\n<td width=\"302\">Meno modela<\/td>\n<td width=\"302\">Ko\u017een\u00e9 bolerko<\/td>\n<\/tr>\n<tr>\n<td width=\"302\">Farba<\/td>\n<td width=\"302\">B\u00e9\u017eov\u00e1<\/td>\n<\/tr>\n<tr>\n<td width=\"302\">ve\u013ekosti<\/td>\n<td width=\"302\">Univerz\u00e1lny<\/td>\n<\/tr>\n<tr>\n<td width=\"302\">M\u00f3da<\/td>\n<td width=\"302\">Elegantn\u00fd<\/td>\n<\/tr>\n<tr>\n<td width=\"302\">Materi\u00e1l<\/td>\n<td width=\"302\">Polyester 100%<\/td>\n<\/tr>\n<\/tbody>\n<\/table>\n<p style=\"text-align: center;\">","protected":false},"excerpt":{"rendered":"<p>Marynarka Be\u017cowa Kr\u00f3tka Bolerko to klasyczny model\u00a0 polecany jako dope\u0142nienie stylizacji. Materia\u0142 grubszy, bardzo elegancki. Z podszewk\u0105. Bolerko posiada wszyte poduszki na ramionach. Wysoka jako\u015b\u0107 materia\u0142u. Klasyczne bolerko w twarzowym i modnym odcieniu\u00a0musi znale\u017a\u0107 miejsce w Twojej garderobie \u2013 szczeg\u00f3lnie je\u015bli poszukujesz urozmaicenia minimalistycznych zestaw\u00f3w. Wysoka jako\u015b\u0107 materia\u0142u, z kt\u00f3rego wykonana jest marynarka gwarantuje trwa\u0142o\u015b\u0107<\/p>\n<div class=\"klb-readmore post-buttons\"><a class=\"button black outline size-sm\" href=\"https:\/\/madelinefashion.pl\/sk\/marynarka-bezowa-krotka-z-krysztalkami\/\">\u010c\u00edta\u0165 \u010falej <i class=\"klbth-icon-right-arrow\"><\/i><\/a><\/div>","protected":false},"featured_media":559512,"template":"","meta":[],"product_brand":[],"product_cat":[95,116,395],"product_tag":[],"class_list":{"0":"post-558290","1":"product","2":"type-product","3":"status-publish","4":"has-post-thumbnail","6":"product_cat-marynarki-i-zakiety","7":"product_cat-bolerka","8":"product_cat-nowosci","9":"pa_rozmiar-xxxxl-48","10":"pa_rozmiar-xs-34","11":"pa_rozmiar-s-36","12":"pa_rozmiar-m-38","13":"pa_rozmiar-l-40","14":"pa_rozmiar-xl-42","15":"pa_rozmiar-xxl-44","16":"pa_rozmiar-xxxl-46","17":"pa_rozmiar-438","18":"pa_rozmiar-439","20":"first","21":"instock","22":"purchasable","23":"product-type-simple"},"_links":{"self":[{"href":"https:\/\/madelinefashion.pl\/sk\/wp-json\/wp\/v2\/product\/558290","targetHints":{"allow":["GET"]}}],"collection":[{"href":"https:\/\/madelinefashion.pl\/sk\/wp-json\/wp\/v2\/product"}],"about":[{"href":"https:\/\/madelinefashion.pl\/sk\/wp-json\/wp\/v2\/types\/product"}],"wp:featuredmedia":[{"embeddable":true,"href":"https:\/\/madelinefashion.pl\/sk\/wp-json\/wp\/v2\/media\/559512"}],"wp:attachment":[{"href":"https:\/\/madelinefashion.pl\/sk\/wp-json\/wp\/v2\/media?parent=558290"}],"wp:term":[{"taxonomy":"product_brand","embeddable":true,"href":"https:\/\/madelinefashion.pl\/sk\/wp-json\/wp\/v2\/product_brand?post=558290"},{"taxonomy":"product_cat","embeddable":true,"href":"https:\/\/madelinefashion.pl\/sk\/wp-json\/wp\/v2\/product_cat?post=558290"},{"taxonomy":"product_tag","embeddable":true,"href":"https:\/\/madelinefashion.pl\/sk\/wp-json\/wp\/v2\/product_tag?post=558290"}],"curies":[{"name":"pracovn\u00fd list","href":"https:\/\/api.w.org\/{rel}","templated":true}]}}