{"id":558393,"date":"2025-02-14T16:01:10","date_gmt":"2025-02-14T15:01:10","guid":{"rendered":"https:\/\/madelinefashion.pl\/?post_type=product&#038;p=558393"},"modified":"2026-04-20T17:52:06","modified_gmt":"2026-04-20T15:52:06","slug":"sukienka-mirella-dopasowana-zlota","status":"publish","type":"product","link":"https:\/\/madelinefashion.pl\/sk\/sukienka-mirella-dopasowana-zlota\/","title":{"rendered":"Zlat\u00e9 priliehav\u00e9 \u0161aty Mirella"},"content":{"rendered":"<h3 style=\"text-align: center;\">Zlat\u00e9 priliehav\u00e9 \u0161aty Mirella<\/h3>\n<p style=\"text-align: center;\"><span style=\"font-size: 10pt;\">Kr\u00e1sne dlh\u00e9 brok\u00e1tov\u00e9 spolo\u010densk\u00e9 \u0161aty na ramienka. Kr\u00e1sne odha\u013euje \u017eensk\u00e9 tvary. Dlh\u00e9 \u0161aty s odhalenou nohou. \u00a0<strong>Efekt dop\u013a\u0148a zdoben\u00fd vrch \u0161iat.<\/strong><strong>\u00a0<\/strong>Zozn\u00e1mte sa s na\u0161ou ponukou <strong><a href=\"https:\/\/madelinefashion.pl\/sk\/sukienki-i-kombinezony\/sukienki-okolicznosciowe\/\">ve\u010dern\u00e9 \u0161aty<\/a>\u00a0a vyberte si model, <\/strong>v ktorom budete <strong>vyzera\u0165 ako hviezda a vy\u010dnieva\u0165 z davu. Maxi \u0161aty sa vo svetle l\u00e1mp rozpr\u00e1vkovo trblietaj\u00fa. <\/strong>Nem\u00f4\u017eete by\u0165 k tomu \u013eahostajn\u00ed.<strong> Maxi \u0161aty a\u017e po zem.<\/strong><\/span><span style=\"font-size: 10pt;\"><strong> Dlh\u00e9<\/strong> <strong>plesov\u00e9 \u0161aty<\/strong> Vpredu m\u00e1 v\u0161it\u00e9 ko\u0161\u00ed\u010dky, tak\u017ee nemus\u00edte nosi\u0165 podprsenku. Vyroben\u00e9 a \u0161it\u00e9 v Po\u013esku. Na mieru <strong>\u0160aty <\/strong>k dispoz\u00edcii <\/span><span style=\"font-size: 10pt;\">\u00a0vo ve\u013ekostiach <strong>34, 36, 38<\/strong> ,<strong>40<\/strong> . \u0160aty <strong>Pekn\u00e1 \u017eena<\/strong> je vynikaj\u00facou vo\u013ebou na svadbu, ples, Silvestra a in\u00e9 elegantn\u00e9 \u0161peci\u00e1lne udalosti. Dostupn\u00e9 na na\u0161om e-shope vo viacer\u00fdch farebn\u00fdch variantoch, tak nev\u00e1hajte a vyberte si t\u00fa, ktor\u00e1 je pre v\u00e1s ako stvoren\u00e1. Ak sa neviete rozhodn\u00fa\u0165 ak\u00fa farbu, <strong>ve\u013ekos\u0165<\/strong> je pre v\u00e1s to najlep\u0161ie <strong>kontaktuj n\u00e1s<\/strong> cez <a href=\"https:\/\/www.facebook.com\/madelinefashionbutik\" target=\"_blank\" rel=\"noopener\">Facebook<\/a> alebo <a href=\"https:\/\/madelinefashion.pl\/sk\/kontakt\/\">telef\u00f3n<\/a>. Ak ve\u013ekos\u0165 nie je na str\u00e1nke, kontaktujte n\u00e1s.\u00a0 <strong>Svoje rozmery m\u00f4\u017eete \u0161pecifikova\u0165 v inform\u00e1ci\u00e1ch po n\u00e1kupe<\/strong> Ve\u013ekos\u0165 p\u00e1su a poprsia V\u00e1m vyberieme t\u00fa spr\u00e1vnu ve\u013ekos\u0165!!\u00a0<\/span><\/p>\n<h3 style=\"text-align: center;\">ROZMERY \u0161iat:<\/h3>\n<table width=\"556\">\n<tbody>\n<tr>\n<td><strong>VE\u013dKOS\u0164<\/strong><\/td>\n<td><strong>poprsia<\/strong><\/td>\n<td><strong>P\u00e1s<\/strong><\/td>\n<td><strong>Boky<\/strong><\/td>\n<\/tr>\n<tr>\n<td><strong>34<\/strong><\/td>\n<td>84-86<\/td>\n<td>64-68<\/td>\n<td>\u00a082-90<\/td>\n<\/tr>\n<tr>\n<td><strong>36<\/strong><\/td>\n<td>88-90<\/td>\n<td>68-72<\/td>\n<td>\u00a086-92<\/td>\n<\/tr>\n<tr>\n<td><strong>38<\/strong><\/td>\n<td>92-94<\/td>\n<td>72-76<\/td>\n<td>\u00a090-96<\/td>\n<\/tr>\n<tr>\n<td><strong>40<\/strong><\/td>\n<td>96-98<\/td>\n<td>76-80<\/td>\n<td>\u00a094-106<\/td>\n<\/tr>\n<\/tbody>\n<\/table>\n<p style=\"text-align: center;\">celkov\u00e1 d\u013a\u017eka cca 158 cm (\u0161aty sa daj\u00fa skr\u00e1ti\u0165 pod\u013ea vlastn\u00e9ho uv\u00e1\u017eenia)<\/p>\n<p style=\"text-align: center;\">\u0160aty s\u00fa dostupn\u00e9 aj v in\u00fdch farb\u00e1ch - odpor\u00fa\u010dame v\u00e1m zozn\u00e1mi\u0165 sa s na\u0161imi \u010fal\u0161\u00edmi produktmi.<\/p>\n<p style=\"text-align: center;\">Rozmery sa m\u00f4\u017eu mierne l\u00ed\u0161i\u0165 od uveden\u00fdch +\/- 2cm.<\/p>\n<p style=\"text-align: center;\"><strong>\u00a0<\/strong><\/p>\n<p>&nbsp;<\/p>\n<table>\n<tbody>\n<tr>\n<td width=\"302\">Meno modela<\/td>\n<td width=\"302\">Priliehav\u00e9 \u0161aty Mirella<\/td>\n<\/tr>\n<tr>\n<td width=\"302\">Farba<\/td>\n<td width=\"302\"><span style=\"font-size: 10pt;\">Zlat\u00fd\u00a0<\/span><\/td>\n<\/tr>\n<tr>\n<td width=\"302\">Marka<\/td>\n<td width=\"302\">Madelinefashion<\/td>\n<\/tr>\n<tr>\n<td width=\"302\">ve\u013ekosti<\/td>\n<td width=\"302\">34 36 38 40<\/td>\n<\/tr>\n<tr>\n<td width=\"302\">M\u00f3da<\/td>\n<td width=\"302\">Zhoda<\/td>\n<\/tr>\n<tr>\n<td width=\"302\">Materi\u00e1l<\/td>\n<td width=\"302\">Visk\u00f3za, polyester, bavlna<\/td>\n<\/tr>\n<tr>\n<td width=\"302\">D\u013a\u017eka<\/td>\n<td width=\"302\">Na zem<\/td>\n<\/tr>\n<\/tbody>\n<\/table>\n<p>&nbsp;<\/p>\n<p style=\"text-align: center;\">Aby ste si vybrali\u00a0<strong>perfektn\u00e9 \u0161aty<\/strong>\u00a0kontaktujte n\u00e1s pros\u00edm telefonicky alebo cez n\u00e1\u0161 facebook.<br \/>\nN\u00e1\u0161 t\u00edm v\u00e1m pom\u00f4\u017ee\u00a0<strong>Vyberte si ten spr\u00e1vny<\/strong>\u00a0.\u00a0<strong>Na \u017eelanie kupuj\u00faceho vyrob\u00edme ak\u00e9ko\u013evek \u0161aty\u00a0<\/strong><strong>opatrne mera\u0165.\u00a0<\/strong><\/p>\n<div class=\"additional-details\">\n<p style=\"text-align: center;\">\n<\/div>","protected":false},"excerpt":{"rendered":"<p>Sukienka Mirella Dopasowana Z\u0142ota Pi\u0119kna d\u0142uga suknia wieczorowa brokatowa na rami\u0105czkach. Pi\u0119knie eksponuje kobiece kszta\u0142ty. D\u0142uga suknia z ods\u0142oni\u0119t\u0105 nog\u0105. \u00a0Efektu dope\u0142nia zdobiona g\u00f3ra sukienki.\u00a0Zapoznaj si\u0119 z nasz\u0105 ofert\u0105 sukni wieczorowych\u00a0i wybierz model, w kt\u00f3rej b\u0119dziesz wygl\u0105da\u0107 jak gwiazda\u00a0i wyr\u00f3\u017cnisz si\u0119 z t\u0142umu.\u00a0 Suknia maxi bajecznie mieni si\u0119 w \u015bwietle lamp. Nie mo\u017cna wobec niej<\/p>\n<div class=\"klb-readmore post-buttons\"><a class=\"button black outline size-sm\" href=\"https:\/\/madelinefashion.pl\/sk\/sukienka-mirella-dopasowana-zlota\/\">\u010c\u00edta\u0165 \u010falej <i class=\"klbth-icon-right-arrow\"><\/i><\/a><\/div>","protected":false},"featured_media":558391,"template":"","meta":[],"product_brand":[],"product_cat":[124,395,558,569,563],"product_tag":[257,163,445],"class_list":{"0":"post-558393","1":"product","2":"type-product","3":"status-publish","4":"has-post-thumbnail","6":"product_cat-sukienki-okolicznosciowe","7":"product_cat-nowosci","8":"product_cat-sukienki-cekinowe","9":"product_cat-sukienki-dopasowane","10":"product_cat-sukienki-gorsetowe","11":"product_tag-madelinefashion","12":"product_tag-sukienki-dlugie","13":"product_tag-sukienki-zlote","15":"first","16":"instock","17":"purchasable","18":"product-type-variable"},"_links":{"self":[{"href":"https:\/\/madelinefashion.pl\/sk\/wp-json\/wp\/v2\/product\/558393","targetHints":{"allow":["GET"]}}],"collection":[{"href":"https:\/\/madelinefashion.pl\/sk\/wp-json\/wp\/v2\/product"}],"about":[{"href":"https:\/\/madelinefashion.pl\/sk\/wp-json\/wp\/v2\/types\/product"}],"wp:featuredmedia":[{"embeddable":true,"href":"https:\/\/madelinefashion.pl\/sk\/wp-json\/wp\/v2\/media\/558391"}],"wp:attachment":[{"href":"https:\/\/madelinefashion.pl\/sk\/wp-json\/wp\/v2\/media?parent=558393"}],"wp:term":[{"taxonomy":"product_brand","embeddable":true,"href":"https:\/\/madelinefashion.pl\/sk\/wp-json\/wp\/v2\/product_brand?post=558393"},{"taxonomy":"product_cat","embeddable":true,"href":"https:\/\/madelinefashion.pl\/sk\/wp-json\/wp\/v2\/product_cat?post=558393"},{"taxonomy":"product_tag","embeddable":true,"href":"https:\/\/madelinefashion.pl\/sk\/wp-json\/wp\/v2\/product_tag?post=558393"}],"curies":[{"name":"pracovn\u00fd list","href":"https:\/\/api.w.org\/{rel}","templated":true}]}}