{"id":559621,"date":"2025-02-27T12:42:57","date_gmt":"2025-02-27T11:42:57","guid":{"rendered":"https:\/\/madelinefashion.pl\/?post_type=product&#038;p=559621"},"modified":"2026-04-20T18:52:58","modified_gmt":"2026-04-20T16:52:58","slug":"suknia-maxi-slubna-premium-mavarie","status":"publish","type":"product","link":"https:\/\/madelinefashion.pl\/sk\/suknia-maxi-slubna-premium-mavarie\/","title":{"rendered":"Svadobn\u00e9 \u0161aty Mavarie Premium Maxi"},"content":{"rendered":"<h3 style=\"text-align: center;\">Svadobn\u00e9 \u0161aty Mavarie Premium Maxi<\/h3>\n<p style=\"text-align: center;\" align=\"center\"><span style=\"font-size: 14.0pt;\">Ohromuj\u00faca, elegantn\u00e1 a pln\u00e1 lesku \u2013 <strong data-start=\"82\" data-end=\"115\">Svadobn\u00e9 \u0161aty Mavarie Premium<\/strong> Toto je perfektn\u00e1 vo\u013eba pre nevestu, ktor\u00e1 sn\u00edva o jedine\u010dn\u00fdch \u0161at\u00e1ch, ktor\u00e9 kombinuj\u00fa klasick\u00fd a modern\u00fd \u0161t\u00fdl. Ka\u017ed\u00fd detail t\u00fdchto \u0161iat bol navrhnut\u00fd s oh\u013eadom na tento nezabudnute\u013en\u00fd de\u0148, kedy sa ka\u017ed\u00e1 \u017eena chce c\u00edti\u0165 \u00faplne v\u00fdnimo\u010dne.<\/span><\/p>\n<p style=\"text-align: center;\" align=\"center\"><strong data-start=\"398\" data-end=\"416\"><span style=\"font-size: 14.0pt;\">\u0160aty Mavarie<\/span><\/strong><span style=\"font-size: 14.0pt;\"> Kombinuje elegantn\u00fd, priliehav\u00fd \u017eiv\u00f4tik s majest\u00e1tnou, roz\u0161\u00edrenou suk\u0148ou. \u017div\u00f4tik, vyroben\u00fd z elegantnej \u010dipky, zlo\u017eito vy\u0161\u00edvanej jemn\u00fdmi vzormi, dokonale tvaruje postavu, zd\u00f4raz\u0148uje p\u00e1s a jemne odha\u013euje dekolt. Klasick\u00fd strih \u0161iat im dod\u00e1va nad\u010dasov\u00fd charakter a z\u00e1rove\u0148 jemne sp\u00e1ja trad\u00edciu s modern\u00fdmi akcentmi, \u010d\u00edm vytv\u00e1ra vzh\u013ead, ktor\u00fd nikdy nevyjde z m\u00f3dy.<\/span><\/p>\n<p style=\"text-align: center;\" align=\"center\"><span style=\"font-size: 14.0pt;\">\u0160aty <strong data-start=\"876\" data-end=\"887\">Mavarie<\/strong> S\u00fa pln\u00e9 kr\u00e1snych detailov, ktor\u00e9 dod\u00e1vaj\u00fa \u0161at\u00e1m k\u00fazlo a jedine\u010dn\u00e9 \u010daro. Zlo\u017eito vy\u0161\u00edvan\u00e9 aplik\u00e1cie, jemn\u00e9 \u010dipkovan\u00e9 vlo\u017eky a decentn\u00e9 kry\u0161t\u00e1ly pozd\u013a\u017e v\u00fdstrihu a ramien dod\u00e1vaj\u00fa \u0161at\u00e1m trblietanie v akomko\u013evek svetle. Ka\u017ed\u00fd pohyb nevesty v tomto v\u00fdtvore je skuto\u010dn\u00fdm majstrovsk\u00fdm dielom \u2013 \u0161aty kr\u00e1sne odr\u00e1\u017eaj\u00fa svetlo a vytv\u00e1raj\u00fa jemn\u00fd, p\u00fatav\u00fd lesk. \u0160aty dokonale priliehaj\u00fa k telu a umo\u017e\u0148uj\u00fa neobmedzen\u00fd pohyb. Nevesta m\u00f4\u017ee tancova\u0165, zab\u00e1va\u0165 sa a c\u00edti\u0165 sa pohodlne bez toho, aby obetovala eleganciu.<\/span><\/p>\n<p style=\"text-align: center;\" align=\"center\"><strong data-start=\"1885\" data-end=\"1903\"><span style=\"font-size: 14.0pt;\">\u0160aty Mavarie<\/span><\/strong><span style=\"font-size: 14.0pt;\"> Toto je perfektn\u00e1 vo\u013eba pre nevestu, ktor\u00e1 sa chce c\u00edti\u0165 ako skuto\u010dn\u00e1 princezn\u00e1 a z\u00e1rove\u0148 si zachova\u0165 eleganciu a pohodlie. Nad\u010dasov\u00fd dizajn, prepracovan\u00e9 detaily a jemn\u00e1 zmyselnos\u0165 z neho robia perfektn\u00fa vo\u013ebu pre tento nezabudnute\u013en\u00fd de\u0148.<\/span><\/p>\n<p style=\"text-align: center;\" align=\"center\"><span style=\"font-size: 14.0pt;\">Nav\u0161t\u00edvte n\u00e1\u0161 sal\u00f3n svadobn\u00fdch \u0161iat a poc\u00ed\u0165te k\u00fazlo \u0161iat <strong data-start=\"2266\" data-end=\"2277\">Mavarie<\/strong> Vysk\u00fa\u0161ajte si to sami. Zamilujte sa do ka\u017ed\u00e9ho detailu a poc\u00ed\u0165te, ako v\u00e1s tento v\u00fdtvor bude sprev\u00e1dza\u0165 v najkraj\u0161\u00ed de\u0148 v\u00e1\u0161ho \u017eivota.<\/span><\/p>\n<p style=\"text-align: center;\" align=\"center\"><span style=\"font-size: 14.0pt;\">Dostupn\u00e9 vo ve\u013ekostiach <strong>SML XL<\/strong>. \u0160aty <strong>Madeline Fashion<\/strong> je vynikaj\u00facou vo\u013ebou na svadbu, ples, Silvestra a in\u00e9 elegantn\u00e9 \u0161peci\u00e1lne udalosti. Ak sa neviete rozhodn\u00fa\u0165, ktor\u00fd <strong>ve\u013ekos\u0165<\/strong> je pre v\u00e1s to najlep\u0161ie <strong>kontaktuj n\u00e1s<\/strong> cez <a href=\"https:\/\/www.facebook.com\/madelinefashionbutik\" target=\"_blank\" rel=\"noopener\">Facebook<\/a> alebo <a href=\"https:\/\/madelinefashion.pl\/sk\/kontakt\/\">telef\u00f3n<\/a>. Ak ve\u013ekos\u0165 nie je na str\u00e1nke, kontaktujte n\u00e1s.\u00a0<\/span><\/p>\n<h3 style=\"text-align: center;\">ROZMERY \u0161iat:<\/h3>\n<table width=\"556\">\n<tbody>\n<tr>\n<td><strong>VE\u013dKOS\u0164<\/strong><\/td>\n<td><strong>poprsia<\/strong><\/td>\n<td><strong>P\u00e1s<\/strong><\/td>\n<td><strong>Boky<\/strong><\/td>\n<\/tr>\n<tr>\n<td><\/td>\n<td><\/td>\n<td><\/td>\n<td><\/td>\n<\/tr>\n<tr>\n<td><strong>36<\/strong><\/td>\n<td>88-90<\/td>\n<td>68<\/td>\n<td>\u00a0ak\u00fdko\u013evek<\/td>\n<\/tr>\n<tr>\n<td><strong>38<\/strong><\/td>\n<td>\u00a092-94<\/td>\n<td>72<\/td>\n<td>\u00a0ak\u00fdko\u013evek<\/td>\n<\/tr>\n<tr>\n<td><strong>40<\/strong><\/td>\n<td>96-98<\/td>\n<td>76<\/td>\n<td>\u00a0ak\u00fdko\u013evek<\/td>\n<\/tr>\n<tr>\n<td><strong>42<\/strong><\/td>\n<td>100-104<\/td>\n<td>80<\/td>\n<td>\u00a0ak\u00fdko\u013evek<\/td>\n<\/tr>\n<\/tbody>\n<\/table>\n<p>&nbsp;<\/p>\n<p style=\"text-align: center;\"><span style=\"font-size: 10pt;\"><span style=\"font-size: 10pt;\">\u0160aty dostupn\u00e9 aj v <\/span><strong style=\"font-size: 10pt;\">in\u00e9 farebn\u00e9 varianty<\/strong><span style=\"font-size: 10pt;\"> \u2013 odpor\u00fa\u010dame v\u00e1m zozn\u00e1mi\u0165 sa s na\u0161imi \u010fal\u0161\u00edmi produktmi.\u00a0<\/span>celkov\u00e1 d\u013a\u017eka cca 157 cm\u00a0\u00a0<\/span><\/p>\n<p style=\"text-align: center;\"><span style=\"font-size: 10pt;\">Rozmery sa m\u00f4\u017eu mierne l\u00ed\u0161i\u0165 od uveden\u00fdch +\/- 2cm.\u00a0<\/span><\/p>\n<p style=\"text-align: center;\"><span style=\"font-size: 10pt;\"><strong>\u00a0<\/strong>\u00a0<\/span><\/p>\n<table width=\"618\">\n<tbody>\n<tr>\n<td width=\"302\">Meno modela<\/td>\n<td width=\"302\">Svadobn\u00e9 \u0161aty Mavarie Premium Maxi<\/td>\n<\/tr>\n<tr>\n<td width=\"302\">Farba<\/td>\n<td width=\"302\">biely<\/td>\n<\/tr>\n<tr>\n<td width=\"302\">Marka<\/td>\n<td width=\"302\">Madeline Fashion<\/td>\n<\/tr>\n<tr>\n<td width=\"302\">ve\u013ekosti<\/td>\n<td width=\"302\">\u00a036 38 40 42<\/td>\n<\/tr>\n<tr>\n<td width=\"302\">M\u00f3da<\/td>\n<td width=\"302\">Zhoda<\/td>\n<\/tr>\n<tr>\n<td width=\"302\">Materi\u00e1l<\/td>\n<td width=\"302\">Visk\u00f3za, polyester, bavlna<\/td>\n<\/tr>\n<tr>\n<td width=\"302\">D\u013a\u017eka<\/td>\n<td width=\"302\">Na zem<\/td>\n<\/tr>\n<\/tbody>\n<\/table>\n<p style=\"text-align: center;\">Poz\u00fdvame v\u00e1s do n\u00e1\u0161ho sal\u00f3nu svadobn\u00fdch \u0161iat, ktor\u00fd sa nach\u00e1dza na ulici Moniuszki 2 v srdci Konstantyn\u00f3wa v Lod\u017eskom. V na\u0161om profesion\u00e1lnom sal\u00f3ne n\u00e1jdete \u0161irok\u00fd v\u00fdber svadobn\u00fdch \u0161iat, ktor\u00e9 splnia va\u0161e najtajnej\u0161ie sny o dokonalom dni. T\u00edm sk\u00fasen\u00fdch konzultantov v\u00e1m pom\u00f4\u017ee vybra\u0165 si perfektn\u00e9 \u0161aty, prisp\u00f4soben\u00e9 va\u0161im o\u010dak\u00e1vaniam a postave. Srde\u010dne v\u00e1s poz\u00fdvame na n\u00e1v\u0161tevu \u2013 presved\u010dte sa, ak\u00fd v\u00fdnimo\u010dn\u00fd m\u00f4\u017ee by\u0165 v\u00e1\u0161 de\u0148!<\/p>\n<p>&nbsp;<\/p>\n<p style=\"text-align: center;\"><span style=\"font-size: 10pt;\">Aby ste si vybrali <strong>perfektn\u00e9 \u0161aty<\/strong> kontaktujte n\u00e1s telefonicky alebo prostredn\u00edctvom na\u0161ej webovej str\u00e1nky <a href=\"https:\/\/www.facebook.com\/madelinefashionbutik\" target=\"_blank\" rel=\"noopener\">Facebook<\/a> .<\/span><br \/>\n<span style=\"font-size: 10pt;\">N\u00e1\u0161 t\u00edm v\u00e1m pom\u00f4\u017ee <strong>Vyberte si ten spr\u00e1vny<\/strong> . <strong>Na \u017eelanie kupuj\u00faceho vyrob\u00edme ak\u00e9ko\u013evek \u0161aty\u00a0<\/strong><strong>opatrne mera\u0165.\u00a0<\/strong><\/span><\/p>\n<p>Ka\u017ed\u00e9 \u0161aty sa daj\u00fa v pr\u00edpade potreby upravi\u0165 pod\u013ea va\u0161ej v\u00fd\u0161ky a v\u00fd\u0161ky podp\u00e4tku. Ak s\u00fa pr\u00edli\u0161 dlh\u00e9, m\u00f4\u017eete si ich skr\u00e1ti\u0165 alebo necha\u0165 kraj\u010d\u00edrku urobi\u0165 drobn\u00e9 \u00fapravy. Takto si m\u00f4\u017eete vybran\u00e9 \u0161aty jednoducho prisp\u00f4sobi\u0165 svojim mieram a c\u00edti\u0165 sa v nich dokonale pohodlne.<\/p>\n<div class=\"additional-details\" style=\"text-align: center;\">\n<p style=\"text-align: center;\"><span style=\"font-size: 10pt;\">\u00a0<\/span><\/p>\n<\/div>","protected":false},"excerpt":{"rendered":"<p>Suknia Maxi \u015alubna Premium Mavarie Zachwycaj\u0105ca, elegancka i pe\u0142na blasku \u2013 Suknia \u015alubna Premium Mavarie to idealny wyb\u00f3r dla Panny M\u0142odej, kt\u00f3ra marzy o wyj\u0105tkowej kreacji, \u0142\u0105cz\u0105cej klasyk\u0119 z nowoczesnym stylem. Ka\u017cdy szczeg\u00f3\u0142 tej sukni zosta\u0142 zaprojektowany z my\u015bl\u0105 o niezapomnianym dniu, kiedy to ka\u017cda kobieta chce poczu\u0107 si\u0119 absolutnie wyj\u0105tkowo. Suknia Mavarie to po\u0142\u0105czenie<\/p>\n<div class=\"klb-readmore post-buttons\"><a class=\"button black outline size-sm\" href=\"https:\/\/madelinefashion.pl\/sk\/suknia-maxi-slubna-premium-mavarie\/\">\u010c\u00edta\u0165 \u010falej <i class=\"klbth-icon-right-arrow\"><\/i><\/a><\/div>","protected":false},"featured_media":561618,"template":"","meta":[],"product_brand":[],"product_cat":[124,395,563,561,566,631],"product_tag":[219,163],"class_list":{"0":"post-559621","1":"product","2":"type-product","3":"status-publish","4":"has-post-thumbnail","6":"product_cat-sukienki-okolicznosciowe","7":"product_cat-nowosci","8":"product_cat-sukienki-gorsetowe","9":"product_cat-sukienki-tiulowe","10":"product_cat-suknie-slubne","11":"product_cat-suknie-slubne-tiulowe","12":"product_tag-sukienka-biala","13":"product_tag-sukienki-dlugie","15":"first","16":"instock","17":"purchasable","18":"product-type-variable"},"_links":{"self":[{"href":"https:\/\/madelinefashion.pl\/sk\/wp-json\/wp\/v2\/product\/559621","targetHints":{"allow":["GET"]}}],"collection":[{"href":"https:\/\/madelinefashion.pl\/sk\/wp-json\/wp\/v2\/product"}],"about":[{"href":"https:\/\/madelinefashion.pl\/sk\/wp-json\/wp\/v2\/types\/product"}],"wp:featuredmedia":[{"embeddable":true,"href":"https:\/\/madelinefashion.pl\/sk\/wp-json\/wp\/v2\/media\/561618"}],"wp:attachment":[{"href":"https:\/\/madelinefashion.pl\/sk\/wp-json\/wp\/v2\/media?parent=559621"}],"wp:term":[{"taxonomy":"product_brand","embeddable":true,"href":"https:\/\/madelinefashion.pl\/sk\/wp-json\/wp\/v2\/product_brand?post=559621"},{"taxonomy":"product_cat","embeddable":true,"href":"https:\/\/madelinefashion.pl\/sk\/wp-json\/wp\/v2\/product_cat?post=559621"},{"taxonomy":"product_tag","embeddable":true,"href":"https:\/\/madelinefashion.pl\/sk\/wp-json\/wp\/v2\/product_tag?post=559621"}],"curies":[{"name":"pracovn\u00fd list","href":"https:\/\/api.w.org\/{rel}","templated":true}]}}