{"id":559876,"date":"2025-03-04T10:24:21","date_gmt":"2025-03-04T09:24:21","guid":{"rendered":"https:\/\/madelinefashion.pl\/?post_type=product&#038;p=559876"},"modified":"2026-01-20T10:33:05","modified_gmt":"2026-01-20T09:33:05","slug":"koszula-krotka-satynowa-serena","status":"publish","type":"product","link":"https:\/\/madelinefashion.pl\/sk\/koszula-krotka-satynowa-serena\/","title":{"rendered":"Kr\u00e1tke sat\u00e9nov\u00e9 tri\u010dko Serena"},"content":{"rendered":"<h3 style=\"text-align: center;\">Kr\u00e1tke sat\u00e9nov\u00e9 tri\u010dko Serena<\/h3>\n<p style=\"text-align: center;\"><strong>Ko\u0161e\u013ea je nevyhnutnou s\u00fa\u010das\u0165ou ka\u017ed\u00e9ho \u0161atn\u00edka! <\/strong>\u0160t\u00fdl je zapnut\u00fd<strong>\u00a0tla\u010didl\u00e1. <\/strong>Ko\u0161e\u013ea klasick\u00e9ho strihu bude skvel\u00e1 v mnoh\u00fdch verzi\u00e1ch<strong>ako ofici\u00e1lne, tak aj<\/strong> ka\u017ed\u00fd de\u0148.<strong>\u00a0<\/strong>Strih je ide\u00e1lny na zastr\u010denie do nohav\u00edc alebo sukne \u2013 model odpor\u00fa\u010dame <a href=\"https:\/\/madelinefashion.pl\/sk\/spodnica-mini-crezy-czarna\/\">\u0161ialen\u00fd<\/a> Na\u0161a ko\u0161e\u013ea m\u00f4\u017ee by\u0165 z\u00e1kladom mnoh\u00fdch elegantn\u00fdch a nad\u010dasov\u00fdch \u0161tyliz\u00e1ci\u00ed <a href=\"https:\/\/madelinefashion.pl\/sk\/spodnica-skora-mini-czarna\/\">ceruzky <\/a>sukne alebo klasika <a href=\"https:\/\/madelinefashion.pl\/sk\/spodnie-jeansowe-paradise-jasne\/\">d\u017e\u00ednsy, <\/a>\u00a0ale aj pre ni\u017e\u0161ie d\u00e1my ako tunika. Ko\u0161e\u013ea je ide\u00e1lnym n\u00e1vrhom do pr\u00e1ce, na ka\u017ed\u00fd de\u0148, na rodinn\u00e9 stretnutia a mnoh\u00e9 in\u00e9 pr\u00edle\u017eitosti. Odpor\u00fa\u010da sa pre \u017eeny, ktor\u00e9 nosia ve\u013e <strong>S, M, L<\/strong><\/p>\n<h3 style=\"text-align: center;\">\u00a0 \u00a0 \u00a0Rozmery:<\/h3>\n<p style=\"text-align: center;\"><strong>36\/S<br \/>\n<\/strong><\/p>\n<ul>\n<li style=\"text-align: center;\">celkov\u00e1 d\u013a\u017eka: 52 cm<\/li>\n<li style=\"text-align: center;\">\u0161\u00edrka od pazuchy po pazuchu: 54-56 cm<\/li>\n<li style=\"text-align: center;\"><\/li>\n<li style=\"text-align: center;\"><\/li>\n<\/ul>\n<p style=\"text-align: center;\"><strong>38\/M<\/strong><\/p>\n<ul style=\"text-align: center;\">\n<li>celkov\u00e1 d\u013a\u017eka: 53 cm<\/li>\n<li>\u0161\u00edrka od pazuchy k pazuche: 56-58 cm<\/li>\n<li><\/li>\n<li><\/li>\n<\/ul>\n<p style=\"text-align: center;\"><strong>40\/L<\/strong><\/p>\n<ul style=\"text-align: center;\">\n<li>celkov\u00e1 d\u013a\u017eka: 54 cm<\/li>\n<li>\u0161\u00edrka od pazuchy k pazuche: 58-60 cm<\/li>\n<li><\/li>\n<\/ul>\n<p style=\"text-align: center;\">Rozmery sa m\u00f4\u017eu mierne l\u00ed\u0161i\u0165 od uveden\u00fdch +\/- 2cm. V\u0161etky uveden\u00e9 rozmery s\u00fa meran\u00e9 plo\u0161ne.<\/p>\n<p style=\"text-align: center;\"><strong>\u00a0<\/strong><\/p>\n<table style=\"height: 288px;\" width=\"433\">\n<tbody>\n<tr>\n<td>n\u00e1zov<\/td>\n<td>Kr\u00e1tke sat\u00e9nov\u00e9 tri\u010dko Serena<\/td>\n<\/tr>\n<tr>\n<td>Farba<\/td>\n<td>Bez<\/td>\n<\/tr>\n<tr>\n<td>Zbierka<\/td>\n<td>Jar leto jese\u0148 zima<\/td>\n<\/tr>\n<tr>\n<td>Ve\u013ekos\u0165<\/td>\n<td>SML<\/td>\n<\/tr>\n<tr>\n<td>M\u00f3da<\/td>\n<td>Na mieru<\/td>\n<\/tr>\n<tr>\n<td>zap\u00ednanie<\/td>\n<td>zlato<\/td>\n<\/tr>\n<tr>\n<td>Zlo\u017eenie materi\u00e1lov<\/td>\n<td>Polyester 100%<\/td>\n<\/tr>\n<\/tbody>\n<\/table>\n<p style=\"text-align: center;\">\u00a0Model m\u00e1\u00a0<strong>169<\/strong>\u00a0cm vysok\u00fd, nos\u00ed ve\u013ekos\u0165 ka\u017ed\u00fd de\u0148\u00a0<strong>S<\/strong><\/p>\n<p style=\"text-align: center;\">\u0160\u00edrka cez prsia 92 cm<\/p>\n<p style=\"text-align: center;\">\u0160\u00edrka v p\u00e1se 62 cm<\/p>\n<p style=\"text-align: center;\">\u0160\u00edrka v bokoch 94 cm<strong>\u00a0<\/strong><\/p>","protected":false},"excerpt":{"rendered":"<p>Kr\u00e1tka sat\u00e9nov\u00e1 ko\u0161e\u013ea Serena je nevyhnutnos\u0165ou ka\u017ed\u00e9ho \u0161atn\u00edka! Tento \u0161t\u00fdl s gomb\u00edkmi m\u00e1 klasick\u00fd strih, ktor\u00fd sa hod\u00ed k r\u00f4znym outfitom, form\u00e1lnym aj le\u017e\u00e9rnym. Tento \u0161t\u00fdl sa perfektne hod\u00ed k nohaviciam alebo sukniam \u2013 odpor\u00fa\u010dame Mode Crezy. Na\u0161a ko\u0161e\u013ea m\u00f4\u017ee by\u0165 z\u00e1kladom mnoh\u00fdch elegantn\u00fdch a nad\u010dasov\u00fdch outfitov.\u00a0<\/p>\n<div class=\"klb-readmore post-buttons\"><a class=\"button black outline size-sm\" href=\"https:\/\/madelinefashion.pl\/sk\/koszula-krotka-satynowa-serena\/\">\u010c\u00edta\u0165 \u010falej <i class=\"klbth-icon-right-arrow\"><\/i><\/a><\/div>","protected":false},"featured_media":559867,"template":"","meta":[],"product_brand":[],"product_cat":[92,395],"product_tag":[414],"class_list":{"0":"post-559876","1":"product","2":"type-product","3":"status-publish","4":"has-post-thumbnail","6":"product_cat-koszule","7":"product_cat-nowosci","8":"product_tag-koszule","9":"pa_rozmiar-s","10":"pa_rozmiar-m","11":"pa_rozmiar-l","12":"pa_rozmiar-xl","13":"pa_rozmiar-xxl","15":"first","16":"instock","17":"sale","18":"purchasable","19":"product-type-variable"},"_links":{"self":[{"href":"https:\/\/madelinefashion.pl\/sk\/wp-json\/wp\/v2\/product\/559876","targetHints":{"allow":["GET"]}}],"collection":[{"href":"https:\/\/madelinefashion.pl\/sk\/wp-json\/wp\/v2\/product"}],"about":[{"href":"https:\/\/madelinefashion.pl\/sk\/wp-json\/wp\/v2\/types\/product"}],"wp:featuredmedia":[{"embeddable":true,"href":"https:\/\/madelinefashion.pl\/sk\/wp-json\/wp\/v2\/media\/559867"}],"wp:attachment":[{"href":"https:\/\/madelinefashion.pl\/sk\/wp-json\/wp\/v2\/media?parent=559876"}],"wp:term":[{"taxonomy":"product_brand","embeddable":true,"href":"https:\/\/madelinefashion.pl\/sk\/wp-json\/wp\/v2\/product_brand?post=559876"},{"taxonomy":"product_cat","embeddable":true,"href":"https:\/\/madelinefashion.pl\/sk\/wp-json\/wp\/v2\/product_cat?post=559876"},{"taxonomy":"product_tag","embeddable":true,"href":"https:\/\/madelinefashion.pl\/sk\/wp-json\/wp\/v2\/product_tag?post=559876"}],"curies":[{"name":"pracovn\u00fd list","href":"https:\/\/api.w.org\/{rel}","templated":true}]}}