{"id":560079,"date":"2025-03-05T16:44:36","date_gmt":"2025-03-05T15:44:36","guid":{"rendered":"https:\/\/madelinefashion.pl\/?post_type=product&#038;p=560079"},"modified":"2026-04-20T18:52:58","modified_gmt":"2026-04-20T16:52:58","slug":"sukienka-maxi-plisowana-arley-biala","status":"publish","type":"product","link":"https:\/\/madelinefashion.pl\/sk\/sukienka-maxi-plisowana-arley-biala\/","title":{"rendered":"Biele maxi \u0161aty Arley"},"content":{"rendered":"<h3 style=\"text-align: center;\">Biele maxi \u0161aty Arley<\/h3>\n<p style=\"text-align: center;\">\u0160aty bez ramienok na svadbu alebo rozl\u00fa\u010dku so slobodou s\u00fa skvelou vo\u013ebou, ktor\u00e1 sp\u00e1ja eleganciu so \u017eensk\u00fdm a zmyseln\u00fdm \u0161t\u00fdlom. S\u00fa ide\u00e1lne na pr\u00edle\u017eitosti, kde sa chcete c\u00edti\u0165 v\u00fdnimo\u010dne, no z\u00e1rove\u0148 pohodlne a uvo\u013enene. Elegantn\u00e9, \u017eensk\u00e9 a neuverite\u013ene v\u0161estrann\u00e9 \u2014 <strong data-start=\"219\" data-end=\"275\">jednoduch\u00e9 roz\u0161\u00edren\u00e9 \u0161aty s tenk\u00fdmi ramienkami<\/strong> je perfektnou vo\u013ebou pre \u017eeny, ktor\u00e9 h\u013eadaj\u00fa \u0161t\u00fdlov\u00fd vzh\u013ead na \u0161peci\u00e1lne pr\u00edle\u017eitosti. Tento model zaujme svoj\u00edm jemn\u00fdm strihom, \u013eahkos\u0165ou a nad\u010dasov\u00fdm charakterom, v\u010faka \u010domu je ide\u00e1lny pre obe... <strong data-start=\"484\" data-end=\"504\">svadobn\u00e9 \u0161aty<\/strong>, \u010do <strong data-start=\"512\" data-end=\"545\">\u0161aty na rozl\u00fa\u010dku so slobodou<\/strong>. Tento \u0161t\u00fdl kombinuje pohodlie s eleganciou a kr\u00e1sne zd\u00f4raz\u0148uje \u017eensk\u00fa siluetu. Vrchn\u00e1 \u010das\u0165 \u0161iat spo\u010d\u00edva na jemn\u00fdch, tenk\u00fdch ramienkach, ktor\u00e9 cel\u00e9mu k\u00fasku dod\u00e1vaj\u00fa \u013eahk\u00fd a ve\u013emi \u017eensk\u00fd vzh\u013ead. Jednoduch\u00e9, <strong>minimalistick\u00fd<\/strong> Strih dod\u00e1va tomuto modelu v\u00fdnimo\u010dne \u0161t\u00fdlov\u00fd a modern\u00fd vzh\u013ead. Roztiahnut\u00fd lem kr\u00e1sne spl\u00fdva s pohybom a dod\u00e1va siluete \u013eahkos\u0165 a jemn\u00fa eleganciu. V\u010faka tomu s\u00fa \u0161aty ide\u00e1lne na oslavy, recepcie, fotenia a letn\u00e9 podujatia. Hlavnou v\u00fdhodou tohto modelu je jeho... <strong data-start=\"1092\" data-end=\"1112\">elastick\u00fd p\u00e1s na zadnej strane<\/strong>, \u010do nielen zlep\u0161uje pohodlie, ale tie\u017e pom\u00e1ha \u0161at\u00e1m lep\u0161ie sedie\u0165. V\u010faka tomu sa strih kr\u00e1sne vln\u00ed, zv\u00fdraz\u0148uje p\u00e1s a poskytuje pohodlie po cel\u00e9 hodiny. Toto je perfektn\u00e9 rie\u0161enie pre \u017eeny, ktor\u00e9 si cenia elegantn\u00fd vzh\u013ead, ale nechc\u00fa obetova\u0165 pohodlie. Zmyseln\u00fd dizajn dotv\u00e1ra celkov\u00fd vzh\u013ead. <strong data-start=\"1448\" data-end=\"1470\">rez na nohe<\/strong>, ktor\u00e1 dod\u00e1va \u0161at\u00e1m \u013eahkos\u0165, \u017eensk\u00fd n\u00e1dych a n\u00e1dych sexep\u00edlu. Tento detail rob\u00ed \u0161aty v\u00fdrazn\u00fdmi a z\u00e1rove\u0148 ve\u013emi elegantn\u00fdmi a vkusn\u00fdmi. Rozparok kr\u00e1sne odha\u013euje nohu pri ch\u00f4dzi a tanci, v\u010faka \u010domu model vyzer\u00e1 mimoriadne atrakt\u00edvne na ka\u017edej postave. \u0160aty s\u00fa vyroben\u00e9 z vysoko kvalitn\u00e9ho materi\u00e1lu, jemne spl\u00fdvaj\u00fa po tele a zd\u00f4raz\u0148uj\u00fa \u017eensk\u00e9 krivky a ramienka dod\u00e1vaj\u00fa cel\u00e9mu vzh\u013eadu jemn\u00fd, romantick\u00fd n\u00e1dych. Ak sa neviete rozhodn\u00fa\u0165, ktor\u00fa farbu si vybra\u0165, <strong>ve\u013ekos\u0165<\/strong> je pre v\u00e1s to najlep\u0161ie <strong>kontaktuj n\u00e1s<\/strong> cez <a href=\"https:\/\/www.facebook.com\/madelinefashionbutik\" target=\"_blank\" rel=\"noopener\">Facebook<\/a> alebo <a href=\"https:\/\/madelinefashion.pl\/sk\/kontakt\/\">telef\u00f3n<\/a>. Ak ve\u013ekos\u0165 nie je na str\u00e1nke, kontaktujte n\u00e1s.<\/p>\n<h3 style=\"text-align: center;\">ROZMERY \u0161iat:<\/h3>\n<div class=\"additional-details\" style=\"text-align: center;\">\n<table width=\"556\">\n<tbody>\n<tr>\n<td width=\"205\"><strong>VE\u013dKOS\u0164<\/strong><\/td>\n<td><strong>poprsia<\/strong><\/td>\n<td><strong>P\u00e1s<\/strong><\/td>\n<td><strong>Boky<\/strong><\/td>\n<\/tr>\n<tr>\n<td width=\"205\"><strong>36<\/strong><\/td>\n<td>88-94<\/td>\n<td>68<\/td>\n<td>\u00a0ak\u00fdko\u013evek<\/td>\n<\/tr>\n<tr>\n<td width=\"205\"><strong>38<\/strong><\/td>\n<td>92-96<\/td>\n<td>72<\/td>\n<td>\u00a0ak\u00fdko\u013evek<\/td>\n<\/tr>\n<tr>\n<td width=\"205\"><strong>40<\/strong><\/td>\n<td>96-102<\/td>\n<td>76<\/td>\n<td>\u00a0ak\u00fdko\u013evek<\/td>\n<\/tr>\n<\/tbody>\n<\/table>\n<p>&nbsp;<\/p>\n<\/div>\n<p style=\"text-align: center;\"><span style=\"font-size: 10pt;\">celkov\u00e1 d\u013a\u017eka cca 160 cm <\/span>(\u0161aty sa daj\u00fa skr\u00e1ti\u0165 pod\u013ea vlastnej chuti)<\/p>\n<p style=\"text-align: center;\"><span style=\"font-size: 10pt;\">Rozmery sa m\u00f4\u017eu mierne l\u00ed\u0161i\u0165 od uveden\u00fdch +\/- 2cm.\u00a0<\/span><\/p>\n<p style=\"text-align: center;\"><span style=\"font-size: 10pt;\"><strong>\u00a0<\/strong>\u00a0<\/span><\/p>\n<table width=\"620\">\n<tbody>\n<tr>\n<td width=\"302\">Meno modela<\/td>\n<td width=\"302\">Maxi \u0161aty Arley<\/td>\n<\/tr>\n<tr>\n<td width=\"302\">Farba<\/td>\n<td width=\"302\">biely<\/td>\n<\/tr>\n<tr>\n<td width=\"302\">Ruk\u00e1v<\/td>\n<td width=\"302\">Nie<\/td>\n<\/tr>\n<tr>\n<td width=\"302\">ve\u013ekosti<\/td>\n<td width=\"302\">36 38 40<\/td>\n<\/tr>\n<tr>\n<td width=\"302\">M\u00f3da<\/td>\n<td width=\"302\">Rovn\u00fd \u2013 roz\u0161\u00edren\u00fd<\/td>\n<\/tr>\n<tr>\n<td width=\"302\">Materi\u00e1l<\/td>\n<td width=\"302\">Visk\u00f3za, Polyester<\/td>\n<\/tr>\n<tr>\n<td width=\"302\">D\u013a\u017eka<\/td>\n<td width=\"302\">Na zem<\/td>\n<\/tr>\n<\/tbody>\n<\/table>\n<p style=\"text-align: center;\" align=\"center\">Poz\u00fdvame v\u00e1s do n\u00e1\u0161ho sal\u00f3nu svadobn\u00fdch \u0161iat, ktor\u00fd sa nach\u00e1dza na ulici Moniuszki 2 v srdci Konstantyn\u00f3wa v Lod\u017eskom. V na\u0161om profesion\u00e1lnom sal\u00f3ne n\u00e1jdete \u0161irok\u00fd v\u00fdber svadobn\u00fdch \u0161iat, ktor\u00e9 splnia va\u0161e najtajnej\u0161ie sny o dokonalom dni. T\u00edm sk\u00fasen\u00fdch konzultantov v\u00e1m pom\u00f4\u017ee vybra\u0165 si perfektn\u00e9 \u0161aty, prisp\u00f4soben\u00e9 va\u0161im o\u010dak\u00e1vaniam a postave. Srde\u010dne v\u00e1s poz\u00fdvame na n\u00e1v\u0161tevu \u2013 presved\u010dte sa, ak\u00fd v\u00fdnimo\u010dn\u00fd m\u00f4\u017ee by\u0165 v\u00e1\u0161 de\u0148!<\/p>\n<p style=\"text-align: center;\" align=\"center\"><span style=\"font-size: 10.0pt;\">Aby ste si vybrali <strong>perfektn\u00e9 \u0161aty<\/strong> kontaktujte n\u00e1s telefonicky alebo prostredn\u00edctvom na\u0161ej webovej str\u00e1nky <a href=\"https:\/\/www.facebook.com\/madelinefashionbutik\" target=\"_blank\" rel=\"noopener\">Facebook<\/a> .<\/span><br \/>\n<span style=\"font-size: 10.0pt;\">N\u00e1\u0161 t\u00edm v\u00e1m pom\u00f4\u017ee <strong>Vyberte si ten spr\u00e1vny<\/strong> . <strong>Ka\u017ed\u00e9 \u0161aty vieme presne zmera\u0165 na po\u017eiadanie kupuj\u00facej.\u00a0<\/strong><\/span><\/p>\n<p style=\"text-align: center;\" align=\"center\">Ka\u017ed\u00e9 \u0161aty sa daj\u00fa v pr\u00edpade potreby upravi\u0165 pod\u013ea va\u0161ej v\u00fd\u0161ky a v\u00fd\u0161ky op\u00e4tku. Ak s\u00fa pr\u00edli\u0161 dlh\u00e9, kraj\u010d\u00edr ich m\u00f4\u017ee skr\u00e1ti\u0165 alebo mierne upravi\u0165. <strong>kraj\u010d\u00edrka sama<\/strong>. V\u010faka tomu si m\u00f4\u017eete vybran\u00fd model jednoducho prisp\u00f4sobi\u0165 svojim mieram a c\u00edti\u0165 sa v \u0148om dokonale.<\/p>","protected":false},"excerpt":{"rendered":"<p>Biele maxi \u0161aty Arley s\u00fa skvelou vo\u013ebou na svadbu alebo rozl\u00fa\u010dku so slobodou. Kombinuj\u00fa eleganciu so \u017eensk\u00fdm a zmyseln\u00fdm \u0161t\u00fdlom. S\u00fa ide\u00e1lne na pr\u00edle\u017eitosti, kde sa chcete c\u00edti\u0165 v\u00fdnimo\u010dne, no z\u00e1rove\u0148 pohodlne a uvo\u013enene. Tieto elegantn\u00e9, \u017eensk\u00e9 a neuverite\u013ene v\u0161estrann\u00e9, tieto jednoduch\u00e9 roz\u0161\u00edren\u00e9 \u0161aty s tenk\u00fdmi ramienkami s\u00fa perfektnou vo\u013ebou pre \u017eeny, ktor\u00e9...<\/p>\n<div class=\"klb-readmore post-buttons\"><a class=\"button black outline size-sm\" href=\"https:\/\/madelinefashion.pl\/sk\/sukienka-maxi-plisowana-arley-biala\/\">\u010c\u00edta\u0165 \u010falej <i class=\"klbth-icon-right-arrow\"><\/i><\/a><\/div>","protected":false},"featured_media":560085,"template":"","meta":[],"product_brand":[],"product_cat":[124,568,566,632],"product_tag":[219,163],"class_list":{"0":"post-560079","1":"product","2":"type-product","3":"status-publish","4":"has-post-thumbnail","6":"product_cat-sukienki-okolicznosciowe","7":"product_cat-sukienki-rozkloszowane-szyfonowe","8":"product_cat-suknie-slubne","9":"product_cat-suknie-slubne-rozkloszowane","10":"product_tag-sukienka-biala","11":"product_tag-sukienki-dlugie","13":"first","14":"instock","15":"purchasable","16":"product-type-variable"},"_links":{"self":[{"href":"https:\/\/madelinefashion.pl\/sk\/wp-json\/wp\/v2\/product\/560079","targetHints":{"allow":["GET"]}}],"collection":[{"href":"https:\/\/madelinefashion.pl\/sk\/wp-json\/wp\/v2\/product"}],"about":[{"href":"https:\/\/madelinefashion.pl\/sk\/wp-json\/wp\/v2\/types\/product"}],"wp:featuredmedia":[{"embeddable":true,"href":"https:\/\/madelinefashion.pl\/sk\/wp-json\/wp\/v2\/media\/560085"}],"wp:attachment":[{"href":"https:\/\/madelinefashion.pl\/sk\/wp-json\/wp\/v2\/media?parent=560079"}],"wp:term":[{"taxonomy":"product_brand","embeddable":true,"href":"https:\/\/madelinefashion.pl\/sk\/wp-json\/wp\/v2\/product_brand?post=560079"},{"taxonomy":"product_cat","embeddable":true,"href":"https:\/\/madelinefashion.pl\/sk\/wp-json\/wp\/v2\/product_cat?post=560079"},{"taxonomy":"product_tag","embeddable":true,"href":"https:\/\/madelinefashion.pl\/sk\/wp-json\/wp\/v2\/product_tag?post=560079"}],"curies":[{"name":"pracovn\u00fd list","href":"https:\/\/api.w.org\/{rel}","templated":true}]}}