{"id":561057,"date":"2025-03-20T13:13:11","date_gmt":"2025-03-20T12:13:11","guid":{"rendered":"https:\/\/madelinefashion.pl\/?post_type=product&#038;p=561057"},"modified":"2026-02-09T16:51:41","modified_gmt":"2026-02-09T15:51:41","slug":"ramoneska-z-zlotym-zamkiem-czarna-venus","status":"publish","type":"product","link":"https:\/\/madelinefashion.pl\/sk\/ramoneska-z-zlotym-zamkiem-czarna-venus\/","title":{"rendered":"\u010cierna motork\u00e1rska bunda Venus so zlat\u00fdm zipsom"},"content":{"rendered":"<h3 style=\"text-align: center;\">\u010cierna motork\u00e1rska bunda Venus so zlat\u00fdm zipsom<\/h3>\n<p style=\"text-align: center;\"><strong>Senza\u010dn\u00e1 bunda Ramones <\/strong>vyroben\u00e9 z m\u00e4kkej ekoko\u017ee v zlatej farbe<strong> zlat\u00e9 gomb\u00edky. Kr\u00e1sne sed\u00ed na postave a zv\u00fdraz\u0148uje p\u00e1s. Ko\u017een\u00e1 bunda <\/strong>je jedn\u00fdm z na\u0161ich n\u00e1vrhov na nadch\u00e1dzaj\u00face chladnej\u0161ie dni. <strong>Najpred\u00e1vanej\u0161\u00ed<\/strong> Model. Najklasickej\u0161\u00ed a nad\u010dasov\u00fd model bundy. D\u00e1 sa pou\u017ei\u0165 v akomko\u013evek \u0161t\u00fdle, ako ku klasick\u00fdm d\u017e\u00ednsom, bielemu tri\u010dku na ka\u017edodenn\u00e9 vych\u00e1dzky, tak aj k d\u00e1mskym \u0161at\u00e1m, ktor\u00fdm dod\u00e1va rockov\u00fd vzh\u013ead. <strong>charakter<\/strong>. Je to ist\u00e9 <strong>musie\u0165 ma\u0165<\/strong> Nevyhnutnos\u0165 v ka\u017edom \u0161atn\u00edku! Dlh\u00e9 ruk\u00e1vy s\u00fa ozdoben\u00e9 zipsami a prackami. Spodn\u00e1 strana bundy m\u00e1 dodato\u010dn\u00fa pod\u0161\u00edvku, ktor\u00e1 v\u00e1s ochr\u00e1ni v chladnej\u0161\u00edch d\u0148och. T\u00e1to klasick\u00e1 ko\u017een\u00e1 motork\u00e1rska bunda vynik\u00e1 nielen svoj\u00edm dokonal\u00fdm strihom, ale aj jemn\u00fdmi detailmi, ktor\u00e9 jej dod\u00e1vaj\u00fa jedine\u010dn\u00fd rockovo-\u0161ik charakter. Zlat\u00fd zips na prednej strane a ruk\u00e1voch jej dod\u00e1va elegantn\u00fd a z\u00e1rove\u0148 odv\u00e1\u017eny vzh\u013ead. Je to kombin\u00e1cia pevnosti a elegancie, ide\u00e1lna na ka\u017edodenn\u00e9 nosenie aj na \u0161peci\u00e1lne pr\u00edle\u017eitosti. Motork\u00e1rska bunda je dostupn\u00e1 vo ve\u013ekostiach<strong> SML XL.\u00a0\u00a0<\/strong>Ak m\u00e1te nejak\u00e9 ot\u00e1zky, sme tu, aby sme v\u00e1m pomohli.<\/p>\n<h3 style=\"text-align: center;\">Rozmery:<\/h3>\n<p align=\"center\"><strong>S<\/strong><\/p>\n<p align=\"center\">Celkov\u00e1 d\u013a\u017eka \u2013 47 cm<br \/>\n\u0160\u00edrka ramien \u2013 35 cm x 2<br \/>\n\u0160\u00edrka od podpazu\u0161ia k podpazu\u0161iu \u2013 42 cm x 2<br \/>\n\u0160\u00edrka p\u00e1sa \u2013 39 cm x 2<br \/>\nD\u013a\u017eka ruk\u00e1va od ramena \u2013 60 cm<br \/>\nD\u013a\u017eka ruk\u00e1va od podpazu\u0161ia \u2013 46 cm<br \/>\n\u0160\u00edrka bicepsu \u2013 14 cm x 2<\/p>\n<p align=\"center\"><strong>m<\/strong><\/p>\n<p align=\"center\">Celkov\u00e1 d\u013a\u017eka \u2013 48 cm<br \/>\n\u0160\u00edrka ramien \u2013 37 cm x 2<br \/>\n\u0160\u00edrka od podpazu\u0161ia k podpazu\u0161iu \u2013 44 cm x 2<br \/>\n\u0160\u00edrka p\u00e1sa \u2013 41 cm x 2<br \/>\nD\u013a\u017eka ruk\u00e1va od ramena \u2013 61 cm<br \/>\nD\u013a\u017eka ruk\u00e1va od podpazu\u0161ia - 47 cm<br \/>\n\u0160\u00edrka bicepsu \u2013 15 cm x 2<\/p>\n<p align=\"center\"><strong>L<\/strong><\/p>\n<p align=\"center\">Celkov\u00e1 d\u013a\u017eka \u2013 49 cm<br \/>\n\u0160\u00edrka ramien \u2013 39 cm x 2<br \/>\n\u0160\u00edrka od podpazu\u0161ia k podpazu\u0161iu \u2013 46 cm x 2<br \/>\n\u0160\u00edrka p\u00e1sa \u2013 43 cm x 2<br \/>\nD\u013a\u017eka ruk\u00e1va od ramena \u2013 62 cm<br \/>\nD\u013a\u017eka ruk\u00e1va od podpazu\u0161ia \u2013 48 cm<br \/>\n\u0160\u00edrka bicepsu \u2013 16 cm x 2<\/p>\n<p style=\"text-align: center;\">Rozmery sa m\u00f4\u017eu mierne l\u00ed\u0161i\u0165 od uveden\u00fdch +\/- 2cm. V\u0161etky uveden\u00e9 rozmery s\u00fa <strong>meran\u00fd byt<\/strong>.\u00a0<strong>rozmer x2<\/strong><\/p>\n<p>&nbsp;<\/p>\n<table width=\"605\">\n<tbody>\n<tr>\n<td width=\"302\">Meno modela<\/td>\n<td width=\"302\">\u010cierna motork\u00e1rska bunda Venus so zlat\u00fdm zipsom<\/td>\n<\/tr>\n<tr>\n<td width=\"302\">Farba<\/td>\n<td width=\"302\">\u010dierna<\/td>\n<\/tr>\n<tr>\n<td width=\"302\">ve\u013ekosti<\/td>\n<td width=\"302\">SML<\/td>\n<\/tr>\n<tr>\n<td width=\"302\">M\u00f3da<\/td>\n<td width=\"302\">Priliehav\u00e9 \/ \u0161t\u00edhle<\/td>\n<\/tr>\n<tr>\n<td width=\"302\">Hood<\/td>\n<td width=\"302\">Nie<\/td>\n<\/tr>\n<tr>\n<td width=\"302\">Kvalita<\/td>\n<td width=\"302\">Premium<\/td>\n<\/tr>\n<tr>\n<td width=\"302\">zap\u00ednanie<\/td>\n<td width=\"302\">Z\u00e1mok<\/td>\n<\/tr>\n<\/tbody>\n<\/table>\n<p>&nbsp;<\/p>\n<p style=\"text-align: center;\">Model m\u00e1\u00a0<strong>169<\/strong>\u00a0cm vysok\u00fd, nos\u00ed ve\u013ekos\u0165 ka\u017ed\u00fd de\u0148\u00a0<strong>S<\/strong><\/p>\n<p style=\"text-align: center;\">\u0160\u00edrka hrudn\u00edka 91 cm<\/p>\n<p style=\"text-align: center;\">\u0160\u00edrka p\u00e1su 71 cm<\/p>\n<p style=\"text-align: center;\">\u0160\u00edrka bokov 96 cm<\/p>\n<p style=\"text-align: center;\">","protected":false},"excerpt":{"rendered":"<p>\u010cierna motork\u00e1rska bunda Venus so zlat\u00fdm zipsom. T\u00e1to fantastick\u00e1 motork\u00e1rska bunda je vyroben\u00e1 z m\u00e4kkej, zlatej umelej ko\u017ee so zlat\u00fdmi gomb\u00edkmi. Kr\u00e1sne sed\u00ed na postave a zv\u00fdraz\u0148uje p\u00e1s. T\u00e1to ko\u017een\u00e1 bunda je jedn\u00fdm z na\u0161ich tipov na nadch\u00e1dzaj\u00face chladnej\u0161ie dni. Najpred\u00e1vanej\u0161\u00ed model. Najklasickej\u0161\u00ed a nad\u010dasov\u00fd model bundy. D\u00e1 sa nosi\u0165 s ak\u00fdmko\u013evek outfitom, klasick\u00fdm aj le\u017e\u00e9rnym.<\/p>\n<div class=\"klb-readmore post-buttons\"><a class=\"button black outline size-sm\" href=\"https:\/\/madelinefashion.pl\/sk\/ramoneska-z-zlotym-zamkiem-czarna-venus\/\">\u010c\u00edta\u0165 \u010falej <i class=\"klbth-icon-right-arrow\"><\/i><\/a><\/div>","protected":false},"featured_media":561003,"template":"","meta":[],"product_brand":[],"product_cat":[117],"product_tag":[295],"class_list":{"0":"post-561057","1":"product","2":"type-product","3":"status-publish","4":"has-post-thumbnail","6":"product_cat-kurtki","7":"product_tag-ramoneski","8":"pa_rozmiar-m-38","9":"pa_rozmiar-l-40","10":"pa_rozmiar-xl-42","11":"pa_rozmiar-s-36","13":"first","14":"instock","15":"sale","16":"purchasable","17":"product-type-variable"},"_links":{"self":[{"href":"https:\/\/madelinefashion.pl\/sk\/wp-json\/wp\/v2\/product\/561057","targetHints":{"allow":["GET"]}}],"collection":[{"href":"https:\/\/madelinefashion.pl\/sk\/wp-json\/wp\/v2\/product"}],"about":[{"href":"https:\/\/madelinefashion.pl\/sk\/wp-json\/wp\/v2\/types\/product"}],"wp:featuredmedia":[{"embeddable":true,"href":"https:\/\/madelinefashion.pl\/sk\/wp-json\/wp\/v2\/media\/561003"}],"wp:attachment":[{"href":"https:\/\/madelinefashion.pl\/sk\/wp-json\/wp\/v2\/media?parent=561057"}],"wp:term":[{"taxonomy":"product_brand","embeddable":true,"href":"https:\/\/madelinefashion.pl\/sk\/wp-json\/wp\/v2\/product_brand?post=561057"},{"taxonomy":"product_cat","embeddable":true,"href":"https:\/\/madelinefashion.pl\/sk\/wp-json\/wp\/v2\/product_cat?post=561057"},{"taxonomy":"product_tag","embeddable":true,"href":"https:\/\/madelinefashion.pl\/sk\/wp-json\/wp\/v2\/product_tag?post=561057"}],"curies":[{"name":"pracovn\u00fd list","href":"https:\/\/api.w.org\/{rel}","templated":true}]}}