{"id":56226,"date":"2022-08-31T10:28:59","date_gmt":"2022-08-31T08:28:59","guid":{"rendered":"https:\/\/madelinefashion.pl\/?post_type=product&#038;p=56226"},"modified":"2026-01-20T10:33:44","modified_gmt":"2026-01-20T09:33:44","slug":"bluzka-z-dlugim-rekawem-krotka-fuksja","status":"publish","type":"product","link":"https:\/\/madelinefashion.pl\/sk\/bluzka-z-dlugim-rekawem-krotka-fuksja\/","title":{"rendered":"Kr\u00e1tka fuchsiov\u00e1 bl\u00fazka s dlh\u00fdm ruk\u00e1vom"},"content":{"rendered":"<h3 style=\"text-align: center;\">Kr\u00e1tka fuchsiov\u00e1 bl\u00fazka s dlh\u00fdm ruk\u00e1vom<\/h3>\n<p style=\"text-align: center;\">Bl\u00fazka s dlh\u00fdmi ruk\u00e1vmi Kr\u00e1tke fuchsiov\u00e9 Oble\u010dte si outfit s paz\u00farikom Elastick\u00e1 l\u00e1tka sa dokonale prisp\u00f4sob\u00ed postave. Zvolen\u00fd pre mnoh\u00e9 jarn\u00e9 a letn\u00e9 \u0161tyliz\u00e1cie. <strong>Model, ktor\u00fd si zamilujete<\/strong>. M\u00f4\u017eete ju nosi\u0165 k \u0161ortk\u00e1m, d\u017e\u00ednsom alebo sukni. Kr\u00e1tka bl\u00fazka vyroben\u00e1 z <strong>rebrovan\u00fd materi\u00e1l<\/strong> m\u00e1 kr\u00e1sne naf\u00faknut\u00e9 ruk\u00e1vy s lemom a gomb\u00edkmi. <strong>Mega \u017eensk\u00fd, zmyseln\u00fd sexi top <\/strong>Eur\u00f3psky v\u00fdrobok, ve\u013emi dobr\u00e1 kvalita.<strong>\u00a0<\/strong>Ve\u013ekos\u0165\u00a0<strong>odpor\u00fa\u010dan\u00e9 univerz\u00e1lne<\/strong>\u00a0pre d\u00e1my vo ve\u013ekosti od<strong> XS a\u017e L\u00a0 \u00a0<\/strong>\u0160irok\u00e1 \u0161k\u00e1la farieb v\u00e1m umo\u017en\u00ed vybra\u0165 si top, ktor\u00fd zv\u00fdrazn\u00ed va\u0161u postavu!<\/p>\n<h3 style=\"text-align: center;\">Rozmery<\/h3>\n<ul style=\"text-align: center;\">\n<li>celkov\u00e1 d\u013a\u017eka: 42 cm<\/li>\n<li>\u0161\u00edrka od pazuchy po pazuchu 44-47 cm<\/li>\n<li>d\u013a\u017eka ruk\u00e1va od podpazu\u0161ia: 37 cm<\/li>\n<li>d\u013a\u017eka ruk\u00e1va od ramena: 54 cm<\/li>\n<\/ul>\n<p style=\"text-align: center;\">Rozmery sa m\u00f4\u017eu mierne l\u00ed\u0161i\u0165 od uveden\u00fdch +\/- 2cm. V\u0161etky uveden\u00e9 rozmery s\u00fa meran\u00e9 plo\u0161ne. <strong>rozmer x2<\/strong><\/p>\n<p style=\"text-align: center;\"><strong>\u00a0<\/strong><\/p>\n<table width=\"623\">\n<tbody>\n<tr>\n<td width=\"302\">Meno modela<\/td>\n<td width=\"302\">Kr\u00e1tka bl\u00fazka s dlh\u00fdm ruk\u00e1vom<\/td>\n<\/tr>\n<tr>\n<td width=\"302\">Farba<\/td>\n<td width=\"302\">Fuchsiov\u00e1<\/td>\n<\/tr>\n<tr>\n<td width=\"302\">Zbierka<\/td>\n<td width=\"302\">Jar Leto Jese\u0148<\/td>\n<\/tr>\n<tr>\n<td width=\"302\">ve\u013ekosti<\/td>\n<td width=\"302\">Univerz\u00e1lny<\/td>\n<\/tr>\n<tr>\n<td width=\"302\">M\u00f3da<\/td>\n<td width=\"302\">Zhoda<\/td>\n<\/tr>\n<tr>\n<td width=\"302\">\u0160tiepenie<\/td>\n<td width=\"302\">V<\/td>\n<\/tr>\n<tr>\n<td width=\"302\">Ko\u0161\u00ed\u010dky na spevnenie poprsia<\/td>\n<td width=\"302\">\u00c1no<\/td>\n<\/tr>\n<tr>\n<td width=\"302\">Materi\u00e1l<\/td>\n<td width=\"302\">95% visk\u00f3za 5% spandex<\/td>\n<\/tr>\n<\/tbody>\n<\/table>\n<p>&nbsp;<\/p>\n<p style=\"text-align: center;\">Model m\u00e1\u00a0<strong>169<\/strong>\u00a0cm vysok\u00fd, nos\u00ed ve\u013ekos\u0165 ka\u017ed\u00fd de\u0148\u00a0<strong>S<\/strong><\/p>\n<p style=\"text-align: center;\">\u0160\u00edrka cez prsia 92 cm<\/p>\n<p style=\"text-align: center;\">\u0160\u00edrka v p\u00e1se 62 cm<\/p>\n<p style=\"text-align: center;\">\u0160\u00edrka v bokoch 94 cm<\/p>","protected":false},"excerpt":{"rendered":"<p>Bluzka Z D\u0142ugim R\u0119kawem Kr\u00f3tka Fuksja Bluzka Z D\u0142ugim R\u0119kawem Kr\u00f3tka Fuksja Postaw na outfit z pazurem Elastyczna tkanina idealnie dopasowuje si\u0119 do sylwetki. Wybierany do wielu wiosennych i letnich stylizacji. Model w kt\u00f3rym si\u0119 zakochasz. Mo\u017cesz j\u0105 nosi\u0107 do szort\u00f3w, d\u017cins\u00f3w czy sp\u00f3dnicy. Kr\u00f3tka bluzka wykonana z pr\u0105\u017ckowanego materia\u0142u posiada pi\u0119kne bufiaste r\u0119kawki ze<\/p>\n<div class=\"klb-readmore post-buttons\"><a class=\"button black outline size-sm\" href=\"https:\/\/madelinefashion.pl\/sk\/bluzka-z-dlugim-rekawem-krotka-fuksja\/\">\u010c\u00edta\u0165 \u010falej <i class=\"klbth-icon-right-arrow\"><\/i><\/a><\/div>","protected":false},"featured_media":55802,"template":"","meta":[],"product_brand":[],"product_cat":[77],"product_tag":[477],"class_list":{"0":"post-56226","1":"product","2":"type-product","3":"status-publish","4":"has-post-thumbnail","6":"product_cat-bluzki","7":"product_tag-bluzki-z-dlugim-rekawem","9":"first","10":"instock","11":"sale","12":"purchasable","13":"product-type-simple"},"_links":{"self":[{"href":"https:\/\/madelinefashion.pl\/sk\/wp-json\/wp\/v2\/product\/56226","targetHints":{"allow":["GET"]}}],"collection":[{"href":"https:\/\/madelinefashion.pl\/sk\/wp-json\/wp\/v2\/product"}],"about":[{"href":"https:\/\/madelinefashion.pl\/sk\/wp-json\/wp\/v2\/types\/product"}],"wp:featuredmedia":[{"embeddable":true,"href":"https:\/\/madelinefashion.pl\/sk\/wp-json\/wp\/v2\/media\/55802"}],"wp:attachment":[{"href":"https:\/\/madelinefashion.pl\/sk\/wp-json\/wp\/v2\/media?parent=56226"}],"wp:term":[{"taxonomy":"product_brand","embeddable":true,"href":"https:\/\/madelinefashion.pl\/sk\/wp-json\/wp\/v2\/product_brand?post=56226"},{"taxonomy":"product_cat","embeddable":true,"href":"https:\/\/madelinefashion.pl\/sk\/wp-json\/wp\/v2\/product_cat?post=56226"},{"taxonomy":"product_tag","embeddable":true,"href":"https:\/\/madelinefashion.pl\/sk\/wp-json\/wp\/v2\/product_tag?post=56226"}],"curies":[{"name":"pracovn\u00fd list","href":"https:\/\/api.w.org\/{rel}","templated":true}]}}