{"id":563392,"date":"2025-04-18T12:53:07","date_gmt":"2025-04-18T10:53:07","guid":{"rendered":"https:\/\/madelinefashion.pl\/?post_type=product&#038;p=563392"},"modified":"2026-04-28T11:13:08","modified_gmt":"2026-04-28T09:13:08","slug":"suknia-maxi-gorsetowa-marlenita-wrzosowa","status":"publish","type":"product","link":"https:\/\/madelinefashion.pl\/sk\/suknia-maxi-gorsetowa-marlenita-wrzosowa\/","title":{"rendered":"Maxi \u0161aty Marlenita Heather s korzetom"},"content":{"rendered":"<h3 style=\"text-align: center;\">Maxi \u0161aty Marlenita Heather s korzetom<\/h3>\n<p class=\"\" style=\"text-align: center;\" data-start=\"82\" data-end=\"315\">Fenomen\u00e1lne a pln\u00e9 romantizmu \u2013 svadobn\u00e9 \u0161aty <strong data-start=\"330\" data-end=\"343\">Marlenita<\/strong> Toto je n\u00e1vrh pre \u017eeny, ktor\u00e9 chc\u00fa o\u010dari\u0165 jedine\u010dn\u00fdm \u0161t\u00fdlom a zd\u00f4razni\u0165 svoju \u017eenskos\u0165. V decentnej farbe. <strong data-start=\"460\" data-end=\"470\">vres<\/strong>, tento model je perfektn\u00fd nielen pre dru\u017ei\u010dky, ale aj ako \u0161aty na svadbu, ples alebo elegantn\u00fa p\u00e1rty. <strong>\u0160aty od Madelinefashion<\/strong>\u00a0 je perfektnou vo\u013ebou na svadby, plesy, Silvestra a in\u00e9 elegantn\u00e9 \u0161peci\u00e1lne pr\u00edle\u017eitosti. V na\u0161om internetovom obchode n\u00e1jdete jedine\u010dn\u00e9 \u0161aty za neuverite\u013ene prijate\u013en\u00e9 ceny \u2013\u00a0 <strong>nev\u00e1hajte a vyberte si ten, ktor\u00fd je pre v\u00e1s ide\u00e1lny<\/strong>. Ak sa neviete rozhodn\u00fa\u0165 ak\u00fa farbu, <strong>ve\u013ekos\u0165<\/strong> je pre v\u00e1s to najlep\u0161ie <strong>kontaktuj n\u00e1s<\/strong> cez <a href=\"https:\/\/www.facebook.com\/madelinefashionbutik\" target=\"_blank\" rel=\"noopener\">Facebook<\/a> alebo <a href=\"https:\/\/madelinefashion.pl\/sk\/kontakt\/\">telef\u00f3n<\/a>. Ak ve\u013ekos\u0165 nie je na str\u00e1nke, kontaktujte n\u00e1s.\u00a0<strong> Neviete ak\u00e9 svadobn\u00e9 \u0161aty si vybra\u0165? <a href=\"https:\/\/madelinefashion.pl\/sk\/product-tag\/sukienka-biala\/?orderby=price-desc\">Skontrolujte<\/a>to bude pre teba ide\u00e1lne!\u00a0<\/strong><\/p>\n<h3 style=\"text-align: center;\">ROZMERY \u0161iat:<\/h3>\n<p>&nbsp;<\/p>\n<table width=\"556\">\n<tbody>\n<tr>\n<td><strong>VE\u013dKOS\u0164<\/strong><\/td>\n<td><strong>poprsia<\/strong><\/td>\n<td><strong>P\u00e1s<\/strong><\/td>\n<td><strong>Boky<\/strong><\/td>\n<\/tr>\n<tr>\n<td><strong>34<\/strong><\/td>\n<td>84-86<\/td>\n<td>64<\/td>\n<td>\u00a0ak\u00fdko\u013evek<\/td>\n<\/tr>\n<tr>\n<td><strong>36<\/strong><\/td>\n<td>88-90<\/td>\n<td>68<\/td>\n<td>\u00a0ak\u00fdko\u013evek<\/td>\n<\/tr>\n<tr>\n<td><strong>38<\/strong><\/td>\n<td>92-94<\/td>\n<td>72<\/td>\n<td>\u00a0ak\u00fdko\u013evek<\/td>\n<\/tr>\n<tr>\n<td><strong>40<\/strong><\/td>\n<td>96-98<\/td>\n<td>76<\/td>\n<td>\u00a0ak\u00fdko\u013evek<\/td>\n<\/tr>\n<\/tbody>\n<\/table>\n<p style=\"text-align: center;\"><span style=\"font-size: 10pt;\"><span style=\"font-size: 10pt;\">\u0160aty dostupn\u00e9 aj v <\/span><strong style=\"font-size: 10pt;\">in\u00e9 farebn\u00e9 varianty<\/strong><span style=\"font-size: 10pt;\"> \u2013 odpor\u00fa\u010dame v\u00e1m zozn\u00e1mi\u0165 sa s na\u0161imi \u010fal\u0161\u00edmi produktmi.\u00a0<\/span>celkov\u00e1 d\u013a\u017eka cca 157 cm\u00a0\u00a0<\/span><\/p>\n<p style=\"text-align: center;\"><span style=\"font-size: 10pt;\">Rozmery sa m\u00f4\u017eu mierne l\u00ed\u0161i\u0165 od uveden\u00fdch +\/- 2cm.\u00a0<\/span><\/p>\n<p style=\"text-align: center;\"><span style=\"font-size: 10pt;\"><strong>\u00a0<\/strong>\u00a0<\/span><\/p>\n<table width=\"618\">\n<tbody>\n<tr>\n<td width=\"302\">Meno modela<\/td>\n<td width=\"302\">Maxi \u0161aty Marlenita s korzetom<\/td>\n<\/tr>\n<tr>\n<td width=\"302\">Farba<\/td>\n<td width=\"302\">Heather<\/td>\n<\/tr>\n<tr>\n<td width=\"302\">Marka<\/td>\n<td width=\"302\">Madelinefashion<\/td>\n<\/tr>\n<tr>\n<td width=\"302\">ve\u013ekosti<\/td>\n<td width=\"302\">\u00a036 38 40<\/td>\n<\/tr>\n<tr>\n<td width=\"302\">M\u00f3da<\/td>\n<td width=\"302\">Zhoda<\/td>\n<\/tr>\n<tr>\n<td width=\"302\">Materi\u00e1l<\/td>\n<td width=\"302\">Visk\u00f3za, polyester, bavlna<\/td>\n<\/tr>\n<tr>\n<td width=\"302\">D\u013a\u017eka<\/td>\n<td width=\"302\">Na zem<\/td>\n<\/tr>\n<\/tbody>\n<\/table>\n<p style=\"text-align: center;\"><span style=\"font-size: 10pt;\">\u00a0<\/span><\/p>\n<p>&nbsp;<\/p>\n<p style=\"text-align: center;\"><span style=\"font-size: 10pt;\">Aby ste si vybrali <strong>perfektn\u00e9 \u0161aty<\/strong> kontaktujte n\u00e1s telefonicky alebo prostredn\u00edctvom na\u0161ej webovej str\u00e1nky <a href=\"https:\/\/www.facebook.com\/madelinefashionbutik\" target=\"_blank\" rel=\"noopener\">Facebook<\/a> .<\/span><br \/>\n<span style=\"font-size: 10pt;\">N\u00e1\u0161 t\u00edm v\u00e1m pom\u00f4\u017ee <strong>Vyberte si ten spr\u00e1vny<\/strong> . <strong>Na \u017eelanie kupuj\u00faceho vyrob\u00edme ak\u00e9ko\u013evek \u0161aty\u00a0<\/strong><strong>opatrne mera\u0165.\u00a0<\/strong><\/span><\/p>\n<div class=\"additional-details\" style=\"text-align: center;\">\n<p style=\"text-align: center;\"><span style=\"font-size: 10pt;\">\u00a0<\/span><\/p>\n<\/div>","protected":false},"excerpt":{"rendered":"<p>Suknia Maxi Gorsetowa Marlenita Wrzosowa Zjawiskowa i pe\u0142na romantyzmu \u2013 suknia weselna Marlenita to propozycja dla kobiet, kt\u00f3re chc\u0105 oczarowa\u0107 wyj\u0105tkowym stylem i podkre\u015bli\u0107 swoj\u0105 kobieco\u015b\u0107. W kolorze subtelnego wrzosu, model ten doskonale sprawdzi si\u0119 nie tylko dla druhen, ale tak\u017ce jako suknia na wesele, bal czy eleganckie przyj\u0119cie. Sukienki od Madelinefashion\u00a0 to doskona\u0142y wyb\u00f3r<\/p>\n<div class=\"klb-readmore post-buttons\"><a class=\"button black outline size-sm\" href=\"https:\/\/madelinefashion.pl\/sk\/suknia-maxi-gorsetowa-marlenita-wrzosowa\/\">\u010c\u00edta\u0165 \u010falej <i class=\"klbth-icon-right-arrow\"><\/i><\/a><\/div>","protected":false},"featured_media":565807,"template":"","meta":[],"product_brand":[],"product_cat":[124,395,563,561],"product_tag":[257,163,259],"class_list":{"0":"post-563392","1":"product","2":"type-product","3":"status-publish","4":"has-post-thumbnail","6":"product_cat-sukienki-okolicznosciowe","7":"product_cat-nowosci","8":"product_cat-sukienki-gorsetowe","9":"product_cat-sukienki-tiulowe","10":"product_tag-madelinefashion","11":"product_tag-sukienki-dlugie","12":"product_tag-sukienki-wrzosowe","14":"first","15":"instock","16":"sale","17":"purchasable","18":"product-type-variable"},"_links":{"self":[{"href":"https:\/\/madelinefashion.pl\/sk\/wp-json\/wp\/v2\/product\/563392","targetHints":{"allow":["GET"]}}],"collection":[{"href":"https:\/\/madelinefashion.pl\/sk\/wp-json\/wp\/v2\/product"}],"about":[{"href":"https:\/\/madelinefashion.pl\/sk\/wp-json\/wp\/v2\/types\/product"}],"wp:featuredmedia":[{"embeddable":true,"href":"https:\/\/madelinefashion.pl\/sk\/wp-json\/wp\/v2\/media\/565807"}],"wp:attachment":[{"href":"https:\/\/madelinefashion.pl\/sk\/wp-json\/wp\/v2\/media?parent=563392"}],"wp:term":[{"taxonomy":"product_brand","embeddable":true,"href":"https:\/\/madelinefashion.pl\/sk\/wp-json\/wp\/v2\/product_brand?post=563392"},{"taxonomy":"product_cat","embeddable":true,"href":"https:\/\/madelinefashion.pl\/sk\/wp-json\/wp\/v2\/product_cat?post=563392"},{"taxonomy":"product_tag","embeddable":true,"href":"https:\/\/madelinefashion.pl\/sk\/wp-json\/wp\/v2\/product_tag?post=563392"}],"curies":[{"name":"pracovn\u00fd list","href":"https:\/\/api.w.org\/{rel}","templated":true}]}}