{"id":564868,"date":"2025-05-07T17:14:58","date_gmt":"2025-05-07T15:14:58","guid":{"rendered":"https:\/\/madelinefashion.pl\/?post_type=product&#038;p=564868"},"modified":"2026-03-26T12:38:52","modified_gmt":"2026-03-26T11:38:52","slug":"sukienka-maxi-zwiewna-rainbow-bialy-w-rozowe-kwiaty","status":"publish","type":"product","link":"https:\/\/madelinefashion.pl\/sk\/sukienka-maxi-zwiewna-rainbow-bialy-w-rozowe-kwiaty\/","title":{"rendered":"Biele d\u00fahov\u00e9 spl\u00fdvav\u00e9 maxi \u0161aty s ru\u017eov\u00fdmi kvetmi"},"content":{"rendered":"<h3 style=\"text-align: center;\">Biele d\u00fahov\u00e9 spl\u00fdvav\u00e9 maxi \u0161aty s ru\u017eov\u00fdmi kvetmi<\/h3>\n<p style=\"text-align: center;\">Tieto biele \u0161aty s kvetinov\u00fdm mot\u00edvom s\u00fa perfektnou vo\u013ebou pre tie, ktor\u00e9 h\u013eadaj\u00fa jarn\u00fd alebo letn\u00fd outfit. Suk\u0148a s v\u0161itou l\u00e1tkou v p\u00e1se vytv\u00e1ra mierne roz\u0161\u00edren\u00fd strih. Tento strih kr\u00e1sne zv\u00fdraz\u0148uje chrb\u00e1t a ramen\u00e1. <strong data-start=\"55\" data-end=\"84\">Vzdu\u0161n\u00e9 kvetinov\u00e9 \u0161aty<\/strong> Je to stelesnenie \u017eenskosti a letn\u00e9ho \u0161armu. Vyroben\u00e9 z \u013eahkej, vzdu\u0161nej l\u00e1tky, jemne spl\u00fdvaj\u00fa po siluete a zais\u0165uj\u00fa pohodlie a slobodu pohybu aj v najteplej\u0161\u00edch d\u0148och. Jemn\u00fd kvetinov\u00fd vzor dod\u00e1va romantick\u00fd n\u00e1dych. \u0160aty s\u00fa vyroben\u00e9 z jemnej, spl\u00fdvavej l\u00e1tky. Vzdu\u0161n\u00fd strih s jemn\u00fdmi vol\u00e1nikmi a roz\u0161\u00edren\u00e1 suk\u0148a zd\u00f4raz\u0148uje \u017eenstvenos\u0165 a dod\u00e1va cel\u00e9mu vzh\u013eadu svie\u017ei a \u013eahk\u00fd n\u00e1dych. Ak sa neviete rozhodn\u00fa\u0165, ktor\u00fa farbu zvoli\u0165, <strong>ve\u013ekos\u0165<\/strong> je pre v\u00e1s to najlep\u0161ie <strong>kontaktuj n\u00e1s<\/strong> cez <a href=\"https:\/\/www.facebook.com\/madelinefashionbutik\" target=\"_blank\" rel=\"noopener\">Facebook<\/a> alebo <a href=\"https:\/\/madelinefashion.pl\/sk\/kontakt\/\">telef\u00f3n<\/a>. Ak ve\u013ekos\u0165 nie je na str\u00e1nke, kontaktujte n\u00e1s.<\/p>\n<h3 style=\"text-align: center;\">ROZMERY \u0161iat:<\/h3>\n<div class=\"additional-details\" style=\"text-align: center;\">\n<div class=\"additional-details\" style=\"text-align: center;\">\n<table width=\"556\">\n<tbody>\n<tr>\n<td width=\"202\"><strong>VE\u013dKOS\u0164<\/strong><\/td>\n<td><strong>poprsia<\/strong><\/td>\n<td><strong>P\u00e1s<\/strong><\/td>\n<td><strong>Boky<\/strong><\/td>\n<\/tr>\n<tr>\n<td width=\"202\"><strong>34<\/strong><\/td>\n<td>84-86<\/td>\n<td>64<\/td>\n<td>\u00a0Ak\u00e9ko\u013evek<\/td>\n<\/tr>\n<tr>\n<td width=\"202\"><strong>36<\/strong><\/td>\n<td>88-90<\/td>\n<td>68<\/td>\n<td>\u00a0Ak\u00e9ko\u013evek<\/td>\n<\/tr>\n<tr>\n<td width=\"202\"><strong>38<\/strong><\/td>\n<td>92-94<\/td>\n<td>72<\/td>\n<td>\u00a0Ak\u00e9ko\u013evek<\/td>\n<\/tr>\n<\/tbody>\n<\/table>\n<p>&nbsp;<\/p>\n<\/div>\n<p style=\"text-align: center;\"><span style=\"font-size: 10pt;\">celkov\u00e1 d\u013a\u017eka cca 157 cm <\/span>(\u0161aty sa daj\u00fa skr\u00e1ti\u0165 pod\u013ea vlastnej chuti)<\/p>\n<\/div>\n<p style=\"text-align: center;\"><span style=\"font-size: 10pt;\">\u0160aty s\u00fa dostupn\u00e9 aj v in\u00fdch farb\u00e1ch - odpor\u00fa\u010dame v\u00e1m zozn\u00e1mi\u0165 sa s na\u0161imi \u010fal\u0161\u00edmi produktmi.<\/span><\/p>\n<p style=\"text-align: center;\"><span style=\"font-size: 10pt;\">Rozmery sa m\u00f4\u017eu mierne l\u00ed\u0161i\u0165 od uveden\u00fdch +\/- 2cm.\u00a0<\/span><\/p>\n<p style=\"text-align: center;\"><span style=\"font-size: 10pt;\"><strong>\u00a0<\/strong>\u00a0<\/span><\/p>\n<table width=\"620\">\n<tbody>\n<tr>\n<td width=\"302\">Meno modela<\/td>\n<td width=\"302\">D\u00fahov\u00e9 vzdu\u0161n\u00e9 maxi \u0161aty<\/td>\n<\/tr>\n<tr>\n<td width=\"302\">Farba<\/td>\n<td width=\"302\">biely<\/td>\n<\/tr>\n<tr>\n<td width=\"302\">T\u00e9ma<\/td>\n<td width=\"302\">Kvety<\/td>\n<\/tr>\n<tr>\n<td width=\"302\">ve\u013ekosti<\/td>\n<td width=\"302\">34 36 38<\/td>\n<\/tr>\n<tr>\n<td width=\"302\">M\u00f3da<\/td>\n<td width=\"302\">Vzplanul<\/td>\n<\/tr>\n<tr>\n<td width=\"302\">Materi\u00e1l<\/td>\n<td width=\"302\">Visk\u00f3za, polyester, bavlna<\/td>\n<\/tr>\n<tr>\n<td width=\"302\">D\u013a\u017eka<\/td>\n<td width=\"302\">Na zem<\/td>\n<\/tr>\n<\/tbody>\n<\/table>\n<p style=\"text-align: center;\"><span style=\"font-size: 10pt;\">\u00a0<\/span><\/p>\n<p style=\"text-align: center;\"><span style=\"font-size: 10pt;\">Aby ste si vybrali <strong>perfektn\u00e9 \u0161aty<\/strong> kontaktujte n\u00e1s telefonicky alebo prostredn\u00edctvom na\u0161ej webovej str\u00e1nky <a href=\"https:\/\/www.facebook.com\/madelinefashionbutik\" target=\"_blank\" rel=\"noopener\">Facebook<\/a> .<\/span><br \/>\n<span style=\"font-size: 10pt;\">N\u00e1\u0161 t\u00edm v\u00e1m pom\u00f4\u017ee <strong>Vyberte si ten spr\u00e1vny<\/strong> . <strong>Na \u017eelanie kupuj\u00faceho vyrob\u00edme ak\u00e9ko\u013evek \u0161aty\u00a0<\/strong><strong>opatrne mera\u0165.\u00a0<\/strong><\/span><\/p>\n<div class=\"additional-details\" style=\"text-align: center;\">\n<p style=\"text-align: center;\"><span style=\"font-size: 10pt;\">\u00a0<\/span><\/p>\n<\/div>","protected":false},"excerpt":{"rendered":"<p>Sukienka Maxi Zwiewna Rainbow Bia\u0142y w R\u00f3\u017cowe Kwiaty Bia\u0142a sukienka z motywem kwiatowym to idealna propozycja dla os\u00f3b, kt\u00f3re szukaj\u0105 kreacji na wiosn\u0119 czy lato. Od talii sp\u00f3dnica z przeszyt\u0105 tkanin\u0105 powoduj\u0105c\u0105 lekkie rozkloszowanie. Model pi\u0119knie eksponuje plecy oraz ramiona. Zwiewna sukienka w kwiaty to esencja kobieco\u015bci i letniego uroku. Wykonana z lekkiego, przewiewnego materia\u0142u,<\/p>\n<div class=\"klb-readmore post-buttons\"><a class=\"button black outline size-sm\" href=\"https:\/\/madelinefashion.pl\/sk\/sukienka-maxi-zwiewna-rainbow-bialy-w-rozowe-kwiaty\/\">\u010c\u00edta\u0165 \u010falej <i class=\"klbth-icon-right-arrow\"><\/i><\/a><\/div>","protected":false},"featured_media":564873,"template":"","meta":[],"product_brand":[],"product_cat":[124,395,559,568],"product_tag":[257,163,215,396],"class_list":{"0":"post-564868","1":"product","2":"type-product","3":"status-publish","4":"has-post-thumbnail","6":"product_cat-sukienki-okolicznosciowe","7":"product_cat-nowosci","8":"product_cat-noworoczna-sekcja-okazji","9":"product_cat-sukienki-rozkloszowane-szyfonowe","10":"product_tag-madelinefashion","11":"product_tag-sukienki-dlugie","12":"product_tag-sukienki-rozowe","13":"product_tag-sukienki-w-kwiaty","15":"first","16":"instock","17":"sale","18":"purchasable","19":"product-type-variable"},"_links":{"self":[{"href":"https:\/\/madelinefashion.pl\/sk\/wp-json\/wp\/v2\/product\/564868","targetHints":{"allow":["GET"]}}],"collection":[{"href":"https:\/\/madelinefashion.pl\/sk\/wp-json\/wp\/v2\/product"}],"about":[{"href":"https:\/\/madelinefashion.pl\/sk\/wp-json\/wp\/v2\/types\/product"}],"wp:featuredmedia":[{"embeddable":true,"href":"https:\/\/madelinefashion.pl\/sk\/wp-json\/wp\/v2\/media\/564873"}],"wp:attachment":[{"href":"https:\/\/madelinefashion.pl\/sk\/wp-json\/wp\/v2\/media?parent=564868"}],"wp:term":[{"taxonomy":"product_brand","embeddable":true,"href":"https:\/\/madelinefashion.pl\/sk\/wp-json\/wp\/v2\/product_brand?post=564868"},{"taxonomy":"product_cat","embeddable":true,"href":"https:\/\/madelinefashion.pl\/sk\/wp-json\/wp\/v2\/product_cat?post=564868"},{"taxonomy":"product_tag","embeddable":true,"href":"https:\/\/madelinefashion.pl\/sk\/wp-json\/wp\/v2\/product_tag?post=564868"}],"curies":[{"name":"pracovn\u00fd list","href":"https:\/\/api.w.org\/{rel}","templated":true}]}}