{"id":565810,"date":"2025-05-14T13:28:14","date_gmt":"2025-05-14T11:28:14","guid":{"rendered":"https:\/\/madelinefashion.pl\/?post_type=product&#038;p=565810"},"modified":"2026-04-20T17:52:04","modified_gmt":"2026-04-20T15:52:04","slug":"suknia-na-ramiaczkach-boda-szalwia","status":"publish","type":"product","link":"https:\/\/madelinefashion.pl\/sk\/suknia-na-ramiaczkach-boda-szalwia\/","title":{"rendered":"\u0160aty Boda Sage s ramienkami"},"content":{"rendered":"<h3 style=\"text-align: center;\">\u0160aty Boda Sage s ramienkami<\/h3>\n<p style=\"text-align: center;\"><strong>Fenomen\u00e1lne priliehav\u00e9 \u0161aty v m\u00e4tovej farbe\u00a0<\/strong> s origin\u00e1lom <strong>\u010dipkovan\u00fd top<\/strong> Top s v\u00fdstrihom do V zo sie\u0165oviny lemovan\u00fd guipurovou kvetinovou \u010dipkou s na\u0161it\u00fdmi kor\u00e1lkami. <strong>Vyzer\u00e1 ve\u013emi zmyselne a origin\u00e1lne.<\/strong> \u0160if\u00f3nov\u00fd chrb\u00e1t s jemn\u00fdm v\u00fdstrihom do V. Spodok \u0161iat je vypasovan\u00fd - ala<strong> ryby<\/strong>. Biele \u0161aty na civiln\u00fd alebo cirkevn\u00fd sob\u00e1\u0161, ide\u00e1lne na svadobn\u00fa hostinu alebo p\u00e1rty po svadbe. <strong>\u00a0V\u00fdstrih do V<\/strong>. Z\u00fa\u017een\u00e1 v p\u00e1se dokonale zv\u00fdrazn\u00ed p\u00e1s. <strong>\u0160aty s ryb\u00edm chvostom<\/strong> (morsk\u00e1 panna) je stelesnen\u00edm svadobnej elegancie. Kr\u00e1sne zv\u00fdraz\u0148uje p\u00e1s, boky a poprsie. Na\u0161a <strong>\u0160aty<\/strong> Svetlozeleno-\u0161alviov\u00e1 farba dod\u00e1 v\u00e1\u0161mu stylingu \u013eahkos\u0165 a svie\u017eos\u0165 \u2013 bude perfektn\u00e1 na jar a leto, ale aj ako farebn\u00fd akcent v tlmenej\u0161\u00edch, jesenno-zimn\u00fdch setoch. <strong>\u0160aty od Madelinefashion<\/strong>\u00a0 je perfektnou vo\u013ebou na svadby, plesy, Silvestra a in\u00e9 elegantn\u00e9 \u0161peci\u00e1lne pr\u00edle\u017eitosti. V na\u0161om internetovom obchode n\u00e1jdete jedine\u010dn\u00e9 \u0161aty za neuverite\u013ene prijate\u013en\u00e9 ceny \u2013\u00a0 <strong>nev\u00e1hajte a vyberte si ten, ktor\u00fd je pre v\u00e1s ide\u00e1lny<\/strong>. Ak sa neviete rozhodn\u00fa\u0165 ak\u00fa farbu, <strong>ve\u013ekos\u0165<\/strong> je pre v\u00e1s to najlep\u0161ie <strong>kontaktuj n\u00e1s<\/strong> cez <a href=\"https:\/\/www.facebook.com\/madelinefashionbutik\" target=\"_blank\" rel=\"noopener\">Facebook<\/a> alebo <a href=\"https:\/\/madelinefashion.pl\/sk\/kontakt\/\">telef\u00f3n<\/a>. Ak ve\u013ekos\u0165 nie je na str\u00e1nke, kontaktujte n\u00e1s.\u00a0<strong> Neviete ak\u00e9 svadobn\u00e9 \u0161aty si vybra\u0165? <a href=\"https:\/\/madelinefashion.pl\/sk\/product-tag\/sukienka-biala\/?orderby=price-desc\">Skontrolujte<\/a>to bude pre teba ide\u00e1lne!\u00a0<\/strong><\/p>\n<h3 style=\"text-align: center;\">ROZMERY \u0161iat:<\/h3>\n<div class=\"additional-details\" style=\"text-align: center;\">\n<table width=\"556\">\n<tbody>\n<tr>\n<td><strong>VE\u013dKOS\u0164<\/strong><\/td>\n<td><strong>poprsia<\/strong><\/td>\n<td><strong>P\u00e1s<\/strong><\/td>\n<td><strong>Boky<\/strong><\/td>\n<\/tr>\n<tr>\n<td><strong>34<\/strong><\/td>\n<td>84-86<\/td>\n<td>64-68<\/td>\n<td>\u00a082-90<\/td>\n<\/tr>\n<tr>\n<td><strong>36<\/strong><\/td>\n<td>88-90<\/td>\n<td>68-72<\/td>\n<td>\u00a086-92<\/td>\n<\/tr>\n<tr>\n<td><strong>38<\/strong><\/td>\n<td>92-94<\/td>\n<td>72-76<\/td>\n<td>\u00a090-96<\/td>\n<\/tr>\n<tr>\n<td><strong>40<\/strong><\/td>\n<td>96-98<\/td>\n<td>76-80<\/td>\n<td>\u00a094-106<\/td>\n<\/tr>\n<\/tbody>\n<\/table>\n<p style=\"text-align: center;\"><span style=\"font-size: 10pt;\">\u00a0 <\/span><\/p>\n<p style=\"text-align: center;\"><span style=\"font-size: 10pt;\">celkov\u00e1 d\u013a\u017eka cca 157 cm <\/span>(\u0161aty sa daj\u00fa skr\u00e1ti\u0165 pod\u013ea vlastnej chuti)<\/p>\n<\/div>\n<p style=\"text-align: center;\"><span style=\"font-size: 10pt;\">\u0160aty s\u00fa dostupn\u00e9 aj v in\u00fdch farb\u00e1ch - odpor\u00fa\u010dame v\u00e1m zozn\u00e1mi\u0165 sa s na\u0161imi \u010fal\u0161\u00edmi produktmi.<\/span><\/p>\n<p style=\"text-align: center;\"><span style=\"font-size: 10pt;\">Rozmery sa m\u00f4\u017eu mierne l\u00ed\u0161i\u0165 od uveden\u00fdch +\/- 2cm.\u00a0<\/span><\/p>\n<p style=\"text-align: center;\"><span style=\"font-size: 10pt;\"><strong>\u00a0<\/strong>\u00a0<\/span><\/p>\n<table width=\"620\">\n<tbody>\n<tr>\n<td width=\"302\">Meno modela<\/td>\n<td width=\"302\">Svadobn\u00e9 \u0161aty Boda s ramienkami<\/td>\n<\/tr>\n<tr>\n<td width=\"302\">Farba<\/td>\n<td width=\"302\">Svetlozelen\u00e1 \u2013 m\u00e4tov\u00e1<\/td>\n<\/tr>\n<tr>\n<td width=\"302\">Marka<\/td>\n<td width=\"302\">Madelinefashion<\/td>\n<\/tr>\n<tr>\n<td width=\"302\">ve\u013ekosti<\/td>\n<td width=\"302\">34 36 38 40<\/td>\n<\/tr>\n<tr>\n<td width=\"302\">M\u00f3da<\/td>\n<td width=\"302\">Zhoda \/ ryba<\/td>\n<\/tr>\n<tr>\n<td width=\"302\">Materi\u00e1l<\/td>\n<td width=\"302\">Visk\u00f3za, Polyester<\/td>\n<\/tr>\n<tr>\n<td width=\"302\">D\u013a\u017eka<\/td>\n<td width=\"302\">Na zem<\/td>\n<\/tr>\n<\/tbody>\n<\/table>\n<p style=\"text-align: center;\"><span style=\"font-size: 10pt;\">\u00a0<\/span><\/p>\n<p>&nbsp;<\/p>\n<p style=\"text-align: center;\"><span style=\"font-size: 10pt;\">Aby ste si vybrali <strong>perfektn\u00e9 \u0161aty<\/strong> kontaktujte n\u00e1s telefonicky alebo prostredn\u00edctvom na\u0161ej webovej str\u00e1nky <a href=\"https:\/\/www.facebook.com\/madelinefashionbutik\" target=\"_blank\" rel=\"noopener\">Facebook<\/a> .<\/span><br \/>\n<span style=\"font-size: 10pt;\">N\u00e1\u0161 t\u00edm v\u00e1m pom\u00f4\u017ee <strong>Vyberte si ten spr\u00e1vny<\/strong> . <strong>Na \u017eelanie kupuj\u00faceho vyrob\u00edme ak\u00e9ko\u013evek \u0161aty\u00a0<\/strong><strong>opatrne mera\u0165.\u00a0<\/strong><\/span><\/p>\n<div class=\"additional-details\" style=\"text-align: center;\">\n<p style=\"text-align: center;\"><span style=\"font-size: 10pt;\">\u00a0<\/span><\/p>\n<\/div>","protected":false},"excerpt":{"rendered":"<p>\u0160aty bez ramienok Boda Sage. Ohromuj\u00face, priliehav\u00e9 \u0161aty v m\u00e4tovej farbe s jedine\u010dn\u00fdm \u010dipkovan\u00fdm \u017eiv\u00f4tikom a v\u00fdstrihom do V. \u017div\u00f4tik je vyroben\u00fd zo sie\u0165oviny lemovan\u00fd kvetinovou \u010dipkou s guipure a kor\u00e1lkov\u00fdmi detailmi. Vyzeraj\u00fa ve\u013emi zmyselne a origin\u00e1lne. \u0160if\u00f3nov\u00fd chrb\u00e1t m\u00e1 jemn\u00fd v\u00fdstrih do V. Suk\u0148a je priliehav\u00e1 a vytv\u00e1ra efekt rybieho chvosta. Biele \u0161aty na ob\u010diansku alebo cirkevn\u00fa svadbu.\u00a0<\/p>\n<div class=\"klb-readmore post-buttons\"><a class=\"button black outline size-sm\" href=\"https:\/\/madelinefashion.pl\/sk\/suknia-na-ramiaczkach-boda-szalwia\/\">\u010c\u00edta\u0165 \u010falej <i class=\"klbth-icon-right-arrow\"><\/i><\/a><\/div>","protected":false},"featured_media":575496,"template":"","meta":[],"product_brand":[],"product_cat":[124,569],"product_tag":[257,163,774,535],"class_list":{"0":"post-565810","1":"product","2":"type-product","3":"status-publish","4":"has-post-thumbnail","6":"product_cat-sukienki-okolicznosciowe","7":"product_cat-sukienki-dopasowane","8":"product_tag-madelinefashion","9":"product_tag-sukienki-dlugie","10":"product_tag-szalwiowe-sukienki","11":"product_tag-zielone-sukienki","13":"first","14":"instock","15":"purchasable","16":"product-type-variable"},"_links":{"self":[{"href":"https:\/\/madelinefashion.pl\/sk\/wp-json\/wp\/v2\/product\/565810","targetHints":{"allow":["GET"]}}],"collection":[{"href":"https:\/\/madelinefashion.pl\/sk\/wp-json\/wp\/v2\/product"}],"about":[{"href":"https:\/\/madelinefashion.pl\/sk\/wp-json\/wp\/v2\/types\/product"}],"wp:featuredmedia":[{"embeddable":true,"href":"https:\/\/madelinefashion.pl\/sk\/wp-json\/wp\/v2\/media\/575496"}],"wp:attachment":[{"href":"https:\/\/madelinefashion.pl\/sk\/wp-json\/wp\/v2\/media?parent=565810"}],"wp:term":[{"taxonomy":"product_brand","embeddable":true,"href":"https:\/\/madelinefashion.pl\/sk\/wp-json\/wp\/v2\/product_brand?post=565810"},{"taxonomy":"product_cat","embeddable":true,"href":"https:\/\/madelinefashion.pl\/sk\/wp-json\/wp\/v2\/product_cat?post=565810"},{"taxonomy":"product_tag","embeddable":true,"href":"https:\/\/madelinefashion.pl\/sk\/wp-json\/wp\/v2\/product_tag?post=565810"}],"curies":[{"name":"pracovn\u00fd list","href":"https:\/\/api.w.org\/{rel}","templated":true}]}}