{"id":56864,"date":"2022-09-03T15:14:37","date_gmt":"2022-09-03T13:14:37","guid":{"rendered":"https:\/\/madelinefashion.pl\/?post_type=product&#038;p=56864"},"modified":"2026-03-26T12:40:00","modified_gmt":"2026-03-26T11:40:00","slug":"spodnie-skorzane-z-wysokim-stanem-dopasowane-daree-karmelowe","status":"publish","type":"product","link":"https:\/\/madelinefashion.pl\/sk\/spodnie-skorzane-z-wysokim-stanem-dopasowane-daree-karmelowe\/","title":{"rendered":"Karamelov\u00e9 ko\u017een\u00e9 nohavice Daree s vysok\u00fdm p\u00e1som"},"content":{"rendered":"<h3 style=\"text-align: center;\">Karamelov\u00e9 ko\u017een\u00e9 nohavice Daree s vysok\u00fdm p\u00e1som<\/h3>\n<p style=\"text-align: center;\">Ko\u017een\u00e9 nohavice s\u00fa m\u00f3dnym prvkom, ktor\u00fd nesmie ch\u00fdba\u0165 vo va\u0161om \u0161atn\u00edku. Nohavice vyroben\u00e9 z vysoko kvalitn\u00e9ho materi\u00e1lu s <strong>s vysok\u00fdm p\u00e1som<\/strong>ktor\u00e9 dokonale tvaruj\u00fa postavu. S\u00fa skvel\u00fdm z\u00e1kladom pre vytv\u00e1ranie le\u017e\u00e9rnych outfitov. Ich nad\u010dasov\u00fd strih skvele dopln\u00ed aj form\u00e1lne \u0161tyliz\u00e1cie a vnesie do nich trochu avantgardy. Odpor\u00fa\u010dame kombinova\u0165 s na\u0161imi\u00a0<a href=\"https:\/\/madelinefashion.pl\/sk\/bluzki-2\/koszule\/\">ko\u0161ele<\/a>,\u00a0<a href=\"https:\/\/madelinefashion.pl\/sk\/bluzki-2\/\">bl\u00fazky<\/a>,\u00a0<a href=\"https:\/\/madelinefashion.pl\/sk\/body\/\">body\u010dko<\/a>\u00a0alebo napr\u00a0<a href=\"https:\/\/madelinefashion.pl\/sk\/product-tag\/ramoneski\/\">Ramones<\/a>\u00a0<a href=\"https:\/\/madelinefashion.pl\/sk\/?s=valentino&amp;post_type=product\">Valentino<\/a>.\u00a0 \u00a0<strong>N\u00e1\u0161 voskovan\u00fd<\/strong>\u00a0nohavice to\u00a0<strong>perfektn\u00e9<\/strong>\u00a0model pre\u00a0<strong>\u017deny v\u0161etk\u00fdch vekov\u00fdch kateg\u00f3ri\u00ed<\/strong>\u00a0!! Kvalitn\u00e9 nohavice\u00a0<strong>pr\u00e9mie<\/strong>, elastick\u00fd materi\u00e1l dokonale ladiaci s postavou. Zap\u00ednaj\u00fa sa na gomb\u00edky namiesto \u0161tandardn\u00e9ho zipsu, v\u010faka \u010domu v nich budete vyzera\u0165 skvele a m\u00f3dne.<br \/>\nV pr\u00edpade \u010fal\u0161\u00edch ot\u00e1zok k tomuto produktu n\u00e1s nev\u00e1hajte kontaktova\u0165 telefonicky alebo prostredn\u00edctvom\u00a0<a href=\"https:\/\/www.facebook.com\/madelinefashionbutik\/\" target=\"_blank\" rel=\"noopener\">Facebook<\/a>\u00a0. Sledujte nov\u00e9 trendy s\u00a0<a href=\"https:\/\/madelinefashion.pl\/sk\/\"><strong>Madelinefashion<\/strong><\/a>. V inform\u00e1ci\u00e1ch po zak\u00fapen\u00ed m\u00f4\u017eete posla\u0165 svoje miery, vyberieme pre v\u00e1s ide\u00e1lne nohavice.<\/p>\n<p>&nbsp;<\/p>\n<h3 style=\"text-align: center;\">Rozmery nohav\u00edc:<\/h3>\n<p style=\"text-align: center;\"><strong>VE\u013dKOS\u0164 S\/M<\/strong><\/p>\n<ul style=\"text-align: center;\">\n<li>Celkov\u00e1 d\u013a\u017eka: 92 cm<\/li>\n<li>Vn\u00fatorn\u00e1 d\u013a\u017eka nohav\u00edc: 68 cm<\/li>\n<li>\u0160\u00edrka v p\u00e1se: 31-42 cm<\/li>\n<li>\u0160\u00edrka bokov: 41-52 cm<\/li>\n<li>p\u00e1s: 29 cm<\/li>\n<\/ul>\n<p style=\"text-align: center;\"><strong>VE\u013dKOS\u0164 M\/L<\/strong><\/p>\n<ul style=\"text-align: center;\">\n<li>Celkov\u00e1 d\u013a\u017eka: 94 cm<\/li>\n<li>Vn\u00fatorn\u00e1 d\u013a\u017eka nohav\u00edc: 68 cm<\/li>\n<li>\u0160\u00edrka v p\u00e1se: 32-45 cm<\/li>\n<li>\u0160\u00edrka bokov: 45-56 cm<\/li>\n<li>p\u00e1s: 31 cm<\/li>\n<li><\/li>\n<\/ul>\n<p style=\"text-align: center;\"><strong>VE\u013dKOS\u0164 XL\/XXL<\/strong><\/p>\n<ul style=\"text-align: center;\">\n<li>Celkov\u00e1 d\u013a\u017eka: 95 cm<\/li>\n<li>Vn\u00fatorn\u00e1 d\u013a\u017eka nohav\u00edc: 68 cm<\/li>\n<li>\u0160\u00edrka v p\u00e1se: 33-52 cm<\/li>\n<li>\u0160\u00edrka bokov: 46-58 cm<\/li>\n<li>p\u00e1s: 33 cm<\/li>\n<li><\/li>\n<li><\/li>\n<\/ul>\n<p style=\"text-align: center;\">Rozmery sa m\u00f4\u017eu l\u00ed\u0161i\u0165 od uveden\u00fdch +\/- 2cm. V\u0161etko dan\u00e9\u00a0<strong>rozmery s\u00fa meran\u00e9 plo\u0161ne. Rozmer X2<\/strong><\/p>\n<p>&nbsp;<\/p>\n<div class=\"tabs tabs-bb clear mb-80\">\n<div class=\"tab-content\">\n<div id=\"tab-description\" class=\"tab-pane fade in woocommerce-Tabs-panel--description active\">\n<div class=\"tabs tabs-bb clear mb-80\">\n<div class=\"tab-content\">\n<div id=\"tab-description\" class=\"tab-pane fade in woocommerce-Tabs-panel--description active\">\n<div class=\"additional-details\">\n<p style=\"text-align: center;\">Model m\u00e1\u00a0<strong>169<\/strong>\u00a0cm vysok\u00fd, nos\u00ed ve\u013ekos\u0165 ka\u017ed\u00fd de\u0148\u00a0<strong>S<\/strong><\/p>\n<p style=\"text-align: center;\">\u0160\u00edrka cez prsia 92 cm<\/p>\n<p style=\"text-align: center;\">\u0160\u00edrka v p\u00e1se 62 cm<\/p>\n<p style=\"text-align: center;\">\u0160\u00edrka v bokoch 94 cm<\/p>\n<\/div>\n<\/div>\n<\/div>\n<\/div>\n<\/div>\n<\/div>\n<\/div>\n<section class=\"up-sells upsells products mb-80\"><\/section>\n<p>&nbsp;<\/p>","protected":false},"excerpt":{"rendered":"<p>Spodnie Sk\u00f3rzane Z Wysokim Stanem Dopasowane Daree Karmelowe Spodnie sk\u00f3rzane to modny element, kt\u00f3rego nie mo\u017ce zabrakn\u0105\u0107 w Twojej garderobie. Spodnie wykonane z wysokiej jako\u015bci materia\u0142u z wysokim stanem, \u00a0kt\u00f3re doskonale modeluj\u0105 sylwetk\u0119. Stanowi\u0105 \u015bwietn\u0105 baz\u0119 do tworzenia niezobowi\u0105zuj\u0105cych outfit\u00f3w. Ich ponadczasowy kr\u00f3j perfekcyjnie uzupe\u0142ni r\u00f3wnie\u017c formalne stylizacj\u0119, wprowadzaj\u0105c do niech nieco awangardy. Polecamy \u0142\u0105czy\u0107<\/p>\n<div class=\"klb-readmore post-buttons\"><a class=\"button black outline size-sm\" href=\"https:\/\/madelinefashion.pl\/sk\/spodnie-skorzane-z-wysokim-stanem-dopasowane-daree-karmelowe\/\">\u010c\u00edta\u0165 \u010falej <i class=\"klbth-icon-right-arrow\"><\/i><\/a><\/div>","protected":false},"featured_media":56693,"template":"","meta":[],"product_brand":[],"product_cat":[83,101,380],"product_tag":[475],"class_list":{"0":"post-56864","1":"product","2":"type-product","3":"status-publish","4":"has-post-thumbnail","6":"product_cat-spodnie","7":"product_cat-legginsy","8":"product_cat-wyprzedaz","9":"product_tag-spodnie-dlugie","10":"pa_rozmiar-s-m","11":"pa_rozmiar-m-l","12":"pa_rozmiar-xl-xxl","14":"first","15":"instock","16":"sale","17":"purchasable","18":"product-type-variable"},"_links":{"self":[{"href":"https:\/\/madelinefashion.pl\/sk\/wp-json\/wp\/v2\/product\/56864","targetHints":{"allow":["GET"]}}],"collection":[{"href":"https:\/\/madelinefashion.pl\/sk\/wp-json\/wp\/v2\/product"}],"about":[{"href":"https:\/\/madelinefashion.pl\/sk\/wp-json\/wp\/v2\/types\/product"}],"wp:featuredmedia":[{"embeddable":true,"href":"https:\/\/madelinefashion.pl\/sk\/wp-json\/wp\/v2\/media\/56693"}],"wp:attachment":[{"href":"https:\/\/madelinefashion.pl\/sk\/wp-json\/wp\/v2\/media?parent=56864"}],"wp:term":[{"taxonomy":"product_brand","embeddable":true,"href":"https:\/\/madelinefashion.pl\/sk\/wp-json\/wp\/v2\/product_brand?post=56864"},{"taxonomy":"product_cat","embeddable":true,"href":"https:\/\/madelinefashion.pl\/sk\/wp-json\/wp\/v2\/product_cat?post=56864"},{"taxonomy":"product_tag","embeddable":true,"href":"https:\/\/madelinefashion.pl\/sk\/wp-json\/wp\/v2\/product_tag?post=56864"}],"curies":[{"name":"pracovn\u00fd list","href":"https:\/\/api.w.org\/{rel}","templated":true}]}}