{"id":570645,"date":"2025-06-24T16:23:57","date_gmt":"2025-06-24T14:23:57","guid":{"rendered":"https:\/\/madelinefashion.pl\/?post_type=product&#038;p=570645"},"modified":"2026-01-28T14:02:05","modified_gmt":"2026-01-28T13:02:05","slug":"sukienka-premium-satynowa-selby-bordowa","status":"publish","type":"product","link":"https:\/\/madelinefashion.pl\/sk\/sukienka-premium-satynowa-selby-bordowa\/","title":{"rendered":"Bordov\u00e9 sat\u00e9nov\u00e9 \u0161aty Selby Premium"},"content":{"rendered":"<h3 style=\"text-align: center;\">Bordov\u00e9 sat\u00e9nov\u00e9 \u0161aty Selby Premium<\/h3>\n<p style=\"text-align: center;\">Elegantn\u00fd a \u017eensk\u00fd k\u00fasok na \u0161peci\u00e1lne pr\u00edle\u017eitosti.<br data-start=\"278\" data-end=\"281\" \/><strong data-start=\"281\" data-end=\"290\">Selby<\/strong> s\u00fa priliehav\u00e9 \u0161aty vyroben\u00e9 z vysoko kvalitn\u00e9ho, jemne trblietav\u00e9ho sat\u00e9nu v tmavo bordovom odtieni. Ceruzkov\u00fd chrb\u00e1t zv\u00fdraz\u0148uje siluetu a v\u00fdrazn\u00fd, <strong data-start=\"446\" data-end=\"463\">zdoben\u00e1 hora<\/strong> Pri\u0165ahuj\u00fa pozornos\u0165 a dod\u00e1vaj\u00fa cel\u00e9mu vzh\u013eadu ve\u010dern\u00fd n\u00e1dych. \u0160aty maj\u00fa vpredu v\u0161it\u00e9 ko\u0161\u00ed\u010dky, v\u010faka \u010domu nie je potrebn\u00e9 nosi\u0165 podprsenku. Tieto maxi \u0161aty, vyroben\u00e9 a u\u0161it\u00e9 v Po\u013esku, s\u00fa perfektnou vo\u013ebou na svadobn\u00fa hostinu, svadbu alebo in\u00fa \u0161peci\u00e1lnu pr\u00edle\u017eitos\u0165. \u0160aty splnia svoju \u00falohu v modeli 100% \u2013 pritiahnu pozornos\u0165 host\u00ed a dodaj\u00fa n\u00e1dych elegancie. <strong>v\u00fdnimo\u010dn\u00e9 sebavedomie<\/strong>. \u0160aty pre v\u00e4\u010d\u0161ie ve\u013ekosti dostupn\u00e9 vo viacer\u00fdch farb\u00e1ch, ve\u013ekosti 38-48. Nev\u00e1hajte a vyberte si tie, ktor\u00e9 s\u00fa pre v\u00e1s ide\u00e1lne. Ak sa neviete rozhodn\u00fa\u0165, ktor\u00fa farbu..., <strong>ve\u013ekos\u0165<\/strong>\u00a0je pre v\u00e1s to najlep\u0161ie\u00a0<strong>kontaktuj n\u00e1s<\/strong>\u00a0cez\u00a0<a href=\"https:\/\/www.facebook.com\/madelinefashionbutik\" target=\"_blank\" rel=\"noopener\">Facebook<\/a>\u00a0alebo\u00a0<a href=\"https:\/\/madelinefashion.pl\/sk\/kontakt\/\">telef\u00f3n<\/a>. Ak ve\u013ekos\u0165 nie je na str\u00e1nke, kontaktujte n\u00e1s.<\/p>\n<h3 style=\"text-align: center;\">ROZMERY \u0161iat:<\/h3>\n<p>&nbsp;<\/p>\n<table width=\"556\">\n<tbody>\n<tr>\n<td><strong>VE\u013dKOS\u0164<\/strong><\/td>\n<td><strong>poprsia<\/strong><\/td>\n<td><strong>P\u00e1s<\/strong><\/td>\n<td><strong>Boky<\/strong><\/td>\n<\/tr>\n<tr>\n<td><strong>40<\/strong><\/td>\n<td>100-102<\/td>\n<td>88<\/td>\n<td>\u00a0ak\u00fdko\u013evek<\/td>\n<\/tr>\n<tr>\n<td><strong>42<\/strong><\/td>\n<td>104-106<\/td>\n<td>92<\/td>\n<td>\u00a0ak\u00fdko\u013evek<\/td>\n<\/tr>\n<tr>\n<td><strong>44<\/strong><\/td>\n<td>108-110<\/td>\n<td>96<\/td>\n<td>\u00a0ak\u00fdko\u013evek<\/td>\n<\/tr>\n<tr>\n<td><strong>46<\/strong><\/td>\n<td>110-114<\/td>\n<td>100<\/td>\n<td>\u00a0ak\u00fdko\u013evek<\/td>\n<\/tr>\n<tr>\n<td><strong>48<\/strong><\/td>\n<td>114-118<\/td>\n<td>106<\/td>\n<td>\u00a0ak\u00fdko\u013evek<\/td>\n<\/tr>\n<tr>\n<td><strong>50<\/strong><\/td>\n<td>118-120<\/td>\n<td>110<\/td>\n<td>\u00a0ak\u00fdko\u013evek<\/td>\n<\/tr>\n<\/tbody>\n<\/table>\n<p style=\"text-align: center;\"><span style=\"font-size: 10pt;\">celkov\u00e1 d\u013a\u017eka cca 157 cm\u00a0\u00a0<\/span><\/p>\n<p style=\"text-align: center;\"><span style=\"font-size: 10pt;\">\u0160aty s\u00fa dostupn\u00e9 aj v in\u00fdch farb\u00e1ch - odpor\u00fa\u010dame v\u00e1m zozn\u00e1mi\u0165 sa s na\u0161imi \u010fal\u0161\u00edmi produktmi.\u00a0<\/span><\/p>\n<p style=\"text-align: center;\"><span style=\"font-size: 10pt;\">Rozmery sa m\u00f4\u017eu mierne l\u00ed\u0161i\u0165 od uveden\u00fdch +\/- 2cm.\u00a0<\/span><\/p>\n<p style=\"text-align: center;\"><span style=\"font-size: 10pt;\"><strong>\u00a0<\/strong>\u00a0<\/span><\/p>\n<table width=\"616\">\n<tbody>\n<tr>\n<td width=\"302\">Meno modela<\/td>\n<td width=\"302\">Bordov\u00e9 sat\u00e9nov\u00e9 \u0161aty Selby Premium<\/td>\n<\/tr>\n<tr>\n<td width=\"302\">Farba<\/td>\n<td width=\"302\">Claret<\/td>\n<\/tr>\n<tr>\n<td width=\"302\">Marka<\/td>\n<td width=\"302\">Pekn\u00e1 \u017eena<\/td>\n<\/tr>\n<tr>\n<td width=\"302\">ve\u013ekosti<\/td>\n<td width=\"302\">\u00a042 44 46 48 50<\/td>\n<\/tr>\n<tr>\n<td width=\"302\">M\u00f3da<\/td>\n<td width=\"302\">Zhoda<\/td>\n<\/tr>\n<tr>\n<td width=\"302\">Materi\u00e1l<\/td>\n<td width=\"302\">Visk\u00f3za, polyester, bavlna<\/td>\n<\/tr>\n<tr>\n<td width=\"302\">D\u013a\u017eka<\/td>\n<td width=\"302\">Na zem<\/td>\n<\/tr>\n<\/tbody>\n<\/table>\n<p style=\"text-align: center;\"><span style=\"font-size: 10pt;\">\u00a0<\/span><\/p>\n<p>&nbsp;<\/p>\n<p style=\"text-align: center;\"><span style=\"font-size: 10pt;\">Aby ste si vybrali\u00a0<strong>perfektn\u00e9 \u0161aty<\/strong>\u00a0kontaktujte n\u00e1s telefonicky alebo prostredn\u00edctvom na\u0161ej webovej str\u00e1nky <a href=\"https:\/\/www.facebook.com\/madelinefashionbutik\" target=\"_blank\" rel=\"noopener\">Facebook<\/a> .<\/span><br \/>\n<span style=\"font-size: 10pt;\">N\u00e1\u0161 t\u00edm v\u00e1m pom\u00f4\u017ee\u00a0<strong>Vyberte si ten spr\u00e1vny<\/strong>\u00a0.\u00a0<strong>Na \u017eelanie kupuj\u00faceho vyrob\u00edme ak\u00e9ko\u013evek \u0161aty\u00a0<\/strong><strong>opatrne mera\u0165.\u00a0<\/strong><\/span><\/p>\n<div class=\"additional-details\">\n<p style=\"text-align: center;\"><span style=\"font-size: 10pt;\">\u00a0<\/span><\/p>\n<\/div>","protected":false},"excerpt":{"rendered":"<p>Sukienka Premium Satynowa Selby Bordowa Elegancka i kobieca propozycja na wyj\u0105tkowe okazje.Selby to dopasowana sukienka wykonana z wysokiej jako\u015bci, lekko po\u0142yskuj\u0105cej satyny w g\u0142\u0119bokim, bordowym odcieniu. Ty\u0142 o\u0142\u00f3wkowy podkre\u015bla sylwetk\u0119, a efektowna, zdobiona g\u00f3ra przyci\u0105ga spojrzenia i dodaje ca\u0142o\u015bci wieczorowego charakteru. Sukienka posiada z przodu wszyte miseczki, dzi\u0119ki czemu nie trzeba zak\u0142ada\u0107 biustonosza. Wyprodukowana i<\/p>\n<div class=\"klb-readmore post-buttons\"><a class=\"button black outline size-sm\" href=\"https:\/\/madelinefashion.pl\/sk\/sukienka-premium-satynowa-selby-bordowa\/\">\u010c\u00edta\u0165 \u010falej <i class=\"klbth-icon-right-arrow\"><\/i><\/a><\/div>","protected":false},"featured_media":570652,"template":"","meta":[],"product_brand":[],"product_cat":[124,395,564],"product_tag":[257,385,216,163],"class_list":{"0":"post-570645","1":"product","2":"type-product","3":"status-publish","4":"has-post-thumbnail","6":"product_cat-sukienki-okolicznosciowe","7":"product_cat-nowosci","8":"product_cat-sukienki-plus-size","9":"product_tag-madelinefashion","10":"product_tag-plus-size","11":"product_tag-sukienki-bordowe","12":"product_tag-sukienki-dlugie","14":"first","15":"instock","16":"purchasable","17":"product-type-variable"},"_links":{"self":[{"href":"https:\/\/madelinefashion.pl\/sk\/wp-json\/wp\/v2\/product\/570645","targetHints":{"allow":["GET"]}}],"collection":[{"href":"https:\/\/madelinefashion.pl\/sk\/wp-json\/wp\/v2\/product"}],"about":[{"href":"https:\/\/madelinefashion.pl\/sk\/wp-json\/wp\/v2\/types\/product"}],"wp:featuredmedia":[{"embeddable":true,"href":"https:\/\/madelinefashion.pl\/sk\/wp-json\/wp\/v2\/media\/570652"}],"wp:attachment":[{"href":"https:\/\/madelinefashion.pl\/sk\/wp-json\/wp\/v2\/media?parent=570645"}],"wp:term":[{"taxonomy":"product_brand","embeddable":true,"href":"https:\/\/madelinefashion.pl\/sk\/wp-json\/wp\/v2\/product_brand?post=570645"},{"taxonomy":"product_cat","embeddable":true,"href":"https:\/\/madelinefashion.pl\/sk\/wp-json\/wp\/v2\/product_cat?post=570645"},{"taxonomy":"product_tag","embeddable":true,"href":"https:\/\/madelinefashion.pl\/sk\/wp-json\/wp\/v2\/product_tag?post=570645"}],"curies":[{"name":"pracovn\u00fd list","href":"https:\/\/api.w.org\/{rel}","templated":true}]}}