{"id":573466,"date":"2025-07-22T14:39:20","date_gmt":"2025-07-22T12:39:20","guid":{"rendered":"https:\/\/madelinefashion.pl\/?post_type=product&#038;p=573466"},"modified":"2026-04-20T18:52:52","modified_gmt":"2026-04-20T16:52:52","slug":"sukienka-maxi-satynowa-evento-slubna","status":"publish","type":"product","link":"https:\/\/madelinefashion.pl\/sk\/sukienka-maxi-satynowa-evento-slubna\/","title":{"rendered":"Svadobn\u00e9 sat\u00e9nov\u00e9 maxi \u0161aty Evento"},"content":{"rendered":"<h3 style=\"text-align: center;\">Svadobn\u00e9 sat\u00e9nov\u00e9 maxi \u0161aty Evento<\/h3>\n<p style=\"text-align: center;\" data-start=\"130\" data-end=\"343\">\u0160aty <strong data-start=\"139\" data-end=\"149\">Evento<\/strong> Od <strong data-start=\"153\" data-end=\"175\">Madelinefashion.pl<\/strong> Tieto \u0161aty s\u00fa ur\u010den\u00e9 pre \u017eeny, ktor\u00e9 h\u013eadaj\u00fa eleganciu s modern\u00fdm n\u00e1dychom. S\u00fa vyroben\u00e9 z vysoko kvalitn\u00e9ho sat\u00e9nu, vyzeraj\u00fa neuverite\u013ene \u0161t\u00fdlovo a poskytuj\u00fa pohodlie. \u0160aty maj\u00fa vysok\u00fd v\u00fdstrih, ktor\u00fd im dod\u00e1va klasick\u00fd a nad\u010dasov\u00fd charakter. Mierne roz\u0161\u00edren\u00fd strih od p\u00e1sa decentne zv\u00fdraz\u0148uje siluetu, zatia\u013e \u010do rozparok na nohavici dod\u00e1va \u017eensk\u00fd n\u00e1dych a \u013eahkos\u0165. \u0160aty sa zap\u00ednaj\u00fa vzadu na skryt\u00fd zips, \u010do umo\u017e\u0148uje perfektn\u00e9 strihanie. S\u00fa vyroben\u00e9 zo sat\u00e9nov\u00e9ho materi\u00e1lu, tak\u017ee s\u00fa ide\u00e1lne pre... <strong>ob\u010diansky a cirkevn\u00fd sob\u00e1\u0161<\/strong>. C\u00ed\u0165te sa v\u00fdnimo\u010dne v na\u0161om sat\u00e9novom modeli.<\/p>\n<p style=\"text-align: center;\"><span style=\"font-size: 10pt;\"><br \/>\n<\/span><span style=\"font-size: 10pt;\"><b>\u00a0<\/b>Ak sa neviete rozhodn\u00fa\u0165 ak\u00fa farbu, <strong>ve\u013ekos\u0165<\/strong> je pre v\u00e1s to najlep\u0161ie <strong>kontaktuj n\u00e1s<\/strong> cez <a href=\"https:\/\/www.facebook.com\/madelinefashionbutik\" target=\"_blank\" rel=\"noopener\">Facebook<\/a> alebo <a href=\"https:\/\/madelinefashion.pl\/sk\/kontakt\/\">telef\u00f3n<\/a>. Ak ve\u013ekos\u0165 nie je na str\u00e1nke, kontaktujte n\u00e1s.\u00a0\u00a0<\/span><\/p>\n<h3 style=\"text-align: center;\">ROZMERY \u0161iat:<\/h3>\n<div class=\"additional-details\" style=\"text-align: center;\">\n<table width=\"556\">\n<tbody>\n<tr>\n<td width=\"205\"><strong>VE\u013dKOS\u0164<\/strong><\/td>\n<td><strong>poprsia<\/strong><\/td>\n<td><strong>P\u00e1s<\/strong><\/td>\n<td><strong>Boky<\/strong><\/td>\n<\/tr>\n<tr>\n<td width=\"205\"><strong>36<\/strong><\/td>\n<td>88-94<\/td>\n<td>68<\/td>\n<td>\u00a0ak\u00fdko\u013evek<\/td>\n<\/tr>\n<tr>\n<td width=\"205\"><strong>38<\/strong><\/td>\n<td>92-96<\/td>\n<td>72<\/td>\n<td>\u00a0ak\u00fdko\u013evek<\/td>\n<\/tr>\n<tr>\n<td width=\"205\"><strong>40<\/strong><\/td>\n<td>96-102<\/td>\n<td>76<\/td>\n<td>\u00a0ak\u00fdko\u013evek<\/td>\n<\/tr>\n<\/tbody>\n<\/table>\n<p>&nbsp;<\/p>\n<\/div>\n<p style=\"text-align: center;\"><span style=\"font-size: 10pt;\">celkov\u00e1 d\u013a\u017eka cca 160 cm <\/span>(\u0161aty sa daj\u00fa skr\u00e1ti\u0165 pod\u013ea vlastnej chuti)<\/p>\n<p style=\"text-align: center;\"><span style=\"font-size: 10pt;\">\u0160aty s\u00fa dostupn\u00e9 aj v in\u00fdch farb\u00e1ch - odpor\u00fa\u010dame v\u00e1m zozn\u00e1mi\u0165 sa s na\u0161imi \u010fal\u0161\u00edmi produktmi.<\/span><\/p>\n<p style=\"text-align: center;\"><span style=\"font-size: 10pt;\">Rozmery sa m\u00f4\u017eu mierne l\u00ed\u0161i\u0165 od uveden\u00fdch +\/- 2cm.\u00a0<\/span><\/p>\n<p style=\"text-align: center;\"><span style=\"font-size: 10pt;\"><strong>\u00a0<\/strong>\u00a0<\/span><\/p>\n<table width=\"620\">\n<tbody>\n<tr>\n<td width=\"302\">Meno modela<\/td>\n<td width=\"302\">Sat\u00e9nov\u00e9 maxi \u0161aty Evento<\/td>\n<\/tr>\n<tr>\n<td width=\"302\">Farba<\/td>\n<td width=\"302\">biely<\/td>\n<\/tr>\n<tr>\n<td width=\"302\">\u0160tiepenie<\/td>\n<td width=\"302\">zastavan\u00e9<\/td>\n<\/tr>\n<tr>\n<td width=\"302\">ve\u013ekosti<\/td>\n<td width=\"302\">36 38 40<\/td>\n<\/tr>\n<tr>\n<td width=\"302\">M\u00f3da<\/td>\n<td width=\"302\">Vzplanul<\/td>\n<\/tr>\n<tr>\n<td width=\"302\">Materi\u00e1l<\/td>\n<td width=\"302\">Visk\u00f3za, polyester, bavlna<\/td>\n<\/tr>\n<tr>\n<td width=\"302\">D\u013a\u017eka<\/td>\n<td width=\"302\">Na zem<\/td>\n<\/tr>\n<\/tbody>\n<\/table>\n<p style=\"text-align: center;\">Poz\u00fdvame v\u00e1s nav\u0161t\u00edvi\u0165 na\u0161u predaj\u0148u, ktor\u00e1 sa nach\u00e1dza na ulici Moniuszki 2 v srdci Konstantyn\u00f3wa v Lod\u017eskom. V na\u0161om profesion\u00e1lnom sal\u00f3ne n\u00e1jdete \u0161irok\u00fd v\u00fdber svadobn\u00fdch \u0161iat, ktor\u00e9 splnia va\u0161e najtajnej\u0161ie sny o dokonalom dni. N\u00e1\u0161 t\u00edm sk\u00fasen\u00fdch konzultantov v\u00e1m pom\u00f4\u017ee vybra\u0165 si perfektn\u00e9 \u0161aty, prisp\u00f4soben\u00e9 va\u0161im o\u010dak\u00e1vaniam a postave. Srde\u010dne v\u00e1s poz\u00fdvame na n\u00e1v\u0161tevu \u2013 presved\u010dte sa, ak\u00fd v\u00fdnimo\u010dn\u00fd m\u00f4\u017ee by\u0165 v\u00e1\u0161 de\u0148!<\/p>\n<p style=\"text-align: center;\"><span style=\"font-size: 10pt;\">Aby ste si vybrali <strong>perfektn\u00e9 \u0161aty<\/strong> kontaktujte n\u00e1s telefonicky alebo prostredn\u00edctvom na\u0161ej webovej str\u00e1nky <a href=\"https:\/\/www.facebook.com\/madelinefashionbutik\" target=\"_blank\" rel=\"noopener\">Facebook<\/a> .<\/span><br \/>\n<span style=\"font-size: 10pt;\">N\u00e1\u0161 t\u00edm v\u00e1m pom\u00f4\u017ee <strong>Vyberte si ten spr\u00e1vny<\/strong> . <strong>Na \u017eelanie kupuj\u00faceho vyrob\u00edme ak\u00e9ko\u013evek \u0161aty\u00a0<\/strong><strong>opatrne mera\u0165.\u00a0<\/strong><\/span><\/p>\n<p style=\"text-align: center;\">Ka\u017ed\u00e9 \u0161aty sa daj\u00fa v pr\u00edpade potreby upravi\u0165 pod\u013ea va\u0161ej v\u00fd\u0161ky a v\u00fd\u0161ky podp\u00e4tku. Ak s\u00fa pr\u00edli\u0161 dlh\u00e9, m\u00f4\u017eete si ich skr\u00e1ti\u0165 alebo necha\u0165 kraj\u010d\u00edrku urobi\u0165 drobn\u00e9 \u00fapravy. Takto si m\u00f4\u017eete vybran\u00e9 \u0161aty jednoducho prisp\u00f4sobi\u0165 svojim mieram a c\u00edti\u0165 sa v nich dokonale pohodlne.<\/p>\n<div class=\"additional-details\" style=\"text-align: center;\">\n<p style=\"text-align: center;\"><span style=\"font-size: 10pt;\">\u00a0<\/span><\/p>\n<\/div>","protected":false},"excerpt":{"rendered":"<p>Sat\u00e9nov\u00e9 maxi \u0161aty Evento od Madelinefashion.pl s\u00fa perfektnou vo\u013ebou pre \u017eeny, ktor\u00e9 h\u013eadaj\u00fa eleganciu s modern\u00fdm n\u00e1dychom. S\u00fa vyroben\u00e9 z vysoko kvalitn\u00e9ho sat\u00e9nu, vyzeraj\u00fa neuverite\u013ene \u0161t\u00fdlovo a poskytuj\u00fa pohodlie. \u0160aty maj\u00fa vysok\u00fd v\u00fdstrih, ktor\u00fd im dod\u00e1va klasick\u00fd a nad\u010dasov\u00fd vzh\u013ead. Mierne roz\u0161\u00edren\u00fd p\u00e1s decentne zv\u00fdraz\u0148uje siluetu, zatia\u013e \u010do rozparok na nohe dod\u00e1va \u017eensk\u00fd n\u00e1dych.<\/p>\n<div class=\"klb-readmore post-buttons\"><a class=\"button black outline size-sm\" href=\"https:\/\/madelinefashion.pl\/sk\/sukienka-maxi-satynowa-evento-slubna\/\">\u010c\u00edta\u0165 \u010falej <i class=\"klbth-icon-right-arrow\"><\/i><\/a><\/div>","protected":false},"featured_media":573447,"template":"","meta":[],"product_brand":[],"product_cat":[124,395,568,566,630,632],"product_tag":[219],"class_list":{"0":"post-573466","1":"product","2":"type-product","3":"status-publish","4":"has-post-thumbnail","6":"product_cat-sukienki-okolicznosciowe","7":"product_cat-nowosci","8":"product_cat-sukienki-rozkloszowane-szyfonowe","9":"product_cat-suknie-slubne","10":"product_cat-suknie-slubne-dopasowane","11":"product_cat-suknie-slubne-rozkloszowane","12":"product_tag-sukienka-biala","14":"first","15":"instock","16":"purchasable","17":"product-type-variable"},"_links":{"self":[{"href":"https:\/\/madelinefashion.pl\/sk\/wp-json\/wp\/v2\/product\/573466","targetHints":{"allow":["GET"]}}],"collection":[{"href":"https:\/\/madelinefashion.pl\/sk\/wp-json\/wp\/v2\/product"}],"about":[{"href":"https:\/\/madelinefashion.pl\/sk\/wp-json\/wp\/v2\/types\/product"}],"wp:featuredmedia":[{"embeddable":true,"href":"https:\/\/madelinefashion.pl\/sk\/wp-json\/wp\/v2\/media\/573447"}],"wp:attachment":[{"href":"https:\/\/madelinefashion.pl\/sk\/wp-json\/wp\/v2\/media?parent=573466"}],"wp:term":[{"taxonomy":"product_brand","embeddable":true,"href":"https:\/\/madelinefashion.pl\/sk\/wp-json\/wp\/v2\/product_brand?post=573466"},{"taxonomy":"product_cat","embeddable":true,"href":"https:\/\/madelinefashion.pl\/sk\/wp-json\/wp\/v2\/product_cat?post=573466"},{"taxonomy":"product_tag","embeddable":true,"href":"https:\/\/madelinefashion.pl\/sk\/wp-json\/wp\/v2\/product_tag?post=573466"}],"curies":[{"name":"pracovn\u00fd list","href":"https:\/\/api.w.org\/{rel}","templated":true}]}}