{"id":5735,"date":"2021-03-19T02:06:57","date_gmt":"2021-03-19T01:06:57","guid":{"rendered":"https:\/\/madelinefashion.pl\/?post_type=product&#038;p=5735"},"modified":"2026-01-20T10:34:43","modified_gmt":"2026-01-20T09:34:43","slug":"t-shirt-mickey-love-biala","status":"publish","type":"product","link":"https:\/\/madelinefashion.pl\/sk\/t-shirt-mickey-love-biala\/","title":{"rendered":"Mickey Love tri\u010dko biele"},"content":{"rendered":"<h3 style=\"text-align: center;\">Mickey Love tri\u010dko biele<\/h3>\n<p style=\"text-align: center;\"><strong>\u010cierne tri\u010dko s origin\u00e1lnou potla\u010dou Mickey\u00a0<\/strong>Milujem \u0165a - s ozdobnou ma\u0161\u013eou. Je to bl\u00fazka, ktor\u00e1 sa hod\u00ed k v\u00e4\u010d\u0161ine \u0161t\u00fdlov - v\u010faka jedine\u010dn\u00e9mu vzoru. Pr\u00edjemn\u00fd na dotyk, priedu\u0161n\u00fd materi\u00e1l v\u00e1m poskytne pohodlie. Jednoduch\u00e9 univerz\u00e1lne tri\u010dko sa d\u00e1 nosi\u0165 po\u010das cel\u00e9ho roka bez oh\u013eadu na ro\u010dn\u00e9 obdobie. Skombinujte ju s d\u017e\u00ednsovou katanou a d\u017e\u00ednsov\u00fdmi nohavicami. Dostupn\u00e9 v na\u0161ej predajni v r\u00f4znych farb\u00e1ch. Ide o model, v ktorom nezostanete bez pov\u0161imnutia. <span style=\"font-size: 10pt;\">\u00a0Odpor\u00fa\u010da sa pre \u013eud\u00ed, ktor\u00ed nosia ve\u013ekosti od S po XL<\/span><\/p>\n<h3 style=\"text-align: center;\">Rozmery :<\/h3>\n<p style=\"text-align: center;\"><strong>S\/M\u00a0<\/strong><\/p>\n<ul>\n<li style=\"text-align: center;\">\u00a0\u00a0\u00a0\u00a0\u00a0\u00a0\u00a0 Celkov\u00e1 d\u013a\u017eka: 61 cm<\/li>\n<li style=\"text-align: center;\">\u00a0 \u00a0 \u00a0 \u00a0 \u0160\u00edrka od pazuchy po pazuchu: 38 cm - 48 cm<\/li>\n<li style=\"text-align: center;\">\u0160\u00edrka v spodnej \u010dasti: 38 cm - 52 cm<\/li>\n<\/ul>\n<p>&nbsp;<\/p>\n<p style=\"text-align: center;\"><strong>L\/XL<\/strong><\/p>\n<ul>\n<li style=\"text-align: center;\">\u00a0\u00a0\u00a0\u00a0\u00a0\u00a0\u00a0 Celkov\u00e1 d\u013a\u017eka: 63 cm<\/li>\n<li style=\"text-align: center;\">\u00a0 \u00a0 \u00a0 \u00a0 \u0160\u00edrka od pazuchy po pazuchu: 41 cm - 50 cm<\/li>\n<li style=\"text-align: center;\">\u0160\u00edrka v spodnej \u010dasti: 40 cm - 55 cm<\/li>\n<\/ul>\n<p style=\"text-align: center;\">Rozmery sa m\u00f4\u017eu mierne l\u00ed\u0161i\u0165 od uveden\u00fdch +\/- 2cm. V\u0161etky uveden\u00e9 rozmery s\u00fa meran\u00e9 plo\u0161ne.<\/p>\n<table>\n<tbody>\n<tr>\n<td width=\"302\">Meno modela<\/td>\n<td width=\"302\">Tri\u010dko Mickey Love<\/td>\n<\/tr>\n<tr>\n<td width=\"302\">Farba<\/td>\n<td width=\"302\">biely<\/td>\n<\/tr>\n<tr>\n<td width=\"302\">ve\u013ekosti<\/td>\n<td width=\"302\">Univerz\u00e1lny<\/td>\n<\/tr>\n<tr>\n<td width=\"302\">M\u00f3da<\/td>\n<td width=\"302\">Zhoda<\/td>\n<\/tr>\n<tr>\n<td width=\"302\">Materi\u00e1l<\/td>\n<td width=\"302\">95 % Bavlna 5% Elastan<\/td>\n<\/tr>\n<\/tbody>\n<\/table>\n<p style=\"text-align: center;\">Model m\u00e1\u00a0<strong>166<\/strong>\u00a0cm vysok\u00fd, nos\u00ed ho ka\u017ed\u00fd de\u0148\u00a0<strong>ve\u013ekos\u0165 S<\/strong><\/p>\n<p style=\"text-align: center;\">","protected":false},"excerpt":{"rendered":"<p>T-shirt Mickey Love Bia\u0142a Czarny T-shirt z oryginalnym nadrukiem Mickey\u00a0I love You &#8211; z ozdobn\u0105 kokarda. Jest to bluzka , kt\u00f3ra b\u0119dzie pasowa\u0142a do wi\u0119kszo\u015bci stylizacji\u2013 ze wzgl\u0119du na niepowtarzalny wz\u00f3r. Przyjemny w dotyku, oddychaj\u0105cy materia\u0142 zapewni Ci komfort noszenia. Prosty, uniwersalny T-shirt mo\u017cesz nosi\u0107 przez ca\u0142y rok, niezale\u017cnie od pory roku. Po\u0142\u0105cz go z<\/p>\n<div class=\"klb-readmore post-buttons\"><a class=\"button black outline size-sm\" href=\"https:\/\/madelinefashion.pl\/sk\/t-shirt-mickey-love-biala\/\">\u010c\u00edta\u0165 \u010falej <i class=\"klbth-icon-right-arrow\"><\/i><\/a><\/div>","protected":false},"featured_media":5734,"template":"","meta":[],"product_brand":[],"product_cat":[85],"product_tag":[251,479],"class_list":{"0":"post-5735","1":"product","2":"type-product","3":"status-publish","4":"has-post-thumbnail","6":"product_cat-t-shirty","7":"product_tag-bluzka-biala","8":"product_tag-bluzki-z-krotkim-rekawem","9":"pa_rozmiar-s-m","10":"pa_rozmiar-l-xl","12":"first","13":"instock","14":"sale","15":"purchasable","16":"product-type-variable"},"_links":{"self":[{"href":"https:\/\/madelinefashion.pl\/sk\/wp-json\/wp\/v2\/product\/5735","targetHints":{"allow":["GET"]}}],"collection":[{"href":"https:\/\/madelinefashion.pl\/sk\/wp-json\/wp\/v2\/product"}],"about":[{"href":"https:\/\/madelinefashion.pl\/sk\/wp-json\/wp\/v2\/types\/product"}],"wp:featuredmedia":[{"embeddable":true,"href":"https:\/\/madelinefashion.pl\/sk\/wp-json\/wp\/v2\/media\/5734"}],"wp:attachment":[{"href":"https:\/\/madelinefashion.pl\/sk\/wp-json\/wp\/v2\/media?parent=5735"}],"wp:term":[{"taxonomy":"product_brand","embeddable":true,"href":"https:\/\/madelinefashion.pl\/sk\/wp-json\/wp\/v2\/product_brand?post=5735"},{"taxonomy":"product_cat","embeddable":true,"href":"https:\/\/madelinefashion.pl\/sk\/wp-json\/wp\/v2\/product_cat?post=5735"},{"taxonomy":"product_tag","embeddable":true,"href":"https:\/\/madelinefashion.pl\/sk\/wp-json\/wp\/v2\/product_tag?post=5735"}],"curies":[{"name":"pracovn\u00fd list","href":"https:\/\/api.w.org\/{rel}","templated":true}]}}