{"id":575102,"date":"2025-08-08T14:19:47","date_gmt":"2025-08-08T12:19:47","guid":{"rendered":"https:\/\/madelinefashion.pl\/?post_type=product&#038;p=575102"},"modified":"2026-04-20T18:52:52","modified_gmt":"2026-04-20T16:52:52","slug":"sukienka-biala-cekinowa-maxi-mira","status":"publish","type":"product","link":"https:\/\/madelinefashion.pl\/sk\/sukienka-biala-cekinowa-maxi-mira\/","title":{"rendered":"Biele flitrovan\u00e9 maxi \u0161aty Mira"},"content":{"rendered":"<h3 style=\"text-align: center;\">Biele flitrovan\u00e9 maxi \u0161aty Mira<\/h3>\n<p style=\"text-align: center;\">Kr\u00e1sne dlh\u00e9 ve\u010dern\u00e9 \u0161aty <strong>biely<\/strong> Zdoben\u00e9 flitrami kr\u00e1sne zv\u00fdraz\u0148uj\u00fa \u017eensk\u00e9 tvary. Maxi \u0161aty maj\u00fa sexi v\u00fdstrih do V. \u0160aty dokonale zv\u00fdraz\u0148uj\u00fa \u017eensk\u00e9 krivky \u2013 mega <strong>vybaven\u00e9<\/strong> Ur\u010dite to up\u00fata pozornos\u0165. Pozrite si na\u0161u ponuku. <strong><a href=\"https:\/\/madelinefashion.pl\/sk\/sukienki-i-kombinezony\/sukienki-okolicznosciowe\/\">ve\u010dern\u00e9 \u0161aty<\/a>\u00a0a vyberte si model, <\/strong>v ktorom budete <strong>vyzera\u0165 ako hviezda a vy\u010dnieva\u0165 z davu. Maxi \u0161aty sa vo svetle l\u00e1mp rozpr\u00e1vkovo trblietaj\u00fa. <\/strong>Ned\u00e1 sa to ignorova\u0165. \u0160aty maj\u00fa vpredu v\u0161it\u00e9 ko\u0161\u00ed\u010dky, v\u010faka \u010domu nie je potrebn\u00e9 nosi\u0165 podprsenku. <strong>\u0160aty\u00a0 <\/strong>\u00a0dostupn\u00e9 vo ve\u013ekostiach <strong>34, 36, 38<\/strong> , <strong>40<\/strong>\u00a0 .\u00a0 <strong data-start=\"393\" data-end=\"456\">Priliehav\u00e9 svadobn\u00e9 \u0161aty s ramienkami, zdoben\u00e9 flitrami<\/strong> je vo\u013ebou pre modern\u00fdch <strong>nevesta<\/strong>, ktor\u00e1 chce vyzera\u0165 fenomen\u00e1lne a c\u00edti\u0165 sa v\u00fdnimo\u010dne. Priliehav\u00fd strih kr\u00e1sne tvaruje postavu, zv\u00fdraz\u0148uje \u017eensk\u00e9 tvary a decentn\u00e9... <strong data-start=\"641\" data-end=\"654\">popruhy<\/strong> a hlbok\u00fd v\u00fdstrih dod\u00e1vaj\u00fa cel\u00e9mu oble\u010deniu \u013eahk\u00fd a romantick\u00fd n\u00e1dych. L\u00e1tka je bohato zdoben\u00e1. <strong data-start=\"734\" data-end=\"746\">flitre<\/strong> trblieta sa vo svetle a vytv\u00e1ra o\u010daruj\u00faci efekt bez toho, aby bol prehnan\u00fd. <strong>MadelineFashion<\/strong> S\u00fa perfektnou vo\u013ebou na svadby, stu\u017ekov\u00e9, Silvestra a in\u00e9 elegantn\u00e9 \u0161peci\u00e1lne pr\u00edle\u017eitosti. S\u00fa vyroben\u00e9 z elastick\u00e9ho materi\u00e1lu zdoben\u00e9ho flitrami, ktor\u00fd sa dokonale prisp\u00f4sob\u00ed postave. Maj\u00fa jemn\u00e9 ramienka a z\u00fa\u017een\u00fd p\u00e1s, ktor\u00fd kr\u00e1sne zv\u00fdraz\u0148uje p\u00e1s. Chrb\u00e1t kr\u00e1sne zv\u00fdraz\u0148uje chrb\u00e1t. Tieto \u0161aty s v\u00fdrazn\u00fdm vzorom ur\u010dite up\u00fataj\u00fa pozornos\u0165. <strong>\u0160aty p\u00f4sobia decentne v\u010faka klasick\u00e9mu strihu. <\/strong>\u00a0Dostupn\u00e9 na na\u0161om e-shope vo viacer\u00fdch farebn\u00fdch variantoch, tak nev\u00e1hajte a vyberte si t\u00fa, ktor\u00e1 je pre v\u00e1s ako stvoren\u00e1. Ak sa neviete rozhodn\u00fa\u0165 ak\u00fa farbu, <strong>ve\u013ekos\u0165<\/strong> je pre v\u00e1s to najlep\u0161ie <strong>kontaktuj n\u00e1s<\/strong> cez <a href=\"https:\/\/www.facebook.com\/madelinefashionbutik\" target=\"_blank\" rel=\"noopener\">Facebook<\/a> alebo <a href=\"https:\/\/madelinefashion.pl\/sk\/kontakt\/\">telef\u00f3n<\/a>. Ak ve\u013ekos\u0165 nie je na str\u00e1nke, kontaktujte n\u00e1s.<\/p>\n<h3 style=\"text-align: center;\">ROZMERY \u0161iat:<\/h3>\n<table width=\"556\">\n<tbody>\n<tr>\n<td><strong>VE\u013dKOS\u0164<\/strong><\/td>\n<td><strong>poprsia<\/strong><\/td>\n<td><strong>P\u00e1s<\/strong><\/td>\n<td><strong>Boky<\/strong><\/td>\n<\/tr>\n<tr>\n<td><strong>34<\/strong><\/td>\n<td>84-86<\/td>\n<td>64-68<\/td>\n<td>\u00a082-90<\/td>\n<\/tr>\n<tr>\n<td><strong>36<\/strong><\/td>\n<td>88-90<\/td>\n<td>68-72<\/td>\n<td>\u00a086-92<\/td>\n<\/tr>\n<tr>\n<td><strong>38<\/strong><\/td>\n<td>92-94<\/td>\n<td>72-76<\/td>\n<td>\u00a090-96<\/td>\n<\/tr>\n<tr>\n<td><strong>40<\/strong><\/td>\n<td>96-98<\/td>\n<td>76-80<\/td>\n<td>\u00a094-106<\/td>\n<\/tr>\n<\/tbody>\n<\/table>\n<p>&nbsp;<\/p>\n<p style=\"text-align: center;\">\u00a0 celkov\u00e1 d\u013a\u017eka cca 157 cm<\/p>\n<p style=\"text-align: center;\">\u0160aty s\u00fa dostupn\u00e9 aj v in\u00fdch farb\u00e1ch - odpor\u00fa\u010dame v\u00e1m zozn\u00e1mi\u0165 sa s na\u0161imi \u010fal\u0161\u00edmi produktmi.<\/p>\n<p style=\"text-align: center;\">Rozmery sa m\u00f4\u017eu mierne l\u00ed\u0161i\u0165 od uveden\u00fdch +\/- 2cm.<\/p>\n<p style=\"text-align: center;\"><strong>\u00a0<\/strong><\/p>\n<p>&nbsp;<\/p>\n<table>\n<tbody>\n<tr>\n<td width=\"302\">Meno modela<\/td>\n<td width=\"302\">Maxi \u0161aty s flitrami Mira<\/td>\n<\/tr>\n<tr>\n<td width=\"302\">Farba<\/td>\n<td width=\"302\">biely<\/td>\n<\/tr>\n<tr>\n<td width=\"302\">Marka<\/td>\n<td width=\"302\">MadelineFashion<\/td>\n<\/tr>\n<tr>\n<td width=\"302\">ve\u013ekosti<\/td>\n<td width=\"302\">34 36 38 40<\/td>\n<\/tr>\n<tr>\n<td width=\"302\">M\u00f3da<\/td>\n<td width=\"302\">Zhoda<\/td>\n<\/tr>\n<tr>\n<td width=\"302\">Materi\u00e1l<\/td>\n<td width=\"302\">Visk\u00f3za, polyester, bavlna<\/td>\n<\/tr>\n<tr>\n<td width=\"302\">D\u013a\u017eka<\/td>\n<td width=\"302\">maxi<\/td>\n<\/tr>\n<\/tbody>\n<\/table>\n<p>&nbsp;<\/p>\n<p style=\"text-align: center;\">Aby ste si vybrali\u00a0<strong>perfektn\u00e9 \u0161aty<\/strong>\u00a0kontaktujte n\u00e1s pros\u00edm telefonicky alebo cez n\u00e1\u0161 facebook.<br \/>\nN\u00e1\u0161 t\u00edm v\u00e1m pom\u00f4\u017ee\u00a0<strong>Vyberte si ten spr\u00e1vny<\/strong>\u00a0.\u00a0<strong>Na \u017eelanie kupuj\u00faceho vyrob\u00edme ak\u00e9ko\u013evek \u0161aty\u00a0<\/strong><strong>opatrne mera\u0165.\u00a0<\/strong><\/p>\n<div class=\"additional-details\">\n<p style=\"text-align: center;\">\n<\/div>","protected":false},"excerpt":{"rendered":"<p>Sukienka Bia\u0142a Cekinowa Maxi Mira Pi\u0119kna d\u0142uga suknia wieczorowa w kolorze bia\u0142ym zdobiona cekinami . Pi\u0119knie eksponuje kobiece kszta\u0142ty. Maxi suknia posiada seksownie wyci\u0119ty dekolt w styl v. Sukienka \u015bwietnie podkre\u015bla kobiece kszta\u0142ty- mega dopasowana z ca\u0142\u0105 pewno\u015bci\u0105 skupi uwag\u0119 innych. . Zapoznaj si\u0119 z nasz\u0105 ofert\u0105 sukni wieczorowych\u00a0i wybierz model, w kt\u00f3rej b\u0119dziesz wygl\u0105da\u0107<\/p>\n<div class=\"klb-readmore post-buttons\"><a class=\"button black outline size-sm\" href=\"https:\/\/madelinefashion.pl\/sk\/sukienka-biala-cekinowa-maxi-mira\/\">\u010c\u00edta\u0165 \u010falej <i class=\"klbth-icon-right-arrow\"><\/i><\/a><\/div>","protected":false},"featured_media":575749,"template":"","meta":[],"product_brand":[],"product_cat":[124,558,569,566,630],"product_tag":[257,219,163],"class_list":{"0":"post-575102","1":"product","2":"type-product","3":"status-publish","4":"has-post-thumbnail","6":"product_cat-sukienki-okolicznosciowe","7":"product_cat-sukienki-cekinowe","8":"product_cat-sukienki-dopasowane","9":"product_cat-suknie-slubne","10":"product_cat-suknie-slubne-dopasowane","11":"product_tag-madelinefashion","12":"product_tag-sukienka-biala","13":"product_tag-sukienki-dlugie","15":"first","16":"instock","17":"purchasable","18":"product-type-variable"},"_links":{"self":[{"href":"https:\/\/madelinefashion.pl\/sk\/wp-json\/wp\/v2\/product\/575102","targetHints":{"allow":["GET"]}}],"collection":[{"href":"https:\/\/madelinefashion.pl\/sk\/wp-json\/wp\/v2\/product"}],"about":[{"href":"https:\/\/madelinefashion.pl\/sk\/wp-json\/wp\/v2\/types\/product"}],"wp:featuredmedia":[{"embeddable":true,"href":"https:\/\/madelinefashion.pl\/sk\/wp-json\/wp\/v2\/media\/575749"}],"wp:attachment":[{"href":"https:\/\/madelinefashion.pl\/sk\/wp-json\/wp\/v2\/media?parent=575102"}],"wp:term":[{"taxonomy":"product_brand","embeddable":true,"href":"https:\/\/madelinefashion.pl\/sk\/wp-json\/wp\/v2\/product_brand?post=575102"},{"taxonomy":"product_cat","embeddable":true,"href":"https:\/\/madelinefashion.pl\/sk\/wp-json\/wp\/v2\/product_cat?post=575102"},{"taxonomy":"product_tag","embeddable":true,"href":"https:\/\/madelinefashion.pl\/sk\/wp-json\/wp\/v2\/product_tag?post=575102"}],"curies":[{"name":"pracovn\u00fd list","href":"https:\/\/api.w.org\/{rel}","templated":true}]}}