{"id":576498,"date":"2025-08-20T14:19:30","date_gmt":"2025-08-20T12:19:30","guid":{"rendered":"https:\/\/madelinefashion.pl\/?post_type=product&#038;p=576498"},"modified":"2026-04-21T23:18:42","modified_gmt":"2026-04-21T21:18:42","slug":"sukienka-maxi-tiulowa-gorsetowa-merida-wrzosowa","status":"publish","type":"product","link":"https:\/\/madelinefashion.pl\/sk\/sukienka-maxi-tiulowa-gorsetowa-merida-wrzosowa\/","title":{"rendered":"Maxi \u0161aty s korzetom Merida Heather z tylu"},"content":{"rendered":"<h3 style=\"text-align: center;\">Maxi \u0161aty s korzetom Merida Heather z tylu<\/h3>\n<p style=\"text-align: center;\"><strong>Tylov\u00e9 \u0161aty Merida<\/strong> Tieto \u0161aty s\u00fa ide\u00e1lne pre \u017eeny, ktor\u00e9 chc\u00fa spoji\u0165 eleganciu s n\u00e1dychom zmyselnosti. \u017div\u00f4tik je zdoben\u00fd prepracovan\u00fdmi aplik\u00e1ciami, ktor\u00e9 jemne zv\u00fdraz\u0148uj\u00fa v\u00fdstrih a ramen\u00e1. Nastavite\u013en\u00fd \u017eiv\u00f4tik so zav\u00e4zovan\u00edm vzadu dokonale sed\u00ed na postave, tvaruje p\u00e1s a zais\u0165uje pohodlie.<\/p>\n<p style=\"text-align: center;\" data-start=\"435\" data-end=\"723\">Rozparok na nohavici dod\u00e1va n\u00e1dych \u013eahkosti a \u017eenskosti, zatia\u013e \u010do tyl, pokryt\u00fd jemn\u00fdmi trblietkami, sa kr\u00e1sne trblieta vo svetle a vytv\u00e1ra ohromuj\u00faci efekt pri ka\u017edom pohybe. \u010eal\u0161ou v\u00fdhodou s\u00fa odn\u00edmate\u013en\u00e9 ruk\u00e1vy, ktor\u00e9 umo\u017e\u0148uj\u00fa r\u00fdchlu zmenu \u0161t\u00fdlu \u2013 z klasick\u00e9ho na ve\u010dernej\u0161\u00ed.<\/p>\n<p style=\"text-align: center;\" data-start=\"725\" data-end=\"840\">\u0160aty Merida, dostupn\u00e9 vo ve\u013ekostiach 34 \u2013 40, s\u00fa ide\u00e1lne na \u0161peci\u00e1lne pr\u00edle\u017eitosti, ako s\u00fa svadby, stu\u017ekov\u00e9 a sl\u00e1vnostn\u00e9 ve\u010dierky.<\/p>\n<p style=\"text-align: center;\">\u0160aty <strong>Madelinefashion<\/strong>\u00a0je vynikaj\u00facou vo\u013ebou na svadbu, ples, Silvestra a in\u00e9 elegantn\u00e9 \u0161peci\u00e1lne udalosti. Dostupn\u00e9 na na\u0161om e-shope vo viacer\u00fdch farebn\u00fdch variantoch, tak nev\u00e1hajte a vyberte si t\u00fa, ktor\u00e1 je pre v\u00e1s ako stvoren\u00e1. Ak sa neviete rozhodn\u00fa\u0165 ak\u00fa farbu, <strong>ve\u013ekos\u0165<\/strong> je pre v\u00e1s to najlep\u0161ie <strong>kontaktuj n\u00e1s<\/strong> cez <a href=\"https:\/\/www.facebook.com\/madelinefashionbutik\" target=\"_blank\" rel=\"noopener\">Facebook<\/a> alebo <a href=\"https:\/\/madelinefashion.pl\/sk\/kontakt\/\">telef\u00f3n<\/a>. Ak ve\u013ekos\u0165 nie je na str\u00e1nke, kontaktujte n\u00e1s.<\/p>\n<h3 style=\"text-align: center;\">ROZMERY \u0161iat:<\/h3>\n<table width=\"556\">\n<tbody>\n<tr>\n<td><strong>VE\u013dKOS\u0164<\/strong><\/td>\n<td><strong>poprsia<\/strong><\/td>\n<td><strong>P\u00e1s<\/strong><\/td>\n<td><strong>Boky<\/strong><\/td>\n<\/tr>\n<tr>\n<td><strong>34<\/strong><\/td>\n<td>84-86<\/td>\n<td>64<\/td>\n<td>\u00a0ak\u00fdko\u013evek<\/td>\n<\/tr>\n<tr>\n<td><strong>36<\/strong><\/td>\n<td>88-90<\/td>\n<td>68<\/td>\n<td>\u00a0ak\u00fdko\u013evek<\/td>\n<\/tr>\n<tr>\n<td><strong>38<\/strong><\/td>\n<td>\u00a092-94<\/td>\n<td>72<\/td>\n<td>\u00a0ak\u00fdko\u013evek<\/td>\n<\/tr>\n<tr>\n<td><strong>40<\/strong><\/td>\n<td>96-98<\/td>\n<td>76<\/td>\n<td>\u00a0ak\u00fdko\u013evek<\/td>\n<\/tr>\n<\/tbody>\n<\/table>\n<p style=\"text-align: center;\"><span style=\"font-size: 10pt;\">celkov\u00e1 d\u013a\u017eka cca 157 cm\u00a0\u00a0<\/span><\/p>\n<p style=\"text-align: center;\"><span style=\"font-size: 10pt;\">Rozmery sa m\u00f4\u017eu mierne l\u00ed\u0161i\u0165 od uveden\u00fdch +\/- 2cm.\u00a0<\/span><\/p>\n<p style=\"text-align: center;\"><span style=\"font-size: 10pt;\"><strong>\u00a0<\/strong>\u00a0<\/span><\/p>\n<table width=\"618\">\n<tbody>\n<tr>\n<td width=\"302\">Model<\/td>\n<td width=\"302\">Maxi \u0161aty s korzetom Merida Heather z tylu<\/td>\n<\/tr>\n<tr>\n<td width=\"302\">Farba<\/td>\n<td width=\"302\">vres<\/td>\n<\/tr>\n<tr>\n<td width=\"302\">Marka<\/td>\n<td width=\"302\">Madelinefashion<\/td>\n<\/tr>\n<tr>\n<td width=\"302\">ve\u013ekosti<\/td>\n<td width=\"302\">34 36 38 40<\/td>\n<\/tr>\n<tr>\n<td width=\"302\">M\u00f3da<\/td>\n<td width=\"302\">Zhoda<\/td>\n<\/tr>\n<tr>\n<td width=\"302\">Materi\u00e1l<\/td>\n<td width=\"302\">Visk\u00f3za, polyester, bavlna<\/td>\n<\/tr>\n<tr>\n<td width=\"302\">D\u013a\u017eka<\/td>\n<td width=\"302\">Na zem<\/td>\n<\/tr>\n<\/tbody>\n<\/table>\n<p style=\"text-align: center;\"><span style=\"font-size: 10pt;\">\u00a0<\/span><\/p>\n<p>&nbsp;<\/p>\n<p style=\"text-align: center;\"><span style=\"font-size: 10pt;\">Aby ste si vybrali <strong>perfektn\u00e9 \u0161aty<\/strong> kontaktujte n\u00e1s telefonicky alebo prostredn\u00edctvom na\u0161ej webovej str\u00e1nky <a href=\"https:\/\/www.facebook.com\/madelinefashionbutik\" target=\"_blank\" rel=\"noopener\">Facebook<\/a> .<\/span><br \/>\n<span style=\"font-size: 10pt;\">N\u00e1\u0161 t\u00edm v\u00e1m pom\u00f4\u017ee <strong>Vyberte si ten spr\u00e1vny<\/strong> . <strong>Na \u017eelanie kupuj\u00faceho vyrob\u00edme ak\u00e9ko\u013evek \u0161aty\u00a0<\/strong><strong>opatrne mera\u0165.\u00a0<\/strong><\/span><\/p>\n<div class=\"additional-details\" style=\"text-align: center;\">\n<p style=\"text-align: center;\"><span style=\"font-size: 10pt;\">\u00a0<\/span><\/p>\n<\/div>","protected":false},"excerpt":{"rendered":"<p>Sukienka Maxi Tiulowa Gorsetowa Merida Wrzosowa Sukienka tiulowa Merida to propozycja dla kobiet, kt\u00f3re pragn\u0105 po\u0142\u0105czy\u0107 elegancj\u0119 z odrobin\u0105 zmys\u0142owo\u015bci. G\u00f3ra sukienki zdobiona jest misternymi aplikacjami, kt\u00f3re subtelnie podkre\u015blaj\u0105 dekolt i ramiona. Regulowany gorset z wi\u0105zaniem z ty\u0142u doskonale dopasowuje si\u0119 do sylwetki, modeluj\u0105c tali\u0119 i zapewniaj\u0105c wygod\u0119 noszenia. Rozci\u0119cie na nodze dodaje lekko\u015bci i<\/p>\n<div class=\"klb-readmore post-buttons\"><a class=\"button black outline size-sm\" href=\"https:\/\/madelinefashion.pl\/sk\/sukienka-maxi-tiulowa-gorsetowa-merida-wrzosowa\/\">\u010c\u00edta\u0165 \u010falej <i class=\"klbth-icon-right-arrow\"><\/i><\/a><\/div>","protected":false},"featured_media":576490,"template":"","meta":[],"product_brand":[],"product_cat":[124,561],"product_tag":[163,215],"class_list":{"0":"post-576498","1":"product","2":"type-product","3":"status-publish","4":"has-post-thumbnail","6":"product_cat-sukienki-okolicznosciowe","7":"product_cat-sukienki-tiulowe","8":"product_tag-sukienki-dlugie","9":"product_tag-sukienki-rozowe","11":"first","12":"instock","13":"sale","14":"purchasable","15":"product-type-variable"},"_links":{"self":[{"href":"https:\/\/madelinefashion.pl\/sk\/wp-json\/wp\/v2\/product\/576498","targetHints":{"allow":["GET"]}}],"collection":[{"href":"https:\/\/madelinefashion.pl\/sk\/wp-json\/wp\/v2\/product"}],"about":[{"href":"https:\/\/madelinefashion.pl\/sk\/wp-json\/wp\/v2\/types\/product"}],"wp:featuredmedia":[{"embeddable":true,"href":"https:\/\/madelinefashion.pl\/sk\/wp-json\/wp\/v2\/media\/576490"}],"wp:attachment":[{"href":"https:\/\/madelinefashion.pl\/sk\/wp-json\/wp\/v2\/media?parent=576498"}],"wp:term":[{"taxonomy":"product_brand","embeddable":true,"href":"https:\/\/madelinefashion.pl\/sk\/wp-json\/wp\/v2\/product_brand?post=576498"},{"taxonomy":"product_cat","embeddable":true,"href":"https:\/\/madelinefashion.pl\/sk\/wp-json\/wp\/v2\/product_cat?post=576498"},{"taxonomy":"product_tag","embeddable":true,"href":"https:\/\/madelinefashion.pl\/sk\/wp-json\/wp\/v2\/product_tag?post=576498"}],"curies":[{"name":"pracovn\u00fd list","href":"https:\/\/api.w.org\/{rel}","templated":true}]}}