{"id":582259,"date":"2025-10-21T17:28:13","date_gmt":"2025-10-21T15:28:13","guid":{"rendered":"https:\/\/madelinefashion.pl\/?post_type=product&#038;p=582259"},"modified":"2026-04-15T12:28:20","modified_gmt":"2026-04-15T10:28:20","slug":"sukienka-krotka-cekinowa-z-piorkami-butelkowa-zielen-miodi","status":"publish","type":"product","link":"https:\/\/madelinefashion.pl\/sk\/sukienka-krotka-cekinowa-z-piorkami-butelkowa-zielen-miodi\/","title":{"rendered":"F\u013ea\u0161kovo zelen\u00e9 flitrovan\u00e9 kr\u00e1tke \u0161aty s pierkami Miodi"},"content":{"rendered":"<h3 style=\"text-align: center;\">F\u013ea\u0161kovo zelen\u00e9 flitrovan\u00e9 kr\u00e1tke \u0161aty s pierkami Miodi<\/h3>\n<p style=\"text-align: center;\">Kr\u00e1sne kr\u00e1tke <strong>ve\u010dern\u00e9 \u0161aty zdoben\u00e9 flitrami a pierkami. <\/strong>\u00a0 Kr\u00e1sne odha\u013euje \u017eensk\u00e9 tvary. Kr\u00e1tke trblietav\u00e9 \u0161aty v <strong>oslniv\u00fd \u0161t\u00fdl<\/strong> Na ramen\u00e1ch maj\u00fa kor\u00e1lkov\u00e9 detaily. S\u00fa vyroben\u00e9 z elastick\u00e9ho materi\u00e1lu. Tieto kr\u00e1tke \u0161aty pre pln\u0161ie postavy s\u00fa ide\u00e1lne na \u0161peci\u00e1lne pr\u00edle\u017eitosti. V\u010faka starostlivo vybran\u00fdm materi\u00e1lom a d\u00f4razu na detail vyzeraj\u00fa \u0161aty neuverite\u013ene lichotivo a z\u00e1rove\u0148 umo\u017e\u0148uj\u00fa neobmedzen\u00fd pohyb. Zap\u00ednanie na zips vzadu zais\u0165uje jednoduch\u00e9 obliekanie a starostlivo premyslen\u00fd strih zais\u0165uje perfektn\u00e9 padnutie.<br \/>\nJe pokryt\u00e1 trblietav\u00fdmi flitrami a kr\u00e1sne odr\u00e1\u017ea svetlo, zatia\u013e \u010do v\u00fdrazn\u00e9 pierka dod\u00e1vaj\u00fa n\u00e1dych \u013eahkosti a \u0161armu. \u017densk\u00fd, priliehav\u00fd strih lichot\u00ed postave a z\u00e1rove\u0148 zais\u0165uje pohodlie. Ide\u00e1lna na Silvestra, svadbu alebo ve\u010dern\u00fd v\u00fdlet. Presk\u00famajte na\u0161u ponuku. <strong><a href=\"https:\/\/madelinefashion.pl\/sk\/sukienki-i-kombinezony\/sukienki-okolicznosciowe\/\">ve\u010dern\u00e9 \u0161aty<\/a>\u00a0a vyberte si model, <\/strong>v ktorom budete <strong>Vyzerajte ako hviezda a vy\u010dnievajte z davu. Midi \u0161aty sa n\u00e1dherne trblietaj\u00fa vo svetle lampy. <\/strong>Nem\u00f4\u017eete by\u0165 k tomu \u013eahostajn\u00ed.<strong> S<\/strong>\u0160aty maj\u00fa vpredu v\u0161it\u00e9 ko\u0161\u00ed\u010dky, tak\u017ee si nemus\u00edte oblieka\u0165 podprsenku. <strong>\u0160aty Miodi <\/strong>\u00a0In <strong>zelen\u00e1<\/strong> s\u00fa to fenomen\u00e1lne \u0161aty <strong>pr\u00e9mie<\/strong>, v ktorom sa ka\u017ed\u00e1 \u017eena m\u00f4\u017ee c\u00edti\u0165 ako filmov\u00e1 hviezda. Toto je jeden z o\u010daruj\u00facich odevov, ktor\u00fd v\u00e1m umo\u017en\u00ed za\u017eiari\u0165 po\u010das t\u00fdch najelegantnej\u0161\u00edch udalost\u00ed. <strong>Medov\u00e9 \u0161aty <\/strong>dostupn\u00e9 vo ve\u013ekostiach <strong>Nadmern\u00e9 ve\u013ekosti 42 44 46 48 50 <\/strong>\u00a0\u0160aty <strong>Madeleinefashion<\/strong>\u00a0je v\u00fdbornou vo\u013ebou pre <strong>svadba, ples, Silvester a in\u00e9 elegantn\u00e9 pr\u00edle\u017eitostn\u00e9 udalosti<\/strong>. Dostupn\u00e9 na na\u0161om e-shope vo viacer\u00fdch farebn\u00fdch variantoch, tak nev\u00e1hajte a vyberte si t\u00fa, ktor\u00e1 je pre v\u00e1s ako stvoren\u00e1. Ak sa neviete rozhodn\u00fa\u0165 ak\u00fa farbu, <strong>ve\u013ekos\u0165<\/strong> je pre v\u00e1s to najlep\u0161ie <strong>kontaktuj n\u00e1s<\/strong> cez <a href=\"https:\/\/www.facebook.com\/madelinefashionbutik\" target=\"_blank\" rel=\"noopener\">Facebook<\/a> alebo <a href=\"https:\/\/madelinefashion.pl\/sk\/kontakt\/\">telef\u00f3n<\/a>. Ak ve\u013ekos\u0165 nie je na str\u00e1nke, kontaktujte n\u00e1s.\u00a0 <strong>Svoje rozmery m\u00f4\u017eete \u0161pecifikova\u0165 v inform\u00e1ci\u00e1ch po n\u00e1kupe<\/strong> Ve\u013ekos\u0165 p\u00e1su a poprsia V\u00e1m vyberieme t\u00fa spr\u00e1vnu ve\u013ekos\u0165!!<\/p>\n<h3 style=\"text-align: center;\">ROZMERY \u0161iat:<\/h3>\n<table width=\"556\">\n<tbody>\n<tr>\n<td><strong>VE\u013dKOS\u0164<\/strong><\/td>\n<td><strong>poprsia<\/strong><\/td>\n<td><strong>P\u00e1s<\/strong><\/td>\n<td><strong>Boky<\/strong><\/td>\n<\/tr>\n<tr>\n<td><strong>42<\/strong><\/td>\n<td>102-108<\/td>\n<td>84-88<\/td>\n<td>\u00a0102-110<\/td>\n<\/tr>\n<tr>\n<td><strong>44<\/strong><\/td>\n<td>106-112<\/td>\n<td>88-92<\/td>\n<td>\u00a0104-112<\/td>\n<\/tr>\n<tr>\n<td><strong>46<\/strong><\/td>\n<td>110-116<\/td>\n<td>92-98<\/td>\n<td>\u00a0106-114<\/td>\n<\/tr>\n<tr>\n<td><strong>48<\/strong><\/td>\n<td>114-120<\/td>\n<td>96-102<\/td>\n<td>\u00a0108-122<\/td>\n<\/tr>\n<tr>\n<td><strong>50<\/strong><\/td>\n<td>118-124<\/td>\n<td>100-106<\/td>\n<td>\u00a0114-126<\/td>\n<\/tr>\n<\/tbody>\n<\/table>\n<p style=\"text-align: center;\">celkov\u00e1 d\u013a\u017eka cca 97 cm<\/p>\n<p style=\"text-align: center;\">\u0160aty s\u00fa dostupn\u00e9 aj v in\u00fdch farb\u00e1ch - odpor\u00fa\u010dame v\u00e1m zozn\u00e1mi\u0165 sa s na\u0161imi \u010fal\u0161\u00edmi produktmi.<\/p>\n<p style=\"text-align: center;\">Rozmery sa m\u00f4\u017eu mierne l\u00ed\u0161i\u0165 od uveden\u00fdch +\/- 2cm.<\/p>\n<p style=\"text-align: center;\"><strong>\u00a0<\/strong><\/p>\n<p>&nbsp;<\/p>\n<table>\n<tbody>\n<tr>\n<td width=\"302\">Meno modela<\/td>\n<td width=\"302\">Kr\u00e1tke flitrovan\u00e9 \u0161aty Miodi s pierkami<\/td>\n<\/tr>\n<tr>\n<td width=\"302\">Farba<\/td>\n<td width=\"302\">Zelen\u00e1 \/ f\u013ea\u0161kovo zelen\u00e1<\/td>\n<\/tr>\n<tr>\n<td width=\"302\">Marka<\/td>\n<td width=\"302\">Madelinefashion<\/td>\n<\/tr>\n<tr>\n<td width=\"302\">ve\u013ekosti<\/td>\n<td width=\"302\">42 44 46 48<\/td>\n<\/tr>\n<tr>\n<td width=\"302\">M\u00f3da<\/td>\n<td width=\"302\">Zhoda<\/td>\n<\/tr>\n<tr>\n<td width=\"302\">Materi\u00e1l<\/td>\n<td width=\"302\">Visk\u00f3za, polyester, bavlna<\/td>\n<\/tr>\n<tr>\n<td width=\"302\">D\u013a\u017eka<\/td>\n<td width=\"302\">Pred kolenom<\/td>\n<\/tr>\n<\/tbody>\n<\/table>\n<p style=\"text-align: center;\">Aby ste si vybrali\u00a0<strong>perfektn\u00e9 \u0161aty<\/strong>\u00a0kontaktujte n\u00e1s pros\u00edm telefonicky alebo cez n\u00e1\u0161 facebook.<br \/>\nN\u00e1\u0161 t\u00edm v\u00e1m pom\u00f4\u017ee\u00a0<strong>Vyberte si ten spr\u00e1vny<\/strong>\u00a0.\u00a0<strong>Na \u017eelanie kupuj\u00faceho vyrob\u00edme ak\u00e9ko\u013evek \u0161aty\u00a0<\/strong><strong>opatrne mera\u0165.\u00a0<\/strong><\/p>\n<div class=\"additional-details\">\n<p style=\"text-align: center;\">\n<\/div>","protected":false},"excerpt":{"rendered":"<p>F\u013ea\u0161kovo zelen\u00e9 flitrovan\u00e9 \u0161aty Miodi s pierkami. Kr\u00e1sne kr\u00e1tke ve\u010dern\u00e9 \u0161aty zdoben\u00e9 flitrami a pierkami. Kr\u00e1sne zv\u00fdraz\u0148uj\u00fa \u017eensk\u00e9 tvary. Tieto kr\u00e1tke, trblietav\u00e9 \u0161aty sa vyzna\u010duj\u00fa oslniv\u00fdmi kor\u00e1lkami na ramen\u00e1ch. S\u00fa vyroben\u00e9 z elastick\u00e9ho materi\u00e1lu. Tieto kr\u00e1tke \u0161aty pre pln\u0161ie postavy s\u00fa ide\u00e1lne na \u0161peci\u00e1lne pr\u00edle\u017eitosti. V\u010faka starostlivo vybran\u00fdm materi\u00e1lom a d\u00f4razu na detail,<\/p>\n<div class=\"klb-readmore post-buttons\"><a class=\"button black outline size-sm\" href=\"https:\/\/madelinefashion.pl\/sk\/sukienka-krotka-cekinowa-z-piorkami-butelkowa-zielen-miodi\/\">\u010c\u00edta\u0165 \u010falej <i class=\"klbth-icon-right-arrow\"><\/i><\/a><\/div>","protected":false},"featured_media":582267,"template":"","meta":[],"product_brand":[],"product_cat":[124,395,558,564],"product_tag":[257,385,262,535],"class_list":{"0":"post-582259","1":"product","2":"type-product","3":"status-publish","4":"has-post-thumbnail","6":"product_cat-sukienki-okolicznosciowe","7":"product_cat-nowosci","8":"product_cat-sukienki-cekinowe","9":"product_cat-sukienki-plus-size","10":"product_tag-madelinefashion","11":"product_tag-plus-size","12":"product_tag-sukienki-krotkie","13":"product_tag-zielone-sukienki","15":"first","16":"instock","17":"sale","18":"purchasable","19":"product-type-variable"},"_links":{"self":[{"href":"https:\/\/madelinefashion.pl\/sk\/wp-json\/wp\/v2\/product\/582259","targetHints":{"allow":["GET"]}}],"collection":[{"href":"https:\/\/madelinefashion.pl\/sk\/wp-json\/wp\/v2\/product"}],"about":[{"href":"https:\/\/madelinefashion.pl\/sk\/wp-json\/wp\/v2\/types\/product"}],"wp:featuredmedia":[{"embeddable":true,"href":"https:\/\/madelinefashion.pl\/sk\/wp-json\/wp\/v2\/media\/582267"}],"wp:attachment":[{"href":"https:\/\/madelinefashion.pl\/sk\/wp-json\/wp\/v2\/media?parent=582259"}],"wp:term":[{"taxonomy":"product_brand","embeddable":true,"href":"https:\/\/madelinefashion.pl\/sk\/wp-json\/wp\/v2\/product_brand?post=582259"},{"taxonomy":"product_cat","embeddable":true,"href":"https:\/\/madelinefashion.pl\/sk\/wp-json\/wp\/v2\/product_cat?post=582259"},{"taxonomy":"product_tag","embeddable":true,"href":"https:\/\/madelinefashion.pl\/sk\/wp-json\/wp\/v2\/product_tag?post=582259"}],"curies":[{"name":"pracovn\u00fd list","href":"https:\/\/api.w.org\/{rel}","templated":true}]}}