{"id":582398,"date":"2025-10-22T12:08:45","date_gmt":"2025-10-22T10:08:45","guid":{"rendered":"https:\/\/madelinefashion.pl\/?post_type=product&#038;p=582398"},"modified":"2026-04-21T15:39:56","modified_gmt":"2026-04-21T13:39:56","slug":"sukienka-maxi-cekinowa-fotina-czekoladowa","status":"publish","type":"product","link":"https:\/\/madelinefashion.pl\/sk\/sukienka-maxi-cekinowa-fotina-czekoladowa\/","title":{"rendered":"\u010cokol\u00e1dov\u00e9 flitrovan\u00e9 maxi \u0161aty Fotina"},"content":{"rendered":"<h3 style=\"text-align: center;\">\u010cokol\u00e1dov\u00e9 flitrovan\u00e9 maxi \u0161aty Fotina<\/h3>\n<p style=\"text-align: center;\">Model <em data-start=\"54\" data-end=\"62\">Fotina<\/em> Tieto elegantn\u00e9 flitrovan\u00e9 maxi \u0161aty v \u010dokol\u00e1dovom odtieni zaujm\u00fa nielen svojou farbou, ale aj prepracovan\u00fdmi detailmi. Strih s odhalen\u00fdmi ramenami kr\u00e1sne zv\u00fdraz\u0148uje ramen\u00e1, zatia\u013e \u010do vysok\u00fd rozparok im dod\u00e1va zmyseln\u00fd n\u00e1dych. \u0160aty maj\u00fa v\u0161it\u00e9 kostice, ktor\u00e9 zv\u00fdraz\u0148uj\u00fa siluetu, ozdobn\u00e9 kor\u00e1lky na ramen\u00e1ch a zav\u00e4zovanie na chrbte pre dokonal\u00fd strih. S\u00fa jedine\u010dnou vo\u013ebou na stu\u017ekov\u00fa, sl\u00e1vnostn\u00fa p\u00e1rty alebo ve\u010dern\u00fd v\u00fdlet. <strong>Fotinov\u00e9 \u0161aty <\/strong>dostupn\u00e9 vo ve\u013ekostiach <strong>Nadmern\u00e9 ve\u013ekosti 42 44 46 48 50 <\/strong>\u00a0\u0160aty <strong>Madelinefashion\u00a0<\/strong> je v\u00fdbornou vo\u013ebou pre <strong>svadba, ples, Silvester a in\u00e9 elegantn\u00e9 pr\u00edle\u017eitostn\u00e9 udalosti<\/strong>. Dostupn\u00e9 na na\u0161om e-shope vo viacer\u00fdch farebn\u00fdch variantoch, tak nev\u00e1hajte a vyberte si t\u00fa, ktor\u00e1 je pre v\u00e1s ako stvoren\u00e1. Ak sa neviete rozhodn\u00fa\u0165 ak\u00fa farbu, <strong>ve\u013ekos\u0165<\/strong> je pre v\u00e1s to najlep\u0161ie <strong>kontaktuj n\u00e1s<\/strong> cez <a href=\"https:\/\/www.facebook.com\/madelinefashionbutik\" target=\"_blank\" rel=\"noopener\">Facebook<\/a> alebo <a href=\"https:\/\/madelinefashion.pl\/sk\/kontakt\/\">telef\u00f3n<\/a>. Ak ve\u013ekos\u0165 nie je na str\u00e1nke, kontaktujte n\u00e1s.\u00a0 <strong>Svoje rozmery m\u00f4\u017eete \u0161pecifikova\u0165 v inform\u00e1ci\u00e1ch po n\u00e1kupe<\/strong> Ve\u013ekos\u0165 p\u00e1su a poprsia V\u00e1m vyberieme t\u00fa spr\u00e1vnu ve\u013ekos\u0165!!<\/p>\n<h3 style=\"text-align: center;\">ROZMERY \u0161iat:<\/h3>\n<table width=\"556\">\n<tbody>\n<tr>\n<td><strong>VE\u013dKOS\u0164<\/strong><\/td>\n<td><strong>poprsia<\/strong><\/td>\n<td><strong>P\u00e1s<\/strong><\/td>\n<td><strong>Boky<\/strong><\/td>\n<\/tr>\n<tr>\n<td><strong>42<\/strong><\/td>\n<td>102-108<\/td>\n<td>84-88<\/td>\n<td>\u00a0102-110<\/td>\n<\/tr>\n<tr>\n<td><strong>44<\/strong><\/td>\n<td>106-112<\/td>\n<td>88-92<\/td>\n<td>\u00a0104-112<\/td>\n<\/tr>\n<tr>\n<td><strong>46<\/strong><\/td>\n<td>110-116<\/td>\n<td>92-98<\/td>\n<td>\u00a0106-114<\/td>\n<\/tr>\n<tr>\n<td><strong>48<\/strong><\/td>\n<td>114-120<\/td>\n<td>96-102<\/td>\n<td>\u00a0108-122<\/td>\n<\/tr>\n<tr>\n<td><strong>50<\/strong><\/td>\n<td>118-124<\/td>\n<td>100-106<\/td>\n<td>\u00a0114-126<\/td>\n<\/tr>\n<\/tbody>\n<\/table>\n<p style=\"text-align: center;\">celkov\u00e1 d\u013a\u017eka cca 157 cm<\/p>\n<p style=\"text-align: center;\">\u0160aty s\u00fa dostupn\u00e9 aj v in\u00fdch farb\u00e1ch - odpor\u00fa\u010dame v\u00e1m zozn\u00e1mi\u0165 sa s na\u0161imi \u010fal\u0161\u00edmi produktmi.<\/p>\n<p style=\"text-align: center;\">Rozmery sa m\u00f4\u017eu mierne l\u00ed\u0161i\u0165 od uveden\u00fdch +\/- 2cm.<\/p>\n<p style=\"text-align: center;\"><strong>\u00a0<\/strong><\/p>\n<p>&nbsp;<\/p>\n<table>\n<tbody>\n<tr>\n<td width=\"302\">Meno modela<\/td>\n<td width=\"302\">\u010cokol\u00e1dov\u00e9 flitrovan\u00e9 maxi \u0161aty Fotina<\/td>\n<\/tr>\n<tr>\n<td width=\"302\">Farba<\/td>\n<td width=\"302\"><span style=\"font-size: 13.3333px;\">Hned\u00e1, \u010cokol\u00e1dov\u00e1<\/span><\/td>\n<\/tr>\n<tr>\n<td width=\"302\">Marka<\/td>\n<td width=\"302\">Madelinefashion<\/td>\n<\/tr>\n<tr>\n<td width=\"302\">ve\u013ekosti<\/td>\n<td width=\"302\">40 42 44 46 48 50<\/td>\n<\/tr>\n<tr>\n<td width=\"302\">M\u00f3da<\/td>\n<td width=\"302\">Zhoda<\/td>\n<\/tr>\n<tr>\n<td width=\"302\">Materi\u00e1l<\/td>\n<td width=\"302\">Visk\u00f3za, polyester, bavlna<\/td>\n<\/tr>\n<tr>\n<td width=\"302\">D\u013a\u017eka<\/td>\n<td width=\"302\">maxi<\/td>\n<\/tr>\n<\/tbody>\n<\/table>\n<p style=\"text-align: center;\">Aby ste si vybrali\u00a0<strong>perfektn\u00e9 \u0161aty<\/strong>\u00a0kontaktujte n\u00e1s pros\u00edm telefonicky alebo cez n\u00e1\u0161 facebook.<br \/>\nN\u00e1\u0161 t\u00edm v\u00e1m pom\u00f4\u017ee\u00a0<strong>Vyberte si ten spr\u00e1vny<\/strong>\u00a0.\u00a0<strong>Na \u017eelanie kupuj\u00faceho vyrob\u00edme ak\u00e9ko\u013evek \u0161aty\u00a0<\/strong><strong>opatrne mera\u0165.\u00a0<\/strong><\/p>\n<div class=\"additional-details\">\n<p style=\"text-align: center;\">\n<\/div>","protected":false},"excerpt":{"rendered":"<p>Sukienka Maxi Cekinowa Fotina Czekoladowa Model Fotina to elegancka maxi sukienka cekinowa w odcieniu czekolady, kt\u00f3ra przyci\u0105ga uwag\u0119 nie tylko kolorem, ale i dopracowanymi detalami. Fason w typie hiszpanki pi\u0119knie eksponuje ramiona, a wysokie rozci\u0119cie na nodze dodaje zmys\u0142owo\u015bci. Sukienka posiada wszyte fiszbiny, kt\u00f3re podkre\u015blaj\u0105 sylwetk\u0119, ozdobne koraliki na ramionach oraz wi\u0105zany ty\u0142, pozwalaj\u0105cy na<\/p>\n<div class=\"klb-readmore post-buttons\"><a class=\"button black outline size-sm\" href=\"https:\/\/madelinefashion.pl\/sk\/sukienka-maxi-cekinowa-fotina-czekoladowa\/\">\u010c\u00edta\u0165 \u010falej <i class=\"klbth-icon-right-arrow\"><\/i><\/a><\/div>","protected":false},"featured_media":582397,"template":"","meta":[],"product_brand":[],"product_cat":[124,395,558,564],"product_tag":[257,385,636],"class_list":{"0":"post-582398","1":"product","2":"type-product","3":"status-publish","4":"has-post-thumbnail","6":"product_cat-sukienki-okolicznosciowe","7":"product_cat-nowosci","8":"product_cat-sukienki-cekinowe","9":"product_cat-sukienki-plus-size","10":"product_tag-madelinefashion","11":"product_tag-plus-size","12":"product_tag-sukienki-czekoladowe","14":"first","15":"instock","16":"sale","17":"purchasable","18":"product-type-variable"},"_links":{"self":[{"href":"https:\/\/madelinefashion.pl\/sk\/wp-json\/wp\/v2\/product\/582398","targetHints":{"allow":["GET"]}}],"collection":[{"href":"https:\/\/madelinefashion.pl\/sk\/wp-json\/wp\/v2\/product"}],"about":[{"href":"https:\/\/madelinefashion.pl\/sk\/wp-json\/wp\/v2\/types\/product"}],"wp:featuredmedia":[{"embeddable":true,"href":"https:\/\/madelinefashion.pl\/sk\/wp-json\/wp\/v2\/media\/582397"}],"wp:attachment":[{"href":"https:\/\/madelinefashion.pl\/sk\/wp-json\/wp\/v2\/media?parent=582398"}],"wp:term":[{"taxonomy":"product_brand","embeddable":true,"href":"https:\/\/madelinefashion.pl\/sk\/wp-json\/wp\/v2\/product_brand?post=582398"},{"taxonomy":"product_cat","embeddable":true,"href":"https:\/\/madelinefashion.pl\/sk\/wp-json\/wp\/v2\/product_cat?post=582398"},{"taxonomy":"product_tag","embeddable":true,"href":"https:\/\/madelinefashion.pl\/sk\/wp-json\/wp\/v2\/product_tag?post=582398"}],"curies":[{"name":"pracovn\u00fd list","href":"https:\/\/api.w.org\/{rel}","templated":true}]}}