{"id":583554,"date":"2025-11-07T11:32:02","date_gmt":"2025-11-07T10:32:02","guid":{"rendered":"https:\/\/madelinefashion.pl\/?post_type=product&#038;p=583554"},"modified":"2026-03-01T12:57:37","modified_gmt":"2026-03-01T11:57:37","slug":"bransoletka-z-cyrkonii-cleopatra-2c1","status":"publish","type":"product","link":"https:\/\/madelinefashion.pl\/sk\/bransoletka-z-cyrkonii-cleopatra-2c1\/","title":{"rendered":"N\u00e1ramok Kleopatra s kubick\u00fdm zirk\u00f3nom 2C1"},"content":{"rendered":"<h3 style=\"text-align: center;\" align=\"CENTER\">N\u00e1ramok Kleopatra s kubick\u00fdm zirk\u00f3nom 2C1<\/h3>\n<p style=\"text-align: center;\" data-start=\"236\" data-end=\"580\">N\u00e1ramok <strong data-start=\"248\" data-end=\"261\">Kleopatra<\/strong> je kombin\u00e1ciou v\u00fdnimo\u010dnej elegancie a nad\u010dasov\u00e9ho \u0161armu. Vyroben\u00e9 z chirurgickej ocele, zdoben\u00e9 <strong data-start=\"373\" data-end=\"400\">leskl\u00e9 zirk\u00f3ny<\/strong>, zaujme svoj\u00edm decentn\u00fdm, no z\u00e1rove\u0148 luxusn\u00fdm vzh\u013eadom. Jeho dizajn je in\u0161pirovan\u00fd klasickou kr\u00e1sou \u2013 symbolom \u017eenskosti, \u0161t\u00fdlu a sebavedomia.<\/p>\n<p style=\"text-align: center;\" data-start=\"582\" data-end=\"844\">Toto <strong data-start=\"585\" data-end=\"613\">n\u00e1ramok s kubick\u00fdmi zirk\u00f3nmi<\/strong> Dokonale zv\u00fdraz\u0148uje z\u00e1p\u00e4stie a kr\u00e1sne odr\u00e1\u017ea svetlo, \u010d\u00edm dod\u00e1va trblietanie ka\u017ed\u00e9mu outfitu \u2013 \u010di u\u017e na ka\u017ed\u00fd de\u0148 alebo na ve\u010der. Je to perfektn\u00fd dar\u010dek pre niekoho v\u00fdnimo\u010dn\u00e9ho alebo elegantn\u00fd doplnok do va\u0161ej vlastnej zbierky \u0161perkov.<\/p>\n<p style=\"text-align: center;\">Obvod n\u00e1ramku\u00a0 <strong>18 cm<\/strong><\/p>\n<p class=\"p2\" style=\"text-align: center;\">","protected":false},"excerpt":{"rendered":"<p>Bransoletka z Cyrkonii Cleopatra 2C1 Bransoletka Cleopatra to po\u0142\u0105czenie wyj\u0105tkowej elegancji i ponadczasowego uroku. Wykonana ze stali chirurgicznej, zdobiona b\u0142yszcz\u0105cymi cyrkoniami, zachwyca subtelnym, a jednocze\u015bnie luksusowym wygl\u0105dem. Jej design inspirowany jest klasycznym pi\u0119knem &#8211;\u00a0 symbolem kobieco\u015bci, stylu i pewno\u015bci siebie. Ta bransoletka z cyrkoniami doskonale podkre\u015bla nadgarstek i pi\u0119knie odbija \u015bwiat\u0142o, dodaj\u0105c blasku ka\u017cdej stylizacji<\/p>\n<div class=\"klb-readmore post-buttons\"><a class=\"button black outline size-sm\" href=\"https:\/\/madelinefashion.pl\/sk\/bransoletka-z-cyrkonii-cleopatra-2c1\/\">\u010c\u00edta\u0165 \u010falej <i class=\"klbth-icon-right-arrow\"><\/i><\/a><\/div>","protected":false},"featured_media":583553,"template":"","meta":[],"product_brand":[],"product_cat":[519],"product_tag":[],"class_list":{"0":"post-583554","1":"product","2":"type-product","3":"status-publish","4":"has-post-thumbnail","6":"product_cat-bizuteria-damska","8":"first","9":"instock","10":"sale","11":"purchasable","12":"product-type-simple"},"_links":{"self":[{"href":"https:\/\/madelinefashion.pl\/sk\/wp-json\/wp\/v2\/product\/583554","targetHints":{"allow":["GET"]}}],"collection":[{"href":"https:\/\/madelinefashion.pl\/sk\/wp-json\/wp\/v2\/product"}],"about":[{"href":"https:\/\/madelinefashion.pl\/sk\/wp-json\/wp\/v2\/types\/product"}],"wp:featuredmedia":[{"embeddable":true,"href":"https:\/\/madelinefashion.pl\/sk\/wp-json\/wp\/v2\/media\/583553"}],"wp:attachment":[{"href":"https:\/\/madelinefashion.pl\/sk\/wp-json\/wp\/v2\/media?parent=583554"}],"wp:term":[{"taxonomy":"product_brand","embeddable":true,"href":"https:\/\/madelinefashion.pl\/sk\/wp-json\/wp\/v2\/product_brand?post=583554"},{"taxonomy":"product_cat","embeddable":true,"href":"https:\/\/madelinefashion.pl\/sk\/wp-json\/wp\/v2\/product_cat?post=583554"},{"taxonomy":"product_tag","embeddable":true,"href":"https:\/\/madelinefashion.pl\/sk\/wp-json\/wp\/v2\/product_tag?post=583554"}],"curies":[{"name":"pracovn\u00fd list","href":"https:\/\/api.w.org\/{rel}","templated":true}]}}