{"id":5840,"date":"2021-03-20T14:59:52","date_gmt":"2021-03-20T13:59:52","guid":{"rendered":"https:\/\/madelinefashion.pl\/?post_type=product&#038;p=5840"},"modified":"2026-03-19T17:49:43","modified_gmt":"2026-03-19T16:49:43","slug":"plaszcz-maxi-chabrowy-z-flauszu","status":"publish","type":"product","link":"https:\/\/madelinefashion.pl\/sk\/plaszcz-maxi-chabrowy-z-flauszu\/","title":{"rendered":"Maxi nev\u00e4dzov\u00fd kab\u00e1t z fleecu"},"content":{"rendered":"<h2 style=\"text-align: center;\">Maxi nev\u00e4dzov\u00fd kab\u00e1t z fleecu<\/h2>\n<p style=\"text-align: center;\"><b>D\u00e1msky maxi kab\u00e1t chrpa modr\u00fd <\/b>\u00a0toto\u00a0<strong>mus\u00edte ma\u0165<\/strong>\u00a0v \u0161atn\u00edku ka\u017edej \u017eeny! Je dokonal\u00fdm doplnkom mnoh\u00fdch \u0161t\u00fdlov a \u010do je potrebn\u00e9 zd\u00f4razni\u0165 \u2013 nemus\u00ed sa pou\u017e\u00edva\u0165 len v chladnej\u0161\u00edch mesiacoch. kobalt\u00a0<strong>fleece kab\u00e1t<\/strong> je nesporn\u00fdm l\u00eddrom v\u00e4\u010d\u0161iny \u0161t\u00fdlov. Je to spojenie elegancie, modernosti a funk\u010dnosti - nev\u00e4dzovo modr\u00fd kab\u00e1t sa hod\u00ed do ka\u017ed\u00e9ho stylingu.<\/p>\n<h2 style=\"text-align: center;\">Perfektn\u00fd kab\u00e1t na ka\u017ed\u00fa pr\u00edle\u017eitos\u0165<\/h2>\n<p style=\"text-align: center;\">Farba <strong>kobalt<\/strong> na mnoho sez\u00f3n <strong>vl\u00e1dne<\/strong> na <strong>m\u00f3dne prehliadky<\/strong>\u00a0 \u2013 t\u00e1to farba je skuto\u010dn\u00fdm hitom, ktor\u00fd si vyber\u00e1 mnoho \u017eien. Nezvy\u010dajn\u00e1 je kobaltov\u00e1 farba, niekedy naz\u00fdvan\u00e1 aj chrpa modr\u00e1 <strong>expres\u00edvne<\/strong> odtie\u0148 modrej. Nev\u00e4dzovo modr\u00e1 farba je tak\u00e1 tup\u00e1, \u017ee dok\u00e1\u017ee sama vytvori\u0165 cel\u00fd outfit. Kobaltovo modr\u00e9 oble\u010denie a doplnky bud\u00fa vyzera\u0165 skvele na blond aj tmavovlas\u00fdch. Nev\u00e4dza kr\u00e1sne zd\u00f4razn\u00ed jemn\u00fa ple\u0165 a svetl\u00e1 farba vlasov s blond\u00ednkami a brunetkami dod\u00e1 na v\u00fdraznosti. Kobaltovo modr\u00e9 oble\u010denie bude tie\u017e ide\u00e1lne pre ka\u017ed\u00e9ho s tmavomodr\u00fdmi o\u010dami, v\u010faka tejto farbe bude naozaj n\u00e1padn\u00fd! Ve\u013ekos\u0165 <strong>univerz\u00e1lny <\/strong>\u00a0odpor\u00fa\u010dame pre d\u00e1my, ktor\u00e9 nosia ve\u013e\u00a0<strong>S, M, L, XL<\/strong> \u010do je obrovsk\u00e1 v\u00fdhoda tohto modelu. V ponuke <strong>m\u00e1me<\/strong> <strong>tie\u017e<\/strong> v\u00e4\u010d\u0161\u00ed <strong>PLUSOV\u00c1 VELKOS\u0164<\/strong> v d\u013a\u017eke 90 cm odpor\u00fa\u010dame pre d\u00e1my vo ve\u013e <strong>44,46,48,50<\/strong>\u00a0.<b>n<\/b>a na na\u0161ej str\u00e1nke n\u00e1jdete fleecov\u00fd kab\u00e1t: <b><a href=\"https:\/\/madelinefashion.pl\/sk\/kurtki-i-plaszcze\/plaszcze\/plaszcze-krotkie\/\">kr\u00e1tky kab\u00e1t<\/a>, <a href=\"https:\/\/madelinefashion.pl\/sk\/kurtki-i-plaszcze\/plaszcze\/plaszcze-dlugie\/\">dlh\u00fd kab\u00e1t<\/a> maxi kab\u00e1t a kab\u00e1t <a href=\"https:\/\/madelinefashion.pl\/sk\/plaszcz-plus-size\/\">Plusov\u00e1 velkos\u0165<\/a>. Zvo\u013ete si d\u013a\u017eku cca<\/b>vhodn\u00e9<b> pre m\u0148a. <\/b>Kab\u00e1t je dostupn\u00fd aj v in\u00fdch <strong>farebn\u00e9 varianty<\/strong> \u2013 odpor\u00fa\u010dame v\u00e1m zozn\u00e1mi\u0165 sa s na\u0161imi \u010fal\u0161\u00edmi produktmi. Ak sa neviete rozhodn\u00fa\u0165, ktor\u00e1 farba, ve\u013ekos\u0165 je pre v\u00e1s najlep\u0161ia, kontaktujte n\u00e1s prostredn\u00edctvom <a href=\"https:\/\/www.facebook.com\/madelinefashionbutik\" target=\"_blank\" rel=\"noopener\">Facebook<\/a> alebo telef\u00f3n.<\/p>\n<h2 style=\"text-align: center;\">Rozmery maxi kab\u00e1tu:<\/h2>\n<ul style=\"text-align: center;\">\n<li>celkov\u00e1 d\u013a\u017eka chrbta: 122 cm<\/li>\n<li>\u0161\u00edrka od pazuchy po pazuchu: 52 cm<\/li>\n<li>d\u013a\u017eka ruk\u00e1va od ramena: 62 cm<\/li>\n<li>d\u013a\u017eka ruk\u00e1va od podpazu\u0161ia: 47 cm<\/li>\n<li>odpor\u00fa\u010dan\u00fd maxim\u00e1lny obvod poprsia: 125-130 cm<\/li>\n<li>\u0161\u00edrka v bicepsoch: 36 cm<\/li>\n<\/ul>\n<p style=\"text-align: center;\">Rozmery sa m\u00f4\u017eu mierne l\u00ed\u0161i\u0165 od uveden\u00fdch +\/- 2cm. V\u0161etky uveden\u00e9 rozmery s\u00fa meran\u00e9 plo\u0161ne.<\/p>\n<h2 style=\"text-align: center;\">\u00a0Vlastnosti produktu:<\/h2>\n<ul>\n<li style=\"text-align: center;\">zviazan\u00fd<\/li>\n<li style=\"text-align: center;\">ob\u00e1lka<\/li>\n<li style=\"text-align: center;\">popruh v cene<\/li>\n<li style=\"text-align: center;\">vreck\u00e1<\/li>\n<li style=\"text-align: center;\">dostupn\u00e9 v mnoh\u00fdch farebn\u00fdch variantoch<\/li>\n<\/ul>\n<p>&nbsp;<\/p>\n<table width=\"617\">\n<tbody>\n<tr>\n<td width=\"302\">Meno modela<\/td>\n<td width=\"302\">Maxi fleecov\u00fd kab\u00e1t nev\u00e4dza<\/td>\n<\/tr>\n<tr>\n<td width=\"302\">Farba<\/td>\n<td width=\"302\">kobalt<\/td>\n<\/tr>\n<tr>\n<td width=\"302\">Zbierka<\/td>\n<td width=\"302\">jar\/jese\u0148\/zima<\/td>\n<\/tr>\n<tr>\n<td width=\"302\">ve\u013ekosti<\/td>\n<td width=\"302\">Univerz\u00e1lny<\/td>\n<\/tr>\n<tr>\n<td width=\"302\">M\u00f3da<\/td>\n<td width=\"302\">nadrozmern\u00e9<\/td>\n<\/tr>\n<tr>\n<td width=\"302\">Hood<\/td>\n<td width=\"302\">Bez kapucne<\/td>\n<\/tr>\n<tr>\n<td width=\"302\">vreck\u00e1<\/td>\n<td width=\"302\">\u00c1no<\/td>\n<\/tr>\n<tr>\n<td width=\"302\">Materi\u00e1l<\/td>\n<td width=\"302\">Petersham<\/td>\n<\/tr>\n<\/tbody>\n<\/table>\n<p>&nbsp;<\/p>\n<p>&nbsp;<\/p>\n<p style=\"text-align: center;\">\u00a0Model m\u00e1 <strong>175<\/strong>\u00a0cm vysok\u00fd, nos\u00ed ve\u013ekos\u0165 ka\u017ed\u00fd de\u0148 <strong>S<\/strong><\/p>","protected":false},"excerpt":{"rendered":"<p>P\u0142aszcz Maxi Chabrowy z Flauszu P\u0142aszcz maxi damski chabrowy \u00a0to\u00a0must-have\u00a0w szafie ka\u017cdej kobiety! Jest to idealne dope\u0142nienie wielu stylizacji, a co godne podkre\u015blenia \u2013 nie musi by\u0107 u\u017cywany tylko w zimniejsze miesi\u0105ce. Kobaltowy\u00a0p\u0142aszcz z flauszu to niekwestionowany lider wi\u0119kszo\u015bci stylizacji.\u00a0 Jest to po\u0142\u0105czenie elegancji, nowoczesno\u015bci i funkcjonalno\u015bci \u2013 chabrowy p\u0142aszczyk wpisuje si\u0119 w ka\u017cd\u0105 stylizacj\u0119.<\/p>\n<div class=\"klb-readmore post-buttons\"><a class=\"button black outline size-sm\" href=\"https:\/\/madelinefashion.pl\/sk\/plaszcz-maxi-chabrowy-z-flauszu\/\">\u010c\u00edta\u0165 \u010falej <i class=\"klbth-icon-right-arrow\"><\/i><\/a><\/div>","protected":false},"featured_media":5813,"template":"","meta":[],"product_brand":[],"product_cat":[120,279],"product_tag":[510,285],"class_list":{"0":"post-5840","1":"product","2":"type-product","3":"status-publish","4":"has-post-thumbnail","6":"product_cat-plaszcze-dlugie","7":"product_cat-plaszcze-wiosenne","8":"product_tag-plaszcze-flauszowe","9":"product_tag-plaszcze-maxi","11":"first","12":"instock","13":"sale","14":"purchasable","15":"product-type-simple"},"_links":{"self":[{"href":"https:\/\/madelinefashion.pl\/sk\/wp-json\/wp\/v2\/product\/5840","targetHints":{"allow":["GET"]}}],"collection":[{"href":"https:\/\/madelinefashion.pl\/sk\/wp-json\/wp\/v2\/product"}],"about":[{"href":"https:\/\/madelinefashion.pl\/sk\/wp-json\/wp\/v2\/types\/product"}],"wp:featuredmedia":[{"embeddable":true,"href":"https:\/\/madelinefashion.pl\/sk\/wp-json\/wp\/v2\/media\/5813"}],"wp:attachment":[{"href":"https:\/\/madelinefashion.pl\/sk\/wp-json\/wp\/v2\/media?parent=5840"}],"wp:term":[{"taxonomy":"product_brand","embeddable":true,"href":"https:\/\/madelinefashion.pl\/sk\/wp-json\/wp\/v2\/product_brand?post=5840"},{"taxonomy":"product_cat","embeddable":true,"href":"https:\/\/madelinefashion.pl\/sk\/wp-json\/wp\/v2\/product_cat?post=5840"},{"taxonomy":"product_tag","embeddable":true,"href":"https:\/\/madelinefashion.pl\/sk\/wp-json\/wp\/v2\/product_tag?post=5840"}],"curies":[{"name":"pracovn\u00fd list","href":"https:\/\/api.w.org\/{rel}","templated":true}]}}