{"id":585339,"date":"2025-11-26T10:33:40","date_gmt":"2025-11-26T09:33:40","guid":{"rendered":"https:\/\/madelinefashion.pl\/?post_type=product&#038;p=585339"},"modified":"2026-03-01T12:57:37","modified_gmt":"2026-03-01T11:57:37","slug":"komplet-alpaka-czapka-z-pomponem-komin-czekoladowy","status":"publish","type":"product","link":"https:\/\/madelinefashion.pl\/sk\/komplet-alpaka-czapka-z-pomponem-komin-czekoladowy\/","title":{"rendered":"Alpaka sada: \u010ciapka s brmbolcom + \u0160\u00e1l \u010dokol\u00e1dov\u00fd"},"content":{"rendered":"<h3 style=\"text-align: center;\">Alpaka sada: \u010ciapka s brmbolcom + \u0160\u00e1l \u010dokol\u00e1dov\u00fd<\/h3>\n<p style=\"text-align: center;\"><b>Sada \u0160molinkovej \u010diapky + alpakov\u00e9ho \u0161\u00e1lu VYROBEN\u00c9 V PO\u013dSKU!! <\/b>M\u00f3da na sez\u00f3nu jese\u0148-zima vyroben\u00e1 z pr\u00edjemn\u00e9ho a na dotyk pr\u00edjemnej\u0161ieho\u00a0<b>ALPACA<\/b>. Klasick\u00fd jednotn\u00fd strih, ktor\u00fd sa hod\u00ed k v\u00e4\u010d\u0161ine \u0161t\u00fdlov.\u00a0<b>Elegantn\u00e9 a \u017eensk\u00e9. <\/b>Zimn\u00fd set vyroben\u00fd z l\u00e1tky imituj\u00facej ko\u017eu\u0161inu alpaky. S\u00faprava obsahuje \u0161mrncovn\u00fd klob\u00fak a vysok\u00fd kom\u00edn.<\/p>\n<form id=\"projector_form\" class=\"projector_details disable\" action=\"https:\/\/www.sklep.kochamczapki.pl\/pl\/basketchange.html\" method=\"post\" data-product_id=\"9107\" data-type=\"product_item\">\n<div class=\"projector_details__wrapper\">\n<div id=\"projector_prices_wrapper\" class=\"projector_details__prices projector_prices\"><\/div>\n<\/div>\n<\/form>\n<p style=\"text-align: center;\"><b>Klob\u00fak:<\/b><\/p>\n<ul>\n<li style=\"text-align: center;\">dvojit\u00fd materi\u00e1l,<\/li>\n<li style=\"text-align: center;\">pohodln\u00e9, netla\u010d\u00ed na hlavu,<\/li>\n<li style=\"text-align: center;\">d\u013a\u017eka \u010diapky 28 cm<\/li>\n<li style=\"text-align: center;\">univerz\u00e1lny obvod 36-58 cm<\/li>\n<li style=\"text-align: center;\">ve\u013ea farebn\u00fdch variantov<\/li>\n<\/ul>\n<p>&nbsp;<\/p>\n<p>&nbsp;<\/p>\n<table width=\"611\">\n<tbody>\n<tr>\n<td width=\"302\">Model<\/td>\n<td width=\"302\">S\u00faprava alpakov\u00e9ho klob\u00faka s brmbolcom + kom\u00edn<\/td>\n<\/tr>\n<tr>\n<td width=\"302\">Farba<\/td>\n<td width=\"302\">Hned\u00e1<\/td>\n<\/tr>\n<tr>\n<td width=\"302\">Zbierka<\/td>\n<td width=\"302\">jar\/jese\u0148\/zima<\/td>\n<\/tr>\n<tr>\n<td width=\"302\">ve\u013ekosti<\/td>\n<td width=\"302\">Univerz\u00e1lny<\/td>\n<\/tr>\n<tr>\n<td width=\"302\">Kom\u00edn<\/td>\n<td width=\"302\">\u00c1no<\/td>\n<\/tr>\n<tr>\n<td width=\"302\">izolovan\u00e9<\/td>\n<td width=\"302\">Alpaka<\/td>\n<\/tr>\n<tr>\n<td width=\"302\">Materi\u00e1l<\/td>\n<td width=\"302\">100% akryl<\/td>\n<\/tr>\n<\/tbody>\n<\/table>\n<p style=\"text-align: center;\">","protected":false},"excerpt":{"rendered":"<p>Komplet Alpaka Czapka Z Pomponem + Komin Czekoladowy Komplet Czapka Smerfetka+ Komin Alpaka POLSKIEJ PRODUKCJI !! Fason na sezon jesienno-zimowy wykonany z mi\u0142ej i przyjemniej w dotyku\u00a0ALPAKI. Klasyczny, jednolity fason, kt\u00f3ry b\u0119dzie pasowa\u0142 do wi\u0119kszo\u015bci stylizacji.\u00a0Elegancki i kobiecy. Komplet zimowy wykonany\u00a0 z tkaniny imituj\u0105cej futerko alpaki. W sk\u0142ad kompletu wchodzi czapka smerfetka i wysoki komin.<\/p>\n<div class=\"klb-readmore post-buttons\"><a class=\"button black outline size-sm\" href=\"https:\/\/madelinefashion.pl\/sk\/komplet-alpaka-czapka-z-pomponem-komin-czekoladowy\/\">\u010c\u00edta\u0165 \u010falej <i class=\"klbth-icon-right-arrow\"><\/i><\/a><\/div>","protected":false},"featured_media":585338,"template":"","meta":[],"product_brand":[],"product_cat":[115,395],"product_tag":[],"class_list":{"0":"post-585339","1":"product","2":"type-product","3":"status-publish","4":"has-post-thumbnail","6":"product_cat-czapki","7":"product_cat-nowosci","9":"first","10":"instock","11":"sale","12":"purchasable","13":"product-type-simple"},"_links":{"self":[{"href":"https:\/\/madelinefashion.pl\/sk\/wp-json\/wp\/v2\/product\/585339","targetHints":{"allow":["GET"]}}],"collection":[{"href":"https:\/\/madelinefashion.pl\/sk\/wp-json\/wp\/v2\/product"}],"about":[{"href":"https:\/\/madelinefashion.pl\/sk\/wp-json\/wp\/v2\/types\/product"}],"wp:featuredmedia":[{"embeddable":true,"href":"https:\/\/madelinefashion.pl\/sk\/wp-json\/wp\/v2\/media\/585338"}],"wp:attachment":[{"href":"https:\/\/madelinefashion.pl\/sk\/wp-json\/wp\/v2\/media?parent=585339"}],"wp:term":[{"taxonomy":"product_brand","embeddable":true,"href":"https:\/\/madelinefashion.pl\/sk\/wp-json\/wp\/v2\/product_brand?post=585339"},{"taxonomy":"product_cat","embeddable":true,"href":"https:\/\/madelinefashion.pl\/sk\/wp-json\/wp\/v2\/product_cat?post=585339"},{"taxonomy":"product_tag","embeddable":true,"href":"https:\/\/madelinefashion.pl\/sk\/wp-json\/wp\/v2\/product_tag?post=585339"}],"curies":[{"name":"pracovn\u00fd list","href":"https:\/\/api.w.org\/{rel}","templated":true}]}}