{"id":587770,"date":"2025-12-12T14:22:37","date_gmt":"2025-12-12T13:22:37","guid":{"rendered":"https:\/\/madelinefashion.pl\/?post_type=product&#038;p=587770"},"modified":"2026-04-10T15:05:34","modified_gmt":"2026-04-10T13:05:34","slug":"sukienka-tiulowa-gorsetowa-chabrowa-winter","status":"publish","type":"product","link":"https:\/\/madelinefashion.pl\/sk\/sukienka-tiulowa-gorsetowa-chabrowa-winter\/","title":{"rendered":"Zimn\u00e9 tylov\u00e9 korzetov\u00e9 \u0161aty s nev\u00e4dzovo modr\u00fdm vzorom"},"content":{"rendered":"<h3 style=\"text-align: center;\">Zimn\u00e9 tylov\u00e9 korzetov\u00e9 \u0161aty s nev\u00e4dzovo modr\u00fdm vzorom<\/h3>\n<p style=\"text-align: center;\">\u00a0Kr\u00e1sne dlh\u00e9 \u0161aty bohato zdoben\u00e9 v\u00fd\u0161ivkou a trblietav\u00fdmi kry\u0161t\u00e1lmi, ktor\u00e9 kr\u00e1sne zv\u00fdraz\u0148uj\u00fa \u017eensk\u00e9 krivky. Tieto jedine\u010dn\u00e9 ve\u010dern\u00e9 \u0161aty v intenz\u00edvnej kr\u00e1\u013eovskej modrej farbe s\u00fa zaru\u010den\u00fdm \u201eWOW\u201d momentom na ka\u017edej oslave. Priliehav\u00fd korzetov\u00fd \u017eiv\u00f4tik, ozdoben\u00fd trblietav\u00fdmi flitrami, kr\u00e1sne zv\u00fdraz\u0148uje siluetu a dod\u00e1va eleganciu. Vzdu\u0161n\u00e1, viacvrstvov\u00e1 tylov\u00e1 suk\u0148a sa jemne trblieta pri ka\u017edom pohybe a vytv\u00e1ra neuverite\u013ene \u017eensk\u00fd a luxusn\u00fd vzh\u013ead. V\u00fdrazn\u00fd rozparok odha\u013euje nohy, dod\u00e1va celkov\u00e9mu vzh\u013eadu \u013eahkos\u0165 a zmyselnos\u0165 a z\u00e1rove\u0148 zachov\u00e1va eleganciu. \u0160aty s\u00fa ide\u00e1lne na... <strong data-start=\"765\" data-end=\"837\">stu\u017ekov\u00e9, osemn\u00e1ste narodeniny, plesy, svadby a ve\u010dern\u00e9 oslavy<\/strong>. Dostupn\u00e9 vo ve\u013ekostiach SML XL. \u0160aty od<strong> madelinefashion<\/strong> Je to perfektn\u00e1 vo\u013eba na svadby, stu\u017ekov\u00e9, Silvestra a in\u00e9 elegantn\u00e9 pr\u00edle\u017eitosti. V na\u0161om internetovom obchode je k dispoz\u00edcii vo viacer\u00fdch farb\u00e1ch, tak\u017ee nev\u00e1hajte a vyberte si t\u00fa, ktor\u00e1 je pre v\u00e1s ide\u00e1lna. Ak sa neviete rozhodn\u00fa\u0165, ktor\u00e1 farba alebo ve\u013ekos\u0165 je pre v\u00e1s najlep\u0161ia, kontaktujte n\u00e1s prostredn\u00edctvom <a href=\"https:\/\/www.facebook.com\/madelinefashionbutik\" target=\"_blank\" rel=\"noopener\">Facebook<\/a> alebo <a href=\"https:\/\/madelinefashion.pl\/sk\/kontakt\/\">telef\u00f3n<\/a>. Ak ve\u013ekos\u0165 nie je na str\u00e1nke, kontaktujte n\u00e1s.<\/p>\n<h3 style=\"text-align: center;\">ROZMERY \u0161iat:<\/h3>\n<table width=\"556\">\n<tbody>\n<tr>\n<td><strong>VE\u013dKOS\u0164<\/strong><\/td>\n<td><strong>poprsia<\/strong><\/td>\n<td><strong>P\u00e1s<\/strong><\/td>\n<td><strong>Boky<\/strong><\/td>\n<\/tr>\n<tr>\n<td><strong>34<\/strong><\/td>\n<td>84-86<\/td>\n<td>64-68<\/td>\n<td>\u00a082-90<\/td>\n<\/tr>\n<tr>\n<td><strong>36<\/strong><\/td>\n<td>88-90<\/td>\n<td>68-72<\/td>\n<td>\u00a086-92<\/td>\n<\/tr>\n<tr>\n<td><strong>38<\/strong><\/td>\n<td>92-94<\/td>\n<td>72-76<\/td>\n<td>\u00a090-96<\/td>\n<\/tr>\n<tr>\n<td><strong>40<\/strong><\/td>\n<td>96-98<\/td>\n<td>76-80<\/td>\n<td>\u00a094-106<\/td>\n<\/tr>\n<tr>\n<td><strong>42<\/strong><\/td>\n<td>100-104<\/td>\n<td>80-84<\/td>\n<td>\u00a0104-110<\/td>\n<\/tr>\n<\/tbody>\n<\/table>\n<p style=\"text-align: center;\"><span style=\"font-size: 10pt;\">celkov\u00e1 d\u013a\u017eka cca 157 cm\u00a0\u00a0<\/span><\/p>\n<p style=\"text-align: center;\"><span style=\"font-size: 10pt;\">Rozmery sa m\u00f4\u017eu mierne l\u00ed\u0161i\u0165 od uveden\u00fdch +\/- 2cm.\u00a0<\/span><\/p>\n<p style=\"text-align: center;\"><span style=\"font-size: 10pt;\"><strong>\u00a0<\/strong>\u00a0<\/span><\/p>\n<table width=\"618\">\n<tbody>\n<tr>\n<td width=\"302\">Model<\/td>\n<td width=\"302\">Zimn\u00e9 korzetov\u00e9 \u0161aty z tylu<\/td>\n<\/tr>\n<tr>\n<td width=\"302\">Farba<\/td>\n<td width=\"302\">Modr\u00e1<\/td>\n<\/tr>\n<tr>\n<td width=\"302\">Marka<\/td>\n<td width=\"302\">Madelinefashion<\/td>\n<\/tr>\n<tr>\n<td width=\"302\">ve\u013ekosti<\/td>\n<td width=\"302\">36 38 40 42<\/td>\n<\/tr>\n<tr>\n<td width=\"302\">M\u00f3da<\/td>\n<td width=\"302\">Roz\u0161\u00edren\u00e1 princezn\u00e1<\/td>\n<\/tr>\n<tr>\n<td width=\"302\">Materi\u00e1l<\/td>\n<td width=\"302\">Visk\u00f3za, Polyester<\/td>\n<\/tr>\n<tr>\n<td width=\"302\">D\u013a\u017eka<\/td>\n<td width=\"302\">Na zem<\/td>\n<\/tr>\n<\/tbody>\n<\/table>\n<p style=\"text-align: center;\"><span style=\"font-size: 10pt;\">\u00a0<\/span><\/p>\n<p>&nbsp;<\/p>\n<p style=\"text-align: center;\"><span style=\"font-size: 10pt;\">Aby ste si vybrali <strong>perfektn\u00e9 \u0161aty<\/strong> kontaktujte n\u00e1s telefonicky alebo prostredn\u00edctvom na\u0161ej webovej str\u00e1nky <a href=\"https:\/\/www.facebook.com\/madelinefashionbutik\" target=\"_blank\" rel=\"noopener\">Facebook<\/a> .<\/span><br \/>\n<span style=\"font-size: 10pt;\">N\u00e1\u0161 t\u00edm v\u00e1m pom\u00f4\u017ee <strong>Vyberte si ten spr\u00e1vny<\/strong> . <strong>Na \u017eelanie kupuj\u00faceho vyrob\u00edme ak\u00e9ko\u013evek \u0161aty\u00a0<\/strong><strong>opatrne mera\u0165.\u00a0<\/strong><\/span><\/p>\n<div class=\"additional-details\" style=\"text-align: center;\">\n<p style=\"text-align: center;\"><span style=\"font-size: 10pt;\">\u00a0<\/span><\/p>\n<\/div>","protected":false},"excerpt":{"rendered":"<p>Sukienka Tiulowa Gorsetowa Chabrowa Winter \u00a0Pi\u0119kna d\u0142uga suknia mocno zdobiona haftami oraz zdobieniami w postaci mieni\u0105cych si\u0119 kryszta\u0142k\u00f3w. Pi\u0119knie eksponuje kobiece kszta\u0142ty.\u00a0 Ta wyj\u0105tkowa sukienka wieczorowa w intensywnym, kr\u00f3lewskim odcieniu niebieskiego to propozycja, kt\u00f3ra gwarantuje efekt \u201eWOW\u201d na ka\u017cdej uroczysto\u015bci. Gorsetowa, dopasowana g\u00f3ra zdobiona b\u0142yszcz\u0105cymi cekinami pi\u0119knie podkre\u015bla sylwetk\u0119 i dodaje elegancji. Zwiewny, wielowarstwowy tiulowy<\/p>\n<div class=\"klb-readmore post-buttons\"><a class=\"button black outline size-sm\" href=\"https:\/\/madelinefashion.pl\/sk\/sukienka-tiulowa-gorsetowa-chabrowa-winter\/\">\u010c\u00edta\u0165 \u010falej <i class=\"klbth-icon-right-arrow\"><\/i><\/a><\/div>","protected":false},"featured_media":587769,"template":"","meta":[],"product_brand":[],"product_cat":[124,563,692,561],"product_tag":[163,261],"class_list":{"0":"post-587770","1":"product","2":"type-product","3":"status-publish","4":"has-post-thumbnail","6":"product_cat-sukienki-okolicznosciowe","7":"product_cat-sukienki-gorsetowe","8":"product_cat-sukienki-na-studniowke","9":"product_cat-sukienki-tiulowe","10":"product_tag-sukienki-dlugie","11":"product_tag-sukienki-niebieskie","13":"first","14":"instock","15":"sale","16":"purchasable","17":"product-type-variable"},"_links":{"self":[{"href":"https:\/\/madelinefashion.pl\/sk\/wp-json\/wp\/v2\/product\/587770","targetHints":{"allow":["GET"]}}],"collection":[{"href":"https:\/\/madelinefashion.pl\/sk\/wp-json\/wp\/v2\/product"}],"about":[{"href":"https:\/\/madelinefashion.pl\/sk\/wp-json\/wp\/v2\/types\/product"}],"wp:featuredmedia":[{"embeddable":true,"href":"https:\/\/madelinefashion.pl\/sk\/wp-json\/wp\/v2\/media\/587769"}],"wp:attachment":[{"href":"https:\/\/madelinefashion.pl\/sk\/wp-json\/wp\/v2\/media?parent=587770"}],"wp:term":[{"taxonomy":"product_brand","embeddable":true,"href":"https:\/\/madelinefashion.pl\/sk\/wp-json\/wp\/v2\/product_brand?post=587770"},{"taxonomy":"product_cat","embeddable":true,"href":"https:\/\/madelinefashion.pl\/sk\/wp-json\/wp\/v2\/product_cat?post=587770"},{"taxonomy":"product_tag","embeddable":true,"href":"https:\/\/madelinefashion.pl\/sk\/wp-json\/wp\/v2\/product_tag?post=587770"}],"curies":[{"name":"pracovn\u00fd list","href":"https:\/\/api.w.org\/{rel}","templated":true}]}}