{"id":588420,"date":"2025-12-17T11:14:27","date_gmt":"2025-12-17T10:14:27","guid":{"rendered":"https:\/\/madelinefashion.pl\/?post_type=product&#038;p=588420"},"modified":"2025-12-17T11:16:24","modified_gmt":"2025-12-17T10:16:24","slug":"szpilki-z-krysztalkami-zlote-diamond","status":"publish","type":"product","link":"https:\/\/madelinefashion.pl\/sk\/szpilki-z-krysztalkami-zlote-diamond\/","title":{"rendered":"Zlat\u00e9 diamantov\u00e9 kri\u0161t\u00e1\u013eov\u00e9 podp\u00e4tky"},"content":{"rendered":"<h3 style=\"text-align: center;\">Zlat\u00e9 diamantov\u00e9 kri\u0161t\u00e1\u013eov\u00e9 podp\u00e4tky<\/h3>\n<p style=\"text-align: center;\"><strong>\u0160pendl\u00edky s kry\u0161t\u00e1lmi Champagne Diamond <\/strong>vyroben\u00e9 z ve\u013emi kvalitnej ekologickej ko\u017ee. Origin\u00e1lny strih a vzor ozdobia m\u00f3dny styling. Farebn\u00e9 podp\u00e4tky <strong>\u0161ampansk\u00e9<\/strong> s kry\u0161t\u00e1lmi je mimoriadne \u017eensk\u00fd model, dokon\u010den\u00fd<strong> kr\u00e1sne trblietav\u00e9 kry\u0161t\u00e1ly.\u00a0<\/strong><br \/>\nTento model sa bude hodi\u0165 k r\u00f4znym \u0161t\u00fdlom, nielen k elegantn\u00fdm \u0161at\u00e1m. \u0160picat\u00e1 \u0161pi\u010dka a zvr\u0161ok nad \u010dlenkom a vysok\u00fd podp\u00e4tok, ktor\u00fd zo\u0161t\u00edhli va\u0161e nohy. Odoln\u00e1 a pru\u017en\u00e1 podr\u00e1\u017eka je vyroben\u00e1 z kvalitn\u00e9ho materi\u00e1lu. Aj \u0161pendl\u00edky dokonale ladia s na\u0161imi <a href=\"https:\/\/madelinefashion.pl\/sk\/product-tag\/sukienka-biala\/\">svadobn\u00e9 \u0161aty<\/a> <strong>Pri v\u00fdbere ve\u013ekosti sa ria\u010fte tabu\u013ekou ve\u013ekost\u00ed. Perfektn\u00e9 podp\u00e4tky pre<a href=\"https:\/\/madelinefashion.pl\/sk\/sukienki-i-kombinezony\/sukienki-okolicznosciowe\/\"> Na\u0161e svadobn\u00e9 v\u00fdtvory\u00a0 <\/a><\/strong>Skvele sa bude prezentova\u0165 v ka\u017edodenn\u00fdch aj elegantn\u00fdch \u0161tyliz\u00e1ci\u00e1ch. Dokonale sa bud\u00fa hodi\u0165 k nohaviciam aj \u0161at\u00e1m.<\/p>\n<h3 style=\"text-align: center;\">Charakteristika:<\/h3>\n<ul>\n<li style=\"text-align: center;\"><strong>Farba<\/strong>: Zlat\u00e9 \u0161ampansk\u00e9<\/li>\n<li style=\"text-align: center;\"><strong>vonkaj\u0161\u00ed materi\u00e1l<\/strong>: Plast - flitre<\/li>\n<li style=\"text-align: center;\"><strong>\u010c\u00edslovanie<\/strong>: Typick\u00e9 - odpor\u00fa\u010dame vybra\u0165 si ve\u013ekos\u0165, ktor\u00fa nos\u00edte<\/li>\n<li style=\"text-align: center;\"><strong>Typ p\u00e4ty<\/strong>: Pin<\/li>\n<li style=\"text-align: center;\"><strong>V\u00fd\u0161ka podp\u00e4tku: 8<\/strong>\u00a0cm<\/li>\n<li style=\"text-align: center;\"><strong>Vlo\u017ei\u0165<\/strong>: Umel\u00e1 ko\u017ea<\/li>\n<li style=\"text-align: center;\">Pohodln\u00e9, stabiln\u00e9<\/li>\n<li style=\"text-align: center;\">klasick\u00e9<\/li>\n<li style=\"text-align: center;\"><strong>Sez\u00f3na<\/strong> jar leto jese\u0148 zima<\/li>\n<li style=\"text-align: center;\">Nad\u010dasov\u00fd<\/li>\n<\/ul>\n<p>&nbsp;<\/p>\n<table width=\"540\">\n<thead>\n<tr>\n<td width=\"216\"><strong>Ve\u013ekos\u0165 E\u00da<\/strong><\/td>\n<td width=\"316\"><strong>D\u013a\u017eka vlo\u017eky<\/strong><\/td>\n<\/tr>\n<\/thead>\n<tbody>\n<tr>\n<td width=\"216\"><strong>36<\/strong><\/td>\n<td width=\"316\">23,5 cm<\/td>\n<\/tr>\n<tr>\n<td width=\"216\"><strong>37<\/strong><\/td>\n<td width=\"316\">24 cm<\/td>\n<\/tr>\n<tr>\n<td width=\"216\"><strong>38<\/strong><\/td>\n<td width=\"316\">24,5 cm<\/td>\n<\/tr>\n<tr>\n<td width=\"216\"><strong>39<\/strong><\/td>\n<td width=\"316\">25 cm<\/td>\n<\/tr>\n<tr>\n<td width=\"216\"><strong>40<\/strong><\/td>\n<td width=\"316\">25,5 cm<\/td>\n<\/tr>\n<tr>\n<td width=\"216\"><strong>41<\/strong><\/td>\n<td width=\"316\">26 cm<\/td>\n<\/tr>\n<\/tbody>\n<\/table>\n<div class=\"wrap-content\">\n<div class=\"main-container container\">\n<div class=\"row\">\n<section class=\"main-content sidebar-left-false\">\n<div class=\"product-page page\">\n<div class=\"page-content\">\n<div id=\"ProductSizing\" class=\"product-sizing modal fade in\" tabindex=\"-1\" role=\"dialog\" aria-hidden=\"false\">\n<div class=\"modal-dialog\">\n<div class=\"modal-content\">\n<div class=\"widget html_editor\">\n<p>&nbsp;<\/p>\n<\/div>\n<p>&nbsp;<\/p>\n<\/div>\n<\/div>\n<\/div>\n<\/div>\n<\/div>\n<\/section>\n<\/div>\n<\/div>\n<\/div>\n<div class=\"wrap-footer\">\n<footer class=\"\">\n<div class=\"container\">\n<div class=\"footer-newsletter-box\"><\/div>\n<\/div>\n<\/footer>\n<\/div>\n<table>\n<tbody>\n<tr>\n<td width=\"302\">Meno modela<\/td>\n<td width=\"302\">Zlat\u00e9 diamantov\u00e9 kri\u0161t\u00e1\u013eov\u00e9 podp\u00e4tky<\/td>\n<\/tr>\n<tr>\n<td width=\"302\">Farba<\/td>\n<td width=\"302\">zlato<\/td>\n<\/tr>\n<tr>\n<td width=\"302\">ve\u013ekosti<\/td>\n<td width=\"302\">36 37\u00a0 38\u00a0 39 40 41<\/td>\n<\/tr>\n<tr>\n<td width=\"302\">Ozdoby<\/td>\n<td width=\"302\">Kry\u0161t\u00e1ly<\/td>\n<\/tr>\n<tr>\n<td width=\"302\">Typ p\u00e4ty<\/td>\n<td width=\"302\">Pin<\/td>\n<\/tr>\n<tr>\n<td width=\"302\">\u0160t\u00fdl<\/td>\n<td width=\"302\">Elegantn\u00fd \/ klasick\u00fd<\/td>\n<\/tr>\n<tr>\n<td width=\"302\">Zbierka<\/td>\n<td width=\"302\">Jar\/Jese\u0148\/Leto\/Zima<\/td>\n<\/tr>\n<\/tbody>\n<\/table>\n<div class=\"tabs tabs-bb clear mb-80\">\n<div class=\"tab-content\">\n<div id=\"tab-description\" class=\"tab-pane fade in woocommerce-Tabs-panel--description active\">\n<p style=\"text-align: center;\">\n<\/div>\n<\/div>\n<\/div>\n<section class=\"up-sells upsells products mb-80\"><\/section>\n<p style=\"text-align: left;\">","protected":false},"excerpt":{"rendered":"<p>Szpilki z Kryszta\u0142kami Z\u0142ote Diamond Szpilki z Kryszta\u0142kami Szampa\u0144skie Diamond wykonane z bardzo dobrej jako\u015bci sk\u00f3ry ekologicznej. Oryginalny fason i wz\u00f3r b\u0119dzie ozdob\u0105 modnej stylizacji. Szpilki w kolorze szampa\u0144skim z kryszta\u0142kami to niezwykle kobiecy model, wyko\u0144czony przepi\u0119knie mieni\u0105cymi si\u0119 kryszta\u0142kami.\u00a0 Model ten b\u0119dzie pasowa\u0107 do r\u00f3\u017cnych stylizacji, nie tylko do eleganckich sukni. Nosek w szpic<\/p>\n<div class=\"klb-readmore post-buttons\"><a class=\"button black outline size-sm\" href=\"https:\/\/madelinefashion.pl\/sk\/szpilki-z-krysztalkami-zlote-diamond\/\">\u010c\u00edta\u0165 \u010falej <i class=\"klbth-icon-right-arrow\"><\/i><\/a><\/div>","protected":false},"featured_media":588399,"template":"","meta":[],"product_brand":[],"product_cat":[400,395],"product_tag":[440],"class_list":{"0":"post-588420","1":"product","2":"type-product","3":"status-publish","4":"has-post-thumbnail","6":"product_cat-buty","7":"product_cat-nowosci","8":"product_tag-szpilki","10":"first","11":"instock","12":"purchasable","13":"product-type-variable"},"_links":{"self":[{"href":"https:\/\/madelinefashion.pl\/sk\/wp-json\/wp\/v2\/product\/588420","targetHints":{"allow":["GET"]}}],"collection":[{"href":"https:\/\/madelinefashion.pl\/sk\/wp-json\/wp\/v2\/product"}],"about":[{"href":"https:\/\/madelinefashion.pl\/sk\/wp-json\/wp\/v2\/types\/product"}],"wp:featuredmedia":[{"embeddable":true,"href":"https:\/\/madelinefashion.pl\/sk\/wp-json\/wp\/v2\/media\/588399"}],"wp:attachment":[{"href":"https:\/\/madelinefashion.pl\/sk\/wp-json\/wp\/v2\/media?parent=588420"}],"wp:term":[{"taxonomy":"product_brand","embeddable":true,"href":"https:\/\/madelinefashion.pl\/sk\/wp-json\/wp\/v2\/product_brand?post=588420"},{"taxonomy":"product_cat","embeddable":true,"href":"https:\/\/madelinefashion.pl\/sk\/wp-json\/wp\/v2\/product_cat?post=588420"},{"taxonomy":"product_tag","embeddable":true,"href":"https:\/\/madelinefashion.pl\/sk\/wp-json\/wp\/v2\/product_tag?post=588420"}],"curies":[{"name":"pracovn\u00fd list","href":"https:\/\/api.w.org\/{rel}","templated":true}]}}