{"id":589970,"date":"2026-01-05T20:39:21","date_gmt":"2026-01-05T19:39:21","guid":{"rendered":"https:\/\/madelinefashion.pl\/?post_type=product&#038;p=589970"},"modified":"2026-04-10T15:05:29","modified_gmt":"2026-04-10T13:05:29","slug":"sukienka-maxi-tiulowa-gorsetowa-lossal-czarna","status":"publish","type":"product","link":"https:\/\/madelinefashion.pl\/sk\/sukienka-maxi-tiulowa-gorsetowa-lossal-czarna\/","title":{"rendered":"Maxi \u0161aty Lossal s \u010diernym tylov\u00fdm korzetom"},"content":{"rendered":"<h3 style=\"text-align: center;\">Maxi \u0161aty Lossal s \u010diernym tylov\u00fdm korzetom<\/h3>\n<p style=\"text-align: center;\" data-start=\"212\" data-end=\"507\">Rozko\u0161n\u00e9 <strong data-start=\"225\" data-end=\"260\">\u010dierne maxi ve\u010dern\u00e9 \u0161aty<\/strong> Toto je n\u00e1vrh pre \u017eeny, ktor\u00e9 chc\u00fa pri v\u00fdnimo\u010dn\u00fdch pr\u00edle\u017eitostiach oslni\u0165 eleganciou a \u017eenskos\u0165ou. Model vynik\u00e1. <strong data-start=\"381\" data-end=\"429\">bohato zdoben\u00fd korzet s \u010dipkou a v\u00fd\u0161ivkou<\/strong>, ktor\u00fd kr\u00e1sne zv\u00fdraz\u0148uje siluetu a dod\u00e1va cel\u00e9mu predmetu luxusn\u00fd charakter. Jemn\u00fd, <strong data-start=\"520\" data-end=\"561\">tylov\u00e9 ruk\u00e1vy stiahnut\u00e9 a\u017e po ramen\u00e1<\/strong> Nen\u00e1padne zv\u00fdraz\u0148uj\u00fa v\u00fdstrih a dod\u00e1vaj\u00fa outfitu romantick\u00fa \u013eahkos\u0165. Roz\u0161\u00edren\u00e1 suk\u0148a z vrstiev tylu vyzer\u00e1 v pohybe neuverite\u013ene p\u00f4sobivo a <strong data-start=\"709\" data-end=\"739\">vysok\u00fd rozparok na nohavici<\/strong> dod\u00e1va outfitu zmyselnos\u0165 a eleganciu. S\u00fa to perfektn\u00e9 \u0161aty na <strong data-start=\"807\" data-end=\"864\">stu\u017ekov\u00e1, ples, svadba, gala alebo ve\u010dern\u00e1 p\u00e1rty<\/strong>, v\u010faka ktor\u00fdm sa budete c\u00edti\u0165 v\u00fdnimo\u010dne a sebavedomo cel\u00fa noc. \u0160aty <strong>Madelinefashion<\/strong> je perfektnou vo\u013ebou na svadby, stu\u017ekov\u00e9, Silvestra a in\u00e9 elegantn\u00e9 \u0161peci\u00e1lne pr\u00edle\u017eitosti. <strong data-start=\"1213\" data-end=\"1230\">tmavo \u010dierna<\/strong> rob\u00ed tento \u0161t\u00fdl nad\u010dasov\u00fdm a v\u0161estrann\u00fdm \u2013 perfektne sa hod\u00ed k strieborn\u00fdm alebo zlat\u00fdm doplnkom, lodi\u010dk\u00e1m a elegantn\u00fdm \u0161perkom. Je to \u0161t\u00fdl, ktor\u00fd nikdy nevyjde z m\u00f3dy a v\u017edy zanech\u00e1 dojem.<br \/>\nDostupn\u00e9 na na\u0161om e-shope vo viacer\u00fdch farebn\u00fdch variantoch, tak nev\u00e1hajte a vyberte si t\u00fa, ktor\u00e1 je pre v\u00e1s ako stvoren\u00e1. Ak sa neviete rozhodn\u00fa\u0165 ak\u00fa farbu, <strong>ve\u013ekos\u0165<\/strong> je pre v\u00e1s to najlep\u0161ie <strong>kontaktuj n\u00e1s<\/strong> cez <a href=\"https:\/\/www.facebook.com\/madelinefashionbutik\" target=\"_blank\" rel=\"noopener\">Facebook<\/a> alebo <a href=\"https:\/\/madelinefashion.pl\/sk\/kontakt\/\">telef\u00f3n<\/a>. Ak ve\u013ekos\u0165 nie je na str\u00e1nke, kontaktujte n\u00e1s.<\/p>\n<h3 style=\"text-align: center;\">ROZMERY \u0161iat:<\/h3>\n<table width=\"556\">\n<tbody>\n<tr>\n<td><strong>VE\u013dKOS\u0164<\/strong><\/td>\n<td><strong>poprsia<\/strong><\/td>\n<td><strong>P\u00e1s<\/strong><\/td>\n<td><strong>Boky<\/strong><\/td>\n<\/tr>\n<tr>\n<td><strong>34<\/strong><\/td>\n<td>84-86<\/td>\n<td>64<\/td>\n<td>\u00a0ak\u00fdko\u013evek<\/td>\n<\/tr>\n<tr>\n<td><strong>36<\/strong><\/td>\n<td>88-90<\/td>\n<td>68<\/td>\n<td>\u00a0ak\u00fdko\u013evek<\/td>\n<\/tr>\n<tr>\n<td><strong>38<\/strong><\/td>\n<td>\u00a092-94<\/td>\n<td>72<\/td>\n<td>\u00a0ak\u00fdko\u013evek<\/td>\n<\/tr>\n<tr>\n<td><strong>40<\/strong><\/td>\n<td>96-98<\/td>\n<td>76<\/td>\n<td>\u00a0ak\u00fdko\u013evek<\/td>\n<\/tr>\n<\/tbody>\n<\/table>\n<p style=\"text-align: center;\"><span style=\"font-size: 10pt;\">celkov\u00e1 d\u013a\u017eka cca 157 cm\u00a0\u00a0<\/span><\/p>\n<p style=\"text-align: center;\"><span style=\"font-size: 10pt;\">Rozmery sa m\u00f4\u017eu mierne l\u00ed\u0161i\u0165 od uveden\u00fdch +\/- 2cm.\u00a0<\/span><\/p>\n<p style=\"text-align: center;\"><span style=\"font-size: 10pt;\"><strong>\u00a0<\/strong>\u00a0<\/span><\/p>\n<table width=\"618\">\n<tbody>\n<tr>\n<td width=\"302\">Model<\/td>\n<td width=\"302\">Maxi \u0161aty Lossal s tylov\u00fdm korzetom<\/td>\n<\/tr>\n<tr>\n<td width=\"302\">Farba<\/td>\n<td width=\"302\">\u010dierna<\/td>\n<\/tr>\n<tr>\n<td width=\"302\">Marka<\/td>\n<td width=\"302\">Madelinefashion<\/td>\n<\/tr>\n<tr>\n<td width=\"302\">ve\u013ekosti<\/td>\n<td width=\"302\">34 36 38 40<\/td>\n<\/tr>\n<tr>\n<td width=\"302\">M\u00f3da<\/td>\n<td width=\"302\">Zhoda<\/td>\n<\/tr>\n<tr>\n<td width=\"302\">Materi\u00e1l<\/td>\n<td width=\"302\">Visk\u00f3za, polyester, bavlna<\/td>\n<\/tr>\n<tr>\n<td width=\"302\">D\u013a\u017eka<\/td>\n<td width=\"302\">Na zem<\/td>\n<\/tr>\n<\/tbody>\n<\/table>\n<p style=\"text-align: center;\"><span style=\"font-size: 10pt;\">\u00a0<\/span><\/p>\n<p>&nbsp;<\/p>\n<p style=\"text-align: center;\"><span style=\"font-size: 10pt;\">Aby ste si vybrali <strong>perfektn\u00e9 \u0161aty<\/strong> kontaktujte n\u00e1s telefonicky alebo prostredn\u00edctvom na\u0161ej webovej str\u00e1nky <a href=\"https:\/\/www.facebook.com\/madelinefashionbutik\" target=\"_blank\" rel=\"noopener\">Facebook<\/a> .<\/span><br \/>\n<span style=\"font-size: 10pt;\">N\u00e1\u0161 t\u00edm v\u00e1m pom\u00f4\u017ee <strong>Vyberte si ten spr\u00e1vny<\/strong> . <strong>Na \u017eelanie kupuj\u00faceho vyrob\u00edme ak\u00e9ko\u013evek \u0161aty\u00a0<\/strong><strong>opatrne mera\u0165.\u00a0<\/strong><\/span><\/p>\n<div class=\"additional-details\" style=\"text-align: center;\">\n<p style=\"text-align: center;\"><span style=\"font-size: 10pt;\">\u00a0<\/span><\/p>\n<\/div>","protected":false},"excerpt":{"rendered":"<p>Maxi \u0161aty Lossal z \u010dierneho tylu s korzetom. Tieto \u00fa\u017easn\u00e9 \u010dierne maxi ve\u010dern\u00e9 \u0161aty s\u00fa ide\u00e1lne pre \u017eeny, ktor\u00e9 chc\u00fa pri zvl\u00e1\u0161tnych pr\u00edle\u017eitostiach oslni\u0165 eleganciou a \u017eenskos\u0165ou. Model sa vyzna\u010duje bohato zdoben\u00fdm \u010dipkovan\u00fdm a vy\u0161\u00edvan\u00fdm \u017eiv\u00f4tikom, ktor\u00fd kr\u00e1sne zv\u00fdraz\u0148uje siluetu a dod\u00e1va cel\u00e9mu outfitu luxusn\u00fd n\u00e1dych. Jemn\u00e9 tylov\u00e9 ruk\u00e1vy, spusten\u00e9 cez ramen\u00e1, decentne zv\u00fdraz\u0148uj\u00fa dekolt a dod\u00e1vaj\u00fa outfitu romantick\u00fd n\u00e1dych.<\/p>\n<div class=\"klb-readmore post-buttons\"><a class=\"button black outline size-sm\" href=\"https:\/\/madelinefashion.pl\/sk\/sukienka-maxi-tiulowa-gorsetowa-lossal-czarna\/\">\u010c\u00edta\u0165 \u010falej <i class=\"klbth-icon-right-arrow\"><\/i><\/a><\/div>","protected":false},"featured_media":589976,"template":"","meta":[],"product_brand":[],"product_cat":[124,563,692,561],"product_tag":[213,163],"class_list":{"0":"post-589970","1":"product","2":"type-product","3":"status-publish","4":"has-post-thumbnail","6":"product_cat-sukienki-okolicznosciowe","7":"product_cat-sukienki-gorsetowe","8":"product_cat-sukienki-na-studniowke","9":"product_cat-sukienki-tiulowe","10":"product_tag-sukienka-czarna","11":"product_tag-sukienki-dlugie","13":"first","14":"instock","15":"sale","16":"purchasable","17":"product-type-variable"},"_links":{"self":[{"href":"https:\/\/madelinefashion.pl\/sk\/wp-json\/wp\/v2\/product\/589970","targetHints":{"allow":["GET"]}}],"collection":[{"href":"https:\/\/madelinefashion.pl\/sk\/wp-json\/wp\/v2\/product"}],"about":[{"href":"https:\/\/madelinefashion.pl\/sk\/wp-json\/wp\/v2\/types\/product"}],"wp:featuredmedia":[{"embeddable":true,"href":"https:\/\/madelinefashion.pl\/sk\/wp-json\/wp\/v2\/media\/589976"}],"wp:attachment":[{"href":"https:\/\/madelinefashion.pl\/sk\/wp-json\/wp\/v2\/media?parent=589970"}],"wp:term":[{"taxonomy":"product_brand","embeddable":true,"href":"https:\/\/madelinefashion.pl\/sk\/wp-json\/wp\/v2\/product_brand?post=589970"},{"taxonomy":"product_cat","embeddable":true,"href":"https:\/\/madelinefashion.pl\/sk\/wp-json\/wp\/v2\/product_cat?post=589970"},{"taxonomy":"product_tag","embeddable":true,"href":"https:\/\/madelinefashion.pl\/sk\/wp-json\/wp\/v2\/product_tag?post=589970"}],"curies":[{"name":"pracovn\u00fd list","href":"https:\/\/api.w.org\/{rel}","templated":true}]}}