{"id":58998,"date":"2022-09-21T16:56:06","date_gmt":"2022-09-21T14:56:06","guid":{"rendered":"https:\/\/madelinefashion.pl\/?post_type=product&#038;p=58998"},"modified":"2026-01-20T10:33:43","modified_gmt":"2026-01-20T09:33:43","slug":"koszula-w-krate-maxi-kieszonki-pudrowo-czarna","status":"publish","type":"product","link":"https:\/\/madelinefashion.pl\/sk\/koszula-w-krate-maxi-kieszonki-pudrowo-czarna\/","title":{"rendered":"Kockovan\u00e9 vreckov\u00e9 Maxi tri\u010dko p\u00fadrov\u00e9 \u010dierne"},"content":{"rendered":"<h3 style=\"text-align: center;\">Kockovan\u00e9 vreckov\u00e9 Maxi tri\u010dko p\u00fadrov\u00e9 \u010dierne<\/h3>\n<p style=\"text-align: center;\">Strihan\u00e1 ko\u0161e\u013ea<strong> nadrozmern\u00e9<\/strong> je ide\u00e1lnym z\u00e1kladom a z\u00e1kladom pre mnoh\u00e9 \u0161tyliz\u00e1cie. Je tot\u00e1lne <strong>MUSIE\u0164 MA\u0164<\/strong> t\u00fato sez\u00f3nu. Ko\u0161e\u013ea s najm\u00f3dnej\u0161ou potla\u010dou <strong>skontrolovan\u00e9<\/strong>. Vpredu m\u00e1 vrecko a zap\u00edna sa na gomb\u00edky. Chcete sa c\u00edti\u0165 v\u010das? Pam\u00e4tajte na ko\u0161e\u013eu vo va\u0161om \u0161atn\u00edku. Jeho farba a vzor v\u00e1s urobia <strong>budete vy\u010dnieva\u0165 z davu<\/strong>. Najviac v\u00e1m pristane MIDI verzia ko\u0161ele <strong>ka\u017edodenn\u00fd vzh\u013ead<\/strong>. Model vybran\u00fd pre mnoho \u0161t\u00fdlov. M\u00f4\u017eete ich nosi\u0165 k \u0161ortk\u00e1m, d\u017e\u00ednsom, sukni a dokonca aj ko\u017een\u00fdm nohaviciam. Na\u0161u kockovan\u00fa ko\u0161e\u013eu m\u00f4\u017eete nosi\u0165 aj ako<strong> \u0161aty<\/strong>. Dokonale sa prisp\u00f4sob\u00ed postave. Ide\u00e1lne do \u0161koly, pr\u00e1ce, na rande alebo na stretnutie s priate\u013emi! <strong>Ide\u00e1lne pre ka\u017ed\u00fa pr\u00edle\u017eitos\u0165 a \u010das! <\/strong>Ve\u013ekos\u0165\u00a0<strong>odpor\u00fa\u010dan\u00e9 univerz\u00e1lne<\/strong>\u00a0pre d\u00e1my vo ve\u013ekosti od<strong> S a\u017e XL.<\/strong> Dostupn\u00e9 vo viacer\u00fdch farb\u00e1ch.<\/p>\n<h3 style=\"text-align: center;\">Rozmery tri\u010dka:<\/h3>\n<ul style=\"text-align: center;\">\n<li>Celkov\u00e1 predn\u00e1 d\u013a\u017eka: 97 cm<br \/>\nCelkov\u00e1 d\u013a\u017eka chrbta: 110 cm<\/li>\n<li>\u0160\u00edrka od podpazu\u0161ia po: 52-56 cm<\/li>\n<li>\u0160\u00edrka v p\u00e1se: 54-58 cm<\/li>\n<li>\u0160\u00edrka bokov: 55-60 cm<\/li>\n<li>D\u013a\u017eka ruk\u00e1va od podpazu\u0161ia: 44 cm<\/li>\n<li>D\u013a\u017eka ruk\u00e1va od ramena: 62 cm<br \/>\n\u0160\u00edrka bicepsu: 20 cm x 2<\/li>\n<\/ul>\n<p>&nbsp;<\/p>\n<p style=\"text-align: center;\">Rozmery sa m\u00f4\u017eu mierne l\u00ed\u0161i\u0165 od uveden\u00fdch +\/- 2cm. V\u0161etky uveden\u00e9 rozmery s\u00fa meran\u00e9 plo\u0161ne.<\/p>\n<p style=\"text-align: center;\"><span style=\"font-size: 10pt;\">\u00a0<\/span><\/p>\n<p style=\"text-align: center;\"><span style=\"font-size: 10pt;\">\u00a0<\/span><\/p>\n<table width=\"608\">\n<tbody>\n<tr>\n<td width=\"302\">Meno modela<\/td>\n<td width=\"302\">Maxi vreckov\u00e9 tri\u010dko<\/td>\n<\/tr>\n<tr>\n<td width=\"302\">Farba<\/td>\n<td width=\"302\">\u010cierna<\/td>\n<\/tr>\n<tr>\n<td width=\"302\">ve\u013ekosti<\/td>\n<td width=\"302\">Univerz\u00e1lny<\/td>\n<\/tr>\n<tr>\n<td width=\"302\">M\u00f3da<\/td>\n<td width=\"302\">nadrozmern\u00e9<\/td>\n<\/tr>\n<tr>\n<td width=\"302\">Materi\u00e1l<\/td>\n<td width=\"302\">Zlo\u017eenie: 95 % bavlna 5%elasti\u00e1n<\/td>\n<\/tr>\n<\/tbody>\n<\/table>\n<p style=\"text-align: center;\"><span style=\"font-size: 10pt;\">\u00a0<\/span><\/p>\n<div class=\"tabs tabs-bb clear mb-80\">\n<div class=\"tab-content\">\n<div id=\"tab-description\" class=\"tab-pane fade in woocommerce-Tabs-panel--description active\">\n<div class=\"tabs tabs-bb clear mb-80\">\n<div class=\"tab-content\">\n<div id=\"tab-description\" class=\"tab-pane fade in woocommerce-Tabs-panel--description active\">\n<p style=\"text-align: center;\">Model m\u00e1\u00a0<strong>169<\/strong>\u00a0cm vysok\u00fd, nos\u00ed ve\u013ekos\u0165 ka\u017ed\u00fd de\u0148\u00a0<strong>S<\/strong><\/p>\n<p style=\"text-align: center;\">\u0160\u00edrka cez prsia 92 cm<\/p>\n<p style=\"text-align: center;\">\u0160\u00edrka v p\u00e1se 62 cm<\/p>\n<p style=\"text-align: center;\">\u0160\u00edrka v bokoch 94 cm<\/p>\n<\/div>\n<\/div>\n<\/div>\n<\/div>\n<\/div>\n<\/div>","protected":false},"excerpt":{"rendered":"<p>Koszula w Krate Maxi Kieszonki Pudrowo Czarna Koszula o kroju oversizowym to idealna baza i podstawa do wielu stylizacji. Jest to totalny MUST HAVE tego sezonu. Koszula z najmodniejszym Printem w krate. Posiada\u00a0 kieszonk z przodu i zapinana jest na\u00a0 guziki. Chcesz si\u0119 poczu\u0107 na czasie? Pami\u0119taj o koszuli w swojej garderobie.\u00a0 Jej kolor i<\/p>\n<div class=\"klb-readmore post-buttons\"><a class=\"button black outline size-sm\" href=\"https:\/\/madelinefashion.pl\/sk\/koszula-w-krate-maxi-kieszonki-pudrowo-czarna\/\">\u010c\u00edta\u0165 \u010falej <i class=\"klbth-icon-right-arrow\"><\/i><\/a><\/div>","protected":false},"featured_media":58918,"template":"","meta":[],"product_brand":[],"product_cat":[92,395],"product_tag":[296],"class_list":{"0":"post-58998","1":"product","2":"type-product","3":"status-publish","4":"has-post-thumbnail","6":"product_cat-koszule","7":"product_cat-nowosci","8":"product_tag-tuniki","10":"first","11":"instock","12":"sale","13":"purchasable","14":"product-type-simple"},"_links":{"self":[{"href":"https:\/\/madelinefashion.pl\/sk\/wp-json\/wp\/v2\/product\/58998","targetHints":{"allow":["GET"]}}],"collection":[{"href":"https:\/\/madelinefashion.pl\/sk\/wp-json\/wp\/v2\/product"}],"about":[{"href":"https:\/\/madelinefashion.pl\/sk\/wp-json\/wp\/v2\/types\/product"}],"wp:featuredmedia":[{"embeddable":true,"href":"https:\/\/madelinefashion.pl\/sk\/wp-json\/wp\/v2\/media\/58918"}],"wp:attachment":[{"href":"https:\/\/madelinefashion.pl\/sk\/wp-json\/wp\/v2\/media?parent=58998"}],"wp:term":[{"taxonomy":"product_brand","embeddable":true,"href":"https:\/\/madelinefashion.pl\/sk\/wp-json\/wp\/v2\/product_brand?post=58998"},{"taxonomy":"product_cat","embeddable":true,"href":"https:\/\/madelinefashion.pl\/sk\/wp-json\/wp\/v2\/product_cat?post=58998"},{"taxonomy":"product_tag","embeddable":true,"href":"https:\/\/madelinefashion.pl\/sk\/wp-json\/wp\/v2\/product_tag?post=58998"}],"curies":[{"name":"pracovn\u00fd list","href":"https:\/\/api.w.org\/{rel}","templated":true}]}}