{"id":590388,"date":"2026-01-08T17:38:36","date_gmt":"2026-01-08T16:38:36","guid":{"rendered":"https:\/\/madelinefashion.pl\/?post_type=product&#038;p=590388"},"modified":"2026-04-10T15:05:29","modified_gmt":"2026-04-10T13:05:29","slug":"sukienka-maxi-tiulowa-putu-brokatowa-szampanska-2","status":"publish","type":"product","link":"https:\/\/madelinefashion.pl\/sk\/sukienka-maxi-tiulowa-putu-brokatowa-szampanska-2\/","title":{"rendered":"Maxi \u0161aty Putu Glitter Champagne Tylle"},"content":{"rendered":"<h3 style=\"text-align: center;\">Maxi \u0161aty Putu Glitter Champagne Tylle<\/h3>\n<p style=\"text-align: center;\"><span style=\"font-size: 10pt;\">Exkluz\u00edvne dlh\u00e9 <strong>Ve\u010dern\u00e9 \u0161aty s tylov\u00fdm spodn\u00fdm dielom a vrchn\u00fdm dielom zdoben\u00e9 n\u00e1dhernou v\u00fd\u0161ivkou a dekor\u00e1ciami. .<\/strong>\u00a0<strong>Kr\u00e1sne odha\u013euje \u017eensk\u00e9 tvary<\/strong>\u2013 Spodn\u00e1 \u010das\u0165 \u0161iat je cel\u00e1 z tylu. \u0160aty kr\u00e1sne odha\u013euj\u00fa chrb\u00e1t \u2013 v\u00fdstrih do V je vykrojen\u00fd vpredu aj vzadu. \u0160aty maj\u00fa v\u0161it\u00e9 ko\u0161\u00ed\u010dky vpredu, tak\u017ee nemus\u00edte nosi\u0165 podprsenku. Dostupn\u00e9 vo ve\u013ekostiach 34, 36, 38, 40 a 42. <\/span><span style=\"font-size: 10pt;\">\u00a0<strong>\u0160aty Madelinefashion<\/strong><\/span><span style=\"font-size: 10pt;\">\u00a0je vynikaj\u00facou vo\u013ebou na svadbu, ples, Silvestra a in\u00e9 elegantn\u00e9 \u0161peci\u00e1lne udalosti. \u0160aty Gloria s v\u00fdstrihom do V kr\u00e1sne zv\u00fdraznia va\u0161e poprsie, ak sa neviete rozhodn\u00fa\u0165, ktor\u00e9 <strong>ve\u013ekos\u0165<\/strong> je pre v\u00e1s to najlep\u0161ie <strong>kontaktuj n\u00e1s<\/strong> cez <a href=\"https:\/\/www.facebook.com\/madelinefashionbutik\" target=\"_blank\" rel=\"noopener\">Facebook<\/a> alebo <a href=\"https:\/\/madelinefashion.pl\/sk\/kontakt\/\">telef\u00f3n<\/a>. Ak ve\u013ekos\u0165 nie je na str\u00e1nke, kontaktujte n\u00e1s.\u00a0<\/span><\/p>\n<h3 style=\"text-align: center;\">ROZMERY \u0161iat:<\/h3>\n<div class=\"additional-details\" style=\"text-align: center;\">\n<table width=\"505\">\n<tbody>\n<tr>\n<td><strong>VE\u013dKOS\u0164<\/strong><\/td>\n<td><strong>poprsia<\/strong><\/td>\n<td><strong>P\u00e1s<\/strong><\/td>\n<td width=\"76\"><strong>Boky<\/strong><\/td>\n<\/tr>\n<tr>\n<td><strong>34<\/strong><\/td>\n<td>84-86<\/td>\n<td>64<\/td>\n<td width=\"76\">\u00a0ak\u00fdko\u013evek<\/td>\n<\/tr>\n<tr>\n<td><strong>36<\/strong><\/td>\n<td>88-90<\/td>\n<td>68<\/td>\n<td width=\"76\">\u00a0ak\u00fdko\u013evek<\/td>\n<\/tr>\n<tr>\n<td><strong>38<\/strong><\/td>\n<td>\u00a092-94<\/td>\n<td>72<\/td>\n<td width=\"76\">\u00a0ak\u00fdko\u013evek<\/td>\n<\/tr>\n<tr>\n<td><strong>40<\/strong><\/td>\n<td>96-98<\/td>\n<td>76<\/td>\n<td width=\"76\">\u00a0ak\u00fdko\u013evek<\/td>\n<\/tr>\n<tr>\n<td><strong>42<\/strong><\/td>\n<td>100-104<\/td>\n<td>80<\/td>\n<td width=\"76\">\u00a0ak\u00fdko\u013evek<\/td>\n<\/tr>\n<\/tbody>\n<\/table>\n<\/div>\n<p style=\"text-align: center;\"><span style=\"font-size: 10pt;\">celkov\u00e1 d\u013a\u017eka cca 160 cm<\/span>\u00a0(\u0161aty sa daj\u00fa skr\u00e1ti\u0165 pod\u013ea vlastnej chuti)<\/p>\n<p style=\"text-align: center;\"><span style=\"font-size: 10pt;\">\u0160aty s\u00fa dostupn\u00e9 aj v in\u00fdch farb\u00e1ch - odpor\u00fa\u010dame v\u00e1m zozn\u00e1mi\u0165 sa s na\u0161imi \u010fal\u0161\u00edmi produktmi.<\/span><\/p>\n<p style=\"text-align: center;\"><span style=\"font-size: 10pt;\">Rozmery sa m\u00f4\u017eu mierne l\u00ed\u0161i\u0165 od uveden\u00fdch +\/- 2cm.\u00a0<\/span><\/p>\n<p style=\"text-align: center;\"><span style=\"font-size: 10pt;\"><strong>\u00a0<\/strong>\u00a0<\/span><\/p>\n<table width=\"620\">\n<tbody>\n<tr>\n<td width=\"302\">Meno modela<\/td>\n<td width=\"302\">Maxi \u0161aty Putu s trblietav\u00fdm tylom<\/td>\n<\/tr>\n<tr>\n<td width=\"302\">Farba<\/td>\n<td width=\"302\">Strieborn\u00e1, \u0161ampansk\u00e1<\/td>\n<\/tr>\n<tr>\n<td width=\"302\">\u0160tiepenie<\/td>\n<td width=\"302\">Korzet<\/td>\n<\/tr>\n<tr>\n<td width=\"302\">ve\u013ekosti<\/td>\n<td width=\"302\">34 36 38 40 42<\/td>\n<\/tr>\n<tr>\n<td width=\"302\">Ruk\u00e1v<\/td>\n<td width=\"302\">S tenk\u00fdmi ramienkami<\/td>\n<\/tr>\n<tr>\n<td width=\"302\">Materi\u00e1l<\/td>\n<td width=\"302\">Visk\u00f3za, polyester, bavlna<\/td>\n<\/tr>\n<tr>\n<td width=\"302\">D\u013a\u017eka<\/td>\n<td width=\"302\">Na zem<\/td>\n<\/tr>\n<\/tbody>\n<\/table>\n<p style=\"text-align: center;\"><span style=\"font-size: 10pt;\">\u00a0<\/span><\/p>\n<p style=\"text-align: center;\"><span style=\"font-size: 10pt;\">Aby ste si vybrali <strong>perfektn\u00e9 \u0161aty<\/strong> kontaktujte n\u00e1s telefonicky alebo prostredn\u00edctvom na\u0161ej webovej str\u00e1nky <a href=\"https:\/\/www.facebook.com\/madelinefashionbutik\" target=\"_blank\" rel=\"noopener\">Facebook<\/a> .<\/span><br \/>\n<span style=\"font-size: 10pt;\">N\u00e1\u0161 t\u00edm v\u00e1m pom\u00f4\u017ee <strong>Vyberte si ten spr\u00e1vny<\/strong> . <strong>Na \u017eelanie kupuj\u00faceho vyrob\u00edme ak\u00e9ko\u013evek \u0161aty\u00a0<\/strong><strong>opatrne mera\u0165.\u00a0<\/strong><\/span><\/p>\n<div class=\"additional-details\" style=\"text-align: center;\">\n<p style=\"text-align: center;\"><span style=\"font-size: 10pt;\">\u00a0<\/span><\/p>\n<\/div>","protected":false},"excerpt":{"rendered":"<p>Sukienka Maxi Tiulowa Putu Brokatowa Szampa\u0144ska Ekskluzywna d\u0142uga suknia wieczorowa z tiulowym do\u0142em oraz\u00a0 g\u00f3r\u0105 zdobion\u0105 cudownymi haftami oraz zdobieniami .\u00a0Pi\u0119knie eksponuje kobiece kszta\u0142ty\u2013 d\u00f3\u0142 sukienki wykonany w ca\u0142o\u015bci z tiulowego si\u0119 materia\u0142u.\u00a0\u00a0Sukienka pi\u0119knie eksponuje plecy\u00a0 \u2013 dekolt wyci\u0119ty w szpic zar\u00f3wno z przodu jak i ty\u0142u . Sukienka posiada z przodu wszyte miseczki, dzi\u0119ki<\/p>\n<div class=\"klb-readmore post-buttons\"><a class=\"button black outline size-sm\" href=\"https:\/\/madelinefashion.pl\/sk\/sukienka-maxi-tiulowa-putu-brokatowa-szampanska-2\/\">\u010c\u00edta\u0165 \u010falej <i class=\"klbth-icon-right-arrow\"><\/i><\/a><\/div>","protected":false},"featured_media":590393,"template":"","meta":[],"product_brand":[],"product_cat":[124,80,560,561],"product_tag":[504,704,163],"class_list":{"0":"post-590388","1":"product","2":"type-product","3":"status-publish","4":"has-post-thumbnail","6":"product_cat-sukienki-okolicznosciowe","7":"product_cat-sukienki-i-kombinezony","8":"product_cat-sukienki-brokatowe","9":"product_cat-sukienki-tiulowe","10":"product_tag-party-time","11":"product_tag-srebrne-sukienki","12":"product_tag-sukienki-dlugie","14":"first","15":"instock","16":"sale","17":"purchasable","18":"product-type-variable"},"_links":{"self":[{"href":"https:\/\/madelinefashion.pl\/sk\/wp-json\/wp\/v2\/product\/590388","targetHints":{"allow":["GET"]}}],"collection":[{"href":"https:\/\/madelinefashion.pl\/sk\/wp-json\/wp\/v2\/product"}],"about":[{"href":"https:\/\/madelinefashion.pl\/sk\/wp-json\/wp\/v2\/types\/product"}],"wp:featuredmedia":[{"embeddable":true,"href":"https:\/\/madelinefashion.pl\/sk\/wp-json\/wp\/v2\/media\/590393"}],"wp:attachment":[{"href":"https:\/\/madelinefashion.pl\/sk\/wp-json\/wp\/v2\/media?parent=590388"}],"wp:term":[{"taxonomy":"product_brand","embeddable":true,"href":"https:\/\/madelinefashion.pl\/sk\/wp-json\/wp\/v2\/product_brand?post=590388"},{"taxonomy":"product_cat","embeddable":true,"href":"https:\/\/madelinefashion.pl\/sk\/wp-json\/wp\/v2\/product_cat?post=590388"},{"taxonomy":"product_tag","embeddable":true,"href":"https:\/\/madelinefashion.pl\/sk\/wp-json\/wp\/v2\/product_tag?post=590388"}],"curies":[{"name":"pracovn\u00fd list","href":"https:\/\/api.w.org\/{rel}","templated":true}]}}