{"id":59137,"date":"2022-09-22T11:07:10","date_gmt":"2022-09-22T09:07:10","guid":{"rendered":"https:\/\/madelinefashion.pl\/?post_type=product&#038;p=59137"},"modified":"2026-01-15T12:43:13","modified_gmt":"2026-01-15T11:43:13","slug":"plaszcz-w-pepitke-maxi-czarny","status":"publish","type":"product","link":"https:\/\/madelinefashion.pl\/sk\/plaszcz-w-pepitke-maxi-czarny\/","title":{"rendered":"Maxi \u010dierny kab\u00e1t Houndstooth"},"content":{"rendered":"<h2 style=\"text-align: center;\">Maxi \u010dierny kab\u00e1t Houndstooth<\/h2>\n<p style=\"text-align: center;\"><strong>Maxi \u010dierny kab\u00e1t Houndstooth <\/strong>zapnut\u00e9 je skuto\u010dn\u00e9 <strong>sez\u00f3nny hit<\/strong>. Je to spojenie elegancie, modernosti a funk\u010dnosti - kab\u00e1t sa hod\u00ed do ka\u017edej siluety a stylingu. Vyroben\u00e9 z ve\u013emi m\u00f3dneho a mimoriadne pr\u00edjemn\u00e9ho materi\u00e1lu. Tepl\u00e9, ide\u00e1lne na jar a jese\u0148. <strong>Elegantn\u00fd kab\u00e1t<\/strong> d\u00e1mske jednoduch\u00e9, <strong>klasick\u00fd strih<\/strong>. Kab\u00e1t v maxi d\u013a\u017eke m\u00e1 vpredu funk\u010dn\u00e9 vreck\u00e1. Nad\u010dasov\u00fd strih kab\u00e1ta dopln\u00ed ka\u017ed\u00fd styling. V na\u0161om internetovom obchode n\u00e1jdete ve\u013ek\u00fd v\u00fdber kab\u00e1tov. Ide\u00e1lna na ka\u017edodenn\u00e9 nosenie, no so spr\u00e1vnymi doplnkami vytvor\u00edte aj origin\u00e1lny ve\u010dern\u00fd outfit <strong>romantick\u00fa prech\u00e1dzku, ako aj pracovn\u00fd v\u00fdlet<\/strong>. <strong>\u0160t\u00fdlov\u00fd houndstooth kab\u00e1t je n\u00e1vrh, ktor\u00fd sa bude hodi\u0165 do ka\u017ed\u00e9ho \u0161atn\u00edka. Klasick\u00fd strih a dizajn bude v\u017edy vyzera\u0165 dobre a bude zodpoveda\u0165 aktu\u00e1lnym trendom. Odpor\u00fa\u010dame pre d\u00e1my vo ve\u013ekosti SML XL<\/strong><\/p>\n<p>&nbsp;<\/p>\n<h2 style=\"text-align: center;\">rozmery kab\u00e1ta:<\/h2>\n<p style=\"text-align: center;\">Celkov\u00e1 d\u013a\u017eka - 117 cm<br \/>\n\u0160\u00edrka od pazuchy po pazuchu - 52 - 58 cm<br \/>\n\u0160\u00edrka v bokoch - 52 cm<br \/>\nD\u013a\u017eka ruk\u00e1va - 68 cm<br \/>\n\u0160\u00edrka v bokoch - 54 - 60 cm<\/p>\n<p style=\"text-align: center;\">Rozmery sa m\u00f4\u017eu mierne l\u00ed\u0161i\u0165 od uveden\u00fdch +\/- 2cm. V\u0161etky uveden\u00e9 rozmery s\u00fa meran\u00e9 plo\u0161ne.<\/p>\n<p style=\"text-align: center;\"><strong>\u00a0<\/strong><\/p>\n<table width=\"499\">\n<tbody>\n<tr>\n<td width=\"302\">Meno modela<\/td>\n<td width=\"302\">Maxi kab\u00e1t houndstooth<\/td>\n<\/tr>\n<tr>\n<td width=\"302\">Farba<\/td>\n<td width=\"302\">\u010dierna<\/td>\n<\/tr>\n<tr>\n<td width=\"302\">Zbierka<\/td>\n<td width=\"302\">jar\/jese\u0148\/zima<\/td>\n<\/tr>\n<tr>\n<td width=\"302\">ve\u013ekosti<\/td>\n<td width=\"302\">Univerz\u00e1lny<\/td>\n<\/tr>\n<tr>\n<td width=\"302\">M\u00f3da<\/td>\n<td width=\"302\">Zhoda<\/td>\n<\/tr>\n<tr>\n<td width=\"302\">Hood<\/td>\n<td width=\"302\">Nie<\/td>\n<\/tr>\n<tr>\n<td width=\"302\">Zaspievanie<\/td>\n<td width=\"302\">Tla\u010didlo<\/td>\n<\/tr>\n<tr>\n<td width=\"302\">Materi\u00e1l<\/td>\n<td width=\"302\">100 % Polyester<\/td>\n<\/tr>\n<\/tbody>\n<\/table>\n<p style=\"text-align: center;\">Model m\u00e1\u00a0<strong>169<\/strong>\u00a0cm vysok\u00fd, nos\u00ed ve\u013ekos\u0165 ka\u017ed\u00fd de\u0148\u00a0<strong>S<\/strong><\/p>\n<p style=\"text-align: center;\">\u0160\u00edrka cez prsia 92 cm<\/p>\n<p style=\"text-align: center;\">\u0160\u00edrka v p\u00e1se 62 cm<\/p>\n<p style=\"text-align: center;\">\u0160\u00edrka v bokoch 94 cm<\/p>","protected":false},"excerpt":{"rendered":"<p>P\u0142aszcz w Pepitk\u0119 Maxi Czarny P\u0142aszcz w Pepitk\u0119 Maxi Czarny zapinany na guziki to prawdziwy hit sezonu. Jest to po\u0142\u0105czenie elegancji, nowoczesno\u015bci i funkcjonalno\u015bci \u2013\u00a0 p\u0142aszczyk wpisuje si\u0119 w ka\u017cd\u0105 sylwetk\u0119 i stylizacj\u0119. Wykonany z bardzo modnego i niezwykle przyjemnego materia\u0142u. Ciep\u0142y, idealny na wiosn\u0119 i jesie\u0144. Elegancki p\u0142aszcz damski o prostym, klasycznym kroju. P\u0142aszczyk<\/p>\n<div class=\"klb-readmore post-buttons\"><a class=\"button black outline size-sm\" href=\"https:\/\/madelinefashion.pl\/sk\/plaszcz-w-pepitke-maxi-czarny\/\">\u010c\u00edta\u0165 \u010falej <i class=\"klbth-icon-right-arrow\"><\/i><\/a><\/div>","protected":false},"featured_media":59113,"template":"","meta":[],"product_brand":[],"product_cat":[120,279],"product_tag":[],"class_list":{"0":"post-59137","1":"product","2":"type-product","3":"status-publish","4":"has-post-thumbnail","6":"product_cat-plaszcze-dlugie","7":"product_cat-plaszcze-wiosenne","8":"pa_rozmiar-s","9":"pa_rozmiar-m","10":"pa_rozmiar-l","12":"first","13":"outofstock","14":"sale","15":"purchasable","16":"product-type-simple"},"_links":{"self":[{"href":"https:\/\/madelinefashion.pl\/sk\/wp-json\/wp\/v2\/product\/59137","targetHints":{"allow":["GET"]}}],"collection":[{"href":"https:\/\/madelinefashion.pl\/sk\/wp-json\/wp\/v2\/product"}],"about":[{"href":"https:\/\/madelinefashion.pl\/sk\/wp-json\/wp\/v2\/types\/product"}],"wp:featuredmedia":[{"embeddable":true,"href":"https:\/\/madelinefashion.pl\/sk\/wp-json\/wp\/v2\/media\/59113"}],"wp:attachment":[{"href":"https:\/\/madelinefashion.pl\/sk\/wp-json\/wp\/v2\/media?parent=59137"}],"wp:term":[{"taxonomy":"product_brand","embeddable":true,"href":"https:\/\/madelinefashion.pl\/sk\/wp-json\/wp\/v2\/product_brand?post=59137"},{"taxonomy":"product_cat","embeddable":true,"href":"https:\/\/madelinefashion.pl\/sk\/wp-json\/wp\/v2\/product_cat?post=59137"},{"taxonomy":"product_tag","embeddable":true,"href":"https:\/\/madelinefashion.pl\/sk\/wp-json\/wp\/v2\/product_tag?post=59137"}],"curies":[{"name":"pracovn\u00fd list","href":"https:\/\/api.w.org\/{rel}","templated":true}]}}