{"id":5916,"date":"2021-03-21T02:11:39","date_gmt":"2021-03-21T01:11:39","guid":{"rendered":"https:\/\/madelinefashion.pl\/?post_type=product&#038;p=5916"},"modified":"2026-03-26T12:40:45","modified_gmt":"2026-03-26T11:40:45","slug":"bluzka-love-you-pudrowa","status":"publish","type":"product","link":"https:\/\/madelinefashion.pl\/sk\/bluzka-love-you-pudrowa\/","title":{"rendered":"P\u00fadrov\u00e1 bl\u00fazka Love You"},"content":{"rendered":"<h2 style=\"text-align: center;\">P\u00fadrov\u00e1 bl\u00fazka Love You<\/h2>\n<p style=\"text-align: center;\"><strong>P\u00fadrovo ru\u017eov\u00e1 bl\u00fazka s vol\u00e1nmi.<\/strong> Kr\u00e1sna bavlnen\u00e1 bl\u00fazka s potla\u010dou na vrecku. Na ruk\u00e1voch je zdoben\u00e1 vol\u00e1nmi, ktor\u00e9 jej dod\u00e1vaj\u00fa na \u0161arme. Vyroben\u00e9 z m\u00e4kkej, na telo pr\u00edjemnej bavlny. Dostupn\u00e9 v na\u0161ej predajni vo viacer\u00fdch farebn\u00fdch variantoch.<\/p>\n<h2 style=\"text-align: center;\">\u00a0 \u00a0 \u00a0Rozmery:<\/h2>\n<ul>\n<li style=\"text-align: center;\">celkov\u00e1 d\u013a\u017eka: 64 cm<\/li>\n<li style=\"text-align: center;\">\u0161\u00edrka od pazuchy po pazuchu: 46-48 cm<\/li>\n<li style=\"text-align: center;\">\u0161\u00edrka dole: 52 cm<\/li>\n<\/ul>\n<table>\n<tbody>\n<tr>\n<td width=\"302\">Meno modela<\/td>\n<td width=\"302\">Bl\u00fazka Love You<\/td>\n<\/tr>\n<tr>\n<td width=\"302\">Farba<\/td>\n<td width=\"302\">P\u00fadrov\u00e1 ru\u017eov\u00e1<\/td>\n<\/tr>\n<tr>\n<td width=\"302\">ve\u013ekosti<\/td>\n<td width=\"302\">Univerz\u00e1lny<\/td>\n<\/tr>\n<tr>\n<td width=\"302\">\u0160t\u00fdl<\/td>\n<td width=\"302\">Boho<\/td>\n<\/tr>\n<tr>\n<td width=\"302\">Materi\u00e1l<\/td>\n<td width=\"302\">95 % Bavlna 5lastan<\/td>\n<\/tr>\n<\/tbody>\n<\/table>\n<p>&nbsp;<\/p>\n<p>&nbsp;<\/p>\n<p style=\"text-align: center;\">\u00a0<strong>odpor\u00fa\u010dan\u00e9<\/strong> pre \u013eud\u00ed, ktor\u00ed nosia ve\u013ekos\u0165 od <strong>X<\/strong><strong>S\u00a0<\/strong>dole <strong>L<\/strong><\/p>\n<p style=\"text-align: center;\">","protected":false},"excerpt":{"rendered":"<p>Bluzka Love You Pudrowa Bluzka w kolorze pudrowego r\u00f3\u017cu z falbankami . Urocza bawe\u0142niana bluzka z nadrukiem na kieszonce. Ozdobiona na r\u0119kawkach falbankami, kt\u00f3re dodaj\u0105 jej wdzi\u0119ku. Wykonana z mi\u0119kkiej, przyjemnej dla cia\u0142a bawe\u0142ny. Dost\u0119pna w naszym sklepie w kilku wariantach kolorystycznych. \u00a0 \u00a0 \u00a0Wymiary: d\u0142ugo\u015b\u0107 ca\u0142kowita : 64 cm szeroko\u015b\u0107 od pachy do pachy:<\/p>\n<div class=\"klb-readmore post-buttons\"><a class=\"button black outline size-sm\" href=\"https:\/\/madelinefashion.pl\/sk\/bluzka-love-you-pudrowa\/\">\u010c\u00edta\u0165 \u010falej <i class=\"klbth-icon-right-arrow\"><\/i><\/a><\/div>","protected":false},"featured_media":5908,"template":"","meta":[],"product_brand":[],"product_cat":[77,380],"product_tag":[],"class_list":{"0":"post-5916","1":"product","2":"type-product","3":"status-publish","4":"has-post-thumbnail","6":"product_cat-bluzki","7":"product_cat-wyprzedaz","9":"first","10":"instock","11":"sale","12":"purchasable","13":"product-type-simple"},"_links":{"self":[{"href":"https:\/\/madelinefashion.pl\/sk\/wp-json\/wp\/v2\/product\/5916","targetHints":{"allow":["GET"]}}],"collection":[{"href":"https:\/\/madelinefashion.pl\/sk\/wp-json\/wp\/v2\/product"}],"about":[{"href":"https:\/\/madelinefashion.pl\/sk\/wp-json\/wp\/v2\/types\/product"}],"wp:featuredmedia":[{"embeddable":true,"href":"https:\/\/madelinefashion.pl\/sk\/wp-json\/wp\/v2\/media\/5908"}],"wp:attachment":[{"href":"https:\/\/madelinefashion.pl\/sk\/wp-json\/wp\/v2\/media?parent=5916"}],"wp:term":[{"taxonomy":"product_brand","embeddable":true,"href":"https:\/\/madelinefashion.pl\/sk\/wp-json\/wp\/v2\/product_brand?post=5916"},{"taxonomy":"product_cat","embeddable":true,"href":"https:\/\/madelinefashion.pl\/sk\/wp-json\/wp\/v2\/product_cat?post=5916"},{"taxonomy":"product_tag","embeddable":true,"href":"https:\/\/madelinefashion.pl\/sk\/wp-json\/wp\/v2\/product_tag?post=5916"}],"curies":[{"name":"pracovn\u00fd list","href":"https:\/\/api.w.org\/{rel}","templated":true}]}}