{"id":591747,"date":"2026-01-19T16:04:50","date_gmt":"2026-01-19T15:04:50","guid":{"rendered":"https:\/\/madelinefashion.pl\/?post_type=product&#038;p=591747"},"modified":"2026-04-10T15:05:25","modified_gmt":"2026-04-10T13:05:25","slug":"sukienka-na-ramiaczkach-syrenka-z-tiulem-seraphine-pudrowy-roz","status":"publish","type":"product","link":"https:\/\/madelinefashion.pl\/sk\/sukienka-na-ramiaczkach-syrenka-z-tiulem-seraphine-pudrowy-roz\/","title":{"rendered":"Ru\u017eov\u00e9 tylov\u00e9 \u0161aty s morskou pannou a ramienkami Seraphine"},"content":{"rendered":"<h3 style=\"text-align: center;\">Ru\u017eov\u00e9 tylov\u00e9 \u0161aty s morskou pannou a ramienkami Seraphine<\/h3>\n<p style=\"text-align: center;\"><strong>\u00a0Kr\u00e1sne dlh\u00e9 ve\u010dern\u00e9 \u0161aty s ryb\u00edm chvostom z trblietav\u00e9ho tylu<\/strong>. Kr\u00e1sne zv\u00fdraz\u0148uj\u00fa \u017eensk\u00e9 krivky \u2013 \u0161aty s\u00fa vyroben\u00e9 z jemn\u00e9ho tylu a kr\u00e1sne zv\u00fdraz\u0148uj\u00fa chrb\u00e1t. Tieto ramienkov\u00e9 \u0161aty sa vyzna\u010duj\u00fa kr\u00e1snym, v\u00fdrazn\u00fdm \u017eiv\u00f4tikom. Vpredu maj\u00fa v\u0161it\u00e9 ko\u0161\u00ed\u010dky, v\u010faka \u010domu nie je potrebn\u00e1 podprsenka. Tieto korzetov\u00e9 \u0161aty s kr\u00e1sne zdoben\u00fdm \u017eiv\u00f4tikom a \u0161if\u00f3novou suk\u0148ou s\u00fa stelesnen\u00edm elegancie a \u017eenskosti, ide\u00e1lne na \u0161peci\u00e1lne pr\u00edle\u017eitosti. Vrchn\u00e1 \u010das\u0165 \u0161iat m\u00e1 priliehav\u00fd korzet s podporn\u00fdmi ko\u0161\u00ed\u010dkami, ktor\u00e9 zv\u00fdraz\u0148uj\u00fa p\u00e1s a siluetu. V\u00fd\u0161ivka a trblietav\u00e9 kri\u0161t\u00e1\u013eov\u00e9 ozdoby dod\u00e1vaj\u00fa \u0161at\u00e1m jedine\u010dn\u00fd n\u00e1dych. \u0160aty maj\u00fa tenk\u00e9 ramienka a korzetov\u00e9 \u0161nurovanie vzadu, ktor\u00e9 zais\u0165uje dokonal\u00e9 strihanie. Tieto oslniv\u00e9 tylov\u00e9 \u0161aty sa vyzna\u010duj\u00fa... <em data-start=\"183\" data-end=\"190\">ryby<\/em>, vytvoren\u00fd pre \u017eeny, ktor\u00e9 miluj\u00fa eleganciu a faktor \u201ewow\u201d. Priliehav\u00fd top kr\u00e1sne zv\u00fdraz\u0148uje p\u00e1s a boky, zatia\u013e \u010do roz\u0161iruj\u00faci sa ryb\u00ed strih dod\u00e1va siluete \u013eahkos\u0165 a jedine\u010dn\u00fd ve\u010dern\u00fd n\u00e1dych. Vyroben\u00fd z m\u00e4kk\u00e9ho, vrstven\u00e9ho tylu, poskytuje jemn\u00fd lesk a delik\u00e1tny, luxusn\u00fd vzh\u013ead. Ide\u00e1lny na stu\u017ekov\u00fa, svadbu, ples alebo ak\u00fako\u013evek \u0161peci\u00e1lnu pr\u00edle\u017eitos\u0165, ktor\u00e1 vy\u017eaduje bezchybn\u00fd \u0161t\u00fdl. Dostupn\u00e9 vo ve\u013ekostiach S, M, L. Ak sa neviete rozhodn\u00fa\u0165, ktor\u00fa farbu, <strong>ve\u013ekos\u0165<\/strong> je pre v\u00e1s to najlep\u0161ie <strong>kontaktuj n\u00e1s<\/strong> cez <a href=\"https:\/\/www.facebook.com\/madelinefashionbutik\" target=\"_blank\" rel=\"noopener\">Facebook<\/a> alebo <a href=\"https:\/\/madelinefashion.pl\/sk\/kontakt\/\">telef\u00f3n<\/a>. Ak ve\u013ekos\u0165 nie je na str\u00e1nke, kontaktujte n\u00e1s.<\/p>\n<h3 style=\"text-align: center;\">ROZMERY \u0161iat:<\/h3>\n<p>&nbsp;<\/p>\n<table width=\"556\">\n<tbody>\n<tr>\n<td><strong>VE\u013dKOS\u0164<\/strong><\/td>\n<td><strong>poprsia<\/strong><\/td>\n<td><strong>P\u00e1s<\/strong><\/td>\n<td><strong>Boky<\/strong><\/td>\n<\/tr>\n<tr>\n<td><strong>34<\/strong><\/td>\n<td>84-86<\/td>\n<td>64<\/td>\n<td>\u00a0ak\u00fdko\u013evek<\/td>\n<\/tr>\n<tr>\n<td><strong>36<\/strong><\/td>\n<td>88-90<\/td>\n<td>68<\/td>\n<td>\u00a0ak\u00fdko\u013evek<\/td>\n<\/tr>\n<tr>\n<td><strong>38<\/strong><\/td>\n<td>\u00a092-94<\/td>\n<td>72<\/td>\n<td>\u00a0ak\u00fdko\u013evek<\/td>\n<\/tr>\n<tr>\n<td><strong>40<\/strong><\/td>\n<td>96-98<\/td>\n<td>76<\/td>\n<td>\u00a0ak\u00fdko\u013evek<\/td>\n<\/tr>\n<\/tbody>\n<\/table>\n<p style=\"text-align: center;\"><span style=\"font-size: 10pt;\">celkov\u00e1 d\u013a\u017eka cca 157 cm\u00a0\u00a0<\/span><\/p>\n<p style=\"text-align: center;\"><span style=\"font-size: 10pt;\">\u0160aty dostupn\u00e9 aj v <strong>in\u00e9 farebn\u00e9 varianty<\/strong> \u2013 odpor\u00fa\u010dame v\u00e1m zozn\u00e1mi\u0165 sa s na\u0161imi \u010fal\u0161\u00edmi produktmi.\u00a0<\/span><\/p>\n<p style=\"text-align: center;\"><span style=\"font-size: 10pt;\">Rozmery sa m\u00f4\u017eu mierne l\u00ed\u0161i\u0165 od uveden\u00fdch +\/- 2cm.\u00a0<\/span><\/p>\n<p style=\"text-align: center;\"><span style=\"font-size: 10pt;\"><strong>\u00a0<\/strong>\u00a0<\/span><\/p>\n<table width=\"618\">\n<tbody>\n<tr>\n<td width=\"302\">Meno modela<\/td>\n<td width=\"302\">Tylov\u00e9 \u0161aty bez ramienok s morskou pannou Seraphine<\/td>\n<\/tr>\n<tr>\n<td width=\"302\">Farba<\/td>\n<td width=\"302\">P\u00fadrov\u00e1 ru\u017eov\u00e1<\/td>\n<\/tr>\n<tr>\n<td width=\"302\">Materi\u00e1l<\/td>\n<td width=\"302\">Tyl<\/td>\n<\/tr>\n<tr>\n<td width=\"302\">ve\u013ekosti<\/td>\n<td width=\"302\">\u00a034 36 38<\/td>\n<\/tr>\n<tr>\n<td width=\"302\">M\u00f3da<\/td>\n<td width=\"302\">Zhoda \u2013 ryba<\/td>\n<\/tr>\n<tr>\n<td width=\"302\">Materi\u00e1l<\/td>\n<td width=\"302\">Visk\u00f3za, Polyester,<\/td>\n<\/tr>\n<tr>\n<td width=\"302\">D\u013a\u017eka<\/td>\n<td width=\"302\">Na zem<\/td>\n<\/tr>\n<\/tbody>\n<\/table>\n<p style=\"text-align: center;\" align=\"center\">Poz\u00fdvame v\u00e1s do n\u00e1\u0161ho sal\u00f3nu, ktor\u00fd sa nach\u00e1dza na ulici Moniuszki 2 v srdci Konstantyn\u00f3wa v Lod\u017eskom. V na\u0161om profesion\u00e1lnom sal\u00f3ne n\u00e1jdete \u0161irok\u00fd v\u00fdber svadobn\u00fdch \u0161iat, ktor\u00e9 splnia va\u0161e najtajnej\u0161ie sny o dokonalom dni. T\u00edm sk\u00fasen\u00fdch konzultantov v\u00e1m pom\u00f4\u017ee vybra\u0165 si perfektn\u00e9 \u0161aty, prisp\u00f4soben\u00e9 va\u0161im o\u010dak\u00e1vaniam a postave. Srde\u010dne v\u00e1s poz\u00fdvame na n\u00e1v\u0161tevu \u2013 presved\u010dte sa, ak\u00fd v\u00fdnimo\u010dn\u00fd m\u00f4\u017ee by\u0165 v\u00e1\u0161 de\u0148!<\/p>\n<p style=\"text-align: center;\">Ka\u017ed\u00e9 \u0161aty sa daj\u00fa v pr\u00edpade potreby upravi\u0165 pod\u013ea va\u0161ej v\u00fd\u0161ky a v\u00fd\u0161ky podp\u00e4tku. Ak s\u00fa pr\u00edli\u0161 dlh\u00e9, m\u00f4\u017eete si ich skr\u00e1ti\u0165 alebo necha\u0165 kraj\u010d\u00edrku urobi\u0165 drobn\u00e9 \u00fapravy. Takto si m\u00f4\u017eete vybran\u00e9 \u0161aty jednoducho prisp\u00f4sobi\u0165 svojim mieram a c\u00edti\u0165 sa v nich dokonale pohodlne.<\/p>\n<p style=\"text-align: center;\" align=\"center\">Aby ste si vybrali\u00a0<strong>perfektn\u00e9 \u0161aty<\/strong>\u00a0kontaktujte n\u00e1s telefonicky alebo prostredn\u00edctvom na\u0161ej webovej str\u00e1nky <a href=\"https:\/\/www.facebook.com\/madelinefashionbutik\" target=\"_blank\" rel=\"noopener\">Facebook<\/a> .<br \/>\nN\u00e1\u0161 t\u00edm v\u00e1m pom\u00f4\u017ee\u00a0<strong>Vyberte si ten spr\u00e1vny<\/strong>\u00a0.\u00a0<strong>Ka\u017ed\u00e9 \u0161aty vieme presne zmera\u0165 na po\u017eiadanie kupuj\u00facej.\u00a0<\/strong><\/p>\n<div class=\"additional-details\" style=\"text-align: center;\">\n<p style=\"text-align: center;\"><span style=\"font-size: 10pt;\">\u00a0<\/span><\/p>\n<\/div>","protected":false},"excerpt":{"rendered":"<p>Sukienka Na Rami\u0105czkach Syrenka z Tiulem Seraphine Pudrowy R\u00f3\u017c \u00a0Pi\u0119kna d\u0142uga suknia wieczorowa typu rybka\u00a0 z tiulowego brokatowego materia\u0142u. Pi\u0119knie eksponuje kobiece kszta\u0142ty- wykonana z delikatnego tiulu. Sukienka pi\u0119knie eksponuje plecy. Sukienka na rami\u0105czkach z pi\u0119kn\u0105, efektown\u0105 g\u00f3r\u0105. Posiada z przodu wszyte miseczki, dzi\u0119ki czemu nie trzeba zak\u0142ada\u0107 biustonosza. Sukienka gorsetowa z pi\u0119knie zdobion\u0105 g\u00f3r\u0105<\/p>\n<div class=\"klb-readmore post-buttons\"><a class=\"button black outline size-sm\" href=\"https:\/\/madelinefashion.pl\/sk\/sukienka-na-ramiaczkach-syrenka-z-tiulem-seraphine-pudrowy-roz\/\">\u010c\u00edta\u0165 \u010falej <i class=\"klbth-icon-right-arrow\"><\/i><\/a><\/div>","protected":false},"featured_media":591752,"template":"","meta":[],"product_brand":[],"product_cat":[124,395,563,692,561],"product_tag":[163,215],"class_list":{"0":"post-591747","1":"product","2":"type-product","3":"status-publish","4":"has-post-thumbnail","6":"product_cat-sukienki-okolicznosciowe","7":"product_cat-nowosci","8":"product_cat-sukienki-gorsetowe","9":"product_cat-sukienki-na-studniowke","10":"product_cat-sukienki-tiulowe","11":"product_tag-sukienki-dlugie","12":"product_tag-sukienki-rozowe","14":"first","15":"instock","16":"sale","17":"purchasable","18":"product-type-variable"},"_links":{"self":[{"href":"https:\/\/madelinefashion.pl\/sk\/wp-json\/wp\/v2\/product\/591747","targetHints":{"allow":["GET"]}}],"collection":[{"href":"https:\/\/madelinefashion.pl\/sk\/wp-json\/wp\/v2\/product"}],"about":[{"href":"https:\/\/madelinefashion.pl\/sk\/wp-json\/wp\/v2\/types\/product"}],"wp:featuredmedia":[{"embeddable":true,"href":"https:\/\/madelinefashion.pl\/sk\/wp-json\/wp\/v2\/media\/591752"}],"wp:attachment":[{"href":"https:\/\/madelinefashion.pl\/sk\/wp-json\/wp\/v2\/media?parent=591747"}],"wp:term":[{"taxonomy":"product_brand","embeddable":true,"href":"https:\/\/madelinefashion.pl\/sk\/wp-json\/wp\/v2\/product_brand?post=591747"},{"taxonomy":"product_cat","embeddable":true,"href":"https:\/\/madelinefashion.pl\/sk\/wp-json\/wp\/v2\/product_cat?post=591747"},{"taxonomy":"product_tag","embeddable":true,"href":"https:\/\/madelinefashion.pl\/sk\/wp-json\/wp\/v2\/product_tag?post=591747"}],"curies":[{"name":"pracovn\u00fd list","href":"https:\/\/api.w.org\/{rel}","templated":true}]}}