{"id":591798,"date":"2026-01-19T16:42:51","date_gmt":"2026-01-19T15:42:51","guid":{"rendered":"https:\/\/madelinefashion.pl\/?post_type=product&#038;p=591798"},"modified":"2026-04-10T15:05:24","modified_gmt":"2026-04-10T13:05:24","slug":"sukienka-tiulowa-na-ramiaczkach-tanzania-blekitna-2","status":"publish","type":"product","link":"https:\/\/madelinefashion.pl\/sk\/sukienka-tiulowa-na-ramiaczkach-tanzania-blekitna-2\/","title":{"rendered":"Modr\u00e9 tylov\u00e9 \u0161aty s ramienkami Tanz\u00e1nie"},"content":{"rendered":"<h3 style=\"text-align: center;\">Modr\u00e9 tylov\u00e9 \u0161aty s ramienkami Tanz\u00e1nie<\/h3>\n<p style=\"text-align: center;\"><strong>\u00a0Kr\u00e1sne dlh\u00e9 spolo\u010densk\u00e9 \u0161aty z tylov\u00e9ho materi\u00e1lu<\/strong>. Kr\u00e1sne zv\u00fdraz\u0148uj\u00fa \u017eensk\u00e9 krivky \u2013 s\u00fa vyroben\u00e9 z jemn\u00e9ho, vzdu\u0161n\u00e9ho tylu. \u0160aty kr\u00e1sne odha\u013euj\u00fa chrb\u00e1t. Tieto \u0161aty bez ramienok sa vyzna\u010duj\u00fa kr\u00e1snym, v\u00fdrazn\u00fdm \u017eiv\u00f4tikom. Vpredu maj\u00fa v\u0161it\u00e9 ko\u0161\u00ed\u010dky, v\u010faka \u010domu nepotrebujete podprsenku. Ak h\u013ead\u00e1te jedine\u010dn\u00e9 \u0161aty, v ktor\u00fdch vyniknete z davu \u2013 <strong>Modr\u00fd model Tanz\u00e1nie je\u00a0<\/strong> perfektn\u00e1 vo\u013eba pre v\u00e1s. Jemn\u00fd tyl, romantick\u00fd dizajn a <strong>pastelov\u00fd odtie\u0148 modrej<\/strong> Vytv\u00e1raj\u00fa harmonick\u00fd celok, v\u010faka ktor\u00e9mu sa \u0161aty bud\u00fa hodi\u0165 na mnoho \u0161peci\u00e1lnych pr\u00edle\u017eitost\u00ed \u2013 od svadieb, cez stu\u017ekov\u00e9, a\u017e po elegantn\u00e9 narodeniny.<br \/>\nKombin\u00e1cia jemn\u00e9ho tylu, dokonal\u00e9ho strihu a luxusn\u00e9ho prevedenia rob\u00ed tieto \u0161aty podmaniv\u00fdmi svojou formou a nad\u010dasov\u00fdm \u0161t\u00fdlom. <strong data-start=\"923\" data-end=\"936\">popruhy<\/strong> Dodajte \u0161at\u00e1m \u013eahk\u00fd a romantick\u00fd n\u00e1dych a z\u00e1rove\u0148 zaistite pohodlie a stabilitu. \u017div\u00f4tik \u0161iat je navrhnut\u00fd tak, aby jemne zv\u00fdraznil v\u00fdstrih a ramen\u00e1. Dostupn\u00e9 vo ve\u013ekostiach S, M, L. Ak sa neviete rozhodn\u00fa\u0165, ktor\u00fa farbu..., <strong>ve\u013ekos\u0165<\/strong> je pre v\u00e1s to najlep\u0161ie <strong>kontaktuj n\u00e1s<\/strong> cez <a href=\"https:\/\/www.facebook.com\/madelinefashionbutik\" target=\"_blank\" rel=\"noopener\">Facebook<\/a> alebo <a href=\"https:\/\/madelinefashion.pl\/sk\/kontakt\/\">telef\u00f3n<\/a>. Ak ve\u013ekos\u0165 nie je na str\u00e1nke, kontaktujte n\u00e1s.<\/p>\n<h3 style=\"text-align: center;\">ROZMERY \u0161iat:<\/h3>\n<p>&nbsp;<\/p>\n<p>&nbsp;<\/p>\n<table width=\"500\">\n<tbody>\n<tr>\n<td><strong>VE\u013dKOS\u0164<\/strong><\/td>\n<td><strong>poprsia<\/strong><\/td>\n<td><strong>P\u00e1s<\/strong><\/td>\n<td width=\"76\"><strong>Boky<\/strong><\/td>\n<\/tr>\n<tr>\n<td><strong>36<\/strong><\/td>\n<td>88-90<\/td>\n<td>68<\/td>\n<td width=\"76\">\u00a0ak\u00fdko\u013evek<\/td>\n<\/tr>\n<tr>\n<td><strong>38<\/strong><\/td>\n<td>\u00a092-94<\/td>\n<td>72<\/td>\n<td width=\"76\">\u00a0ak\u00fdko\u013evek<\/td>\n<\/tr>\n<tr>\n<td><strong>40<\/strong><\/td>\n<td>96-98<\/td>\n<td>76<\/td>\n<td width=\"76\">\u00a0ak\u00fdko\u013evek<\/td>\n<\/tr>\n<\/tbody>\n<\/table>\n<p style=\"text-align: center;\"><span style=\"font-size: 10pt;\">\u00a0<\/span><\/p>\n<p style=\"text-align: center;\"><span style=\"font-size: 10pt;\">celkov\u00e1 d\u013a\u017eka cca 157 cm\u00a0\u00a0<\/span><\/p>\n<p style=\"text-align: center;\"><span style=\"font-size: 10pt;\">\u0160aty dostupn\u00e9 aj v <strong>in\u00e9 farebn\u00e9 varianty<\/strong> \u2013 odpor\u00fa\u010dame v\u00e1m zozn\u00e1mi\u0165 sa s na\u0161imi \u010fal\u0161\u00edmi produktmi.\u00a0<\/span><\/p>\n<p style=\"text-align: center;\"><span style=\"font-size: 10pt;\">Rozmery sa m\u00f4\u017eu mierne l\u00ed\u0161i\u0165 od uveden\u00fdch +\/- 2cm.\u00a0<\/span><\/p>\n<p style=\"text-align: center;\"><span style=\"font-size: 10pt;\"><strong>\u00a0<\/strong>\u00a0<\/span><\/p>\n<table width=\"618\">\n<tbody>\n<tr>\n<td width=\"302\">Meno modela<\/td>\n<td width=\"302\">Tylov\u00e9 \u0161aty bez ramienok z Tanz\u00e1nie<\/td>\n<\/tr>\n<tr>\n<td width=\"302\">Farba<\/td>\n<td width=\"302\">Modr\u00e1<\/td>\n<\/tr>\n<tr>\n<td width=\"302\">Materi\u00e1l<\/td>\n<td width=\"302\">Tyl<\/td>\n<\/tr>\n<tr>\n<td width=\"302\">ve\u013ekosti<\/td>\n<td width=\"302\">\u00a036 38 40<\/td>\n<\/tr>\n<tr>\n<td width=\"302\">M\u00f3da<\/td>\n<td width=\"302\">Zhoda<\/td>\n<\/tr>\n<tr>\n<td width=\"302\">Materi\u00e1l<\/td>\n<td width=\"302\">Visk\u00f3za, Polyester<\/td>\n<\/tr>\n<tr>\n<td width=\"302\">D\u013a\u017eka<\/td>\n<td width=\"302\">Na zem<\/td>\n<\/tr>\n<\/tbody>\n<\/table>\n<p style=\"text-align: center;\"><span style=\"font-size: 10pt;\">* Pre v\u00e4\u010d\u0161ie ve\u013ekosti n\u00e1s pros\u00edm kontaktujte telefonicky\u00a0\u00a0<\/span><\/p>\n<p style=\"text-align: center;\"><span style=\"font-size: 10pt;\">Aby ste si vybrali <strong>perfektn\u00e9 \u0161aty<\/strong> kontaktujte n\u00e1s telefonicky alebo prostredn\u00edctvom na\u0161ej webovej str\u00e1nky <a href=\"https:\/\/www.facebook.com\/madelinefashionbutik\" target=\"_blank\" rel=\"noopener\">Facebook<\/a> .<\/span><br \/>\n<span style=\"font-size: 10pt;\">N\u00e1\u0161 t\u00edm v\u00e1m pom\u00f4\u017ee <strong>Vyberte si ten spr\u00e1vny<\/strong> . <strong>Na \u017eelanie kupuj\u00faceho vyrob\u00edme ak\u00e9ko\u013evek \u0161aty\u00a0<\/strong><strong>opatrne mera\u0165.\u00a0<\/strong><\/span><\/p>\n<div class=\"additional-details\" style=\"text-align: center;\">\n<p style=\"text-align: center;\"><span style=\"font-size: 10pt;\">\u00a0<\/span><\/p>\n<\/div>","protected":false},"excerpt":{"rendered":"<p>Sukienka Tiulowa Na Rami\u0105czkach Tanzania B\u0142\u0119kitna \u00a0Pi\u0119kna d\u0142uga suknia wieczorowa z tiulowego materia\u0142u. Pi\u0119knie eksponuje kobiece kszta\u0142ty- wykonana z delikatnego, zwiewnego tiulu.\u00a0 Sukienka pi\u0119knie eksponuje plecy. Sukienka na rami\u0105czkach z pi\u0119kn\u0105, efektown\u0105 g\u00f3r\u0105. Posiada z przodu wszyte miseczki, dzi\u0119ki czemu nie trzeba zak\u0142ada\u0107 biustonosza. Je\u015bli szukasz wyj\u0105tkowej sukienki, kt\u00f3ra pozwoli Ci si\u0119 wyr\u00f3\u017cni\u0107 z t\u0142umu<\/p>\n<div class=\"klb-readmore post-buttons\"><a class=\"button black outline size-sm\" href=\"https:\/\/madelinefashion.pl\/sk\/sukienka-tiulowa-na-ramiaczkach-tanzania-blekitna-2\/\">\u010c\u00edta\u0165 \u010falej <i class=\"klbth-icon-right-arrow\"><\/i><\/a><\/div>","protected":false},"featured_media":591682,"template":"","meta":[],"product_brand":[],"product_cat":[124,561],"product_tag":[730,163,261],"class_list":{"0":"post-591798","1":"product","2":"type-product","3":"status-publish","4":"has-post-thumbnail","6":"product_cat-sukienki-okolicznosciowe","7":"product_cat-sukienki-tiulowe","8":"product_tag-sukienki-blekitne","9":"product_tag-sukienki-dlugie","10":"product_tag-sukienki-niebieskie","12":"first","13":"instock","14":"sale","15":"purchasable","16":"product-type-variable"},"_links":{"self":[{"href":"https:\/\/madelinefashion.pl\/sk\/wp-json\/wp\/v2\/product\/591798","targetHints":{"allow":["GET"]}}],"collection":[{"href":"https:\/\/madelinefashion.pl\/sk\/wp-json\/wp\/v2\/product"}],"about":[{"href":"https:\/\/madelinefashion.pl\/sk\/wp-json\/wp\/v2\/types\/product"}],"wp:featuredmedia":[{"embeddable":true,"href":"https:\/\/madelinefashion.pl\/sk\/wp-json\/wp\/v2\/media\/591682"}],"wp:attachment":[{"href":"https:\/\/madelinefashion.pl\/sk\/wp-json\/wp\/v2\/media?parent=591798"}],"wp:term":[{"taxonomy":"product_brand","embeddable":true,"href":"https:\/\/madelinefashion.pl\/sk\/wp-json\/wp\/v2\/product_brand?post=591798"},{"taxonomy":"product_cat","embeddable":true,"href":"https:\/\/madelinefashion.pl\/sk\/wp-json\/wp\/v2\/product_cat?post=591798"},{"taxonomy":"product_tag","embeddable":true,"href":"https:\/\/madelinefashion.pl\/sk\/wp-json\/wp\/v2\/product_tag?post=591798"}],"curies":[{"name":"pracovn\u00fd list","href":"https:\/\/api.w.org\/{rel}","templated":true}]}}