{"id":593128,"date":"2026-01-30T11:57:27","date_gmt":"2026-01-30T10:57:27","guid":{"rendered":"https:\/\/madelinefashion.pl\/?post_type=product&#038;p=593128"},"modified":"2026-04-20T18:52:49","modified_gmt":"2026-04-20T16:52:49","slug":"sukienka-maxi-tiulowa-gorsetowa-novira-slubna","status":"publish","type":"product","link":"https:\/\/madelinefashion.pl\/sk\/sukienka-maxi-tiulowa-gorsetowa-novira-slubna\/","title":{"rendered":"Svadobn\u00e9 maxi tylov\u00e9 korzetov\u00e9 \u0161aty Novira"},"content":{"rendered":"<h3 style=\"text-align: center;\">Svadobn\u00e9 maxi tylov\u00e9 korzetov\u00e9 \u0161aty Novira<\/h3>\n<p>Kr\u00e1sne dlh\u00e9 \u0161aty, bohato zdoben\u00e9 v\u00fd\u0161ivkou a trblietav\u00fdmi kri\u0161t\u00e1\u013eov\u00fdmi ozdobami, kr\u00e1sne zv\u00fdraz\u0148uj\u00fa \u017eensk\u00e9 krivky. \u0160aty kr\u00e1sne zv\u00fdraz\u0148uj\u00fa chrb\u00e1t \u2013 \u0161panielsky strih. Zasnen\u00e9 maxi \u0161aty s odhalen\u00fdmi ramenami a zdoben\u00fdm \u017eiv\u00f4tikom. Pre\u0161\u00edvanie vytv\u00e1ra ohromuj\u00faci efekt a kri\u0161t\u00e1ly sa n\u00e1dherne trblietaj\u00fa vo svetle. Z\u00fa\u017een\u00e9 v p\u00e1se kr\u00e1sne zv\u00fdraz\u0148uj\u00fa p\u00e1s. Chrb\u00e1t je kr\u00e1sne strihan\u00fd v tvare U. <a href=\"https:\/\/madelinefashion.pl\/sk\/sukienki-i-kombinezony\/sukienki-okolicznosciowe\/\">\u0160aty<\/a> S\u00fa vyroben\u00e9 z nieko\u013ek\u00fdch vrstiev \u013eahk\u00e9ho tylu na spodnej strane. \u0160aty maj\u00fa vpredu v\u0161it\u00e9 ko\u0161\u00ed\u010dky, v\u010faka \u010domu nie je potrebn\u00e9 nosi\u0165 podprsenku. Vyroben\u00e9 a u\u0161it\u00e9 v Po\u013esku. Dostupn\u00e9 vo ve\u013ekostiach S, M, L. \u0160aty Madelinefashion s\u00fa perfektnou vo\u013ebou na svadby, stu\u017ekov\u00e9, Silvestra a in\u00e9 elegantn\u00e9 \u0161peci\u00e1lne pr\u00edle\u017eitosti. Dostupn\u00e9 v na\u0161om internetovom obchode v nieko\u013ek\u00fdch farebn\u00fdch variantoch, tak\u017ee nev\u00e1hajte a vyberte si t\u00fa, ktor\u00e1 je pre v\u00e1s ide\u00e1lna. Ak sa neviete rozhodn\u00fa\u0165, ktor\u00e1 farba alebo ve\u013ekos\u0165 je pre v\u00e1s najlep\u0161ia, kontaktujte n\u00e1s prostredn\u00edctvom <a href=\"https:\/\/www.facebook.com\/madelinefashionbutik\" target=\"_blank\" rel=\"noopener\">Facebook<\/a> alebo <a href=\"https:\/\/madelinefashion.pl\/sk\/kontakt\/\">telef\u00f3n<\/a>. Ak ve\u013ekos\u0165 nie je na str\u00e1nke, kontaktujte n\u00e1s.<\/p>\n<h3 style=\"text-align: center;\">ROZMERY \u0161iat:<\/h3>\n<table width=\"556\">\n<tbody>\n<tr>\n<td><strong>VE\u013dKOS\u0164<\/strong><\/td>\n<td><strong>poprsia<\/strong><\/td>\n<td><strong>P\u00e1s<\/strong><\/td>\n<td><strong>Boky<\/strong><\/td>\n<\/tr>\n<tr>\n<td><strong>34<\/strong><\/td>\n<td>84-86<\/td>\n<td>64<\/td>\n<td>\u00a0ak\u00fdko\u013evek<\/td>\n<\/tr>\n<tr>\n<td><strong>36<\/strong><\/td>\n<td>88-90<\/td>\n<td>68<\/td>\n<td>\u00a0ak\u00fdko\u013evek<\/td>\n<\/tr>\n<tr>\n<td><strong>38<\/strong><\/td>\n<td>\u00a092-94<\/td>\n<td>72<\/td>\n<td>\u00a0ak\u00fdko\u013evek<\/td>\n<\/tr>\n<tr>\n<td><strong>40<\/strong><\/td>\n<td>96-98<\/td>\n<td>76<\/td>\n<td>\u00a0ak\u00fdko\u013evek<\/td>\n<\/tr>\n<\/tbody>\n<\/table>\n<p style=\"text-align: center;\"><span style=\"font-size: 10pt;\">celkov\u00e1 d\u013a\u017eka cca 157 cm\u00a0\u00a0<\/span><\/p>\n<p style=\"text-align: center;\"><span style=\"font-size: 10pt;\">Rozmery sa m\u00f4\u017eu mierne l\u00ed\u0161i\u0165 od uveden\u00fdch +\/- 2cm.\u00a0<\/span><\/p>\n<p style=\"text-align: center;\"><span style=\"font-size: 10pt;\"><strong>\u00a0<\/strong>\u00a0<\/span><\/p>\n<table width=\"618\">\n<tbody>\n<tr>\n<td width=\"302\">Model<\/td>\n<td width=\"302\">Svadobn\u00e9 maxi tylov\u00e9 korzetov\u00e9 \u0161aty Novira<\/td>\n<\/tr>\n<tr>\n<td width=\"302\">Farba<\/td>\n<td width=\"302\">biely<\/td>\n<\/tr>\n<tr>\n<td width=\"302\">Marka<\/td>\n<td width=\"302\">Madelinefashion<\/td>\n<\/tr>\n<tr>\n<td width=\"302\">ve\u013ekosti<\/td>\n<td width=\"302\">36 38 40<\/td>\n<\/tr>\n<tr>\n<td width=\"302\">M\u00f3da<\/td>\n<td width=\"302\">Zhoda<\/td>\n<\/tr>\n<tr>\n<td width=\"302\">Materi\u00e1l<\/td>\n<td width=\"302\">Visk\u00f3za, polyester, bavlna<\/td>\n<\/tr>\n<tr>\n<td width=\"302\">D\u013a\u017eka<\/td>\n<td width=\"302\">Na zem<\/td>\n<\/tr>\n<\/tbody>\n<\/table>\n<p style=\"text-align: center;\"><span style=\"font-size: 10pt;\">\u00a0<\/span><\/p>\n<p>&nbsp;<\/p>\n<p style=\"text-align: center;\"><span style=\"font-size: 10pt;\">Aby ste si vybrali <strong>perfektn\u00e9 \u0161aty<\/strong> kontaktujte n\u00e1s telefonicky alebo prostredn\u00edctvom na\u0161ej webovej str\u00e1nky <a href=\"https:\/\/www.facebook.com\/madelinefashionbutik\" target=\"_blank\" rel=\"noopener\">Facebook<\/a> .<\/span><br \/>\n<span style=\"font-size: 10pt;\">N\u00e1\u0161 t\u00edm v\u00e1m pom\u00f4\u017ee <strong>Vyberte si ten spr\u00e1vny<\/strong> . <strong>Na \u017eelanie kupuj\u00faceho vyrob\u00edme ak\u00e9ko\u013evek \u0161aty\u00a0<\/strong><strong>opatrne mera\u0165.<\/strong><\/span><\/p>\n<p style=\"text-align: center;\">Ka\u017ed\u00e9 \u0161aty sa daj\u00fa v pr\u00edpade potreby upravi\u0165 pod\u013ea va\u0161ej v\u00fd\u0161ky a v\u00fd\u0161ky podp\u00e4tku. Ak s\u00fa pr\u00edli\u0161 dlh\u00e9, m\u00f4\u017eete si ich skr\u00e1ti\u0165 alebo necha\u0165 kraj\u010d\u00edrku urobi\u0165 drobn\u00e9 \u00fapravy. Takto si m\u00f4\u017eete vybran\u00e9 \u0161aty jednoducho prisp\u00f4sobi\u0165 svojim mieram a c\u00edti\u0165 sa v nich dokonale pohodlne.<\/p>\n<div class=\"additional-details\" style=\"text-align: center;\">\n<p style=\"text-align: center;\"><span style=\"font-size: 10pt;\">\u00a0<\/span><\/p>\n<\/div>","protected":false},"excerpt":{"rendered":"<p>Sukienka Maxi Tiulowa Gorsetowa Novira \u015alubna Pi\u0119kna d\u0142uga suknia mocno zdobiona haftami oraz zdobieniami w postaci mieni\u0105cych si\u0119 kryszta\u0142k\u00f3w. Pi\u0119knie eksponuje kobiece kszta\u0142ty. Sukienka pi\u0119knie eksponuje plecy\u00a0 &#8211; hiszpanka . Wymarzona suknia o d\u0142ugo\u015bci maxi z odkrytymi ramionami i zdobion\u0105 g\u00f3r\u0105. Przeszycia daj\u0105 niesamowity efekt, a kryszta\u0142ki cudownie mieni\u0105 si\u0119 w \u015bwietle. Zw\u0119\u017cana na wysoko\u015bci<\/p>\n<div class=\"klb-readmore post-buttons\"><a class=\"button black outline size-sm\" href=\"https:\/\/madelinefashion.pl\/sk\/sukienka-maxi-tiulowa-gorsetowa-novira-slubna\/\">\u010c\u00edta\u0165 \u010falej <i class=\"klbth-icon-right-arrow\"><\/i><\/a><\/div>","protected":false},"featured_media":593675,"template":"","meta":[],"product_brand":[],"product_cat":[124,395,563,561,566,631],"product_tag":[219,163],"class_list":{"0":"post-593128","1":"product","2":"type-product","3":"status-publish","4":"has-post-thumbnail","6":"product_cat-sukienki-okolicznosciowe","7":"product_cat-nowosci","8":"product_cat-sukienki-gorsetowe","9":"product_cat-sukienki-tiulowe","10":"product_cat-suknie-slubne","11":"product_cat-suknie-slubne-tiulowe","12":"product_tag-sukienka-biala","13":"product_tag-sukienki-dlugie","15":"first","16":"instock","17":"purchasable","18":"product-type-variable"},"_links":{"self":[{"href":"https:\/\/madelinefashion.pl\/sk\/wp-json\/wp\/v2\/product\/593128","targetHints":{"allow":["GET"]}}],"collection":[{"href":"https:\/\/madelinefashion.pl\/sk\/wp-json\/wp\/v2\/product"}],"about":[{"href":"https:\/\/madelinefashion.pl\/sk\/wp-json\/wp\/v2\/types\/product"}],"wp:featuredmedia":[{"embeddable":true,"href":"https:\/\/madelinefashion.pl\/sk\/wp-json\/wp\/v2\/media\/593675"}],"wp:attachment":[{"href":"https:\/\/madelinefashion.pl\/sk\/wp-json\/wp\/v2\/media?parent=593128"}],"wp:term":[{"taxonomy":"product_brand","embeddable":true,"href":"https:\/\/madelinefashion.pl\/sk\/wp-json\/wp\/v2\/product_brand?post=593128"},{"taxonomy":"product_cat","embeddable":true,"href":"https:\/\/madelinefashion.pl\/sk\/wp-json\/wp\/v2\/product_cat?post=593128"},{"taxonomy":"product_tag","embeddable":true,"href":"https:\/\/madelinefashion.pl\/sk\/wp-json\/wp\/v2\/product_tag?post=593128"}],"curies":[{"name":"pracovn\u00fd list","href":"https:\/\/api.w.org\/{rel}","templated":true}]}}