{"id":593235,"date":"2026-01-30T17:34:45","date_gmt":"2026-01-30T16:34:45","guid":{"rendered":"https:\/\/madelinefashion.pl\/?post_type=product&#038;p=593235"},"modified":"2026-04-24T13:31:53","modified_gmt":"2026-04-24T11:31:53","slug":"sukienka-tiulowa-gorsetowa-jasmina-zlota","status":"publish","type":"product","link":"https:\/\/madelinefashion.pl\/sk\/sukienka-tiulowa-gorsetowa-jasmina-zlota\/","title":{"rendered":"Tylov\u00e9 korzetov\u00e9 \u0161aty s jasm\u00ednov\u00fdm zlat\u00fdm vzorom"},"content":{"rendered":"<h3 style=\"text-align: center;\">Tylov\u00e9 korzetov\u00e9 \u0161aty s jasm\u00ednov\u00fdm zlat\u00fdm vzorom<\/h3>\n<p style=\"text-align: center;\"><strong>Tylov\u00e9 \u0161aty Jasmina<\/strong> Tieto klasick\u00e9 \u0161aty s\u00fa perfektnou vo\u013ebou pre ka\u017ed\u00fa \u017eenu, ktor\u00e1 oce\u0148uje jemnos\u0165, eleganciu a romantick\u00fd \u0161t\u00fdl. Vrchn\u00e1 \u010das\u0165 \u0161iat m\u00e1 vystu\u017een\u00fd \u017eiv\u00f4tik bez ramienok, ktor\u00fd kr\u00e1sne zv\u00fdraz\u0148uje ramen\u00e1 a v\u00fdstrih a z\u00e1rove\u0148 tvaruje postavu a poskytuje stabiln\u00fa oporu. Spodn\u00e1 \u010das\u0165 \u0161iat m\u00e1 mierne roz\u0161\u00edren\u00fa tylov\u00fa suk\u0148u, ktor\u00e1 cel\u00e9mu k\u00fasku dod\u00e1va \u013eahkos\u0165 a jemn\u00fd, \u00e9terick\u00fd vzh\u013ead. Vrstven\u00fd tyl kr\u00e1sne spl\u00fdva s pohybom a vytv\u00e1ra vzdu\u0161n\u00fd, hmlist\u00fd efekt. \u0160aty Jasmina s\u00fa ide\u00e1lne na ak\u00fdko\u013evek svadobn\u00fd obrad \u2013 od klasick\u00e9ho a\u017e po romantick\u00fd. Dostupn\u00e9 vo ve\u013ekostiach 34 \u2013 40, s\u00fa to perfektn\u00e9 \u0161aty na \u0161peci\u00e1lne pr\u00edle\u017eitosti, ako s\u00fa svadby, stu\u017ekov\u00e9 a galave\u010dery. <strong>Madelinefashion<\/strong>\u00a0je vynikaj\u00facou vo\u013ebou na svadbu, ples, Silvestra a in\u00e9 elegantn\u00e9 \u0161peci\u00e1lne udalosti. Dostupn\u00e9 na na\u0161om e-shope vo viacer\u00fdch farebn\u00fdch variantoch, tak nev\u00e1hajte a vyberte si t\u00fa, ktor\u00e1 je pre v\u00e1s ako stvoren\u00e1. Ak sa neviete rozhodn\u00fa\u0165 ak\u00fa farbu, <strong>ve\u013ekos\u0165<\/strong> je pre v\u00e1s to najlep\u0161ie <strong>kontaktuj n\u00e1s<\/strong> cez <a href=\"https:\/\/www.facebook.com\/madelinefashionbutik\" target=\"_blank\" rel=\"noopener\">Facebook<\/a> alebo <a href=\"https:\/\/madelinefashion.pl\/sk\/kontakt\/\">telef\u00f3n<\/a>. Ak ve\u013ekos\u0165 nie je na str\u00e1nke, kontaktujte n\u00e1s.<\/p>\n<h3 style=\"text-align: center;\">ROZMERY \u0161iat:<\/h3>\n<p>&nbsp;<\/p>\n<table width=\"500\">\n<tbody>\n<tr>\n<td><strong>VE\u013dKOS\u0164<\/strong><\/td>\n<td><strong>poprsia<\/strong><\/td>\n<td><strong>P\u00e1s<\/strong><\/td>\n<td width=\"73\"><strong>Boky<\/strong><\/td>\n<\/tr>\n<tr>\n<td><strong>34<\/strong><\/td>\n<td>84-86<\/td>\n<td>64<\/td>\n<td width=\"73\">\u00a0ak\u00fdko\u013evek<\/td>\n<\/tr>\n<tr>\n<td><strong>36<\/strong><\/td>\n<td>88-90<\/td>\n<td>68<\/td>\n<td width=\"73\">\u00a0ak\u00fdko\u013evek<\/td>\n<\/tr>\n<tr>\n<td><strong>38<\/strong><\/td>\n<td>\u00a092-94<\/td>\n<td>72<\/td>\n<td width=\"73\">\u00a0ak\u00fdko\u013evek<\/td>\n<\/tr>\n<tr>\n<td><strong>40<\/strong><\/td>\n<td>96-98<\/td>\n<td>76<\/td>\n<td width=\"73\">\u00a0ak\u00fdko\u013evek<\/td>\n<\/tr>\n<\/tbody>\n<\/table>\n<p style=\"text-align: center;\"><span style=\"font-size: 10pt;\">\u00a0<\/span><\/p>\n<p style=\"text-align: center;\"><span style=\"font-size: 10pt;\">celkov\u00e1 d\u013a\u017eka cca 157 cm\u00a0\u00a0<\/span><\/p>\n<p style=\"text-align: center;\"><span style=\"font-size: 10pt;\">\u0160aty dostupn\u00e9 aj v <strong>in\u00e9 farebn\u00e9 varianty<\/strong> \u2013 odpor\u00fa\u010dame v\u00e1m zozn\u00e1mi\u0165 sa s na\u0161imi \u010fal\u0161\u00edmi produktmi.\u00a0<\/span><\/p>\n<p style=\"text-align: center;\"><span style=\"font-size: 10pt;\">Rozmery sa m\u00f4\u017eu mierne l\u00ed\u0161i\u0165 od uveden\u00fdch +\/- 2cm.\u00a0<\/span><\/p>\n<p style=\"text-align: center;\"><span style=\"font-size: 10pt;\"><strong>\u00a0<\/strong>\u00a0<\/span><\/p>\n<table width=\"618\">\n<tbody>\n<tr>\n<td width=\"302\">Meno modela<\/td>\n<td width=\"302\">Tylov\u00e9 korzetov\u00e9 \u0161aty s jasm\u00ednov\u00fdm zlat\u00fdm vzorom<\/td>\n<\/tr>\n<tr>\n<td width=\"302\">Farba<\/td>\n<td width=\"302\">Zlat\u00fd<\/td>\n<\/tr>\n<tr>\n<td width=\"302\">Materi\u00e1l<\/td>\n<td width=\"302\">Tyl<\/td>\n<\/tr>\n<tr>\n<td width=\"302\">ve\u013ekosti<\/td>\n<td width=\"302\">34 36 38 40<\/td>\n<\/tr>\n<tr>\n<td width=\"302\">M\u00f3da<\/td>\n<td width=\"302\">Zhoda<\/td>\n<\/tr>\n<tr>\n<td width=\"302\">Materi\u00e1l<\/td>\n<td width=\"302\">Visk\u00f3za, polyester, bavlna<\/td>\n<\/tr>\n<tr>\n<td width=\"302\">D\u013a\u017eka<\/td>\n<td width=\"302\">Na zem<\/td>\n<\/tr>\n<\/tbody>\n<\/table>\n<p style=\"text-align: center;\"><span style=\"font-size: 10pt;\">* Pre v\u00e4\u010d\u0161ie ve\u013ekosti n\u00e1s pros\u00edm kontaktujte telefonicky\u00a0\u00a0<\/span><\/p>\n<p style=\"text-align: center;\"><span style=\"font-size: 10pt;\">Aby ste si vybrali <strong>perfektn\u00e9 \u0161aty<\/strong> kontaktujte n\u00e1s telefonicky alebo prostredn\u00edctvom na\u0161ej webovej str\u00e1nky <a href=\"https:\/\/www.facebook.com\/madelinefashionbutik\" target=\"_blank\" rel=\"noopener\">Facebook<\/a> .<\/span><br \/>\n<span style=\"font-size: 10pt;\">N\u00e1\u0161 t\u00edm v\u00e1m pom\u00f4\u017ee <strong>Vyberte si ten spr\u00e1vny<\/strong> . <strong>Na \u017eelanie kupuj\u00faceho vyrob\u00edme ak\u00e9ko\u013evek \u0161aty\u00a0<\/strong><strong>opatrne mera\u0165.\u00a0<\/strong><\/span><\/p>\n<div class=\"additional-details\" style=\"text-align: center;\">\n<p style=\"text-align: center;\"><span style=\"font-size: 10pt;\">\u00a0<\/span><\/p>\n<\/div>","protected":false},"excerpt":{"rendered":"<p>Sukienka Tiulowa Gorsetowa Ja\u015bmina Z\u0142ota Sukienka Tiulowa Jasmina to klasyczna propozycja dla ka\u017cdej kobiety, ceni\u0105cej subtelno\u015b\u0107, elegancj\u0119 i romantyczny styl. G\u00f3ra sukienki wykonana jest w formie usztywnianego gorsetu bez rami\u0105czek, kt\u00f3ry pi\u0119knie podkre\u015bla lini\u0119 ramion i dekolt, a jednocze\u015bnie modeluje sylwetk\u0119 i zapewnia stabilne podtrzymanie. Dolna cz\u0119\u015b\u0107 sukni to lekko rozkloszowany tiulowy d\u00f3\u0142, kt\u00f3ry nadaje<\/p>\n<div class=\"klb-readmore post-buttons\"><a class=\"button black outline size-sm\" href=\"https:\/\/madelinefashion.pl\/sk\/sukienka-tiulowa-gorsetowa-jasmina-zlota\/\">\u010c\u00edta\u0165 \u010falej <i class=\"klbth-icon-right-arrow\"><\/i><\/a><\/div>","protected":false},"featured_media":593606,"template":"","meta":[],"product_brand":[],"product_cat":[124,561],"product_tag":[163,445],"class_list":{"0":"post-593235","1":"product","2":"type-product","3":"status-publish","4":"has-post-thumbnail","6":"product_cat-sukienki-okolicznosciowe","7":"product_cat-sukienki-tiulowe","8":"product_tag-sukienki-dlugie","9":"product_tag-sukienki-zlote","11":"first","12":"instock","13":"sale","14":"purchasable","15":"product-type-variable"},"_links":{"self":[{"href":"https:\/\/madelinefashion.pl\/sk\/wp-json\/wp\/v2\/product\/593235","targetHints":{"allow":["GET"]}}],"collection":[{"href":"https:\/\/madelinefashion.pl\/sk\/wp-json\/wp\/v2\/product"}],"about":[{"href":"https:\/\/madelinefashion.pl\/sk\/wp-json\/wp\/v2\/types\/product"}],"wp:featuredmedia":[{"embeddable":true,"href":"https:\/\/madelinefashion.pl\/sk\/wp-json\/wp\/v2\/media\/593606"}],"wp:attachment":[{"href":"https:\/\/madelinefashion.pl\/sk\/wp-json\/wp\/v2\/media?parent=593235"}],"wp:term":[{"taxonomy":"product_brand","embeddable":true,"href":"https:\/\/madelinefashion.pl\/sk\/wp-json\/wp\/v2\/product_brand?post=593235"},{"taxonomy":"product_cat","embeddable":true,"href":"https:\/\/madelinefashion.pl\/sk\/wp-json\/wp\/v2\/product_cat?post=593235"},{"taxonomy":"product_tag","embeddable":true,"href":"https:\/\/madelinefashion.pl\/sk\/wp-json\/wp\/v2\/product_tag?post=593235"}],"curies":[{"name":"pracovn\u00fd list","href":"https:\/\/api.w.org\/{rel}","templated":true}]}}