{"id":594904,"date":"2026-02-19T12:12:33","date_gmt":"2026-02-19T11:12:33","guid":{"rendered":"https:\/\/madelinefashion.pl\/?post_type=product&#038;p=594904"},"modified":"2026-04-20T17:51:42","modified_gmt":"2026-04-20T15:51:42","slug":"sukienka-cekinowa-starlight-zlota","status":"publish","type":"product","link":"https:\/\/madelinefashion.pl\/sk\/sukienka-cekinowa-starlight-zlota\/","title":{"rendered":"Zlat\u00e9 flitrovan\u00e9 \u0161aty s hviezdnym svetlom"},"content":{"rendered":"<h3 style=\"text-align: center;\">Zlat\u00e9 flitrovan\u00e9 \u0161aty s hviezdnym svetlom<\/h3>\n<p style=\"text-align: center;\"><strong>Astreya<\/strong> S\u00fa to kr\u00e1sne \u0161aty s tenk\u00fdmi ramienkami a kor\u00e1lkov\u00fdmi detailmi. \u017div\u00f4tik m\u00e1 korzetov\u00fd strih. Do poprsia je v\u0161it\u00fd silik\u00f3nov\u00fd p\u00e1s, ktor\u00fd \u0161aty dr\u017e\u00ed na mieste.\u00a0<b> \u0160aty so zipsom<\/b> Maj\u00fa rozparok na nohavici, ktor\u00fd ich kr\u00e1sne zv\u00fdraz\u0148uje. Napriek svojej jednoduchosti \u0161aty ur\u010dite urobia ve\u013ek\u00fd dojem. <strong>posiaty flitrami s kor\u00e1lkami<\/strong> ide\u00e1lne na svadby, stu\u017ekov\u00e9, oslavy n\u00e1vratu maturity, Silvestra a in\u00e9 \u0161peci\u00e1lne pr\u00edle\u017eitosti. Vyberte si <strong data-start=\"1152\" data-end=\"1196\">zmyseln\u00fd vzh\u013ead a nad\u010dasov\u00e1 elegancia<\/strong> \u2013 tieto flitrovan\u00e9 korzetov\u00e9 \u0161aty s\u00fa nevyhnutnos\u0165ou vo va\u0161om \u0161atn\u00edku! Za\u017eiarte \u0161t\u00fdlovo! <strong data-start=\"314\" data-end=\"364\">\u010cierne flitrovan\u00e9 \u0161aty s ramienkami<\/strong> Tieto \u0161aty s\u00fa ur\u010den\u00e9 pre \u017eeny, ktor\u00e9 rady p\u00fataj\u00fa pozornos\u0165 a zd\u00f4raz\u0148uj\u00fa svoju \u017eenskos\u0165. \u0160aty s\u00fa bohato zdoben\u00e9 trblietav\u00fdmi flitrami, trblietaj\u00fa sa vo svetle a vyzeraj\u00fa \u00fa\u017easne pri tanci a pohybe. Ide\u00e1lne na ve\u010dierky, Silvestra, svadby, plesy alebo elegantn\u00e9 recepcie. Ak sa neviete rozhodn\u00fa\u0165, ktor\u00e1 farba alebo ve\u013ekos\u0165 je pre v\u00e1s najlep\u0161ia, kontaktujte n\u00e1s prostredn\u00edctvom <a href=\"https:\/\/www.facebook.com\/madelinefashionbutik\" target=\"_blank\" rel=\"noopener\">Facebook<\/a> alebo <a href=\"https:\/\/madelinefashion.pl\/sk\/kontakt\/\">telef\u00f3n<\/a>. Ak ve\u013ekos\u0165 nie je na str\u00e1nke, kontaktujte n\u00e1s.<\/p>\n<h3 style=\"text-align: center;\">ROZMERY \u0161iat:<\/h3>\n<table width=\"556\">\n<tbody>\n<tr>\n<td><strong>VE\u013dKOS\u0164<\/strong><\/td>\n<td><strong>poprsia<\/strong><\/td>\n<td><strong>P\u00e1s<\/strong><\/td>\n<td><strong>Boky<\/strong><\/td>\n<\/tr>\n<tr>\n<td><strong>34<\/strong><\/td>\n<td>84-86<\/td>\n<td>64-68<\/td>\n<td>\u00a082-90<\/td>\n<\/tr>\n<tr>\n<td><strong>36<\/strong><\/td>\n<td>88-90<\/td>\n<td>68-72<\/td>\n<td>\u00a086-92<\/td>\n<\/tr>\n<tr>\n<td><strong>38<\/strong><\/td>\n<td>92-94<\/td>\n<td>72-76<\/td>\n<td>\u00a090-96<\/td>\n<\/tr>\n<tr>\n<td><strong>40<\/strong><\/td>\n<td>96-98<\/td>\n<td>76-80<\/td>\n<td>\u00a094-106<\/td>\n<\/tr>\n<\/tbody>\n<\/table>\n<p style=\"text-align: center;\"><span style=\"font-size: 10pt;\">\u00a0 <\/span><\/p>\n<p style=\"text-align: center;\"><span style=\"font-size: 10pt;\">celkov\u00e1 d\u013a\u017eka cca 157 cm <\/span>(\u0161aty sa daj\u00fa skr\u00e1ti\u0165 pod\u013ea vlastnej chuti)<\/p>\n<p style=\"text-align: center;\"><span style=\"font-size: 10pt;\">\u0160aty dostupn\u00e9 aj v <strong>in\u00e9 farebn\u00e9 varianty<\/strong> \u2013 odpor\u00fa\u010dame v\u00e1m zozn\u00e1mi\u0165 sa s na\u0161imi \u010fal\u0161\u00edmi produktmi.\u00a0<\/span><\/p>\n<p style=\"text-align: center;\"><span style=\"font-size: 10pt;\">Rozmery sa m\u00f4\u017eu mierne l\u00ed\u0161i\u0165 od uveden\u00fdch +\/- 2cm.\u00a0<\/span><\/p>\n<p style=\"text-align: center;\"><span style=\"font-size: 10pt;\"><strong>\u00a0<\/strong>\u00a0<\/span><\/p>\n<table width=\"618\">\n<tbody>\n<tr>\n<td width=\"302\">Meno modela<\/td>\n<td width=\"302\">\u0160aty s flitrami a rozparkom Starlight<\/td>\n<\/tr>\n<tr>\n<td width=\"302\">Farba<\/td>\n<td width=\"302\">Zlato<\/td>\n<\/tr>\n<tr>\n<td width=\"302\">zap\u00ednanie<\/td>\n<td width=\"302\">Z\u00e1mok<\/td>\n<\/tr>\n<tr>\n<td width=\"302\">ve\u013ekosti<\/td>\n<td width=\"302\">34 36 38 40<\/td>\n<\/tr>\n<tr>\n<td width=\"302\">M\u00f3da<\/td>\n<td width=\"302\">Zhoda<\/td>\n<\/tr>\n<tr>\n<td width=\"302\">Materi\u00e1l<\/td>\n<td width=\"302\">Visk\u00f3za, Polyester<\/td>\n<\/tr>\n<tr>\n<td width=\"302\">D\u013a\u017eka<\/td>\n<td width=\"302\">Na zem<\/td>\n<\/tr>\n<\/tbody>\n<\/table>\n<p style=\"text-align: center;\"><span style=\"font-size: 10pt;\">* Pre v\u00e4\u010d\u0161ie ve\u013ekosti n\u00e1s pros\u00edm kontaktujte telefonicky\u00a0\u00a0<\/span><\/p>\n<p style=\"text-align: center;\"><span style=\"font-size: 10pt;\">Aby ste si vybrali <strong>perfektn\u00e9 \u0161aty<\/strong> kontaktujte n\u00e1s telefonicky alebo prostredn\u00edctvom na\u0161ej webovej str\u00e1nky <a href=\"https:\/\/www.facebook.com\/madelinefashionbutik\" target=\"_blank\" rel=\"noopener\">Facebook<\/a> .<\/span><br \/>\n<span style=\"font-size: 10pt;\">N\u00e1\u0161 t\u00edm v\u00e1m pom\u00f4\u017ee <strong>Vyberte si ten spr\u00e1vny<\/strong> . <strong>Na \u017eelanie kupuj\u00faceho vyrob\u00edme ak\u00e9ko\u013evek \u0161aty\u00a0<\/strong><strong>opatrne mera\u0165.\u00a0<\/strong><\/span><\/p>\n<div class=\"additional-details\" style=\"text-align: center;\">\n<p style=\"text-align: center;\"><span style=\"font-size: 10pt;\">\u00a0<\/span><\/p>\n<\/div>","protected":false},"excerpt":{"rendered":"<p>Sukienka Cekinowa Starlight Z\u0142ota Astreya to przepi\u0119kna sukienka\u00a0 na cienkich rami\u0105czkach zdobiona koralikami. G\u00f3ra sukienki jest gorsetowa. Przy biu\u015bcie wszyty jest silikonowy pasek, kt\u00f3ry utrzyma sukienk\u0119 na miejscu.\u00a0 Sukienka zapinana na zamek posiada rozci\u0119cie na nog\u0119, kt\u00f3re \u0142adnie j\u0105 eksponuje. Sukienka pomimo swojej prostoty na pewno zrobi ogromne wra\u017cenie. Sukienka cekinowa z koralikami \u015bwietnie sprawdzi<\/p>\n<div class=\"klb-readmore post-buttons\"><a class=\"button black outline size-sm\" href=\"https:\/\/madelinefashion.pl\/sk\/sukienka-cekinowa-starlight-zlota\/\">\u010c\u00edta\u0165 \u010falej <i class=\"klbth-icon-right-arrow\"><\/i><\/a><\/div>","protected":false},"featured_media":596447,"template":"","meta":[],"product_brand":[],"product_cat":[124,558,569],"product_tag":[163],"class_list":{"0":"post-594904","1":"product","2":"type-product","3":"status-publish","4":"has-post-thumbnail","6":"product_cat-sukienki-okolicznosciowe","7":"product_cat-sukienki-cekinowe","8":"product_cat-sukienki-dopasowane","9":"product_tag-sukienki-dlugie","11":"first","12":"instock","13":"purchasable","14":"product-type-variable"},"_links":{"self":[{"href":"https:\/\/madelinefashion.pl\/sk\/wp-json\/wp\/v2\/product\/594904","targetHints":{"allow":["GET"]}}],"collection":[{"href":"https:\/\/madelinefashion.pl\/sk\/wp-json\/wp\/v2\/product"}],"about":[{"href":"https:\/\/madelinefashion.pl\/sk\/wp-json\/wp\/v2\/types\/product"}],"wp:featuredmedia":[{"embeddable":true,"href":"https:\/\/madelinefashion.pl\/sk\/wp-json\/wp\/v2\/media\/596447"}],"wp:attachment":[{"href":"https:\/\/madelinefashion.pl\/sk\/wp-json\/wp\/v2\/media?parent=594904"}],"wp:term":[{"taxonomy":"product_brand","embeddable":true,"href":"https:\/\/madelinefashion.pl\/sk\/wp-json\/wp\/v2\/product_brand?post=594904"},{"taxonomy":"product_cat","embeddable":true,"href":"https:\/\/madelinefashion.pl\/sk\/wp-json\/wp\/v2\/product_cat?post=594904"},{"taxonomy":"product_tag","embeddable":true,"href":"https:\/\/madelinefashion.pl\/sk\/wp-json\/wp\/v2\/product_tag?post=594904"}],"curies":[{"name":"pracovn\u00fd list","href":"https:\/\/api.w.org\/{rel}","templated":true}]}}