{"id":594983,"date":"2026-02-20T08:34:05","date_gmt":"2026-02-20T07:34:05","guid":{"rendered":"https:\/\/madelinefashion.pl\/?post_type=product&#038;p=594983"},"modified":"2026-03-26T12:38:47","modified_gmt":"2026-03-26T11:38:47","slug":"bluzka-koronkowa-krotki-rekaw-pudrowy-roz-2","status":"publish","type":"product","link":"https:\/\/madelinefashion.pl\/sk\/bluzka-koronkowa-krotki-rekaw-pudrowy-roz-2\/","title":{"rendered":"\u010cipkovan\u00e1 bl\u00fazka s kr\u00e1tkym ruk\u00e1vom p\u00fadrov\u00e1 ru\u017eov\u00e1"},"content":{"rendered":"<h3 style=\"text-align: center;\">\u010cipkovan\u00e1 bl\u00fazka s kr\u00e1tkym ruk\u00e1vom p\u00fadrov\u00e1 ru\u017eov\u00e1<\/h3>\n<p style=\"text-align: center;\"><strong>Bl\u00fazka<\/strong> je prvkom oble\u010denia, ktor\u00fd si na\u0161i klienti objedn\u00e1vaj\u00fa \u010doraz \u010dastej\u0161ie. Nami pripraven\u00e1 ponuka V\u00e1m ur\u010dite umo\u017en\u00ed n\u00e1js\u0165 tu nie\u010do \u0161peci\u00e1lne. Elegantn\u00fd a zmyseln\u00fd medved\u00edk je dokonal\u00fdm rie\u0161en\u00edm a pomocn\u00edkom pri modelovan\u00ed postavy a skr\u00fdvan\u00ed jej nedokonalost\u00ed. Vystu\u017een\u00e9 ko\u0161\u00ed\u010dky s kvetinovou v\u00fd\u0161ivkou dobre podporia poprsie. <b>Bl\u00fazka <\/b>Hod\u00ed sa k r\u00f4znym \u0161t\u00fdlom a \u017een\u00e1m v\u0161etk\u00fdch vekov\u00fdch kateg\u00f3ri\u00ed a typov post\u00e1v. N\u00e1\u0161 v\u00fdber zah\u0155\u0148a \u0161t\u00fdly, ktor\u00e9 sa hodia k tvaru a ve\u013ekosti v\u00e1\u0161ho tela.<\/p>\n<p>&nbsp;<\/p>\n<h3 style=\"text-align: center;\">Rozmery:<\/h3>\n<p style=\"text-align: center;\">A-\u0160\u00cdRKA OD AARM K AARM 38 cm-50 cm<\/p>\n<p style=\"text-align: center;\">B - \u0160\u00cdRKA V PASE 34cm - 45cm<\/p>\n<p style=\"text-align: center;\">\u0160\u00cdRKA C V BO\u010cOCH 35 cm-46 cm<\/p>\n<p style=\"text-align: center;\">D - CELKOV\u00c1 D\u0139\u017dKA 54 cm<\/p>\n<p>&nbsp;<\/p>\n<p style=\"text-align: center;\">Rozmery sa m\u00f4\u017eu mierne l\u00ed\u0161i\u0165 od uveden\u00fdch +\/- 2cm. V\u0161etky uveden\u00e9 rozmery s\u00fa meran\u00e9 plo\u0161ne.\u00a0<strong>rozmer x2<\/strong><\/p>\n<p>&nbsp;<\/p>\n<p>&nbsp;<\/p>\n<p style=\"text-align: center;\">\u00a0Model m\u00e1\u00a0<strong>169<\/strong>\u00a0cm vysok\u00fd, nos\u00ed ve\u013ekos\u0165 ka\u017ed\u00fd de\u0148\u00a0<strong>S<\/strong><\/p>\n<p style=\"text-align: center;\">\u0160\u00edrka cez prsia 92 cm<\/p>\n<p style=\"text-align: center;\">\u0160\u00edrka v p\u00e1se 62 cm<\/p>\n<p style=\"text-align: center;\">\u0160\u00edrka v bokoch 94 cm<\/p>\n<p>&nbsp;<\/p>","protected":false},"excerpt":{"rendered":"<p>Bluzka Koronkowa Kr\u00f3tki R\u0119kaw Pudrowy R\u00f3\u017c Bluzka to element garderoby coraz cz\u0119\u015bciej zamawiany przez nasze klientki. Przygotowana przez nas oferta z pewno\u015bci\u0105 pozwoli Ci znale\u017a\u0107 tutaj co\u015b wyj\u0105tkowego.\u00a0 Eleganckie i zmys\u0142owe body to idealne rozwi\u0105zanie i pomoc w modelowaniu sylwetki oraz ukryciu jej niedoskona\u0142o\u015bci. Usztywnione miseczki z kwiatowym haftem dobrze podtrzymuj\u0105 biust. Bluzka sprawdzi si\u0119<\/p>\n<div class=\"klb-readmore post-buttons\"><a class=\"button black outline size-sm\" href=\"https:\/\/madelinefashion.pl\/sk\/bluzka-koronkowa-krotki-rekaw-pudrowy-roz-2\/\">\u010c\u00edta\u0165 \u010falej <i class=\"klbth-icon-right-arrow\"><\/i><\/a><\/div>","protected":false},"featured_media":594982,"template":"","meta":[],"product_brand":[],"product_cat":[77,87,559],"product_tag":[479],"class_list":{"0":"post-594983","1":"product","2":"type-product","3":"status-publish","4":"has-post-thumbnail","6":"product_cat-bluzki","7":"product_cat-bluzki-2","8":"product_cat-noworoczna-sekcja-okazji","9":"product_tag-bluzki-z-krotkim-rekawem","11":"first","12":"instock","13":"sale","14":"purchasable","15":"product-type-simple"},"_links":{"self":[{"href":"https:\/\/madelinefashion.pl\/sk\/wp-json\/wp\/v2\/product\/594983","targetHints":{"allow":["GET"]}}],"collection":[{"href":"https:\/\/madelinefashion.pl\/sk\/wp-json\/wp\/v2\/product"}],"about":[{"href":"https:\/\/madelinefashion.pl\/sk\/wp-json\/wp\/v2\/types\/product"}],"wp:featuredmedia":[{"embeddable":true,"href":"https:\/\/madelinefashion.pl\/sk\/wp-json\/wp\/v2\/media\/594982"}],"wp:attachment":[{"href":"https:\/\/madelinefashion.pl\/sk\/wp-json\/wp\/v2\/media?parent=594983"}],"wp:term":[{"taxonomy":"product_brand","embeddable":true,"href":"https:\/\/madelinefashion.pl\/sk\/wp-json\/wp\/v2\/product_brand?post=594983"},{"taxonomy":"product_cat","embeddable":true,"href":"https:\/\/madelinefashion.pl\/sk\/wp-json\/wp\/v2\/product_cat?post=594983"},{"taxonomy":"product_tag","embeddable":true,"href":"https:\/\/madelinefashion.pl\/sk\/wp-json\/wp\/v2\/product_tag?post=594983"}],"curies":[{"name":"pracovn\u00fd list","href":"https:\/\/api.w.org\/{rel}","templated":true}]}}