{"id":594989,"date":"2026-02-20T09:15:37","date_gmt":"2026-02-20T08:15:37","guid":{"rendered":"https:\/\/madelinefashion.pl\/?post_type=product&#038;p=594989"},"modified":"2026-03-26T12:38:47","modified_gmt":"2026-03-26T11:38:47","slug":"body-koronkowe-odkryte-ramiona-bordowe","status":"publish","type":"product","link":"https:\/\/madelinefashion.pl\/sk\/body-koronkowe-odkryte-ramiona-bordowe\/","title":{"rendered":"Bordov\u00e9 \u010dipkovan\u00e9 body s odhalen\u00fdmi ramenami"},"content":{"rendered":"<h3 style=\"text-align: center;\">Bordov\u00e9 \u010dipkovan\u00e9 body s odhalen\u00fdmi ramenami<\/h3>\n<p style=\"text-align: center;\"><strong>Elegantn\u00e9 \u010dipkovan\u00e9 body s dlh\u00fdm ruk\u00e1vom (3\/4)<\/strong><br \/>\nIde\u00e1lne pre elegantn\u00e9 \u0161tyliz\u00e1cie.<br \/>\nBody m\u00e1 pod \u010dipkou neprieh\u013eadn\u00fa pod\u0161\u00edvku a spev\u0148uj\u00face ko\u0161\u00ed\u010dky na prsiach. (Odn\u00edmate\u013en\u00e9)<br \/>\nVyroben\u00e9 v\u00fdhradne z elastickej, pru\u017enej \u010dipky.<br \/>\n<strong>Absol\u00fatny hit tejto sez\u00f3ny.<\/strong><br \/>\nVrelo odpor\u00fa\u010dame!!!<\/p>\n<h3 style=\"text-align: center;\">Rozmery:<\/h3>\n<p style=\"text-align: center;\">\u0160\u00edrka od pazuchy po pazuchu 36-48 cm<\/p>\n<p style=\"text-align: center;\">Celkov\u00e1 d\u013a\u017eka 60-70 cm<\/p>\n<p style=\"text-align: center;\">D\u013a\u017eka ruk\u00e1va od podpazu\u0161ia 44 cm<\/p>\n<p style=\"text-align: center;\">Obvod bicepsu 20-30 cm<\/p>\n<p>&nbsp;<\/p>\n<p style=\"text-align: center;\">Rozmery sa m\u00f4\u017eu mierne l\u00ed\u0161i\u0165 od uveden\u00fdch +\/- 2cm. V\u0161etky uveden\u00e9 rozmery s\u00fa meran\u00e9 plo\u0161ne.\u00a0<strong>rozmer x2<\/strong><\/p>\n<p>&nbsp;<\/p>\n<p>&nbsp;<\/p>\n<p style=\"text-align: center;\">\u00a0Model m\u00e1\u00a0<strong>169<\/strong>\u00a0cm vysok\u00fd, nos\u00ed ve\u013ekos\u0165 ka\u017ed\u00fd de\u0148\u00a0<strong>S<\/strong><\/p>\n<p style=\"text-align: center;\">\u0160\u00edrka cez prsia 92 cm<\/p>\n<p style=\"text-align: center;\">\u0160\u00edrka v p\u00e1se 62 cm<\/p>\n<p style=\"text-align: center;\">\u0160\u00edrka v bokoch 94 cm<\/p>","protected":false},"excerpt":{"rendered":"<p>Body Koronkowe Odkryte Ramiona Bordowe Eleganckie koronkowe body z d\u0142ugim r\u0119kawem(3\/4) Idealne do eleganckich stylizacji. Body posiadaj\u0105 pod koronk\u0105 nie prze\u015bwituj\u0105c\u0105 podszewk\u0119 oraz usztywniaj\u0105ce miseczki na biust.(Mo\u017cliwo\u015b\u0107 wyci\u0105gni\u0119cia) Wykonane w ca\u0142o\u015bci z elastycznej, rozci\u0105gliwej koronki. Absolutny hit tego sezonu. Gor\u0105co polecamy !!! Wymiary: Szeroko\u015b\u0107 od pachy do pachy 36-48 cm D\u0142ugo\u015b\u0107 ca\u0142kowita 60-70 cm D\u0142ugo\u015b\u0107<\/p>\n<div class=\"klb-readmore post-buttons\"><a class=\"button black outline size-sm\" href=\"https:\/\/madelinefashion.pl\/sk\/body-koronkowe-odkryte-ramiona-bordowe\/\">\u010c\u00edta\u0165 \u010falej <i class=\"klbth-icon-right-arrow\"><\/i><\/a><\/div>","protected":false},"featured_media":594990,"template":"","meta":[],"product_brand":[],"product_cat":[84,559,380],"product_tag":[],"class_list":{"0":"post-594989","1":"product","2":"type-product","3":"status-publish","4":"has-post-thumbnail","6":"product_cat-body","7":"product_cat-noworoczna-sekcja-okazji","8":"product_cat-wyprzedaz","10":"first","11":"instock","12":"sale","13":"purchasable","14":"product-type-simple"},"_links":{"self":[{"href":"https:\/\/madelinefashion.pl\/sk\/wp-json\/wp\/v2\/product\/594989","targetHints":{"allow":["GET"]}}],"collection":[{"href":"https:\/\/madelinefashion.pl\/sk\/wp-json\/wp\/v2\/product"}],"about":[{"href":"https:\/\/madelinefashion.pl\/sk\/wp-json\/wp\/v2\/types\/product"}],"wp:featuredmedia":[{"embeddable":true,"href":"https:\/\/madelinefashion.pl\/sk\/wp-json\/wp\/v2\/media\/594990"}],"wp:attachment":[{"href":"https:\/\/madelinefashion.pl\/sk\/wp-json\/wp\/v2\/media?parent=594989"}],"wp:term":[{"taxonomy":"product_brand","embeddable":true,"href":"https:\/\/madelinefashion.pl\/sk\/wp-json\/wp\/v2\/product_brand?post=594989"},{"taxonomy":"product_cat","embeddable":true,"href":"https:\/\/madelinefashion.pl\/sk\/wp-json\/wp\/v2\/product_cat?post=594989"},{"taxonomy":"product_tag","embeddable":true,"href":"https:\/\/madelinefashion.pl\/sk\/wp-json\/wp\/v2\/product_tag?post=594989"}],"curies":[{"name":"pracovn\u00fd list","href":"https:\/\/api.w.org\/{rel}","templated":true}]}}